{"id":9995,"date":"2023-04-13T10:29:10","date_gmt":"2023-04-13T08:29:10","guid":{"rendered":"https:\/\/www.pitturiamo.shop\/promozione-artista\/non class\u00e9\/espostiamo\/"},"modified":"2023-04-13T10:29:10","modified_gmt":"2023-04-13T08:29:10","slug":"espostiamo","status":"publish","type":"product","link":"https:\/\/www.pitturiamo.shop\/fr\/promozione-artista\/internet\/espostiamo\/","title":{"rendered":"EspostiAmo"},"content":{"rendered":"<p>Exposez vos \u0153uvres dans la <strong>galerie<\/strong>, au centre des villes italiennes les plus importantes et sur le web, en haut de <strong>Google<\/strong>.<\/p>\n<p><strong>Voici ce qu\u2019EspostiAmo propose :<\/strong><\/p>\n<ul>\n<li>Votre art expos\u00e9 r\u00e9ellement dans <strong>UNE<\/strong> seule galerie (\u00e0 accorder) :<\/li>\n<li><strong>Toutes vos \u0153uvres, tout au sommet de Google<\/strong>, pendant toute une ann\u00e9e. Avoir de la visibilit\u00e9 sur le moteur de recherche le plus important au monde ; <\/li>\n<li> <strong> 5 de vos \u0153uvres pr\u00e9sent\u00e9es<\/strong> sur PitturiAmo, pendant toute une ann\u00e9e. Pour gagner en visibilit\u00e9 sur le plus grand r\u00e9seau d\u00e9di\u00e9 aux peintres contemporains ; <\/li>\n<li><strong>5 peintures en vente directe<\/strong> (achetables en un clic) sur PitturiAmo pendant 365 jours avec <strong>assistance commerciale<\/strong>. Avoir de nouvelles possibilit\u00e9s de vente concr\u00e8tes ; <\/li>\n<li><strong>Certificat d\u2019assiduit\u00e9<\/strong> dans un fichier pdf haute r\u00e9solution, avec note critique. Pour qu\u2019un prix soit imprim\u00e9 et expos\u00e9 dans votre atelier ; <\/li>\n<li>Votre nom figure sur <strong>l\u2019affiche en ligne<\/strong> qui sera publi\u00e9e pendant une semaine sur la page principale de PitturiAmo, qui compte plus de 2500 visiteurs par jour. Pour une nouvelle opportunit\u00e9 de visibilit\u00e9 internationale ; <\/li>\n<li><strong>L\u2019\u00e9ditorial<\/strong>, d\u00e9di\u00e9 \u00e0 l\u2019exposition, avec votre nom et un lien vers votre galerie en ligne (site personnel, profil sur PitturiAmo, page Facebook, etc.). Pour une action marketing incisive sur le web ; <\/li>\n<li>La promotion est sur la <strong>page Facebook<\/strong> et <strong>Instagram de PitturiAmo<\/strong> ainsi que sur le groupe (plus de 30 000 fans). Pour obtenir une grande visibilit\u00e9 sur les principaux r\u00e9seaux sociaux. <\/li>\n<\/ul>\n","protected":false},"excerpt":{"rendered":"<p><strong>Voulez-vous faire conna\u00eetre votre art \u00e0 360\u00b0 ?<\/strong><\/p>\n<p>Rejoignez le programme <strong>d\u2019expositions r\u00e9elles<\/strong> et <strong>virtuelles pour<\/strong> <strong>vendre vos peintures, <\/strong>ce qui vous pousse \u00e0 exposer dans les galeries des <strong>villes italiennes les plus importantes.<\/strong><\/p>\n","protected":false},"featured_media":7783,"comment_status":"open","ping_status":"closed","template":"","meta":[],"product_brand":[],"product_cat":[132],"product_tag":[],"class_list":{"0":"post-9995","1":"product","2":"type-product","3":"status-publish","4":"has-post-thumbnail","6":"product_cat-internet","8":"first","9":"instock","10":"featured","11":"virtual","12":"sold-individually","13":"purchasable","14":"product-type-simple"},"_links":{"self":[{"href":"https:\/\/www.pitturiamo.shop\/fr\/wp-json\/wp\/v2\/product\/9995","targetHints":{"allow":["GET"]}}],"collection":[{"href":"https:\/\/www.pitturiamo.shop\/fr\/wp-json\/wp\/v2\/product"}],"about":[{"href":"https:\/\/www.pitturiamo.shop\/fr\/wp-json\/wp\/v2\/types\/product"}],"replies":[{"embeddable":true,"href":"https:\/\/www.pitturiamo.shop\/fr\/wp-json\/wp\/v2\/comments?post=9995"}],"wp:featuredmedia":[{"embeddable":true,"href":"https:\/\/www.pitturiamo.shop\/fr\/wp-json\/wp\/v2\/media\/7783"}],"wp:attachment":[{"href":"https:\/\/www.pitturiamo.shop\/fr\/wp-json\/wp\/v2\/media?parent=9995"}],"wp:term":[{"taxonomy":"product_brand","embeddable":true,"href":"https:\/\/www.pitturiamo.shop\/fr\/wp-json\/wp\/v2\/product_brand?post=9995"},{"taxonomy":"product_cat","embeddable":true,"href":"https:\/\/www.pitturiamo.shop\/fr\/wp-json\/wp\/v2\/product_cat?post=9995"},{"taxonomy":"product_tag","embeddable":true,"href":"https:\/\/www.pitturiamo.shop\/fr\/wp-json\/wp\/v2\/product_tag?post=9995"}],"curies":[{"name":"wp","href":"https:\/\/api.w.org\/{rel}","templated":true}]}}