{"id":9964,"date":"2023-04-28T11:35:02","date_gmt":"2023-04-28T09:35:02","guid":{"rendered":"https:\/\/www.pitturiamo.shop\/promozione-artista\/non class\u00e9\/proteggiamo\/"},"modified":"2023-04-28T11:35:02","modified_gmt":"2023-04-28T09:35:02","slug":"proteggiamo","status":"publish","type":"product","link":"https:\/\/www.pitturiamo.shop\/fr\/promozione-artista\/pitturiamo\/proteggiamo\/","title":{"rendered":"ProteggiAmo"},"content":{"rendered":"<p style=\"text-align: left;\">Vous avez cr\u00e9\u00e9 de magnifiques \u0153uvres d\u2019art et souhaitez les faire conna\u00eetre \u00e0 vos admirateurs. Les promouvoir en ligne les expose au risque <strong>d\u2019\u00eatre copi\u00e9s<\/strong> ou, pire encore, <strong>vol\u00e9s<\/strong>. <\/p>\n<p style=\"text-align: left;\">L&#8217;\u00ab <strong>horodatage<\/strong> \u00bb indique une date et une heure pr\u00e9cises pour un document \u00e9lectronique contenant une \u0153uvre d\u2019art, prot\u00e9geant ainsi l\u2019auteur du plagiat.<\/p>\n<h2>Nous prot\u00e9geons vos 5 meilleures \u0153uvres d\u2019art pendant au moins 20 ans<\/h2>\n<p><b>La documentation vous sera envoy\u00e9e au format PDF haute r\u00e9solution.  <\/b>Vous n\u2019avez pas besoin d\u2019imprimer, mais si c\u2019est le cas, vous avez la possibilit\u00e9 d\u2019obtenir des impressions de haute qualit\u00e9. Stockez simplement les fichiers re\u00e7us dans un endroit s\u00fbr (par exemple, une cl\u00e9 USB dans un coffre). Le service comprend :  <\/p>\n<ul>\n<li style=\"text-align: left;\"><strong>Un horodatage<\/strong> sur vos <strong>5<\/strong> meilleures \u0153uvres, avec une identification certaine de la date et de l\u2019heure et une validit\u00e9 l\u00e9gale dans les 172 pays de la Convention de Berne. <em> Alors vous mettez un sceau sur vos cr\u00e9ations et vous prot\u00e9gez contre le plagiat et le vol ;<\/em><\/li>\n<li style=\"text-align: left;\"><strong>L\u2019enregistrement dans la blockchain<\/strong> de vos 5 \u0153uvres, avec l\u2019attribution d\u2019une empreinte digitale sp\u00e9ciale (<strong>hachage<\/strong>) pour chacune d\u2019elles. <em>Ainsi, votre art sera reconnu sur le circuit mondial ;<\/em><\/li>\n<li><strong>Certificat d\u2019enregistrement<\/strong> en PDF haute r\u00e9solution pour l\u2019impression, pour chacune des 5 \u0153uvres ;<\/li>\n<li><strong>D\u00e9claration d\u2019auteur<\/strong> en PDF haute r\u00e9solution pour l\u2019impression des 5 \u0153uvres enregistr\u00e9es ;<\/li>\n<li>5 <strong>Tableaux vedettes<\/strong> sur www.pitturiamo.com pendant un an<\/li>\n<li>5 <strong>tableaux en vente directe<\/strong> sur www.pitturiamo.com pendant un an<\/li>\n<li>La <strong>note<\/strong> critique de 1000 caract\u00e8res<\/li>\n<li><strong>L\u2019article<\/strong> portait sur votre art, avec les 5 \u0153uvres et la note critique sur PitturiAmo Magazine, le magazine d\u00e9di\u00e9 aux artistes<\/li>\n<li style=\"text-align: left;\">Toute la documentation est envoy\u00e9e<strong> par e-mail au format PDF.<\/strong><em> Ainsi, vous pouvez facilement avoir toutes les copies que vous souhaitez et les envoyer facilement quand c\u2019est n\u00e9cessaire.<\/em><\/li>\n<\/ul>\n<h3><strong>Uniquement pour les 20 premiers artistes participants, propos\u00e9 avec une remise de 67 %<\/strong><\/h3>\n","protected":false},"excerpt":{"rendered":"<p>Prot\u00e9gez <strong>le droit d\u2019auteur<\/strong> et <strong>le droit d\u2019auteur<\/strong>. Prot\u00e9gez votre \u0153uvre contre <strong>toute copie non autoris\u00e9e<\/strong>. <\/p>\n<h4>Uniquement pour les 20 premiers artistes participants, propos\u00e9 avec une remise de 67 %<\/h4>\n","protected":false},"featured_media":8404,"comment_status":"open","ping_status":"closed","template":"","meta":[],"product_brand":[],"product_cat":[126],"product_tag":[],"class_list":{"0":"post-9964","1":"product","2":"type-product","3":"status-publish","4":"has-post-thumbnail","6":"product_cat-pitturiamo","8":"first","9":"instock","10":"sale","11":"featured","12":"virtual","13":"purchasable","14":"product-type-simple"},"_links":{"self":[{"href":"https:\/\/www.pitturiamo.shop\/fr\/wp-json\/wp\/v2\/product\/9964","targetHints":{"allow":["GET"]}}],"collection":[{"href":"https:\/\/www.pitturiamo.shop\/fr\/wp-json\/wp\/v2\/product"}],"about":[{"href":"https:\/\/www.pitturiamo.shop\/fr\/wp-json\/wp\/v2\/types\/product"}],"replies":[{"embeddable":true,"href":"https:\/\/www.pitturiamo.shop\/fr\/wp-json\/wp\/v2\/comments?post=9964"}],"wp:featuredmedia":[{"embeddable":true,"href":"https:\/\/www.pitturiamo.shop\/fr\/wp-json\/wp\/v2\/media\/8404"}],"wp:attachment":[{"href":"https:\/\/www.pitturiamo.shop\/fr\/wp-json\/wp\/v2\/media?parent=9964"}],"wp:term":[{"taxonomy":"product_brand","embeddable":true,"href":"https:\/\/www.pitturiamo.shop\/fr\/wp-json\/wp\/v2\/product_brand?post=9964"},{"taxonomy":"product_cat","embeddable":true,"href":"https:\/\/www.pitturiamo.shop\/fr\/wp-json\/wp\/v2\/product_cat?post=9964"},{"taxonomy":"product_tag","embeddable":true,"href":"https:\/\/www.pitturiamo.shop\/fr\/wp-json\/wp\/v2\/product_tag?post=9964"}],"curies":[{"name":"wp","href":"https:\/\/api.w.org\/{rel}","templated":true}]}}