{"id":9959,"date":"2023-04-13T12:46:35","date_gmt":"2023-04-13T10:46:35","guid":{"rendered":"https:\/\/www.pitturiamo.shop\/promozione-artista\/non class\u00e9\/ton-art-a-360-pendant-365-jours\/"},"modified":"2023-04-13T12:46:35","modified_gmt":"2023-04-13T10:46:35","slug":"ton-art-a-360-pendant-365-jours","status":"publish","type":"product","link":"https:\/\/www.pitturiamo.shop\/fr\/promozione-artista\/expositions-foires-evenements\/ton-art-a-360-pendant-365-jours\/","title":{"rendered":"Ton art \u00e0 360\u00b0 pendant 365 jours"},"content":{"rendered":"<p>\u00cates-vous artiste et avez-vous du mal \u00e0 faire conna\u00eetre et appr\u00e9cier votre art ? Souhaitez-vous vous faire conna\u00eetre aupr\u00e8s des grands galeristes internationaux, avoir la bonne visibilit\u00e9 sur le web, entrer en contact avec d\u2019autres artistes, conservateurs, galeristes, op\u00e9rateurs <strong>d\u2019art sans savoir comment faire ?<\/strong><br \/>\n<strong>Nous avons, pour vous, une merveilleuse nouvelle<\/strong>.<br \/>\nNous offrons une visibilit\u00e9 \u00e0 votre <strong>art dans la galerie<\/strong> et <strong>aux meilleurs endroits<\/strong> sur les moteurs<strong> de recherche pendant 365 jours<\/strong>.<\/p>\n<p>Nous offrons une visibilit\u00e9 \u00e0 votre art <strong>sur le WEB<\/strong> et dans la <strong>GALERIE<\/strong> <strong>365<\/strong> jours par an.<br \/>\n<strong>Voici ce que nous proposons :<\/strong><\/p>\n<ul>\n<li>\n<h5>Visibilit\u00e9 maximale sur PitturiAmo pendant 365 jours<\/h5>\n<p><strong>10 Tableaux vedettes sur PitturiAmo, pendant toute une ann\u00e9e.<\/strong> <em>Ainsi, vous pouvez avoir une visibilit\u00e9 maximale sur le r\u00e9seau le plus important d\u00e9di\u00e9 aux peintres contemporains, qui compte <strong>plus de 5000 visiteurs uniques<\/strong> par jour ;<\/em><\/li>\n<li>\n<h5>D\u2019abord sur Google pendant 365 jours<\/h5>\n<p><strong>Avec les Peintures en vedette, vous \u00eates le premier sur Google pendant 365 jours.<\/strong>  Vous pouvez donc profiter du moteur de recherche principal pour vous faire conna\u00eetre en ligne ;<\/li>\n<li>\n<h5>Vente de vos \u0153uvres en Dropshipping pendant 365 jours<\/h5>\n<p><strong>10 de vos peintures expos\u00e9es en vente directe sur PitturiAmo, pendant 365 jours<\/strong>. Ils peuvent \u00eatre achet\u00e9s directement en ligne par les utilisateurs en payant avec <strong>PayPal<\/strong> ou <strong>carte de cr\u00e9dit<\/strong>. <em>Vous pouvez donc profiter de l\u2019opportunit\u00e9 d\u2019acheter par impulsion ;<\/em> <\/li>\n<li>\n<h5>30 jours d\u2019exposition physique dans la galerie<\/h5>\n<p>1 <strong>mois d\u2019exposition physique dans une galerie \u00e0 Barletta<\/strong>. <em>\u00c0 la galerie ZeroUno d\u2019Anna Soricaro, \u00e0 une p\u00e9riode de maximum afflux touristique en Pouglies ;<\/em><\/li>\n<li>\n<h5>L\u2019article sur le PitturiAmo per sempre Magazine<\/h5>\n<p><strong>Nous publierons un article \u00e9ditorial sur le magazine PitturiAmo<\/strong>, le magazine PitturiAmo d\u00e9di\u00e9 aux artistes, qui enregistre plus de 10 000 visites par mois. Pour toujours ! <\/li>\n<li>\n<h5>Certificat de participation<\/h5>\n<p><strong>Certificat PitturiAmo en pdf<\/strong> <em>Pour que vous puissiez enrichir votre Curriculum Vitae et pr\u00e9senter votre art de la meilleure mani\u00e8re possible.<\/em><\/li>\n<li>\n<h5>Pr\u00e9sence sur la brochure de l\u2019\u00e9v\u00e9nement<\/h5>\n<p><strong>Inclusion dans la brochure <\/strong>d\u00e9di\u00e9e \u00e0 l\u2019\u00e9v\u00e9nement, au format <strong>PDF<\/strong> haute r\u00e9solution. <em>Ainsi, vous pouvez t\u00e9moigner aupr\u00e8s de tous vos contacts de votre engagement envers le monde de l\u2019art, <strong>facilement en ligne<\/strong> ou via <strong>la presse professionnelle<\/strong> ;<\/em><\/li>\n<li>\n<h5>Promotion sur les r\u00e9seaux sociaux \u00e0 l\u2019occasion de l\u2019exposition dans la galerie<\/h5>\n<p><strong>Mat\u00e9riel publicitaire utile<\/strong> pour promouvoir votre entreprise sur les r\u00e9seaux sociaux \u00e0 l\u2019occasion de l\u2019exposition en galerie. <em>Cela vous facilitera le partage des informations les plus utiles pour vous promouvoir ;<\/em><\/li>\n<li>\n<h5>Invitation \u00e0 l\u2019ouverture dans la galerie<\/h5>\n<p><strong>L\u2019invitation \u00e0 l\u2019ouverture de l\u2019\u00e9v\u00e9nement.<\/strong> <em>Vous pourrez donc rencontrer personnellement des galeristes, des conservateurs, des critiques et de nombreux autres artistes comme vous ;<\/em><\/li>\n<\/ul>\n<h4 style=\"text-align: center;\">1,20 \u20ac x 365 jours = 438,00 \u20ac<br \/>\n <strong>(45 % de r\u00e9duction, uniquement pour les 20 premiers artistes)<\/strong><\/h4>\n<p>Nous vous offrons une r\u00e9duction incontournable de 45 %, couvrant ainsi tous les services list\u00e9s au prix d\u2019un caf\u00e9 par jour.<\/p>\n<p>Si vous avez des doutes, <strong>contactez votre consultant PitturiAmo <\/strong>ou envoyez-nous un e-mail \u00e0 info@pitturiamo.com<\/p>\n","protected":false},"excerpt":{"rendered":"<p><strong>Ton art \u00e0 360\u00b0 pendant 365 jours<\/strong><br \/>\nNous promouvons votre art dans les mondes r\u00e9el et virtuel.<\/p>\n<p>Au prix d\u2019un caf\u00e9 par jour.<\/p>\n<p><strong>Exposition physique \u00e0 Caltanissetta, dans le splendide site municipal du Palazzo Moncada. Du 17 septembre au 16 octobre 2025.<\/strong><\/p>\n","protected":false},"featured_media":8036,"comment_status":"open","ping_status":"closed","template":"","meta":[],"product_brand":[],"product_cat":[148,132],"product_tag":[],"class_list":{"0":"post-9959","1":"product","2":"type-product","3":"status-publish","4":"has-post-thumbnail","6":"product_cat-expositions-foires-evenements","7":"product_cat-internet","9":"first","10":"instock","11":"featured","12":"virtual","13":"sold-individually","14":"purchasable","15":"product-type-simple"},"_links":{"self":[{"href":"https:\/\/www.pitturiamo.shop\/fr\/wp-json\/wp\/v2\/product\/9959","targetHints":{"allow":["GET"]}}],"collection":[{"href":"https:\/\/www.pitturiamo.shop\/fr\/wp-json\/wp\/v2\/product"}],"about":[{"href":"https:\/\/www.pitturiamo.shop\/fr\/wp-json\/wp\/v2\/types\/product"}],"replies":[{"embeddable":true,"href":"https:\/\/www.pitturiamo.shop\/fr\/wp-json\/wp\/v2\/comments?post=9959"}],"wp:featuredmedia":[{"embeddable":true,"href":"https:\/\/www.pitturiamo.shop\/fr\/wp-json\/wp\/v2\/media\/8036"}],"wp:attachment":[{"href":"https:\/\/www.pitturiamo.shop\/fr\/wp-json\/wp\/v2\/media?parent=9959"}],"wp:term":[{"taxonomy":"product_brand","embeddable":true,"href":"https:\/\/www.pitturiamo.shop\/fr\/wp-json\/wp\/v2\/product_brand?post=9959"},{"taxonomy":"product_cat","embeddable":true,"href":"https:\/\/www.pitturiamo.shop\/fr\/wp-json\/wp\/v2\/product_cat?post=9959"},{"taxonomy":"product_tag","embeddable":true,"href":"https:\/\/www.pitturiamo.shop\/fr\/wp-json\/wp\/v2\/product_tag?post=9959"}],"curies":[{"name":"wp","href":"https:\/\/api.w.org\/{rel}","templated":true}]}}