{"id":9938,"date":"2023-10-04T11:26:50","date_gmt":"2023-10-04T09:26:50","guid":{"rendered":"https:\/\/www.pitturiamo.shop\/promozione-artista\/non class\u00e9\/entretien-avec-lartiste\/"},"modified":"2023-10-04T11:26:50","modified_gmt":"2023-10-04T09:26:50","slug":"entretien-avec-lartiste","status":"publish","type":"product","link":"https:\/\/www.pitturiamo.shop\/fr\/promozione-artista\/pitturiamo\/entretien-avec-lartiste\/","title":{"rendered":"Entretien avec l\u2019artiste"},"content":{"rendered":"<p style=\"clear: both; font-size: 20px; line-height: normal; text-align: center;\"><em><strong>Une interview exclusive avec PitturiAmo<\/strong><\/em><\/p>\n<p style=\"clear: both; font-size: 20px; line-height: normal; text-align: center;\"><strong>Organis\u00e9e par Anna Soricaro, critique, experte, propri\u00e9taire de galerie et commissaire d\u2019art avec plus de 20 ans d\u2019exp\u00e9rience dans la promotion des artistes italiens les plus int\u00e9ressants.<\/strong><\/p>\n<h2 style=\"clear: both; font-size: 26px; text-align: center;\"><strong>PEINTURE &#8211; SCULPTURE &#8211; PHOTOGRAPHIE &#8211; ART NUM\u00c9RIQUE<\/strong><\/h2>\n<p>Accorder un entretien peut \u00eatre une occasion importante de partager votre parcours artistique et cr\u00e9atif avec le public.<\/p>\n<p>Gr\u00e2ce \u00e0 ce type d\u2019exp\u00e9rience, en fait, l\u2019artiste peut parler de ses \u0153uvres d\u2019art et de sa technique, faisant conna\u00eetre son style unique et son inspiration.<\/p>\n<p>Mais accorder une interview peut aussi conduire \u00e0 une plus grande notori\u00e9t\u00e9 et \u00e0 un succ\u00e8s, contribuant ainsi \u00e0 la carri\u00e8re de l\u2019artiste dans le monde de la peinture. Ainsi, l\u2019entretien peut \u00eatre une occasion de vous faire conna\u00eetre au public et d\u2019accro\u00eetre votre audience d\u2019enthousiastes, cr\u00e9ant ainsi une base importante d\u2019admirateurs pour vos \u0153uvres. <\/p>\n<p>En r\u00e9sum\u00e9, donner une interview peut \u00eatre une \u00e9tape fondamentale pour la progression professionnelle d\u2019un artiste, contribuant \u00e0 valoriser son art et \u00e0 le faire appr\u00e9cier par un public de plus en plus large.<\/p>\n<h3><strong>Voici ce que vous obtenez :<\/strong><\/h3>\n<ul>\n<li><strong>Entretien vid\u00e9o personnel avec Anna Soricaro ;<\/strong><\/li>\n<li><strong>Pr\u00e9sentation de vos meilleures \u0153uvres en superposition vid\u00e9o pendant votre entretien ;<\/strong><\/li>\n<li><strong>La promotion de la vid\u00e9o sur l\u2019ensemble du r\u00e9seau PitturiAmo, qui compte plus de 3000 visiteurs par jour ;<\/strong><\/li>\n<li><strong>Promotion sponsoris\u00e9e sur YouTube ;<\/strong><\/li>\n<li><strong>Des milliers de vues de votre interview avec des amateurs d\u2019art, des conservateurs, des propri\u00e9taires de galeries ;<\/strong><\/li>\n<li><strong>Une critique \u00e9crite (1 page, 30 vers pour environ 60 caract\u00e8res) par Anna Soricaro pour votre art.<\/strong><\/li>\n<\/ul>\n<h4><strong>Qui est Anna Soricaro<\/strong><\/h4>\n<p><img loading=\"lazy\" decoding=\"async\" class=\"alignleft wp-image-8155 size-medium\" src=\"https:\/\/www.pitturiamo.shop\/wp-content\/uploads\/Anna_Soricaro_critico-300x300.png\" alt=\"Anna Soricaro - Critique et consultante artistique de PitturiAmo\" width=\"200\" height=\"200\" srcset=\"https:\/\/www.pitturiamo.shop\/wp-content\/uploads\/Anna_Soricaro_critico-300x300.png 300w, https:\/\/www.pitturiamo.shop\/wp-content\/uploads\/Anna_Soricaro_critico-150x150.png 150w, https:\/\/www.pitturiamo.shop\/wp-content\/uploads\/Anna_Soricaro_critico-310x310.png 310w, https:\/\/www.pitturiamo.shop\/wp-content\/uploads\/Anna_Soricaro_critico-490x490.png 490w, https:\/\/www.pitturiamo.shop\/wp-content\/uploads\/Anna_Soricaro_critico-100x100.png 100w, https:\/\/www.pitturiamo.shop\/wp-content\/uploads\/Anna_Soricaro_critico.png 500w\" sizes=\"auto, (max-width: 200px) 100vw, 200px\" \/>Elle est dipl\u00f4m\u00e9e \u00e0 Bari en litt\u00e9rature classique avec mention, et s\u2019est perfectionn\u00e9e au Mabec Master of Federculture. Elle est chercheuse et critique en art, \u00e9ditrice de textes, cr\u00e9atrice et commissaire d\u2019expositions et de projets interdisciplinaires, d\u2019\u00e9v\u00e9nements culturels nationaux et internationaux ; elle est impliqu\u00e9e depuis des ann\u00e9es dans la planification europ\u00e9enne, d\u00e9veloppant un r\u00e9seau international de collaboration dans les domaines artistique et culturel. Depuis 2005, elle est directrice de la Fondation De Nittis \u00e0 Barletta. Depuis 2015, il est expert en art enregistr\u00e9 aupr\u00e8s de la Chambre de commerce de Bari. Il est professeur de master et pr\u00e9side artistiquement la galerie Zerouno.    <\/p>\n<p>Depuis 2020, il collabore activement avec PitturiAmo, organisant des \u00e9v\u00e9nements artistiques en Italie et en Europe, promouvant la carri\u00e8re de centaines d\u2019artistes.<\/p>\n<p style=\"clear: both; font-size: 20px; line-height: normal;\"><em>Pour plus d\u2019informations, contactez votre consultante PitturiAmo (Anna, Rossella ou Monia) ou notre \u00e9quipe \u00e9ditoriale via WhatsApp au num\u00e9ro 3500099415.<\/em><\/p>\n","protected":false},"excerpt":{"rendered":"<p><strong>Entretien avec Anna Soricaro<\/strong>, cr\u00e9ation d\u2019une <strong>vid\u00e9o<\/strong> et distribution sur <strong>l\u2019ensemble du r\u00e9seau PitturiAmo<\/strong> , sponsoris\u00e9 sur <strong>Youtube<\/strong> \u00e0 un public cible. Vous aurez des milliers de vues ! <\/p>\n","protected":false},"featured_media":8154,"comment_status":"open","ping_status":"closed","template":"","meta":[],"product_brand":[],"product_cat":[126],"product_tag":[],"class_list":{"0":"post-9938","1":"product","2":"type-product","3":"status-publish","4":"has-post-thumbnail","6":"product_cat-pitturiamo","8":"first","9":"instock","10":"featured","11":"virtual","12":"sold-individually","13":"purchasable","14":"product-type-simple"},"_links":{"self":[{"href":"https:\/\/www.pitturiamo.shop\/fr\/wp-json\/wp\/v2\/product\/9938","targetHints":{"allow":["GET"]}}],"collection":[{"href":"https:\/\/www.pitturiamo.shop\/fr\/wp-json\/wp\/v2\/product"}],"about":[{"href":"https:\/\/www.pitturiamo.shop\/fr\/wp-json\/wp\/v2\/types\/product"}],"replies":[{"embeddable":true,"href":"https:\/\/www.pitturiamo.shop\/fr\/wp-json\/wp\/v2\/comments?post=9938"}],"wp:featuredmedia":[{"embeddable":true,"href":"https:\/\/www.pitturiamo.shop\/fr\/wp-json\/wp\/v2\/media\/8154"}],"wp:attachment":[{"href":"https:\/\/www.pitturiamo.shop\/fr\/wp-json\/wp\/v2\/media?parent=9938"}],"wp:term":[{"taxonomy":"product_brand","embeddable":true,"href":"https:\/\/www.pitturiamo.shop\/fr\/wp-json\/wp\/v2\/product_brand?post=9938"},{"taxonomy":"product_cat","embeddable":true,"href":"https:\/\/www.pitturiamo.shop\/fr\/wp-json\/wp\/v2\/product_cat?post=9938"},{"taxonomy":"product_tag","embeddable":true,"href":"https:\/\/www.pitturiamo.shop\/fr\/wp-json\/wp\/v2\/product_tag?post=9938"}],"curies":[{"name":"wp","href":"https:\/\/api.w.org\/{rel}","templated":true}]}}