{"id":9917,"date":"2024-10-27T18:34:02","date_gmt":"2024-10-27T17:34:02","guid":{"rendered":"https:\/\/www.pitturiamo.shop\/promozione-artista\/non class\u00e9\/lart-de-se-faire-connaitre-conseils-marketing-pour-les-artistes-emergents-et-etablis\/"},"modified":"2026-03-05T15:13:30","modified_gmt":"2026-03-05T14:13:30","slug":"lart-de-se-faire-connaitre-conseils-marketing-pour-les-artistes-emergents-et-etablis","status":"publish","type":"product","link":"https:\/\/www.pitturiamo.shop\/fr\/promozione-artista\/expositions-foires-evenements\/lart-de-se-faire-connaitre-conseils-marketing-pour-les-artistes-emergents-et-etablis\/","title":{"rendered":"L\u2019art de se faire conna\u00eetre &#8211; Conseils marketing pour les artistes \u00e9mergents et \u00e9tablis"},"content":{"rendered":"<p><img loading=\"lazy\" decoding=\"async\" class=\"alignnone size-large wp-image-8611\" src=\"https:\/\/www.pitturiamo.shop\/wp-content\/uploads\/6-lingue-capitoli-1600-1024x519.jpg\" alt=\"\" width=\"1024\" height=\"519\" srcset=\"https:\/\/www.pitturiamo.shop\/wp-content\/uploads\/6-lingue-capitoli-1600-1024x519.jpg 1024w, https:\/\/www.pitturiamo.shop\/wp-content\/uploads\/6-lingue-capitoli-1600-300x152.jpg 300w, https:\/\/www.pitturiamo.shop\/wp-content\/uploads\/6-lingue-capitoli-1600-150x76.jpg 150w, https:\/\/www.pitturiamo.shop\/wp-content\/uploads\/6-lingue-capitoli-1600-768x389.jpg 768w, https:\/\/www.pitturiamo.shop\/wp-content\/uploads\/6-lingue-capitoli-1600-1536x779.jpg 1536w, https:\/\/www.pitturiamo.shop\/wp-content\/uploads\/6-lingue-capitoli-1600-1080x547.jpg 1080w, https:\/\/www.pitturiamo.shop\/wp-content\/uploads\/6-lingue-capitoli-1600-310x157.jpg 310w, https:\/\/www.pitturiamo.shop\/wp-content\/uploads\/6-lingue-capitoli-1600-490x248.jpg 490w, https:\/\/www.pitturiamo.shop\/wp-content\/uploads\/6-lingue-capitoli-1600.jpg 1600w\" sizes=\"auto, (max-width: 1024px) 100vw, 1024px\" \/><\/p>\n<p>Dans le monde de l\u2019art contemporain, savoir promouvoir son travail est essentiel pour se d\u00e9marquer et r\u00e9ussir. Dans ce livre, Nino Argentati, expert en marketing web et pr\u00e9sident de PitturiAmo, guide les artistes \u00e9mergents et \u00e9tablis gr\u00e2ce \u00e0 l\u2019utilisation de strat\u00e9gies efficaces pour se faire conna\u00eetre, accro\u00eetre leur visibilit\u00e9 et s\u2019imposer sur le march\u00e9 de l\u2019art. <\/p>\n<p>Des techniques marketing traditionnelles aux plus innovantes, en passant par l\u2019utilisation des r\u00e9seaux sociaux, des NFT, du site personnel et des plateformes de commerce \u00e9lectronique, \u00ab L\u2019art de se faire conna\u00eetre \u00bb propose des astuces pratiques et concr\u00e8tes pour cr\u00e9er votre propre marque d\u2019artiste, g\u00e9rer votre pr\u00e9sence en ligne et prot\u00e9ger les droits d\u2019auteur.<\/p>\n<p>Un manuel complet, con\u00e7u pour les peintres, sculpteurs et cr\u00e9atifs de toutes sortes qui souhaitent transformer leur passion en une carri\u00e8re r\u00e9ussie. Apprenez \u00e0 cr\u00e9er une pr\u00e9sence forte et engageante, \u00e0 capter l\u2019attention des galeristes et des collectionneurs, et \u00e0 faire en sorte que votre art parle au monde entier. <\/p>\n<hr>\n<p><strong>Nino Argentati<\/strong> est le pr\u00e9sident de PitturiAmo, l\u2019un des principaux r\u00e9seaux italiens d\u00e9di\u00e9s \u00e0 la promotion des artistes contemporains. Actif dans le domaine du marketing web et du conseil en affaires depuis 1995, Nino Argentati poss\u00e8de une longue exp\u00e9rience dans l\u2019aide aux artistes pour d\u00e9velopper des techniques de communication en ligne et dans le monde r\u00e9el, afin d\u2019\u00eatre davantage reconnus et appr\u00e9ci\u00e9s. Depuis le d\u00e9but de sa carri\u00e8re, il s\u2019est engag\u00e9 \u00e0 construire des plateformes num\u00e9riques efficaces et \u00e0 organiser de grands \u00e9v\u00e9nements artistiques. Gr\u00e2ce \u00e0 sa passion pour l\u2019art et son expertise en marketing digital et SEO, il a aid\u00e9 de nombreux artistes \u00e0 \u00e9merger et \u00e0 se faire conna\u00eetre \u00e0 l\u2019\u00e9chelle nationale et internationale.   <\/p>\n<hr>\n<p><strong>PitturiAmo<\/strong> est un r\u00e9seau en ligne de premier plan sur le web italien, d\u00e9di\u00e9 \u00e0 la promotion et \u00e0 la promotion des artistes contemporains. Cr\u00e9\u00e9 par Nino Argentati dans le but d\u2019offrir de la visibilit\u00e9 aux peintres \u00e9mergents et \u00e9tablis, PitturiAmo permet aux artistes d\u2019exposer leurs \u0153uvres \u00e0 un large public, en fournissant des outils marketing et des opportunit\u00e9s d\u2019exposition, en ligne et dans le monde r\u00e9el. Le r\u00e9seau sert de point de rencontre entre artistes, propri\u00e9taires de galeries, conservateurs, critiques et passionn\u00e9s d\u2019art, favorisant la diffusion et la vente des \u0153uvres \u00e0 travers un environnement num\u00e9rique dynamique et accessible. \u00c0 ce jour (novembre 2024), il compte plus de 20 000 artistes enregistr\u00e9s qui exposent un total de plus de 240 000 \u0153uvres d\u2019art. PitturiAmo organise \u00e9galement des \u00e9v\u00e9nements artistiques internationaux dans les villes artistiques les plus importantes du monde. Rome, Milan, Florence, Vienne, Madrid, Paris, New York, Berlin, Londres, Marseille, Barcelone, Venise, Munich ne sont en fait que quelques-unes des principales villes europ\u00e9ennes et non europ\u00e9ennes o\u00f9 des milliers d\u2019artistes ont expos\u00e9 leurs \u0153uvres gr\u00e2ce \u00e0 PitturiAmo.     <\/p>\n","protected":false},"excerpt":{"rendered":"<p><strong>Italiano &#8211; Anglais &#8211; Fran\u00e7ais &#8211; Espa\u00f1ol &#8211; Allemand &#8211; \u0395\u03bb\u03bb\u03b7\u03bd\u03b9\u03ba\u03ac<\/strong><\/p>\n<h2><strong>\u00cates-vous un artiste qui veut se faire conna\u00eetre ?<\/strong><\/h2>\n<p>Le monde de l\u2019art peut sembler compliqu\u00e9, mais avec les bons outils marketing, vous pouvez transformer votre passion en <strong>succ\u00e8s<\/strong>.<\/p>\n<p>Ce livre est un guide pratique con\u00e7u pour <strong>les peintres, sculpteurs, photographes et artistes num\u00e9riques<\/strong> qui souhaitent promouvoir leur travail et construire une carri\u00e8re solide.<\/p>\n<p>Gr\u00e2ce \u00e0 des strat\u00e9gies marketing concr\u00e8tes et des conseils \u00e9prouv\u00e9s, vous d\u00e9couvrirez comment <strong>d\u00e9finir votre identit\u00e9 artistique<\/strong>, <strong>construire une marque forte<\/strong> et utiliser la puissance des<strong> r\u00e9seaux sociaux<\/strong> pour toucher <strong>un public plus large<\/strong>.<\/p>\n<p>Vous lirez des <strong>conseils et des strat\u00e9gies pratiques<\/strong> qui vous aideront \u00e0 promouvoir votre <strong>art en ligne<\/strong> et <strong>dans le monde r\u00e9el<\/strong>.<\/p>\n<p>Tout expliqu\u00e9 dans <strong>un langage simple et clair, CONVENU \u00c0 TOUS !<\/strong><\/p>\n<div class=\"page\" title=\"Page 1\">\n<div class=\"section\">\n<div class=\"layoutArea\">\n<div class=\"column\">\n<p><strong>ISBN :<\/strong> 979-12-82041-02-7<\/p>\n<\/div>\n<\/div>\n<\/div>\n<\/div>\n","protected":false},"featured_media":8543,"comment_status":"open","ping_status":"closed","template":"","meta":[],"product_brand":[],"product_cat":[148,126],"product_tag":[],"class_list":{"0":"post-9917","1":"product","2":"type-product","3":"status-publish","4":"has-post-thumbnail","6":"product_cat-expositions-foires-evenements","7":"product_cat-pitturiamo","9":"first","10":"instock","11":"taxable","12":"shipping-taxable","13":"purchasable","14":"product-type-variable"},"_links":{"self":[{"href":"https:\/\/www.pitturiamo.shop\/fr\/wp-json\/wp\/v2\/product\/9917","targetHints":{"allow":["GET"]}}],"collection":[{"href":"https:\/\/www.pitturiamo.shop\/fr\/wp-json\/wp\/v2\/product"}],"about":[{"href":"https:\/\/www.pitturiamo.shop\/fr\/wp-json\/wp\/v2\/types\/product"}],"replies":[{"embeddable":true,"href":"https:\/\/www.pitturiamo.shop\/fr\/wp-json\/wp\/v2\/comments?post=9917"}],"wp:featuredmedia":[{"embeddable":true,"href":"https:\/\/www.pitturiamo.shop\/fr\/wp-json\/wp\/v2\/media\/8543"}],"wp:attachment":[{"href":"https:\/\/www.pitturiamo.shop\/fr\/wp-json\/wp\/v2\/media?parent=9917"}],"wp:term":[{"taxonomy":"product_brand","embeddable":true,"href":"https:\/\/www.pitturiamo.shop\/fr\/wp-json\/wp\/v2\/product_brand?post=9917"},{"taxonomy":"product_cat","embeddable":true,"href":"https:\/\/www.pitturiamo.shop\/fr\/wp-json\/wp\/v2\/product_cat?post=9917"},{"taxonomy":"product_tag","embeddable":true,"href":"https:\/\/www.pitturiamo.shop\/fr\/wp-json\/wp\/v2\/product_tag?post=9917"}],"curies":[{"name":"wp","href":"https:\/\/api.w.org\/{rel}","templated":true}]}}