{"id":9887,"date":"2025-05-07T16:01:25","date_gmt":"2025-05-07T14:01:25","guid":{"rendered":"https:\/\/www.pitturiamo.shop\/promozione-artista\/non class\u00e9\/appel-strategique-avec-nino-argentati\/"},"modified":"2025-05-07T16:01:25","modified_gmt":"2025-05-07T14:01:25","slug":"appel-strategique-avec-nino-argentati","status":"publish","type":"product","link":"https:\/\/www.pitturiamo.shop\/fr\/promozione-artista\/expositions-foires-evenements\/appel-strategique-avec-nino-argentati\/","title":{"rendered":"Appel strat\u00e9gique avec Nino Argentati"},"content":{"rendered":"<div class=\"et_pb_module et_pb_text et_pb_text_6 et_pb_text_align_left et_pb_bg_layout_light\">\n<div class=\"et_pb_text_inner\">\n<h2><strong>Avez-vous achet\u00e9 le livre \u00ab L\u2019art de se faire conna\u00eetre \u00bb, ou avez-vous t\u00e9l\u00e9charg\u00e9 l\u2019extrait et souhaitez en savoir plus sur son contenu ?<\/strong><\/h2>\n<p><strong>Cet appel strat\u00e9gique avec Nino Argentati<\/strong> est con\u00e7u sp\u00e9cialement pour vous !<\/p>\n<p>Une <strong>r\u00e9union priv\u00e9e d\u2019une heure et 30<\/strong> minutes au cours de laquelle vous pourrez :<\/p>\n<ul>\n<li><strong>Clarifier les doutes<\/strong> sur les sujets abord\u00e9s dans le livre,<\/li>\n<li><strong>Discutez des d\u00e9fis<\/strong> auxquels vous faites face pour promouvoir votre art,<\/li>\n<li>recevez des conseils cibl\u00e9s sur votre communication artistique,<\/li>\n<li>Comprenez par o\u00f9 commencer ou <strong>comment am\u00e9liorer votre pr\u00e9sence en ligne<\/strong>,<\/li>\n<li>Discutez de sujets tels que <strong>les r\u00e9seaux sociaux, le site web, le branding, la participation \u00e0 des expositions, la publicit\u00e9, le r\u00e9seautage<\/strong>.<\/li>\n<\/ul>\n<p>Ce n\u2019est pas une le\u00e7on, mais un <strong>v\u00e9ritable dialogue ouvert avec l\u2019auteur, fait sur mesure pour vous.<\/strong><\/p>\n<p>Une occasion de <strong>parler ouvertement de votre parcours<\/strong>, <strong>de vos difficult\u00e9s<\/strong> ou simplement <strong>de recevoir des conseils concrets, personnalis\u00e9s et honn\u00eates<\/strong> de la part de personnes qui travaillent aux c\u00f4t\u00e9s d\u2019artistes depuis des ann\u00e9es.<\/p>\n<\/div>\n<\/div>\n<div class=\"et_pb_module et_pb_text et_pb_text_7 et_pb_text_align_left et_pb_bg_layout_light\">\n<div class=\"et_pb_text_inner\">\n<h2><strong>SI LE MONDE NE TE VOIT PAS, IL NE PEUT PAS TE CHOISIR !<\/strong><\/h2>\n<p><img loading=\"lazy\" decoding=\"async\" class=\"size-medium wp-image-8645 alignleft\" src=\"https:\/\/www.pitturiamo.shop\/wp-content\/uploads\/Nino-Argentati-1-260x300.png\" alt=\"Nino Argentati\" width=\"260\" height=\"300\"><\/p>\n<p><strong>Nino Argentati a con\u00e7u et cr\u00e9\u00e9 PitturiAmo<\/strong>. Il a cr\u00e9\u00e9 la premi\u00e8re page web en <strong>1995<\/strong>. Depuis, il a organis\u00e9 d\u2019innombrables projets en ligne pour des entreprises, se sp\u00e9cialisant dans le positionnement sur les moteurs de recherche et la cr\u00e9ation de campagnes publicitaires en ligne.  <\/p>\n<p>Gr\u00e2ce \u00e0 PitturiAmo, il a aid\u00e9 des milliers d\u2019artistes <strong>\u00e0 vendre leurs \u0153uvres<\/strong> en ligne et \u00e0 travers des expositions dans des galeries, foires, expositions et concours.<\/p>\n<p>Elle organise <strong>des expositions, des prix et des concours<\/strong> pour des artistes nationaux et internationaux, en Italie et \u00e0 l\u2019\u00e9tranger.<\/p>\n<p>Plus de <strong>20 000 artistes<\/strong> membres du r\u00e9seau PitturiAmo exposent plus de <strong>250 000 \u0153uvres d\u2019art en ligne.<\/strong><\/p>\n<p>Avec ces chiffres et une moyenne d\u2019environ <strong>5000 visiteurs par jour<\/strong> , PitturiAmo est devenu le plus grand r\u00e9seau d\u00e9di\u00e9 aux artistes sur le web italien.<\/p>\n<p>Il a \u00e9crit le livre \u00ab <strong>L\u2019art de se faire conna\u00eetre<\/strong> \u2013 <em>conseils marketing pour artistes \u00e9mergents et \u00e9tablis<\/em> \u00bb, traduit en 6 langues, qui rassemble l\u2019exp\u00e9rience de plus de 30 ans d\u2019activit\u00e9 au service d\u2019entrepreneurs et d\u2019artistes. Un texte qui conna\u00eet un succ\u00e8s consid\u00e9rable aupr\u00e8s des artistes amateurs et professionnels. <\/p>\n<\/div>\n<\/div>\n","protected":false},"excerpt":{"rendered":"<p>DONNEZ DE LA VALEUR \u00c0 VOTRE ART AVEC UNE VOIE MARKETING CIBL\u00c9E<\/p>\n<h1>APPEL STRAT\u00c9GIQUE AVEC NINO ARGENTATI<\/h1>\n<p>De la th\u00e9orie \u00e0 la pratique : discutez de votre strat\u00e9gie avec Nino Argentati !<\/p>\n<p>\ud83d\udd25 Prix d\u2019introduction : seulement 150 \u20ac au lieu de 500 \u20ac \ud83d\udd25<\/p>\n","protected":false},"featured_media":8644,"comment_status":"open","ping_status":"closed","template":"","meta":[],"product_brand":[],"product_cat":[148,132],"product_tag":[],"class_list":{"0":"post-9887","1":"product","2":"type-product","3":"status-publish","4":"has-post-thumbnail","6":"product_cat-expositions-foires-evenements","7":"product_cat-internet","9":"first","10":"instock","11":"sale","12":"virtual","13":"purchasable","14":"product-type-simple"},"_links":{"self":[{"href":"https:\/\/www.pitturiamo.shop\/fr\/wp-json\/wp\/v2\/product\/9887","targetHints":{"allow":["GET"]}}],"collection":[{"href":"https:\/\/www.pitturiamo.shop\/fr\/wp-json\/wp\/v2\/product"}],"about":[{"href":"https:\/\/www.pitturiamo.shop\/fr\/wp-json\/wp\/v2\/types\/product"}],"replies":[{"embeddable":true,"href":"https:\/\/www.pitturiamo.shop\/fr\/wp-json\/wp\/v2\/comments?post=9887"}],"wp:featuredmedia":[{"embeddable":true,"href":"https:\/\/www.pitturiamo.shop\/fr\/wp-json\/wp\/v2\/media\/8644"}],"wp:attachment":[{"href":"https:\/\/www.pitturiamo.shop\/fr\/wp-json\/wp\/v2\/media?parent=9887"}],"wp:term":[{"taxonomy":"product_brand","embeddable":true,"href":"https:\/\/www.pitturiamo.shop\/fr\/wp-json\/wp\/v2\/product_brand?post=9887"},{"taxonomy":"product_cat","embeddable":true,"href":"https:\/\/www.pitturiamo.shop\/fr\/wp-json\/wp\/v2\/product_cat?post=9887"},{"taxonomy":"product_tag","embeddable":true,"href":"https:\/\/www.pitturiamo.shop\/fr\/wp-json\/wp\/v2\/product_tag?post=9887"}],"curies":[{"name":"wp","href":"https:\/\/api.w.org\/{rel}","templated":true}]}}