{"id":9872,"date":"2025-08-12T13:04:24","date_gmt":"2025-08-12T11:04:24","guid":{"rendered":"https:\/\/www.pitturiamo.shop\/promozione-artista\/non class\u00e9\/le-parcours-de-lartiste\/"},"modified":"2025-08-12T13:04:24","modified_gmt":"2025-08-12T11:04:24","slug":"le-parcours-de-lartiste","status":"publish","type":"product","link":"https:\/\/www.pitturiamo.shop\/fr\/promozione-artista\/pitturiamo\/le-parcours-de-lartiste\/","title":{"rendered":"Le parcours de l\u2019artiste"},"content":{"rendered":"<h2 class=\"p1\"><b>Du talent \u00e0 la c\u00e9l\u00e9brit\u00e9.<\/b><\/h2>\n<p class=\"p2\">Le <b>Parcours de l\u2019Artiste<\/b> est le chemin qui vous accompagne depuis les premi\u00e8res intuitions cr\u00e9atives jusqu\u2019aux lieux o\u00f9 chaque artiste r\u00eave d\u2019atteindre : <b>du MoMA au Louvre, de la Biennale de Venise \u00e0 Art Basel, de la Tate Modern au Guggenheim<\/b>.<\/p>\n<p class=\"p2\">Un parcours qui combine formation, visibilit\u00e9 et opportunit\u00e9s concr\u00e8tes, pour transformer votre art en un nom qui compte sur la sc\u00e8ne internationale.<\/p>\n<h2><b>Un voyage en 3 \u00e9tapes<\/b><\/h2>\n<ul>\n<li><strong>PHASE 1<\/strong> \u2013 Production et affinement des ateliers ; Formation et comparaison ; Promotion et visibilit\u00e9 ; \u00c9valuation et retour ; R\u00e9seautage et cr\u00e9ation de relations ; R\u00e9vision et r\u00e9alignement de l\u2019itin\u00e9raire.<\/li>\n<li><strong>PHASE 2<\/strong> \u2013 Nouvelle cr\u00e9ation ; Challenge ; Recherche ; \u00c9clairage<\/li>\n<li><strong>PHASE 3<\/strong> \u2013 Consolidation ; Expansion ; Positionnement ; Mon\u00e9tisation<\/li>\n<\/ul>\n<p><strong>Le chemin qui a ouvert les portes du succ\u00e8s \u00e0 de nombreux artistes, transformant leurs ambitions en r\u00e9alit\u00e9<\/strong>.<\/p>\n","protected":false},"excerpt":{"rendered":"<h2><strong>De votre atelier aux sc\u00e8nes de l\u2019art mondial<\/strong><\/h2>\n<h1>Le parcours de l\u2019artiste<\/h1>\n<h3>Le chemin qui transforme la passion en succ\u00e8s<\/h3>\n<p>Un projet exclusif, cr\u00e9\u00e9 par PitturiAmo, qui vous accompagne de <strong><span class=\"evidenziato\">la d\u00e9couverte de votre valeur<\/span><\/strong> jusqu\u2019\u00e0 la reconnaissance en tant <strong><span class=\"evidenziato\">qu\u2019artiste reconnu et \u00e0 succ\u00e8s<\/span><\/strong>.<\/p>\n<p><b>Un chemin de coaching qui vous guidera pour lib\u00e9rer tout le potentiel de votre art, jusqu\u2019\u00e0 ce qu\u2019il brille sur des sc\u00e8nes jamais imagin\u00e9es.<\/b><\/p>\n","protected":false},"featured_media":8678,"comment_status":"open","ping_status":"closed","template":"","meta":[],"product_brand":[],"product_cat":[126],"product_tag":[],"class_list":{"0":"post-9872","1":"product","2":"type-product","3":"status-publish","4":"has-post-thumbnail","6":"product_cat-pitturiamo","8":"first","9":"instock","10":"sale","11":"virtual","12":"sold-individually","13":"purchasable","14":"product-type-simple"},"_links":{"self":[{"href":"https:\/\/www.pitturiamo.shop\/fr\/wp-json\/wp\/v2\/product\/9872","targetHints":{"allow":["GET"]}}],"collection":[{"href":"https:\/\/www.pitturiamo.shop\/fr\/wp-json\/wp\/v2\/product"}],"about":[{"href":"https:\/\/www.pitturiamo.shop\/fr\/wp-json\/wp\/v2\/types\/product"}],"replies":[{"embeddable":true,"href":"https:\/\/www.pitturiamo.shop\/fr\/wp-json\/wp\/v2\/comments?post=9872"}],"wp:featuredmedia":[{"embeddable":true,"href":"https:\/\/www.pitturiamo.shop\/fr\/wp-json\/wp\/v2\/media\/8678"}],"wp:attachment":[{"href":"https:\/\/www.pitturiamo.shop\/fr\/wp-json\/wp\/v2\/media?parent=9872"}],"wp:term":[{"taxonomy":"product_brand","embeddable":true,"href":"https:\/\/www.pitturiamo.shop\/fr\/wp-json\/wp\/v2\/product_brand?post=9872"},{"taxonomy":"product_cat","embeddable":true,"href":"https:\/\/www.pitturiamo.shop\/fr\/wp-json\/wp\/v2\/product_cat?post=9872"},{"taxonomy":"product_tag","embeddable":true,"href":"https:\/\/www.pitturiamo.shop\/fr\/wp-json\/wp\/v2\/product_tag?post=9872"}],"curies":[{"name":"wp","href":"https:\/\/api.w.org\/{rel}","templated":true}]}}