{"id":9866,"date":"2025-07-19T00:12:53","date_gmt":"2025-07-18T22:12:53","guid":{"rendered":"https:\/\/www.pitturiamo.shop\/promozione-artista\/non class\u00e9\/prix-brera-2026\/"},"modified":"2025-07-19T00:12:53","modified_gmt":"2025-07-18T22:12:53","slug":"prix-brera-2026","status":"publish","type":"product","link":"https:\/\/www.pitturiamo.shop\/fr\/promozione-artista\/expositions-foires-evenements\/prix-brera-2026\/","title":{"rendered":"Prix Brera 2026"},"content":{"rendered":"<h2><strong>Prix international d\u2019art contemporain<\/strong><\/h2>\n<h1>BRERA AWARD 2026<\/h1>\n<h3>MILAN<\/h3>\n<p>Ins\u00e9rez votre \u0153uvre dans les <strong>Archives contemporaines de Brera<\/strong> et <strong>pr\u00e9sentez-les aux grands galeristes<\/strong> de Milan <strong>.<\/strong><\/p>\n<p><strong>13 mars 2026<\/strong><\/p>\n<div class=\"et_pb_module et_pb_text et_pb_text_1 et_pb_text_align_center et_pb_bg_layout_light\">\n<div class=\"et_pb_text_inner\">\n<p><b>Peinture \u2013 Sculpture \u2013 Design graphique \u2013 Photographie \u2013 Art num\u00e9rique<\/b><\/p>\n<\/div>\n<\/div>\n<div class=\"et_pb_module et_pb_text et_pb_text_2 et_pb_text_align_left et_pb_bg_layout_light\">\n<div class=\"et_pb_text_inner\">\n<h4>TH\u00c8ME GRATUIT<\/h4>\n<\/div>\n<\/div>\n","protected":false},"excerpt":{"rendered":"<h2><strong>R\u00c9COMPENSES :<\/strong><\/h2>\n<ul>\n<li><b>3000,00\u20ac Premi\u00e8re place<\/b>.<\/li>\n<li><b>2000,00\u20ac Deuxi\u00e8me place<\/b><br \/>\n<b><\/b><\/li>\n<li><strong>1000,00\u20ac Troisi\u00e8me place<\/strong><\/li>\n<\/ul>\n<p>Tous les artistes prim\u00e9s recevront <strong>une plaque et un certificat de m\u00e9rite.<\/strong><\/p>\n<h2><strong>SEULEMENT POUR LES 100 PREMIERS ARTISTES ADMIS :<\/strong><\/h2>\n<ul>\n<li><strong>Invitation \u00e0 la pr\u00e9sentation de l\u2019\u0153uvre, en pr\u00e9sence, au Brera Center, \u00e0 l\u2019attention des galeristes ;<\/strong><\/li>\n<li><strong>Critique personnalis\u00e9e<\/strong> de 600 personnages sur l\u2019\u0153uvre pr\u00e9sent\u00e9e par <strong>Roberto Litta<\/strong>, pr\u00e9sentateur <strong>de la RAI<\/strong> et critique d\u2019art international.<\/li>\n<\/ul>\n<h2><strong>\u00c0 TOUS LES ARTISTES ADMIS :<\/strong><\/h2>\n<ul>\n<li>Tous les artistes admis seront <strong>inclus dans les Archives contemporaines de Brera<\/strong>, sur le site web www.premiobrera.com<\/li>\n<li>Possibilit\u00e9 de <strong>gagner l\u2019un des prix<\/strong> <b>\u00e0 gagner ;<\/b><\/li>\n<li><strong>Exposition vid\u00e9o<\/strong> des \u0153uvres admises le jour de la pr\u00e9sentation ;<\/li>\n<li><strong>Le catalogue <\/strong>de l\u2019\u00e9v\u00e9nement avec le code<strong> ISBN est en vente sur Amazon.<\/strong><\/li>\n<li><strong>Certificat<\/strong> de m\u00e9rite avec motivation g\u00e9n\u00e9rique pour l\u2019admission.<\/li>\n<li><strong>Cocktail<\/strong> pour la c\u00e9r\u00e9monie de remise des prix.<\/li>\n<\/ul>\n<h3>Choisissez de participer en tant que membre (avec une r\u00e9duction de 25 %) ou en tant que non-membre (au prix fort)<\/h3>\n","protected":false},"featured_media":8796,"comment_status":"open","ping_status":"closed","template":"","meta":[],"product_brand":[],"product_cat":[148],"product_tag":[],"class_list":{"0":"post-9866","1":"product","2":"type-product","3":"status-publish","4":"has-post-thumbnail","6":"product_cat-expositions-foires-evenements","8":"first","9":"outofstock","10":"sale","11":"purchasable","12":"product-type-variable"},"_links":{"self":[{"href":"https:\/\/www.pitturiamo.shop\/fr\/wp-json\/wp\/v2\/product\/9866","targetHints":{"allow":["GET"]}}],"collection":[{"href":"https:\/\/www.pitturiamo.shop\/fr\/wp-json\/wp\/v2\/product"}],"about":[{"href":"https:\/\/www.pitturiamo.shop\/fr\/wp-json\/wp\/v2\/types\/product"}],"replies":[{"embeddable":true,"href":"https:\/\/www.pitturiamo.shop\/fr\/wp-json\/wp\/v2\/comments?post=9866"}],"wp:featuredmedia":[{"embeddable":true,"href":"https:\/\/www.pitturiamo.shop\/fr\/wp-json\/wp\/v2\/media\/8796"}],"wp:attachment":[{"href":"https:\/\/www.pitturiamo.shop\/fr\/wp-json\/wp\/v2\/media?parent=9866"}],"wp:term":[{"taxonomy":"product_brand","embeddable":true,"href":"https:\/\/www.pitturiamo.shop\/fr\/wp-json\/wp\/v2\/product_brand?post=9866"},{"taxonomy":"product_cat","embeddable":true,"href":"https:\/\/www.pitturiamo.shop\/fr\/wp-json\/wp\/v2\/product_cat?post=9866"},{"taxonomy":"product_tag","embeddable":true,"href":"https:\/\/www.pitturiamo.shop\/fr\/wp-json\/wp\/v2\/product_tag?post=9866"}],"curies":[{"name":"wp","href":"https:\/\/api.w.org\/{rel}","templated":true}]}}