{"id":9854,"date":"2026-02-24T19:52:50","date_gmt":"2026-02-24T18:52:50","guid":{"rendered":"https:\/\/www.pitturiamo.shop\/promozione-artista\/non%20class\u00e9\/selection-premiere-prix-barcellona-2026\/"},"modified":"2026-03-06T13:42:54","modified_gmt":"2026-03-06T12:42:54","slug":"selection-premiere-prix-barcellona-2026","status":"publish","type":"product","link":"https:\/\/www.pitturiamo.shop\/fr\/promozione-artista\/expositions-foires-evenements\/selection-premiere-prix-barcellona-2026\/","title":{"rendered":"S\u00e9lection Premi\u00e8re Prix Barcellona 2026"},"content":{"rendered":"<h5>Prix \u200b\u200binternational<\/h5>\n<h1><strong>Premi\u00e8re s\u00e9lection Barcellona 26 : La perspective espagnole<\/strong><\/h1>\n<h4>10-17 juillet 2026 &#8211; Galerie du Port &#8211; Barcelon<\/h4>\n<h5>S\u00e9lection directe de Manuel Gim\u00e9nez Alvarez<\/h5>\n<p>Peinture \u2013 Sculpture \u2013 Graphisme \u2013 Photographie \u2013 Art num\u00e9rique<\/p>\n<h6>TH\u00c8ME GRATUIT<\/h6>\n<h2>Je pr\u00e9mie en palio<\/h2>\n<p>Ce prix vise \u00e0 donner \u00e0 votre art une reconnaissance authentique, capable de transformer votre talent dans une direction claire et cr\u00e9dible au fil du temps, gr\u00e2ce aux r\u00e9compenses suivantes:<\/p>\n<ul>\n<li data-start=\"84\" data-end=\"112\"><strong data-start=\"84\" data-end=\"98\">1er prix:<\/strong> <strong>3 000 \u20ac + plaque + certificat de victoire + catalogue<\/strong> <\/li>\n<li data-start=\"115\" data-end=\"143\"><strong data-start=\"115\" data-end=\"129\">2e prix:<\/strong> <strong>2 000 \u20ac + plaque + certificat de victoire + catalogue<\/strong><\/li>\n<li data-start=\"146\" data-end=\"174\"><strong data-start=\"146\" data-end=\"160\">3e prix:<\/strong> <strong data-start=\"161\" data-end=\"172\" data-is-only-node=\"\">1 000 \u20ac + plaque + certificat de victoire + catalogue<\/strong><\/li>\n<\/ul>\n<p><strong> Dix artistes int\u00e8grent la S\u00e9lection Top et sont publi\u00e9s sur le portail d\u00e9di\u00e9 aux artistes TOP<\/strong><\/p>\n<h2>\u00c0 tous les artistes admis en phase finale<\/h2>\n<ul>\n<li><strong>Exposition vid\u00e9o<\/strong> des \u0153uvres pr\u00e9sent\u00e9es, \u00e0 la Port Gallery de Barcelone du 10 au 17 juillet 2026<\/li>\n<li data-start=\"292\" data-end=\"401\"><strong data-start=\"292\" data-end=\"349\">Critique d&#8217;art professionnelle sign\u00e9e par Roberto Litta<\/strong>, mise en page et publi\u00e9e comme document officiel<\/li>\n<li data-start=\"404\" data-end=\"500\"><strong data-start=\"404\" data-end=\"445\">Certificat officiel de reconnaissance<\/strong><\/li>\n<li><strong>Catalogue officiel<\/strong> de l&#8217;\u00e9v\u00e9nement avec ISBN<\/li>\n<li>Invitation au <strong>vernissage<\/strong> \u00e0 la galerie<\/li>\n<\/ul>\n","protected":false},"excerpt":{"rendered":"<p><strong>Attention<\/strong>: En ce moment, une <strong>r\u00e9duction de 25%<\/strong> est offerte aux <strong>100 premiers<\/strong> artistes admis. D\u00e9p\u00eachez-vous ! <\/p>\n<p>Choisissez de participer en tant que <strong>membre<\/strong> (et \u00e9conomisez la TVA) ou en tant que <strong>non-membre<\/strong> (au tarif plein).<\/p>\n","protected":false},"featured_media":8974,"comment_status":"open","ping_status":"closed","template":"","meta":[],"product_brand":[],"product_cat":[148],"product_tag":[],"class_list":{"0":"post-9854","1":"product","2":"type-product","3":"status-publish","4":"has-post-thumbnail","6":"product_cat-expositions-foires-evenements","8":"first","9":"instock","10":"sale","11":"sold-individually","12":"taxable","13":"shipping-taxable","14":"purchasable","15":"product-type-variable","16":"has-default-attributes"},"_links":{"self":[{"href":"https:\/\/www.pitturiamo.shop\/fr\/wp-json\/wp\/v2\/product\/9854","targetHints":{"allow":["GET"]}}],"collection":[{"href":"https:\/\/www.pitturiamo.shop\/fr\/wp-json\/wp\/v2\/product"}],"about":[{"href":"https:\/\/www.pitturiamo.shop\/fr\/wp-json\/wp\/v2\/types\/product"}],"replies":[{"embeddable":true,"href":"https:\/\/www.pitturiamo.shop\/fr\/wp-json\/wp\/v2\/comments?post=9854"}],"wp:featuredmedia":[{"embeddable":true,"href":"https:\/\/www.pitturiamo.shop\/fr\/wp-json\/wp\/v2\/media\/8974"}],"wp:attachment":[{"href":"https:\/\/www.pitturiamo.shop\/fr\/wp-json\/wp\/v2\/media?parent=9854"}],"wp:term":[{"taxonomy":"product_brand","embeddable":true,"href":"https:\/\/www.pitturiamo.shop\/fr\/wp-json\/wp\/v2\/product_brand?post=9854"},{"taxonomy":"product_cat","embeddable":true,"href":"https:\/\/www.pitturiamo.shop\/fr\/wp-json\/wp\/v2\/product_cat?post=9854"},{"taxonomy":"product_tag","embeddable":true,"href":"https:\/\/www.pitturiamo.shop\/fr\/wp-json\/wp\/v2\/product_tag?post=9854"}],"curies":[{"name":"wp","href":"https:\/\/api.w.org\/{rel}","templated":true}]}}