{"id":9604,"date":"2017-06-23T13:58:53","date_gmt":"2017-06-23T11:58:53","guid":{"rendered":"https:\/\/www.pitturiamo.shop\/promozione-artista\/non class\u00e9\/brochures-dartistes\/"},"modified":"2017-06-23T13:58:53","modified_gmt":"2017-06-23T11:58:53","slug":"brochures-dartistes","status":"publish","type":"product","link":"https:\/\/www.pitturiamo.shop\/fr\/promozione-artista\/expositions-foires-evenements\/brochures-dartistes\/","title":{"rendered":"Brochures d\u2019artistes"},"content":{"rendered":"<h3>Conception et impression de brochures pour artistes.<\/h3>\n<h4><strong>Vous achetez le service et PitturiAmo le fabrique pour vous !<\/strong><\/h4>\n<p>Si vous souhaitez promouvoir votre image d\u2019artiste et vos \u0153uvres <strong>m\u00eame en dehors d\u2019Internet<\/strong>, vous pouvez cr\u00e9er une brochure artistique \u00e0 des co\u00fbts extr\u00eamement bas.<\/p>\n<h3><strong>Brochures artistiques en trois volets<\/strong> : professionnelles et percutantes.<\/h3>\n<p>Design graphique et impression de brochures artistiques 3 portes, devant\/arri\u00e8re, format A4 (21 cm x 29,7 cm) et poids 170 gr.<\/p>\n<p>Apr\u00e8s avoir pass\u00e9 la commande, contactez l\u2019\u00e9quipe \u00e9ditoriale de PitturiAmo au redazione@pitturiamo.eu ou appelez le +39 0934 597211 pour organiser le design graphique de votre brochure pour les artistes.<\/p>\n<p><strong>Souhaitez-vous acheter en plusieurs fois ou d\u2019autres options de traitement ?<\/strong>  Contactez-nous pour un devis personnalis\u00e9.<\/p>\n<p>&nbsp;<\/p>\n","protected":false},"excerpt":{"rendered":"<p>Mettez en avant votre art lors d\u2019expositions, foires, \u00e9v\u00e9nements artistiques et laissez un souvenir de vos \u0153uvres \u00e0 vos admirateurs.<\/p>\n<h2>Brochure artiste en trois volets<\/h2>\n<p>Impression double face \u00e0 quatre couleurs. Publiez vos \u0153uvres, votre biographie, vos critiques et vos coordonn\u00e9es, ou tout autre document que vous jugez le plus utile pour votre promotion artistique. Cr\u00e9ez une brochure pour promouvoir un \u00e9v\u00e9nement sp\u00e9cifique ou pour promouvoir votre art en g\u00e9n\u00e9ral.  <\/p>\n<p>Vous pouvez choisir de ne demander que du design graphique (vous disposerez d\u2019un fichier PDF que vous pourrez faire imprimer o\u00f9 vous le souhaitez) ou m\u00eame d\u2019imprimer \u00e0 des prix tr\u00e8s abordables.<\/p>\n","protected":false},"featured_media":560,"comment_status":"open","ping_status":"closed","template":"","meta":[],"product_brand":[],"product_cat":[148],"product_tag":[],"class_list":{"0":"post-9604","1":"product","2":"type-product","3":"status-publish","4":"has-post-thumbnail","6":"product_cat-expositions-foires-evenements","8":"first","9":"instock","10":"featured","11":"sold-individually","12":"purchasable","13":"product-type-variable"},"_links":{"self":[{"href":"https:\/\/www.pitturiamo.shop\/fr\/wp-json\/wp\/v2\/product\/9604","targetHints":{"allow":["GET"]}}],"collection":[{"href":"https:\/\/www.pitturiamo.shop\/fr\/wp-json\/wp\/v2\/product"}],"about":[{"href":"https:\/\/www.pitturiamo.shop\/fr\/wp-json\/wp\/v2\/types\/product"}],"replies":[{"embeddable":true,"href":"https:\/\/www.pitturiamo.shop\/fr\/wp-json\/wp\/v2\/comments?post=9604"}],"wp:featuredmedia":[{"embeddable":true,"href":"https:\/\/www.pitturiamo.shop\/fr\/wp-json\/wp\/v2\/media\/560"}],"wp:attachment":[{"href":"https:\/\/www.pitturiamo.shop\/fr\/wp-json\/wp\/v2\/media?parent=9604"}],"wp:term":[{"taxonomy":"product_brand","embeddable":true,"href":"https:\/\/www.pitturiamo.shop\/fr\/wp-json\/wp\/v2\/product_brand?post=9604"},{"taxonomy":"product_cat","embeddable":true,"href":"https:\/\/www.pitturiamo.shop\/fr\/wp-json\/wp\/v2\/product_cat?post=9604"},{"taxonomy":"product_tag","embeddable":true,"href":"https:\/\/www.pitturiamo.shop\/fr\/wp-json\/wp\/v2\/product_tag?post=9604"}],"curies":[{"name":"wp","href":"https:\/\/api.w.org\/{rel}","templated":true}]}}