{"id":9575,"date":"2019-06-26T10:55:00","date_gmt":"2019-06-26T10:55:00","guid":{"rendered":"https:\/\/www.pitturiamo.shop\/promozione-artista\/non class\u00e9\/pitturiamo-interviews\/"},"modified":"2019-06-26T10:55:00","modified_gmt":"2019-06-26T08:55:00","slug":"pitturiamo-interviews","status":"publish","type":"product","link":"https:\/\/www.pitturiamo.shop\/fr\/promozione-artista\/expositions-foires-evenements\/pitturiamo-interviews\/","title":{"rendered":"PitturiAmo Interviews"},"content":{"rendered":"<h3 style=\"text-align: center;\"><strong>Avez-vous du mal \u00e0 communiquer la valeur de votre art ?<\/strong><\/h3>\n<h1 style=\"text-align: center;\">\u00ab <strong>LES ARTISTES RACONTENT LEURS HISTOIRES \u00bb Les<\/strong><br \/>\n <strong>interviews de PitturiAmo<\/strong><\/h1>\n<p>Il faut trouver un carr\u00e9 pr\u00e9par\u00e9 et attentif, capable de saisir votre effort artistique mais, souvent, de r\u00e9aliser que la qualit\u00e9 de votre travail n\u2019est pas comprise.<\/p>\n<p>Il existe un moyen simple de surmonter ce probl\u00e8me : expliquer, avec vos propres mots, qui vous \u00eates, ce que vous faites, comment vous le faites et pourquoi vous le faites.<\/p>\n<h3>Avec le projet \u00ab <strong><em>Les artistes racontent leurs histoires \u2013 Interviews PitturiAmo<\/em><\/strong> \u00bb, vous pouvez facilement atteindre votre objectif :<\/h3>\n<ul>\n<li><strong>Entretien en ligne <\/strong>que vous pouvez r\u00e9aliser selon vos besoins, quand cela vous convient le mieux et au moment que vous jugez le plus appropri\u00e9. De cette fa\u00e7on, vous pourrez r\u00e9pondre, avec s\u00e9r\u00e9nit\u00e9, aux questions qui vous seront pos\u00e9es, sans l\u2019embarras d\u2019un v\u00e9ritable entretien en direct. Vous aurez l\u2019espace n\u00e9cessaire pour clarifier qui vous \u00eates et ce que vous faites ;  <\/li>\n<li>Vous pouvez choisir les questions que vous jugez les plus appropri\u00e9es. De cette fa\u00e7on, vous pourrez <strong>orienter l\u2019entretien vers les <\/strong>sujets qui vous sont les plus chers, afin de transmettre votre message de la mani\u00e8re la plus efficace possible ; <\/li>\n<li>L\u2019interview sera publi\u00e9e :\n<ul>\n<li>Sur <strong>le magazine Art-Now<\/strong>, le p\u00e9riodique artistique dirig\u00e9 par Sandro Serradifalco avec un tirage de 5000 exemplaires ;<\/li>\n<li><strong>en ligne sur le magazine PitturiAmo<\/strong>, dans une section sp\u00e9ciale d\u00e9di\u00e9e aux artistes contemporains ;<\/li>\n<li>sur la <strong>page Facebook de PitturiAmo<\/strong> , qui compte actuellement plus de 24 000 membres.<\/li>\n<\/ul>\n<\/li>\n<li>Vous recevrez <strong>deux exemplaires papier du magazine Art-Now<\/strong> chez vous afin de pouvoir montrer votre pr\u00e9sence dans le magazine \u00e0 vos admirateurs et lire facilement votre interview ;<\/li>\n<li>Vous recevrez par e-mail <strong>le fichier des<\/strong> pages relatives \u00e0 votre entretien, au format PDF, avec une mise en page professionnelle haute r\u00e9solution par PitturiAmo, que <strong>vous pourrez imprimer<\/strong> dans votre imprimerie de confiance. De cette fa\u00e7on, vous pouvez partager votre interview lors de vos \u00e9v\u00e9nements \u00e0 vos admirateurs. Une mani\u00e8re simple, directe et peu co\u00fbteuse d\u2019expliquer \u00e0 tout le monde qui vous \u00eates.  <\/li>\n<\/ul>\n<h2><strong>Interviews PitturiAmo &#8211; Voici un exemple<\/strong><\/h2>\n<p>Vous pouvez voir comment l\u2019\u0153uvre est r\u00e9alis\u00e9e en t\u00e9l\u00e9chargeant et <strong>en lisant l\u2019interview r\u00e9alis\u00e9e avec Alys Melcon<\/strong>, une artiste sicilienne qui a d\u00e9j\u00e0 choisi ce m\u00e9dium pour communiquer son art :   <strong><a href=\"https:\/\/www.pitturiamo.eu\/wp-content\/uploads\/Alys-Melcon-LR.pdf\" target=\"_blank\" rel=\"noopener noreferrer\">Lisez l\u2019interview avec Alys Melcon<\/a><\/strong><\/p>\n","protected":false},"excerpt":{"rendered":"<p>Transmets ton art en disant qui tu es et comment tu t\u2019exprimes.<\/p>\n<p>R\u00e9servez cette promotion d\u00e8s maintenant pour garantir <strong>un service<\/strong> rapide au <strong>prix du lancement de l\u2019offre.<\/strong><\/p>\n","protected":false},"featured_media":7600,"comment_status":"open","ping_status":"closed","template":"","meta":[],"product_brand":[],"product_cat":[148],"product_tag":[],"class_list":{"0":"post-9575","1":"product","2":"type-product","3":"status-publish","4":"has-post-thumbnail","6":"product_cat-expositions-foires-evenements","8":"first","9":"instock","10":"sale","11":"virtual","12":"purchasable","13":"product-type-simple"},"_links":{"self":[{"href":"https:\/\/www.pitturiamo.shop\/fr\/wp-json\/wp\/v2\/product\/9575","targetHints":{"allow":["GET"]}}],"collection":[{"href":"https:\/\/www.pitturiamo.shop\/fr\/wp-json\/wp\/v2\/product"}],"about":[{"href":"https:\/\/www.pitturiamo.shop\/fr\/wp-json\/wp\/v2\/types\/product"}],"replies":[{"embeddable":true,"href":"https:\/\/www.pitturiamo.shop\/fr\/wp-json\/wp\/v2\/comments?post=9575"}],"wp:featuredmedia":[{"embeddable":true,"href":"https:\/\/www.pitturiamo.shop\/fr\/wp-json\/wp\/v2\/media\/7600"}],"wp:attachment":[{"href":"https:\/\/www.pitturiamo.shop\/fr\/wp-json\/wp\/v2\/media?parent=9575"}],"wp:term":[{"taxonomy":"product_brand","embeddable":true,"href":"https:\/\/www.pitturiamo.shop\/fr\/wp-json\/wp\/v2\/product_brand?post=9575"},{"taxonomy":"product_cat","embeddable":true,"href":"https:\/\/www.pitturiamo.shop\/fr\/wp-json\/wp\/v2\/product_cat?post=9575"},{"taxonomy":"product_tag","embeddable":true,"href":"https:\/\/www.pitturiamo.shop\/fr\/wp-json\/wp\/v2\/product_tag?post=9575"}],"curies":[{"name":"wp","href":"https:\/\/api.w.org\/{rel}","templated":true}]}}