{"id":9571,"date":"2020-03-06T09:33:32","date_gmt":"2020-03-06T09:33:32","guid":{"rendered":"https:\/\/www.pitturiamo.shop\/promozione-artista\/non class\u00e9\/rapport-super-court-double-bonus\/"},"modified":"2020-03-06T09:33:32","modified_gmt":"2020-03-06T08:33:32","slug":"rapport-super-court-double-bonus","status":"publish","type":"product","link":"https:\/\/www.pitturiamo.shop\/fr\/promozione-artista\/pitturiamo\/rapport-super-court-double-bonus\/","title":{"rendered":"Rapport Super Court + DOUBLE Bonus"},"content":{"rendered":"<p><strong>Breve Super Report<\/strong> a \u00e9t\u00e9 cr\u00e9\u00e9 pour pr\u00e9senter, en quelques pages, les 3 principales solutions \u2013 \u00e0 port\u00e9e de tous \u2013 pour :<\/p>\n<ul>\n<li><strong>Commencez<\/strong> votre galerie en ligne ;<\/li>\n<li><strong>optimiser<\/strong> ta pr\u00e9sence sur Internet ;<\/li>\n<li>Commencez par le bon pied pour<strong> vous faire conna\u00eetre<\/strong> et appr\u00e9cier sur Internet.<\/li>\n<\/ul>\n<p>Vous aurez ainsi l\u2019opportunit\u00e9 de toucher votre client potentiel, de faire conna\u00eetre votre art (m\u00eame \u00e0 distance) et <strong>de vendre des tableaux<\/strong>. Vous n\u2019aurez plus besoin de compter sur des galeristes influents qui exploitent votre travail, <strong>ne vous laissant que des miettes.<\/strong> <\/p>\n<p>C\u2019est une lecture courte \u00e0 consommer rapidement (cela prend 20 \u00e0 30 minutes) au format PDF que vous recevrez dans votre bo\u00eete aux lettres et vous pourrez apprendre, avec <strong>des mots et des concepts simples \u00e0 port\u00e9e de main,<\/strong> les principales id\u00e9es pour avoir votre propre pr\u00e9sence en ligne, vraiment efficace et capable de vous aider \u00e0 faire conna\u00eetre votre art,  pour \u00eatre appr\u00e9ci\u00e9 et vendu des tableaux, aussi bien en ligne qu\u2019directement dans l\u2019atelier de votre artiste.<\/p>\n<h2>Le <strong>Rapport Super Court<\/strong> + DOUBLE BONUS<\/h2>\n<ul>\n<li>Quelles sont les <strong>3 meilleures solutions <\/strong>pour ouvrir votre galerie en ligne ;<\/li>\n<li>Les <strong>10 points fondamentaux<\/strong> pour avoir un site web r\u00e9ussi ;<\/li>\n<li><strong>Avantages et inconv\u00e9nients<\/strong> d\u2019un site personnel ;<\/li>\n<li><strong>Quels points vous devez v\u00e9rifier<\/strong> qu\u2019ils sont respect\u00e9s lorsque vous avez construit votre site web ;<\/li>\n<li>Comment savoir si votre site web est VRAIMENT <strong>utile et fonctionnel<\/strong> ;<\/li>\n<li>Quels sont les <strong>5 aspects fondamentaux<\/strong> \u00e0 \u00e9valuer lors de l\u2019inscription sur un portail artistique ;<\/li>\n<li>Est-il pr\u00e9f\u00e9rable d\u2019avoir un <strong>profil personnel<\/strong> ou <strong>une page professionnelle<\/strong> sur Facebook ?<\/li>\n<\/ul>\n<p>&#8230; Et enfin&#8230;<\/p>\n<ul>\n<li><strong>Que ferait Nino Argentati<\/strong> \u00e0 votre place (et ici nous vous pr\u00e9sentons ses 25 ans d\u2019exp\u00e9rience en marketing artistique) ;<\/li>\n<li><strong><strong>+ DOUBLE bonus<\/strong><\/strong>\n<ul>\n<li><strong>n. 1 Peinture en vedette<\/strong> sur PitturiAmo, pour se promouvoir en ligne et avoir plus de visibilit\u00e9 sur le portail et sur Google ;<\/li>\n<li><strong>n. 1 Note critique<\/strong> <i>r\u00e9dig\u00e9e par<\/i> un <i>tuteur PitturiAmo<\/i>, afin que vous puissiez enrichir votre Curriculum Vitae et pr\u00e9senter votre art de la meilleure mani\u00e8re possible.<\/li>\n<\/ul>\n<\/li>\n<\/ul>\n","protected":false},"excerpt":{"rendered":"<ul>\n<li>Peignez-vous pour le plaisir de peindre, avez-vous tr\u00e8s peu de temps disponible et <strong>vous n\u2019avez pas beaucoup d\u2019argent \u00e0 consacrer \u00e0 des promotions<\/strong> ?<\/li>\n<li><strong>Tu n\u2019es pas tr\u00e8s techno,<\/strong> tu ne t\u2019entends pas tr\u00e8s bien avec l\u2019ordinateur, tu deviens nerveux facilement et donc tu abandonnes la promotion en ligne ?<\/li>\n<li>Souhaitez-vous recevoir des retours, des critiques et <strong>des \u00e9valuations imm\u00e9diats<\/strong> de la part des utilisateurs qui consultent vos \u0153uvres en ligne ?<\/li>\n<\/ul>\n<h3><strong>Profitez du DOUBLE bonus<\/strong> :<\/h3>\n<ul>\n<li><strong>n.1 Tableau vedette<\/strong> sur Pitturiamo ;<\/li>\n<li><strong>Note : Critique<\/strong> de ton art par un tuteur de PitturiAmo.<\/li>\n<\/ul>\n","protected":false},"featured_media":7594,"comment_status":"open","ping_status":"closed","template":"","meta":[],"product_brand":[],"product_cat":[126],"product_tag":[],"class_list":{"0":"post-9571","1":"product","2":"type-product","3":"status-publish","4":"has-post-thumbnail","6":"product_cat-pitturiamo","8":"first","9":"instock","10":"virtual","11":"purchasable","12":"product-type-simple"},"_links":{"self":[{"href":"https:\/\/www.pitturiamo.shop\/fr\/wp-json\/wp\/v2\/product\/9571","targetHints":{"allow":["GET"]}}],"collection":[{"href":"https:\/\/www.pitturiamo.shop\/fr\/wp-json\/wp\/v2\/product"}],"about":[{"href":"https:\/\/www.pitturiamo.shop\/fr\/wp-json\/wp\/v2\/types\/product"}],"replies":[{"embeddable":true,"href":"https:\/\/www.pitturiamo.shop\/fr\/wp-json\/wp\/v2\/comments?post=9571"}],"wp:featuredmedia":[{"embeddable":true,"href":"https:\/\/www.pitturiamo.shop\/fr\/wp-json\/wp\/v2\/media\/7594"}],"wp:attachment":[{"href":"https:\/\/www.pitturiamo.shop\/fr\/wp-json\/wp\/v2\/media?parent=9571"}],"wp:term":[{"taxonomy":"product_brand","embeddable":true,"href":"https:\/\/www.pitturiamo.shop\/fr\/wp-json\/wp\/v2\/product_brand?post=9571"},{"taxonomy":"product_cat","embeddable":true,"href":"https:\/\/www.pitturiamo.shop\/fr\/wp-json\/wp\/v2\/product_cat?post=9571"},{"taxonomy":"product_tag","embeddable":true,"href":"https:\/\/www.pitturiamo.shop\/fr\/wp-json\/wp\/v2\/product_tag?post=9571"}],"curies":[{"name":"wp","href":"https:\/\/api.w.org\/{rel}","templated":true}]}}