{"id":9567,"date":"2020-03-06T10:07:28","date_gmt":"2020-03-06T10:07:28","guid":{"rendered":"https:\/\/www.pitturiamo.shop\/promozione-artista\/non class\u00e9\/coefficient-de-lartiste\/"},"modified":"2020-03-06T10:07:28","modified_gmt":"2020-03-06T09:07:28","slug":"coefficient-de-lartiste","status":"publish","type":"product","link":"https:\/\/www.pitturiamo.shop\/fr\/promozione-artista\/expositions-foires-evenements\/coefficient-de-lartiste\/","title":{"rendered":"Coefficient de l\u2019artiste"},"content":{"rendered":"<h2>Comment le coefficient de l\u2019artiste est identifi\u00e9<\/h2>\n<p>L\u2019expert attribuera les <strong>coefficients de l\u2019artiste pour chaque type d\u2019\u0153uvre<\/strong>. Par exemple, selon la technique (huile, acrylique, aquarelle, tempera, etc.) ou le support (toile, carton en toile, panneau, etc.). L\u2019artiste pourra alors appliquer le coefficient d\u2019artiste donn\u00e9 \u00e0 toutes les \u0153uvres de ce genre, en calculant la valeur de chaque \u0153uvre. Le succ\u00e8s des ventes d\u2019une sorte par rapport \u00e0 un autre, les prix re\u00e7us, les ventes aux ench\u00e8res, le succ\u00e8s d\u2019un cycle en relation avec les tendances du march\u00e9, l\u2019originalit\u00e9 de l\u2019\u0153uvre et son potentiel en perspective, les expositions importantes auxquelles l\u2019artiste a particip\u00e9 et d\u2019innombrables autres facteurs seront ensuite pris en compte.   <\/p>\n<p><strong>Les coefficients de l\u2019artiste peuvent donc \u00eatre vari\u00e9s.<\/strong>  La certification sera motiv\u00e9e au cas par cas, par un groupe typologique d\u2019\u0153uvres, que l\u2019expert identifiera en discutant avec l\u2019artiste avant de d\u00e9livrer la certification.<\/p>\n<h3>Exemple de calcul du coefficient de l\u2019artiste<\/h3>\n<p><strong>Prix de base = (Base la plus haute + Hauteur la plus \u00e9lev\u00e9e) x Coefficient de l\u2019artiste<\/strong><strong> x 10<\/strong><\/p>\n<p><strong>Exemple<\/strong><\/p>\n<ul>\n<li>Artiste avec coefficient d\u2019artiste = 2<strong><br \/>\n<\/strong><\/li>\n<li>Ouvre avec les mesures : Hauteur = 70 cm ; Largeur = 50 cm ;<\/li>\n<li>Calcul = (70+50) X 2 X 10 = 120 x 2 x 10= 2,400,00\u20ac<\/li>\n<\/ul>\n<p>&nbsp;<\/p>\n<h3>Voici les 4 principales raisons de l\u2019acheter<\/h3>\n<p>&nbsp;<\/p>\n<ol>\n<li>Il <strong>faut attribuer une valeur uniforme<\/strong> \u00e0 ses \u0153uvres, afin de se pr\u00e9senter plus clairement devant les galeristes et les collectionneurs, en <strong>proposant un art reconnu sur le circuit<\/strong> ;<\/li>\n<li>Vous devez t\u00e9moigner de la <strong>valeur \u00e9conomique d\u2019une \u0153uvre perdue lors d\u2019un<\/strong> d\u00e9m\u00e9nagement ou lors de l\u2019exp\u00e9dition vers une galerie d\u2019art.<\/li>\n<li>Vous voulez que vos \u0153uvres <strong>ne perdent pas de valeur avec le temps<\/strong>, mais qu\u2019elles puissent toujours \u00eatre accompagn\u00e9es d\u2019un document officiel qui d\u00e9clare leur qualit\u00e9 ;<\/li>\n<li>Vous avez cr\u00e9\u00e9 plusieurs \u0153uvres d\u2019art et chacune d\u2019elles fait partie de vous. Vous aimeriez pouvoir les vendre \u00e0 ceux qui <strong>les appr\u00e9cient<\/strong> vraiment, mais vous n\u2019\u00eates pas capable d\u2019identifier la <strong>bonne valeur \u00e9conomique<\/strong>. Vous avez peur que le prix que vous demandez soit trop \u00e9lev\u00e9 ou, pire encore, trop bas.  <\/li>\n<\/ol>\n<p>&nbsp;<\/p>\n<h3>Que proposons-nous ?<\/h3>\n<p>&nbsp;<\/p>\n<ul>\n<li><strong>Entretien t\u00e9l\u00e9phonique<\/strong> avec l\u2019expert en art Franco Bulfarini, pour apprendre \u00e0 se conna\u00eetre et comprendre votre carri\u00e8re artistique ;<\/li>\n<li>La lecture de votre <strong>CV<\/strong> et l\u2019analyse des principaux \u00e9v\u00e9nements auxquels vous avez particip\u00e9 (expositions personnelles et collectives, r\u00e9compenses re\u00e7ues, toute participation \u00e0 des mus\u00e9es et collections d\u2019int\u00e9r\u00eat national et international, etc.) ;<\/li>\n<li>\u00c9tudier et analyser votre <strong>biographie<\/strong>, afin de comprendre votre parcours artistique, votre \u00e9volution et le d\u00e9veloppement de diff\u00e9rentes p\u00e9riodes de production ;<\/li>\n<li><strong>Attribution du coefficient d\u2019artiste<\/strong> , qui vous permettra d\u2019obtenir un param\u00e8tre de r\u00e9f\u00e9rence pour vous pr\u00e9senter plus s\u00e9rieusement devant les galeristes et les collectionneurs, et pour identifier la valeur \u00e9conomique correcte de vos \u0153uvres (apr\u00e8s l\u2019entretien t\u00e9l\u00e9phonique, il peut \u00eatre n\u00e9cessaire d\u2019identifier <strong>d\u2019autres coefficients d\u2019artistes<\/strong>) ;<\/li>\n<li><strong>Expertise analytique d\u00e9taill\u00e9e<\/strong>. Nous vous fournirons le document complet r\u00e9dig\u00e9 par l\u2019expert en art, avec le texte explicatif de l\u2019analyse effectu\u00e9e, d\u00e9taill\u00e9 de l\u2019\u00e9tude et des indications ; <\/li>\n<li>Publication d\u2019un <strong>document officiel au<\/strong> format PDF haute r\u00e9solution, avec le tampon et la signature de l\u2019expert en art<em> F. Bulfarini<\/em> et du directeur unique de PitturiAmo, <em>le Dr A. Argentati<\/em>. Vous pourrez alors imprimer et distribuer \u00e0 vos admirateurs un document attestant de vos comp\u00e9tences artistiques ; <\/li>\n<\/ul>\n<p><!-- <strong>+ tre BONUS:<\/strong>\n\n\n<ul>\n \t\n\n<li><strong>Redazionale<\/strong>, con <strong>appendice motivazionale<\/strong>, su PitturiAmo Magazine (www.pitturiamo.eu), il portale dedicato agli artisti, per conoscere e farsi conoscere;<\/li>\n\n\n \t\n\n<li><strong>5 quadri In Evidenza<\/strong> su PitturiAmo, il portale dei pittori contemporanei. Per aumentare ulteriormente la tua visibilit\u00e0;<\/li>\n\n\n \t\n\n<li><em><strong>Soltanto se sei Maestro di PitturiAmo\u00a9 ottieni un ulteriore Bonus<\/strong>: un <\/em>Banner promozionale <strong>Slider in Home Page di PitturiAmo per 1 settimana <\/strong>per comunicare a tutti i visitatori di PitturiAmo che hai ottenuto il Coefficiente d'Artista;<\/li>\n\n\n<\/ul>\n\n\n--><br \/>\nR\u00e9servez d\u00e8s maintenant votre coefficient d\u2019artiste pour garantir un <strong>service rapide<\/strong> au <strong>prix du lancement de l\u2019offre<\/strong>.<\/p>\n<hr>\n<p>Poss\u00e9dez-vous d\u00e9j\u00e0 un coefficient d\u2019artiste et souhaitez-vous le mettre \u00e0 niveau ?  <strong><a href=\"https:\/\/www.pitturiamo.shop\/promozione-artista\/mostre-fiere-eventi\/rinnovo-del-coefficiente-dartista\/\">Renouveler maintenant<\/a><\/strong><\/p>\n","protected":false},"excerpt":{"rendered":"<p>Un prix fluctuant, sans raison r\u00e9elle, est un premier signe de <strong>manque de professionnalisme<\/strong> et pourrait amener vos admirateurs \u00e0 renoncer \u00e0 acheter.<\/p>\n<p>Une analyse attentive de votre travail est essentielle pour identifier votre <strong>coefficient d\u2019artiste<\/strong>, ce qui vous permet d\u2019obtenir facilement la bonne valeur de vos \u0153uvres. Cependant, l\u2019analyse doit \u00eatre r\u00e9alis\u00e9e exclusivement par <strong>des op\u00e9rateurs attentifs, comp\u00e9tents et qualifi\u00e9s<\/strong>, qui peuvent analyser votre programme professionnel, votre biographie et vos \u0153uvres principales. <\/p>\n<p><strong>PitturiAmo<\/strong>, en collaboration avec l\u2019expert en art Franco Bulfarini, vous propose un service d\u2019analyse technique et artistique de votre art ainsi que la d\u00e9livrance du <strong>Certificat Authentique d\u2019Attribution du Coefficient d\u2019\u00c9valuation Artistique.<\/strong><\/p>\n<p>Attribuez une valeur correcte \u00e0 vos \u0153uvres, demandez le Coefficient de l\u2019Artiste : un outil utile pour communiquer la Vraie Valeur de VOTRE Art.<\/p>\n","protected":false},"featured_media":7597,"comment_status":"open","ping_status":"closed","template":"","meta":[],"product_brand":[],"product_cat":[148],"product_tag":[],"class_list":{"0":"post-9567","1":"product","2":"type-product","3":"status-publish","4":"has-post-thumbnail","6":"product_cat-expositions-foires-evenements","8":"first","9":"instock","10":"sale","11":"virtual","12":"purchasable","13":"product-type-simple"},"_links":{"self":[{"href":"https:\/\/www.pitturiamo.shop\/fr\/wp-json\/wp\/v2\/product\/9567","targetHints":{"allow":["GET"]}}],"collection":[{"href":"https:\/\/www.pitturiamo.shop\/fr\/wp-json\/wp\/v2\/product"}],"about":[{"href":"https:\/\/www.pitturiamo.shop\/fr\/wp-json\/wp\/v2\/types\/product"}],"replies":[{"embeddable":true,"href":"https:\/\/www.pitturiamo.shop\/fr\/wp-json\/wp\/v2\/comments?post=9567"}],"wp:featuredmedia":[{"embeddable":true,"href":"https:\/\/www.pitturiamo.shop\/fr\/wp-json\/wp\/v2\/media\/7597"}],"wp:attachment":[{"href":"https:\/\/www.pitturiamo.shop\/fr\/wp-json\/wp\/v2\/media?parent=9567"}],"wp:term":[{"taxonomy":"product_brand","embeddable":true,"href":"https:\/\/www.pitturiamo.shop\/fr\/wp-json\/wp\/v2\/product_brand?post=9567"},{"taxonomy":"product_cat","embeddable":true,"href":"https:\/\/www.pitturiamo.shop\/fr\/wp-json\/wp\/v2\/product_cat?post=9567"},{"taxonomy":"product_tag","embeddable":true,"href":"https:\/\/www.pitturiamo.shop\/fr\/wp-json\/wp\/v2\/product_tag?post=9567"}],"curies":[{"name":"wp","href":"https:\/\/api.w.org\/{rel}","templated":true}]}}