{"id":9551,"date":"2020-01-28T11:48:24","date_gmt":"2020-01-28T11:48:24","guid":{"rendered":"https:\/\/www.pitturiamo.shop\/promozione-artista\/non class\u00e9\/esploriamo\/"},"modified":"2020-01-28T11:48:24","modified_gmt":"2020-01-28T10:48:24","slug":"esploriamo","status":"publish","type":"product","link":"https:\/\/www.pitturiamo.shop\/fr\/promozione-artista\/pitturiamo\/esploriamo\/","title":{"rendered":"EsploriAmo"},"content":{"rendered":"<p>Voici ce <strong>qu\u2019EsploriAmo propose<\/strong> :<\/p>\n<ul>\n<li><strong>5 Peintures en vedette<\/strong> (choisies par l\u2019\u00e9quipe \u00e9ditoriale artistique de PitturiAmo), pour en apprendre davantage sur le service, en appr\u00e9cier les avantages et tester le positionnement en t\u00eate de Google ;<\/li>\n<li><strong>1 banni\u00e8re<\/strong>, en rotation, \u00e0 choisir parmi celles disponibles, pendant 1 semaine. La banni\u00e8re sera cr\u00e9\u00e9e par l\u2019\u00e9quipe \u00e9ditoriale technique de PitturiAmo et, apr\u00e8s cliquer, enverra l\u2019utilisateur vers la page \u00e9ditoriale, d\u00e9di\u00e9e \u00e0 l\u2019artiste, pr\u00e9sente dans le magazine PitturiAmo ; <\/li>\n<li><strong>1 \u00c9ditorial<\/strong>, cr\u00e9\u00e9 par l\u2019\u00e9quipe \u00e9ditoriale artistique de PitturiAmo.<\/li>\n<\/ul>\n<p>De plus, vous b\u00e9n\u00e9ficierez <strong>des BONUS :<\/strong><\/p>\n<ul>\n<li><strong>Note critique<\/strong>, r\u00e9dig\u00e9e par l\u2019un des tuteurs de PitturiAmo, qui sera incluse dans l\u2019\u00e9ditorial du magazine PitturiAmo ;<\/li>\n<li><strong>5 tableaux \u00e0 vendre directement<\/strong> (au choix de la r\u00e9daction artistique de PitturiAmo) pour d\u00e9couvrir le service et profiter de l\u2019achat impulsif. Vous pouvez essayer de vendre vos peintures directement sur la plateforme PitturiAmo et recevoir l\u2019argent sur votre compte bancaire. <\/li>\n<li>Une semaine suppl\u00e9mentaire cons\u00e9cutive de publication de la<strong> Banni\u00e8re<\/strong>. Vous pourrez ainsi faire conna\u00eetre votre art au public de PitturiAmo pendant un total de 2 semaines. <\/li>\n<li><strong>Partage<\/strong> de l\u2019\u00e9ditorial, sur la page <strong>Facebook<\/strong> et le groupe PitturiAmo, qui r\u00e9unissent ensemble plus de 30 000 fans.<\/li>\n<\/ul>\n<p>Notre offre est r\u00e9serv\u00e9e aux <strong>nouveaux membres<\/strong>, qui souhaitent en savoir plus sur les services de PitturiAmo, ou \u00e0 ceux qui connaissent d\u00e9j\u00e0 notre r\u00e9seau et souhaitent <strong>\u00e9largir leur visibilit\u00e9<\/strong>. Profitez-en, maintenant ! <\/p>\n","protected":false},"excerpt":{"rendered":"<p>\u00ab EsploriAmo \u00bb est un ensemble de services con\u00e7u sp\u00e9cifiquement pour <strong>vous aider \u00e0 faire vos premiers pas<\/strong> sur PitturiAmo ou \u00e0 <strong>mieux mener \u00e0 bien<\/strong> votre activit\u00e9 promotionnelle sur le seul r\u00e9seau, pr\u00e9sent sur le web italien, qui peut se targuer du <strong>plus grand nombre de peintres et de peintures expos\u00e9es en permanence<\/strong> .<\/p>\n<p>PitturiAmo est <strong>la plus grande galerie virtuelle du<\/strong> web italien.<\/p>\n<p>C\u2019est visible <strong>sur la premi\u00e8re page de Google<\/strong> avec des milliers de mots-cl\u00e9s diff\u00e9rents, de partout dans le monde. <strong>Avoir de la visibilit\u00e9 sur PitturiAmo signifie avoir une visibilit\u00e9 \u00e9norme sur Google, partout dans le monde.<\/strong><\/p>\n","protected":false},"featured_media":7599,"comment_status":"open","ping_status":"closed","template":"","meta":[],"product_brand":[],"product_cat":[126],"product_tag":[],"class_list":{"0":"post-9551","1":"product","2":"type-product","3":"status-publish","4":"has-post-thumbnail","6":"product_cat-pitturiamo","8":"first","9":"instock","10":"sale","11":"virtual","12":"purchasable","13":"product-type-simple"},"_links":{"self":[{"href":"https:\/\/www.pitturiamo.shop\/fr\/wp-json\/wp\/v2\/product\/9551","targetHints":{"allow":["GET"]}}],"collection":[{"href":"https:\/\/www.pitturiamo.shop\/fr\/wp-json\/wp\/v2\/product"}],"about":[{"href":"https:\/\/www.pitturiamo.shop\/fr\/wp-json\/wp\/v2\/types\/product"}],"replies":[{"embeddable":true,"href":"https:\/\/www.pitturiamo.shop\/fr\/wp-json\/wp\/v2\/comments?post=9551"}],"wp:featuredmedia":[{"embeddable":true,"href":"https:\/\/www.pitturiamo.shop\/fr\/wp-json\/wp\/v2\/media\/7599"}],"wp:attachment":[{"href":"https:\/\/www.pitturiamo.shop\/fr\/wp-json\/wp\/v2\/media?parent=9551"}],"wp:term":[{"taxonomy":"product_brand","embeddable":true,"href":"https:\/\/www.pitturiamo.shop\/fr\/wp-json\/wp\/v2\/product_brand?post=9551"},{"taxonomy":"product_cat","embeddable":true,"href":"https:\/\/www.pitturiamo.shop\/fr\/wp-json\/wp\/v2\/product_cat?post=9551"},{"taxonomy":"product_tag","embeddable":true,"href":"https:\/\/www.pitturiamo.shop\/fr\/wp-json\/wp\/v2\/product_tag?post=9551"}],"curies":[{"name":"wp","href":"https:\/\/api.w.org\/{rel}","templated":true}]}}