{"id":9533,"date":"2020-05-11T13:47:10","date_gmt":"2020-05-11T13:47:10","guid":{"rendered":"https:\/\/www.pitturiamo.shop\/promozione-artista\/non class\u00e9\/assistance-technique-au-site-web-de-lartiste\/"},"modified":"2020-05-11T13:47:10","modified_gmt":"2020-05-11T11:47:10","slug":"assistance-technique-au-site-web-de-lartiste","status":"publish","type":"product","link":"https:\/\/www.pitturiamo.shop\/fr\/promozione-artista\/internet\/assistance-technique-au-site-web-de-lartiste\/","title":{"rendered":"Assistance technique au site web de l\u2019artiste"},"content":{"rendered":"<h2>Assistance technique au site web de l\u2019artiste &#8211; Articles<\/h2>\n<p>Si <strong>vous avez des difficult\u00e9s \u00e0 g\u00e9rer le site web de votre artiste cr\u00e9\u00e9 avec PitturiAmo<\/strong> ou si vous souhaitez apporter des modifications techniques, vous pouvez compter sur le support technique de PitturiAmo.<\/p>\n<p>Vous pouvez acheter une seule intervention, qui vous donne droit \u00e0 une <strong>assistance maximale d\u2019une heure<\/strong> , ou \u00e0 un <strong>abonnement annuel,<\/strong> beaucoup moins cher :<\/p>\n<ul>\n<li><strong>Intervention unique<\/strong> \u2013 80,00\u20ac (TVA comprise). Pour <strong>une intervention unique<\/strong> pouvant durer<strong> jusqu\u2019\u00e0 1 heure ou une fraction d\u2019heure<\/strong>. Vous pouvez acheter ce service \u00e0 chaque fois que vous souhaitez modifier votre site artiste. Si n\u00e9cessaire, vous pouvez acheter le m\u00eame service plusieurs fois (pour des interventions particuli\u00e8rement complexes).   <\/li>\n<li><strong>Pass annuel<\/strong> &#8211; 400,00 \u20ac (TVA comprise) r\u00e9duite de 50 %. Pour <strong>les interventions r\u00e9p\u00e9t\u00e9es<\/strong> d\u2019une dur\u00e9e totale maximale de <strong>10 heures cumul\u00e9es <\/strong><b>, <\/b>c\u2019est-\u00e0-dire que les fractions d\u2019heure ne sont pas calcul\u00e9es mais le nombre r\u00e9el de minutes travaill\u00e9es (<strong>total 600 minutes<\/strong>). Toute heure suppl\u00e9mentaire devra \u00eatre achet\u00e9e en plus. L\u2019artiste est constamment inform\u00e9 du nombre d\u2019heures consomm\u00e9es et donc des heures restantes.   <\/li>\n<\/ul>\n<p>Les interventions que vous pouvez demander concernent l\u2019insertion ou la mise \u00e0 jour de :<\/p>\n<ul>\n<li><strong>fonctionne<\/strong> avec des sp\u00e9cifications de d\u00e9tail ;<\/li>\n<li><strong>des pages<\/strong> telles que biographie, CV, critique, actualit\u00e9s, etc. ;<\/li>\n<li><strong>des vid\u00e9os<\/strong> qui doivent d\u00e9j\u00e0 \u00eatre publi\u00e9es sur YouTube ;<\/li>\n<li><strong>donn\u00e9es personnelles et de contact<\/strong> pour les demandes d\u2019information ;<\/li>\n<li>v\u00e9rification technique g\u00e9n\u00e9rale du fonctionnement ;<\/li>\n<li><strong>changer les couleurs et les polices du site<\/strong> ;<\/li>\n<li><strong>l\u2019optimisation des \u0153uvres<\/strong> avec des programmes de retouche photo ;<\/li>\n<li><strong>conseils techniques<\/strong> et suggestions de notre \u00e9quipe sur la meilleure fa\u00e7on d\u2019utiliser votre site web d\u2019artiste ;<\/li>\n<li>Probl\u00e8mes avec <strong>l\u2019email<\/strong> associ\u00e9 au site web.<\/li>\n<\/ul>\n<p>&nbsp;<\/p>\n<p>Nota : Le montage vid\u00e9o est un service suppl\u00e9mentaire que vous pouvez demander ici \u2014&gt; <a href=\"https:\/\/www.pitturiamo.shop\/fr\/promozione-artista\/internet\/creation-de-videos-artistiques\/\">Artist Videos<\/a><\/p>\n<p>&nbsp;<\/p>\n<p>Achetez le service, puis envoyez un e-mail \u00e0 redazione@pitturiamo.eu pour accepter vos demandes.<\/p>\n","protected":false},"excerpt":{"rendered":"<h2>Souhaitez-vous apporter des modifications techniques \u00e0 votre<strong> site web d\u2019artiste<\/strong> ? Avez-vous du mal \u00e0 g\u00e9rer cela ? <\/h2>\n<p>Achetez un support technique : envoyez-nous les changements que vous souhaitez voir sur votre site d\u2019artiste et&#8230; nous, chez PitturiAmo, nous occuperons du reste.<\/p>\n","protected":false},"featured_media":7593,"comment_status":"open","ping_status":"closed","template":"","meta":[],"product_brand":[],"product_cat":[132],"product_tag":[128,127],"class_list":{"0":"post-9533","1":"product","2":"type-product","3":"status-publish","4":"has-post-thumbnail","6":"product_cat-internet","7":"product_tag-pitturiamo","8":"product_tag-promotion-des-artistes","10":"first","11":"instock","12":"featured","13":"sold-individually","14":"purchasable","15":"product-type-variable"},"_links":{"self":[{"href":"https:\/\/www.pitturiamo.shop\/fr\/wp-json\/wp\/v2\/product\/9533","targetHints":{"allow":["GET"]}}],"collection":[{"href":"https:\/\/www.pitturiamo.shop\/fr\/wp-json\/wp\/v2\/product"}],"about":[{"href":"https:\/\/www.pitturiamo.shop\/fr\/wp-json\/wp\/v2\/types\/product"}],"replies":[{"embeddable":true,"href":"https:\/\/www.pitturiamo.shop\/fr\/wp-json\/wp\/v2\/comments?post=9533"}],"wp:featuredmedia":[{"embeddable":true,"href":"https:\/\/www.pitturiamo.shop\/fr\/wp-json\/wp\/v2\/media\/7593"}],"wp:attachment":[{"href":"https:\/\/www.pitturiamo.shop\/fr\/wp-json\/wp\/v2\/media?parent=9533"}],"wp:term":[{"taxonomy":"product_brand","embeddable":true,"href":"https:\/\/www.pitturiamo.shop\/fr\/wp-json\/wp\/v2\/product_brand?post=9533"},{"taxonomy":"product_cat","embeddable":true,"href":"https:\/\/www.pitturiamo.shop\/fr\/wp-json\/wp\/v2\/product_cat?post=9533"},{"taxonomy":"product_tag","embeddable":true,"href":"https:\/\/www.pitturiamo.shop\/fr\/wp-json\/wp\/v2\/product_tag?post=9533"}],"curies":[{"name":"wp","href":"https:\/\/api.w.org\/{rel}","templated":true}]}}