{"id":9511,"date":"2020-01-28T10:54:47","date_gmt":"2020-01-28T10:54:47","guid":{"rendered":"https:\/\/www.pitturiamo.shop\/promozione-artista\/non class\u00e9\/critique-de-votre-art\/"},"modified":"2020-01-28T10:54:47","modified_gmt":"2020-01-28T09:54:47","slug":"critique-de-votre-art","status":"publish","type":"product","link":"https:\/\/www.pitturiamo.shop\/fr\/promozione-artista\/expositions-foires-evenements\/critique-de-votre-art\/","title":{"rendered":"Critique de votre art"},"content":{"rendered":"<h2><strong>Voici comment obtenir une critique objective et pr\u00e9cieuse de votre art<\/strong><\/h2>\n<p>Une reconnaissance, d\u2019une valeur certaine, \u00e0 travers la cr\u00e9ation d\u2019une <strong>Critique de votre art <\/strong>par les critiques de PitturiAmo <\/p>\n<p>La Critique vise \u00e0<strong> offrir une interpr\u00e9tation professionnelle<\/strong>, permettant \u00e0 votre public de mieux comprendre et interpr\u00e9ter vos \u0153uvres. Avec la critique de votre art publi\u00e9e par PitturiAmo (le r\u00e9seau le plus important d\u00e9di\u00e9 aux artistes contemporains sur le web italien), vous pourrez enfin vendre vos \u0153uvres plus facilement. Si vous \u00eates particuli\u00e8rement dou\u00e9, vous pourriez faire une profession artistique et en vivre (c\u2019est un r\u00eave qui unit de nombreux artistes, mais ce n\u2019est pas impossible).  <\/p>\n<h2>Notre proposition :<\/h2>\n<h3>1. La br\u00e8ve critique<\/h3>\n<ul>\n<li>Une<strong> \u00e9valuation de votre art<\/strong> par les critiques de PitturiAmo, via un appel t\u00e9l\u00e9phonique direct que vous recevrez dans les prochains jours. <em>Vous pourrez ainsi vous comparer \u00e0 un v\u00e9ritable expert en art<\/em> ;<\/li>\n<li>Un <strong>texte critique d\u2019un quart de page<\/strong>, \u00e9quivalant \u00e0 environ 900 caract\u00e8res (15 lignes de 60 caract\u00e8res chacune). <em>Ainsi, vous pourrez d\u00e9montrer vos v\u00e9ritables talents artistiques au public<\/em> ;<\/li>\n<li>Mise en page au <strong>format PDF A4<\/strong> en haute r\u00e9solution avec des graphismes professionnels et personnalis\u00e9s. <em>Vous pouvez donc facilement l\u2019imprimer et l\u2019utiliser pour la diffusion lors de vos \u00e9v\u00e9nements en direct<\/em>.<\/li>\n<\/ul>\n<p><strong>Ou&#8230;<\/strong><\/p>\n<h3>2. La critique standard<\/h3>\n<ul>\n<li>Une<strong> \u00e9valuation de votre art<\/strong> par les critiques de PitturiAmo, via un appel t\u00e9l\u00e9phonique direct que vous recevrez dans les prochains jours. <em>Vous pourrez ainsi vous comparer \u00e0 un v\u00e9ritable expert en art<\/em> ;<\/li>\n<li>Un<strong> texte critique d\u2019une demi-page<\/strong>, \u00e9quivalant \u00e0 environ 1 800 caract\u00e8res (30 lignes de 60 caract\u00e8res chacune). <em>Ainsi, vous pourrez d\u00e9montrer vos v\u00e9ritables talents artistiques au public<\/em> ;<\/li>\n<li>Mise en page au <strong>format PDF A4<\/strong> en haute r\u00e9solution avec des graphismes professionnels et personnalis\u00e9s. <em>Vous pouvez donc facilement l\u2019imprimer et l\u2019utiliser pour la diffusion lors de vos \u00e9v\u00e9nements en direct<\/em>.<\/li>\n<\/ul>\n<p><strong>Ou m\u00eame&#8230;<\/strong><\/p>\n<h3>3. La critique avanc\u00e9e<\/h3>\n<ul>\n<li>Une<strong> \u00e9valuation de votre art<\/strong> par les critiques de PitturiAmo, via un appel t\u00e9l\u00e9phonique direct que vous recevrez dans les prochains jours. <em>Vous pourrez ainsi vous comparer \u00e0 un v\u00e9ritable expert en art<\/em> ;<\/li>\n<li>Un <strong>texte critique d\u2019une page<\/strong>, \u00e9quivalant \u00e0 environ 3 600 caract\u00e8res (60 lignes de 60 caract\u00e8res chacune). <em>Ainsi, vous pourrez d\u00e9montrer vos v\u00e9ritables talents artistiques au public<\/em> ;<\/li>\n<li>Mise en page au <strong>format PDF A4<\/strong> en haute r\u00e9solution avec des graphismes professionnels et personnalis\u00e9s. <em>Vous pouvez donc facilement l\u2019imprimer et l\u2019utiliser pour la diffusion lors de vos \u00e9v\u00e9nements en direct<\/em>.<\/li>\n<\/ul>\n<p>Consid\u00e9rez que le co\u00fbt de cr\u00e9ation de la critique de votre art est vraiment faible, surtout compar\u00e9 au retour qu\u2019elle peut potentiellement vous apporter en termes de visibilit\u00e9 et d\u2019appr\u00e9ciation.<\/p>\n","protected":false},"excerpt":{"rendered":"<p>Vous cr\u00e9ez des \u0153uvres d\u2019art depuis de nombreuses ann\u00e9es maintenant, mais vous n\u2019\u00eates pas satisfait des retours re\u00e7us ?<\/p>\n<p>Aimeriez-vous \u00eatre accept\u00e9 dans le cercle qui compte, au moins, comme valoris\u00e9 ?<\/p>\n<p><strong>Demandez d\u00e8s maintenant la critique de votre art !<\/strong><\/p>\n","protected":false},"featured_media":7598,"comment_status":"open","ping_status":"closed","template":"","meta":[],"product_brand":[],"product_cat":[148],"product_tag":[],"class_list":{"0":"post-9511","1":"product","2":"type-product","3":"status-publish","4":"has-post-thumbnail","6":"product_cat-expositions-foires-evenements","8":"first","9":"instock","10":"sale","11":"purchasable","12":"product-type-variable"},"_links":{"self":[{"href":"https:\/\/www.pitturiamo.shop\/fr\/wp-json\/wp\/v2\/product\/9511","targetHints":{"allow":["GET"]}}],"collection":[{"href":"https:\/\/www.pitturiamo.shop\/fr\/wp-json\/wp\/v2\/product"}],"about":[{"href":"https:\/\/www.pitturiamo.shop\/fr\/wp-json\/wp\/v2\/types\/product"}],"replies":[{"embeddable":true,"href":"https:\/\/www.pitturiamo.shop\/fr\/wp-json\/wp\/v2\/comments?post=9511"}],"wp:featuredmedia":[{"embeddable":true,"href":"https:\/\/www.pitturiamo.shop\/fr\/wp-json\/wp\/v2\/media\/7598"}],"wp:attachment":[{"href":"https:\/\/www.pitturiamo.shop\/fr\/wp-json\/wp\/v2\/media?parent=9511"}],"wp:term":[{"taxonomy":"product_brand","embeddable":true,"href":"https:\/\/www.pitturiamo.shop\/fr\/wp-json\/wp\/v2\/product_brand?post=9511"},{"taxonomy":"product_cat","embeddable":true,"href":"https:\/\/www.pitturiamo.shop\/fr\/wp-json\/wp\/v2\/product_cat?post=9511"},{"taxonomy":"product_tag","embeddable":true,"href":"https:\/\/www.pitturiamo.shop\/fr\/wp-json\/wp\/v2\/product_tag?post=9511"}],"curies":[{"name":"wp","href":"https:\/\/api.w.org\/{rel}","templated":true}]}}