{"id":9482,"date":"2020-12-28T15:49:29","date_gmt":"2020-12-28T14:49:29","guid":{"rendered":"https:\/\/www.pitturiamo.shop\/promozione-artista\/non class\u00e9\/calendrier-des-artistes\/"},"modified":"2020-12-28T15:49:29","modified_gmt":"2020-12-28T14:49:29","slug":"calendrier-des-artistes","status":"publish","type":"product","link":"https:\/\/www.pitturiamo.shop\/fr\/promozione-artista\/expositions-foires-evenements\/calendrier-des-artistes\/","title":{"rendered":"Calendrier des artistes"},"content":{"rendered":"<h3 style=\"text-align: center;\"><strong>Activez 12 Tableaux en vedette <\/strong>et obtenez GRATUITEMENT : le <strong>calendrier personnalis\u00e9 de l\u2019artiste <\/strong><\/h3>\n<h4>C\u2019est pourquoi il est important d\u2019inclure les Peintures Mises en avant sur PitturiAmo<\/h4>\n<ol>\n<li>Chaque jour, environ <strong>3 000 amateurs d\u2019art visitent PitturiAmo<\/strong> \u00e0 la recherche de tableaux \u00e0 acheter ;<\/li>\n<li>Les Tableaux Vedettes b\u00e9n\u00e9ficient<strong> de plus de visibilit\u00e9<\/strong> que les plus de 181 000 tableaux expos\u00e9s gratuitement ;<\/li>\n<li>Le service Featured Paintings vous offre la possibilit\u00e9 d\u2019\u00eatre <strong>en t\u00eate de Google<\/strong> lorsqu\u2019un utilisateur recherche des artistes dans sa r\u00e9gion ou sa province ;<\/li>\n<li>Les peintures en vedette vous permettent de devenir un <strong>Artiste avec les \u00e9toiles<\/strong> et ainsi d\u2019avoir une plus grande visibilit\u00e9 et cr\u00e9dibilit\u00e9.<\/li>\n<\/ol>\n<p>Le service dure 2 mois (60 jours). Vous ne pouvez aussi ins\u00e9rer qu\u2019une seule peinture en vedette mais, si vous en publiez au moins 12, vous obtenez gratuitement le <strong>calendrier d\u2019artiste personnalis\u00e9 avec vos \u0153uvres<\/strong>. <\/p>\n<p>3 exemplaires GRATUITS \u00e0 votre porte, sans frais de port !<\/p>\n<hr>\n<h3>Voici ce qu\u2019il faut faire<\/h3>\n<ul>\n<li>Si ce n\u2019est pas d\u00e9j\u00e0 fait, rendez-vous sur <a href=\"https:\/\/www.pitturiamo.com\/it\/registrazione-pittore.html\">PitturiAmo<\/a> \u00e0 www.pitturiamo.com et <strong>inscrivez-vous GRATUITEMENT ;<\/strong><\/li>\n<li><strong>Saisissez toutes les informations<\/strong> \u00e0 votre sujet (adresse r\u00e9sidentielle, biographie, CV, critique, etc.) ;<\/li>\n<li><strong>Publiez<\/strong> autant de peintures que vous voulez GRATUITEMENT (certains artistes en ont publi\u00e9 plusieurs centaines) ;<\/li>\n<li>Choisissez gratuitement au moins 12 tableaux parmi ceux que vous avez inscrits et activez le service<strong> Peintures en vedette <\/strong>(ATTENTION : c\u2019est un service payant au co\u00fbt <strong>de 108,00 \u20ac<\/strong>) ;<\/li>\n<li>C\u2019est tout. L\u2019\u00e9quipe \u00e9ditoriale de PitturiAmo cr\u00e9era le calendrier des artistes pour vous et vous enverra <strong>3 exemplaires gratuitement<\/strong> \u00e0 votre domicile. Des copies suppl\u00e9mentaires peuvent \u00eatre demand\u00e9es.  <\/li>\n<\/ul>\n<p><strong><a href=\"https:\/\/www.pitturiamo.eu\/wp-content\/uploads\/Calendario-2023-PitturiAmo-Alys-MelCon-WEB.pdf\">Voyez un exemple<\/a> <\/strong>de la fa\u00e7on dont le calendrier sera r\u00e9alis\u00e9 avec votre \u0153uvre.<\/p>\n<hr>\n<p><strong>P.S. : <\/strong><em>C\u2019est une excellente occasion de recevoir un cadeau pr\u00e9cieux avec lequel vous pouvez promouvoir votre art. Ne manquez pas votre chance d\u2019\u00eatre en t\u00eate de Google et d\u2019obtenir votre calendrier d\u2019artiste personnalis\u00e9 GRATUITEMENT.<\/em><\/p>\n","protected":false},"excerpt":{"rendered":"<p><strong>Faire du marketing avec votre art !<\/strong><\/p>\n<p>Publiez <strong>12 tableaux vedettes<\/strong> et offrez <strong>votre calendrier<\/strong><\/p>\n<p>d\u2019artiste en cadeau. Un outil utile pour enrichir la d\u00e9coration de votre maison ou faire conna\u00eetre votre art sur votre territoire.<\/p>\n","protected":false},"featured_media":7596,"comment_status":"open","ping_status":"closed","template":"","meta":[],"product_brand":[],"product_cat":[148],"product_tag":[],"class_list":{"0":"post-9482","1":"product","2":"type-product","3":"status-publish","4":"has-post-thumbnail","6":"product_cat-expositions-foires-evenements","8":"first","9":"instock","10":"sale","11":"purchasable","12":"product-type-simple"},"_links":{"self":[{"href":"https:\/\/www.pitturiamo.shop\/fr\/wp-json\/wp\/v2\/product\/9482","targetHints":{"allow":["GET"]}}],"collection":[{"href":"https:\/\/www.pitturiamo.shop\/fr\/wp-json\/wp\/v2\/product"}],"about":[{"href":"https:\/\/www.pitturiamo.shop\/fr\/wp-json\/wp\/v2\/types\/product"}],"replies":[{"embeddable":true,"href":"https:\/\/www.pitturiamo.shop\/fr\/wp-json\/wp\/v2\/comments?post=9482"}],"wp:featuredmedia":[{"embeddable":true,"href":"https:\/\/www.pitturiamo.shop\/fr\/wp-json\/wp\/v2\/media\/7596"}],"wp:attachment":[{"href":"https:\/\/www.pitturiamo.shop\/fr\/wp-json\/wp\/v2\/media?parent=9482"}],"wp:term":[{"taxonomy":"product_brand","embeddable":true,"href":"https:\/\/www.pitturiamo.shop\/fr\/wp-json\/wp\/v2\/product_brand?post=9482"},{"taxonomy":"product_cat","embeddable":true,"href":"https:\/\/www.pitturiamo.shop\/fr\/wp-json\/wp\/v2\/product_cat?post=9482"},{"taxonomy":"product_tag","embeddable":true,"href":"https:\/\/www.pitturiamo.shop\/fr\/wp-json\/wp\/v2\/product_tag?post=9482"}],"curies":[{"name":"wp","href":"https:\/\/api.w.org\/{rel}","templated":true}]}}