{"id":9475,"date":"2023-01-19T18:12:45","date_gmt":"2023-01-19T17:12:45","guid":{"rendered":"https:\/\/www.pitturiamo.shop\/promozione-artista\/non class\u00e9\/artiste-social\/"},"modified":"2023-01-19T18:12:45","modified_gmt":"2023-01-19T17:12:45","slug":"artiste-social","status":"publish","type":"product","link":"https:\/\/www.pitturiamo.shop\/fr\/promozione-artista\/internet\/artiste-social\/","title":{"rendered":"Artiste social"},"content":{"rendered":"<p style=\"text-align: left;\">Si les <strong>vues<\/strong> de vos profils sociaux sont faibles ou si vous ne savez m\u00eame pas comment cr\u00e9er le bon contenu, ce que vous publierez sera vain car il ne sera pas<strong> pr\u00e9sent\u00e9 de la bonne<\/strong> mani\u00e8re et vendre ou vous faire conna\u00eetre sera certainement plus difficile.<\/p>\n<p style=\"text-align: left;\">Nous construirons vos profils (<strong>Facebook et<\/strong> <strong>Instagram<\/strong>) autour de votre image d\u2019artiste et pr\u00e9senterons votre production artistique de la meilleure mani\u00e8re, afin que vos abonn\u00e9s (abonn\u00e9s) et vos vues augmentent, vous permettant ainsi <strong>d\u2019avoir plus de popularit\u00e9<\/strong> et de meilleures chances de vente.<\/p>\n<p style=\"text-align: left;\">Aujourd\u2019hui, il est essentiel d\u2019avoir une <strong>pr\u00e9sence constante et organis\u00e9e<\/strong> sur les principaux r\u00e9seaux sociaux.<\/p>\n<p style=\"text-align: left;\">Promouvoir vos \u0153uvres sur <strong>Facebook<\/strong>, <strong>Instagram<\/strong> et d\u2019autres r\u00e9seaux sociaux vous aide \u00e0 renforcer votre pr\u00e9sence sur le web, afin de vous faire mieux conna\u00eetre et appr\u00e9cier en tant qu\u2019artiste.<\/p>\n<p style=\"text-align: left;\">Avec un <strong>abonnement annuel bon march\u00e9<\/strong> , vous pouvez dormir tranquille, en sachant que votre image d\u2019artiste est confi\u00e9e \u00e0 une \u00e9quipe de professionnels qui s\u2019occuperont de tout.<\/p>\n<p style=\"text-align: left;\"><strong>Vous pouvez donc vous consacrer uniquement \u00e0 ce que vous aimez le plus et que vous savez faire de mieux : cr\u00e9er votre propre art !<\/strong><\/p>\n<h2>Nous allons construire votre image<strong> d\u2019artiste social en<\/strong> <strong style=\"font-size: 1em;\">3<\/strong> \u00e9tapes simples :<\/h2>\n<p><span style=\"font-size: 2em; color: #9e2362;\">1<\/span> Avec Artista Social, vous obtenez plus de visibilit\u00e9 sur <strong>Facebook<\/strong> et <strong>Instagram<\/strong> gr\u00e2ce \u00e0 des publications d\u00e9di\u00e9es et diff\u00e9renci\u00e9es pour chaque page et \u00e0 la cr\u00e9ation de contenus pour <strong>les stories<\/strong>. Vos publications seront ensuite repartag\u00e9es sur les r\u00e9seaux <strong>sociaux de PitturiAmo<\/strong>, qui comptent des milliers de fans actifs.<\/p>\n<p><span style=\"font-size: 2em; color: #9e2362;\">2<\/span> Nous nous occuperons de <strong>retravailler les images et vid\u00e9os<\/strong> que vous nous fournirez, afin de cr\u00e9er une communication s\u00e9rieuse et captivante. Toutes les publications suivront un <strong>plan \u00e9ditorial<\/strong> pr\u00e9cis sur lequel nous nous mettrons d\u2019accord et, tous les 3 mois, vous recevrez un rapport exhaustif sur l\u2019avancement des communications. <\/p>\n<p><span style=\"font-size: 2em; color: #9e2362;\">3<\/span> Nous utiliserons les cha\u00eenes de PitturiAmo (qui comptent d\u00e9j\u00e0 plusieurs <strong>dizaines de milliers<\/strong> de fans) pour <strong>\u00e9largir davantage vos communications<\/strong>. L\u2019objectif sera <strong>d\u2019augmenter<\/strong> progressivement votre <strong>base de fans<\/strong> pour que les gens parlent constamment de vous et de votre art. <\/p>\n<div align=\"center\">\n<p><span style=\"font-size: 2em; color: #9e2362;\">GRATUIT<\/span><\/p>\n<\/div>\n<p>Et si vous d\u00e9cidez de payer la fiche <strong>Google My<\/strong> Business en cadeau en une seule fois.<br \/>\nUn outil fondamental pour certifier votre pr\u00e9sence sur <strong>Google<\/strong> pour des recherches sp\u00e9cifiques avec votre <strong>pr\u00e9nom et votre nom de famille. <\/strong>Un <strong>cadeau<\/strong> d\u2019une valeur \u00e9conomique de <strong>150,00 \u20ac<\/strong>.<\/p>\n","protected":false},"excerpt":{"rendered":"<p style=\"text-align: left;\"><strong>Il est devenu un artiste reconnu et appr\u00e9ci\u00e9 sur les principaux r\u00e9seaux sociaux.<\/strong><br \/>\nArtista Social est la solution pour <strong>utiliser professionnellement<\/strong> les r\u00e9seaux sociaux et acqu\u00e9rir de nouveaux contacts afin de promouvoir votre art et vendre vos peintures. Sans se laisser aller \u00e0 la folie pour cr\u00e9er du contenu nouveau et original. <\/p>\n","protected":false},"featured_media":7979,"comment_status":"closed","ping_status":"closed","template":"","meta":[],"product_brand":[],"product_cat":[132],"product_tag":[],"class_list":{"0":"post-9475","1":"product","2":"type-product","3":"status-publish","4":"has-post-thumbnail","6":"product_cat-internet","8":"first","9":"instock","10":"sold-individually","11":"purchasable","12":"product-type-variable"},"_links":{"self":[{"href":"https:\/\/www.pitturiamo.shop\/fr\/wp-json\/wp\/v2\/product\/9475","targetHints":{"allow":["GET"]}}],"collection":[{"href":"https:\/\/www.pitturiamo.shop\/fr\/wp-json\/wp\/v2\/product"}],"about":[{"href":"https:\/\/www.pitturiamo.shop\/fr\/wp-json\/wp\/v2\/types\/product"}],"replies":[{"embeddable":true,"href":"https:\/\/www.pitturiamo.shop\/fr\/wp-json\/wp\/v2\/comments?post=9475"}],"wp:featuredmedia":[{"embeddable":true,"href":"https:\/\/www.pitturiamo.shop\/fr\/wp-json\/wp\/v2\/media\/7979"}],"wp:attachment":[{"href":"https:\/\/www.pitturiamo.shop\/fr\/wp-json\/wp\/v2\/media?parent=9475"}],"wp:term":[{"taxonomy":"product_brand","embeddable":true,"href":"https:\/\/www.pitturiamo.shop\/fr\/wp-json\/wp\/v2\/product_brand?post=9475"},{"taxonomy":"product_cat","embeddable":true,"href":"https:\/\/www.pitturiamo.shop\/fr\/wp-json\/wp\/v2\/product_cat?post=9475"},{"taxonomy":"product_tag","embeddable":true,"href":"https:\/\/www.pitturiamo.shop\/fr\/wp-json\/wp\/v2\/product_tag?post=9475"}],"curies":[{"name":"wp","href":"https:\/\/api.w.org\/{rel}","templated":true}]}}