{"id":9152,"date":"2017-10-31T16:46:36","date_gmt":"2017-10-31T16:46:36","guid":{"rendered":"https:\/\/www.pitturiamo.shop\/promozione-artista\/non class\u00e9\/site-web-de-lartiste\/"},"modified":"2017-10-31T16:46:36","modified_gmt":"2017-10-31T15:46:36","slug":"site-web-de-lartiste","status":"publish","type":"product","link":"https:\/\/www.pitturiamo.shop\/fr\/promozione-artista\/internet\/site-web-de-lartiste\/","title":{"rendered":"Site web de l\u2019artiste"},"content":{"rendered":"<h4 style=\"text-align: center;\">Nous voulons envahir le web avec de l\u2019art. Tu es l\u00e0 ? <\/h4>\n<h3 style=\"text-align: center;\"><strong>Votre site d\u2019artiste, pr\u00e8s de PitturiAmo<\/strong><\/h3>\n<p style=\"text-align: center;\"><em>La force de PitturiAmo \u00e0 votre service. Faites la promotion de votre art avec un site enti\u00e8rement d\u00e9di\u00e9 \u00e0 vous, constamment accessible, en contact \u00e9troit avec les canaux web de PitturiAmo, pour exploiter toute sa puissance. <\/em><\/p>\n<p>Les webmasters et graphistes de PitturiAmo, avec plus de 20 ans d\u2019exp\u00e9rience en marketing web, cr\u00e9ent votre  <strong>Site web d\u2019artiste personnalis\u00e9  <\/strong>\u00e0 un prix extr\u00eamement avantageux.<\/p>\n<h2><strong>Vous souhaitez voir quelques exemples sur notre site web d\u2019artistes ?<\/strong><\/h2>\n<ol>\n<li style=\"list-style-type: none;\">\n<ol>\n<li style=\"list-style-type: none;\">\n<ol>\n<li style=\"list-style-type: none;\">\n<ol>\n<li style=\"list-style-type: none;\">\n<ol>\n<li style=\"list-style-type: none;\">\n<ol>\n<li style=\"list-style-type: none;\">\n<ol>\n<li style=\"list-style-type: none;\">\n<ol>\n<li><a title=\"Alys Melcon - Artiste num\u00e9rique moderne\" href=\"https:\/\/www.alysmelcon.com\/\" target=\"_blank\" rel=\"noopener noreferrer\">le site web d\u2019Alys Melcon<\/a> ;<\/li>\n<li>Voir <a title=\"Voir le site d\u2019Ilaria Vanni\" href=\"https:\/\/www.ilariavanni.it\/\" target=\"_blank\" rel=\"noopener noreferrer\">le site d\u2019Ilaria Vanni<\/a> ;<\/li>\n<li><a title=\"Anna Carignani - Visitez son site artistique\" href=\"https:\/\/www.annacarignani.it\/\" target=\"_blank\" rel=\"noopener noreferrer\">Le site d\u2019art d\u2019Anna Carignani<\/a> est en ligne ;<\/li>\n<li>Rendez-vous <a title=\"Carla Thaler Sabaini se promeut avec un site web d\u2019artiste\" href=\"https:\/\/www.carlathaler.it\/\" target=\"_blank\" rel=\"noopener noreferrer\">sur le site web de Carla Thaler Sabaini<\/a> ;<\/li>\n<li>Visitez <a title=\"Pasquale Iannelli - Visitez son site artistique\" href=\"https:\/\/www.pasqualeiannelli.com\/\" target=\"_blank\" rel=\"noopener noreferrer\">le site web de Pasquale Iannelli<\/a> ;<\/li>\n<li>Voir le <a title=\"Anna Copponi - Visitez son site web d\u2019art\" href=\"https:\/\/www.annellacopponiart.it\/\" target=\"_blank\" rel=\"noopener noreferrer\">site web de l\u2019artiste Anna Copponi<\/a> ;<\/li>\n<li><a title=\"Carolina Moretti - Visitez son site artistique\" href=\"https:\/\/www.carolinamoretti.it\/\" target=\"_blank\" rel=\"noopener noreferrer\">Le site web de Carolina Moretti<\/a> est en ligne ;<\/li>\n<li>Consultez <a title=\"Voir le site web d\u2019Amelia Romeo\" href=\"https:\/\/www.ameliaggromeo.it\" target=\"_blank\" rel=\"noopener noreferrer\">le site d\u2019Amelia Romeo<\/a> ;<\/li>\n<li><a title=\"Rosalind Keith - Visitez son site web d\u2019art\" href=\"https:\/\/www.rosalindkeith.com\/\" target=\"_blank\" rel=\"noopener noreferrer\">Le site web de Rosalind Keith<\/a> est en ligne ;<\/li>\n<li>D\u00e9couvrez le <a title=\"Daniela Danova - Voir le site web de la peintre\" href=\"https:\/\/www.danieladanova.it\/\" target=\"_blank\" rel=\"noopener noreferrer\">site web de Daniela Danova<\/a> ;<\/li>\n<li>Consultez le <a title=\"Voir le site web de Luigi Martina\" href=\"https:\/\/www.martidesignarte.com\/\" target=\"_blank\" rel=\"noopener noreferrer\">site web de l\u2019artiste Luigi Martina<\/a> ;<\/li>\n<li>Le <a title=\"Vittorio Vallarin, alias Cusin - Visitez son site artistique\" href=\"https:\/\/www.vittoriovallarincusin.it\/\" target=\"_blank\" rel=\"noopener noreferrer\">site artistique de Vittorio Vallarin, alias Cusin,<\/a> est en ligne ;<\/li>\n<li><a title=\"Silvana Guerrieri - Voir son site artistique\" href=\"https:\/\/www.silvanaguerrieri.it\/\" target=\"_blank\" rel=\"noopener noreferrer\">Visitez le nouveau site web de Silvana Guerrieri<\/a> ;<\/li>\n<li>Consultez le <a title=\"Alfredo Troilo - Visitez son site artistique\" href=\"http:\/\/www.alfredotroilo.it\/\" target=\"_blank\" rel=\"noopener noreferrer\">site web de l\u2019artiste Alfredo Troilo<\/a> ;<\/li>\n<li>Consultez <a title=\"Voir le site web de l\u2019artiste Claudia Adriana Martinetti\" href=\"https:\/\/www.lallamarti.it\/\" target=\"_blank\" rel=\"noopener noreferrer\">en ligne le site d\u2019art de Claudia Martinetti<\/a> ;<\/li>\n<li>D\u00e9couvrez <a title=\"Voir le site web de l\u2019artiste Franco Garuti\" href=\"https:\/\/www.francogaruti.it\/\" target=\"_blank\" rel=\"noopener noreferrer\">le site d\u2019artiste de Franco Garuti<\/a> ;<\/li>\n<li>Visitez le site web de <a title=\"Voir le site web de l\u2019artiste Danila Mancuso\" href=\"https:\/\/www.mancusodanila.it\/\" target=\"_blank\" rel=\"noopener\">l\u2019artiste contemporaine Danila Mancuso<\/a> ;<\/li>\n<li>Voir le <a title=\"Voir le site web de la peintre Flavia Piccolo\" href=\"http:\/\/www.flaviapiccolo.it\/\" target=\"_blank\" rel=\"noopener noreferrer\">site web de la peintre Flavia Piccolo<\/a> ;<\/li>\n<li><a title=\"Voir le site web de l\u2019artiste contemporain Vito Spada\" href=\"http:\/\/www.vitospada.it\/\" target=\"_blank\" rel=\"noopener noreferrer\">L\u2019artiste contemporain Vito Spada<\/a> &#8211; Voir son site personnel ;<\/li>\n<li>Consultez le site web de <a title=\"Mario Alberto Agugiaro - Voir le site web de cet artiste contemporain\" href=\"https:\/\/www.marioalbertoagugiaro.it\/%20target=\">l\u2019artiste Mario Alberto Agugiaro<\/a> ;<\/li>\n<li>Le site web du <a title=\"Rendez-vous sur le site de l\u2019artiste Roberto Russo\" href=\"https:\/\/www.robertorusso.biz\/\" target=\"_blank\" rel=\"noopener\">peintre Roberto Russo<\/a> ;<\/li>\n<li><a title=\"Massimo Ricc\u00f2 - Voir son site artistique\" href=\"https:\/\/www.massimoricco.eu\/it\/\" target=\"_blank\" rel=\"noopener noreferrer\">Visitez le nouveau site web de Massimo Ricc\u00f2<\/a> ;<\/li>\n<li>Voir le <a title=\"Luisa Poggio - Visitez son site artistique\" href=\"https:\/\/www.luisapoggioartista.it\/\" target=\"_blank\" rel=\"noopener noreferrer\">site web de l\u2019artiste Luisa Poggio<\/a> ;<\/li>\n<li>Rendez-vous <a title=\"Gilberto Minella se promeut avec un site web d\u2019artiste\" href=\"https:\/\/www.gilbertominella.it\/\" target=\"_blank\" rel=\"noopener noreferrer\">sur le site web de Gilberto Minella<\/a> ;<\/li>\n<li>Voir le <a title=\"Paola Marchi - Visitez son site artistique\" href=\"https:\/\/www.paolamarchi.com\/\" target=\"_blank\" rel=\"noopener noreferrer\">site web de l\u2019artiste Paola Marchi<\/a> ;<\/li>\n<li><a title=\"Patrizio Arabito - Visitez son site web d\u2019art\" href=\"https:\/\/www.patrizioarabito.it\/\" target=\"_blank\" rel=\"noopener noreferrer\">Le site web de Patrizio Arabito<\/a> est en ligne ;<\/li>\n<li><a title=\"Voir le site web de l\u2019artiste contemporain Vito Spada\" href=\"https:\/\/www.paolocamporota.it\/\" target=\"_blank\" rel=\"noopener noreferrer\">L\u2019artiste contemporain Paolo Camporota<\/a> &#8211; Voir son site personnel ;<\/li>\n<li>Le <a title=\"Carolina Moretti - Visitez son site artistique\" href=\"https:\/\/www.editordreams.it\/\" target=\"_blank\" rel=\"noopener noreferrer\">site web de Giuseppe Grieco, alias EditorDreams,<\/a> est en ligne ;<\/li>\n<li><a title=\"Voir le site web d\u2019Amelia Romeo\" href=\"https:\/\/www.morimanuelita.it\/\" target=\"_blank\" rel=\"noopener noreferrer\">Voir le site web de Manuelita Mori<\/a> ;<\/li>\n<li>Visitez <a title=\"Massimo Ricc\u00f2 - Voir son site artistique\" href=\"https:\/\/www.palumbomarco.it\/\" target=\"_blank\" rel=\"noopener noreferrer\">le nouveau site web de Marco Palumbo<\/a> ;<\/li>\n<li>Regardez en ligne les \u0153uvres de <a title=\"Achetez les \u0153uvres de Maria Grazia Zohar chez Karstenegg (alias Zdkdesignart)\" href=\"https:\/\/www.mariagraziazohar.com\" target=\"_blank\" rel=\"noopener noreferrer\">l\u2019artiste Maria Grazia Zohar<\/a> ;<\/li>\n<li>Visitez la galerie en ligne de <a title=\"\"\" href=\"http:\/\/www.andreatorelliartecontemporanea.it\/\" target=\"_blank\" rel=\"noopener\">l\u2019artiste contemporaine Andrea Torelli<\/a> ;<\/li>\n<li>Visitez le site web de <a title=\"Visitez la galerie d\u2019art de l\u2019artiste contemporaine Lisa Argentati en ligne o\u00f9 elle expose ses \u0153uvres\" href=\"https:\/\/www.argentati.art\/\" target=\"_blank\" rel=\"noopener\">l\u2019artiste contemporaine Lisa Argentati<\/a> ;<\/li>\n<li>Consultez en ligne le site de <a title=\"\u00ab Visite\" href=\"https:\/\/www.ninoargentati.it\/opere\/paesaggio\/\" target=\"_blank\" rel=\"noopener\">l\u2019artiste contemporain Nino Argentati<\/a> ;<\/li>\n<li>Regardez en ligne les \u0153uvres de <a title=\"Visitez la galerie d\u2019art de l\u2019artiste contemporaine Elisa Fasile en ligne o\u00f9 elle expose ses \u0153uvres\" href=\"https:\/\/www.elisafasile.it\/\" target=\"_blank\" rel=\"noopener\">l\u2019artiste contemporaine Elisa Fasile<\/a> ;<\/li>\n<li>Visitez le site web de <a title=\"Visitez la galerie d\u2019art de l\u2019artiste contemporain Francesco Diana en ligne\" href=\"https:\/\/www.francescodiana.eu\/\" target=\"_blank\" rel=\"noopener noreferrer\">l\u2019artiste contemporain Francesco Diana<\/a> ;<\/li>\n<li>Regardez en ligne les \u0153uvres de <a title=\"Visitez la galerie d\u2019art de l\u2019artiste contemporaine Linda Nuzzi en ligne\" href=\"https:\/\/www.lindanuzzi.it\/\" target=\"_blank\" rel=\"noopener noreferrer\">l\u2019artiste contemporaine Linda Nuzzi<\/a>.<\/li>\n<li>Admirez les \u0153uvres de <a title=\"Visitez la galerie d\u2019art de l\u2019artiste contemporain Luca Ripamonti en ligne\" href=\"https:\/\/www.lucaripamonti.eu\" target=\"_blank\" rel=\"noopener noreferrer\">l\u2019artiste contemporain Luca Ripamonti<\/a> en ligne.<\/li>\n<li>Explorez en ligne les cr\u00e9ations de <a title=\"Visitez en ligne la galerie d\u2019art de l\u2019artiste contemporain Salvo Privitera\" href=\"https:\/\/www.salvoprivitera.it\" target=\"_blank\" rel=\"noopener noreferrer\">l\u2019artiste contemporain Salvo Privitera<\/a>.<\/li>\n<li>Consultez le site web de <a title=\"Visitez la galerie d\u2019art de l\u2019artiste contemporain Giorgio Roncon en ligne\" href=\"https:\/\/www.giorgioroncon.it\" target=\"_blank\" rel=\"noopener noreferrer\">l\u2019artiste contemporain Giorgio Roncon<\/a> et d\u00e9couvrez ses \u0153uvres.<\/li>\n<li>Les \u0153uvres du <a title=\"Visitez la galerie d\u2019art de l\u2019artiste contemporain Mario Fanconi en ligne\" href=\"https:\/\/www.mariofanconi.eu\" target=\"_blank\" rel=\"noopener noreferrer\">ma\u00eetre contemporain Mario Fanconi<\/a> peuvent \u00eatre consult\u00e9es sur la galerie en ligne.<\/li>\n<li>D\u00e9couvrez les \u0153uvres de <a title=\"Visitez la galerie d\u2019art de l\u2019artiste contemporain Inigo Arista en ligne\" href=\"https:\/\/www.inigoarista.eu\" target=\"_blank\" rel=\"noopener noreferrer\">l\u2019artiste contemporain \u00cd\u00f1igo Arista<\/a> sur son site web d\u2019artiste.<\/li>\n<li>Plongez dans l\u2019univers de <a title=\"Visitez la galerie d\u2019art de l\u2019artiste contemporaine Simone Bellucci en ligne\" href=\"https:\/\/www.simonebellucci.it\" target=\"_blank\" rel=\"noopener noreferrer\">l\u2019artiste contemporain Simone Bellucci<\/a> et d\u00e9couvrez son site web d\u00e9di\u00e9 \u00e0 l\u2019art.<\/li>\n<li>Explorez le site web de <a title=\"Visitez la galerie d\u2019art de l\u2019artiste contemporain Francesco Cassanelli en ligne\" href=\"https:\/\/www.francescocassanelli.it\" target=\"_blank\" rel=\"noopener noreferrer\">l\u2019artiste contemporain Francesco Cassanelli<\/a> pour en apprendre davantage sur son \u0153uvre.<\/li>\n<li>D\u00e9couvrez les cr\u00e9ations de <a title=\"Visitez la galerie d\u2019art de l\u2019artiste contemporain Juan Jos\u00e9 Rodriguez de Guzm\u00e1n Barba en ligne\" href=\"https:\/\/www.juandeguzman.art\/\" target=\"_blank\" rel=\"noopener noreferrer\">l\u2019artiste contemporain Juan Jos\u00e9 Rodriguez de Guzm\u00e1n Barba<\/a> en visitant son site personnel.<\/li>\n<li>Plongez dans les paysages \u00e9vocateurs de <a title=\"Visitez la galerie d\u2019art de l\u2019artiste contemporaine Lucia Dragani en ligne\" href=\"https:\/\/www.luciadragani.it\/\" target=\"_blank\" rel=\"noopener noreferrer\">l\u2019artiste contemporaine Lucia Dragani<\/a> en visitant son site web d\u2019artiste en ligne.<\/li>\n<li>Explorez la sensualit\u00e9 et la gr\u00e2ce des figures f\u00e9minines peintes par <a title=\"Visitez la galerie d\u2019art de l\u2019artiste contemporain Mauro Vaia en ligne\" href=\"https:\/\/www.maurovaia.it\" target=\"_blank\" rel=\"noopener\">l\u2019artiste contemporain Mauro Vaia<\/a> sur son site web d\u2019artiste.<\/li>\n<li>Plongez dans les \u00e9motions et les couleurs des \u0153uvres de <a title=\"Visitez la galerie d\u2019art contemporain Sonia Giordano Gasser en ligne\" href=\"https:\/\/www.soniagasser.eu\" target=\"_blank\" rel=\"noopener\">l\u2019artiste contemporaine Sonia Giordano Gasser<\/a> en explorant son site web.<\/li>\n<li>Admirez les \u0153uvres figuratives de <a title=\"Visitez la galerie d\u2019art contemporain Catherine Baylet en ligne\" href=\"https:\/\/www.catherinebaylet.eu\" target=\"_blank\" rel=\"noopener\">l\u2019artiste contemporaine Catherine Baylet<\/a> en visitant son site web d\u2019artiste en ligne.<\/li>\n<li>Visitez le site personnel de <a title=\"Visitez la galerie d\u2019art contemporain Leticia M\u00e9ndez Garc\u00eda en ligne\" href=\"https:\/\/www.leticiamendezgarcia.eu\" target=\"_blank\" rel=\"noopener\">l\u2019artiste contemporaine Leticia M\u00e9ndez Garc\u00eda<\/a> pour d\u00e9couvrir ses \u0153uvres.<\/li>\n<li>D\u00e9couvrez les expressions artistiques de <a title=\"Visitez la galerie d\u2019art contemporain Sieglinde Metzler en ligne\" href=\"https:\/\/www.sieglindemetzler.eu\" target=\"_blank\" rel=\"noopener\">l\u2019artiste contemporaine Sieglinde Metzler<\/a> en admirant son site d\u2019art en ligne.<\/li>\n<li>Visitez le site personnel de <a title=\"Visitez la galerie d\u2019art de l\u2019artiste contemporain Andreas Toto Tscherrig en ligne\" href=\"https:\/\/www.andretscherrig.eu\" target=\"_blank\" rel=\"noopener\">l\u2019artiste contemporain Andreas Toto Tscherrig<\/a> pour admirer ses \u0153uvres uniques.<\/li>\n<li>Admirez les hommages <a title=\"Visitez la galerie d\u2019art de l\u2019artiste contemporain Fabio Tolu en ligne\" href=\"https:\/\/www.fabiotolu.it\" target=\"_blank\" rel=\"noopener\">de l\u2019artiste contemporain Fabio Tolu<\/a> au Pop Art, entre culture de masse et cr\u00e9ativit\u00e9, en visitant son site d\u2019art en ligne.<\/li>\n<li>Explorez l\u2019impressionnisme semi-abstrait et r\u00e9aliste de <a title=\"Visitez la galerie d\u2019art de l\u2019artiste contemporain Francisco Javier Corral Guti\u00e9rrez en ligne\" href=\"https:\/\/www.frankorral.eu\" target=\"_blank\" rel=\"noopener\">l\u2019artiste contemporain Francisco Javier Corral Guti\u00e9rrez<\/a> sur son site d\u2019artiste.<\/li>\n<li>D\u00e9couvrez le monde artistique de <a title=\"Visitez la galerie d\u2019art de l\u2019artiste contemporaine Antonietta Di Secl\u00ec en ligne\" href=\"https:\/\/www.antoniettadisecli.it\" target=\"_blank\" rel=\"noopener\">l\u2019artiste contemporaine Antonietta Di Secl\u00ec <\/a>en visitant son site d\u2019art en ligne<\/li>\n<li>Visitez le site officiel de <a title=\"Visitez la galerie d\u2019art de l\u2019artiste contemporain Luigi Senia en ligne\" href=\"https:\/\/www.luigisenia.it\">l\u2019artiste contemporain Luigi Senia<\/a> , o\u00f9 la crise int\u00e9rieure devient une expression visuelle.<\/li>\n<li>Plongez-vous dans les atmosph\u00e8res m\u00e9taphores de <a title=\"Visitez la galerie d\u2019art de l\u2019artiste contemporain Stefano Corazziari en ligne\" href=\"https:\/\/www.stefanocorazziari.it\" target=\"_blank\" rel=\"noopener\">l\u2019artiste contemporain Stefano Corazziari <\/a>sur son site d\u2019art.<\/li>\n<li>Plongez dans les atmosph\u00e8res surr\u00e9alistes et color\u00e9es de <a title=\"Visitez la galerie d\u2019art de l\u2019artiste contemporain Dario Cardoni en ligne\" href=\"http:\/\/www.dariocardoni.eu\" target=\"_blank\" rel=\"noopener\">l\u2019artiste contemporain Dario Cardoni<\/a> en visitant son site web d\u2019artiste<\/li>\n<li>Plongez dans l\u2019art de <a title=\"Visitez la galerie d\u2019art de l\u2019artiste contemporaine Ursula Altenbach en ligne\" href=\"https:\/\/www.ursulaaltenbach.net\" target=\"_blank\" rel=\"noopener\">l\u2019artiste contemporaine Ursula Altenbach<\/a>, alias <a title=\"Biko : d\u00e9couvrez en ligne l\u2019artiste suisse Ursula Altenbach\" href=\"https:\/\/www.ursulaaltenbach.net\/ursula-altenbach-contemporary-artist\/\" target=\"_blank\" rel=\"noopener\">Biko<\/a>, en explorant son site web d\u2019artiste.<\/li>\n<li>Explorez le site de <a title=\"Visitez la galerie d\u2019art de l\u2019artiste contemporain Giuseppe Bevilacqua en ligne\" href=\"https:\/\/www.bevilacquagiuseppe.it\" target=\"_blank\" rel=\"noopener\">l\u2019artiste contemporain Giuseppe Bevilacqua<\/a> : o\u00f9 techniques anciennes et visions modernes fusionnent r\u00eave et r\u00e9alit\u00e9<\/li>\n<li>D\u00e9couvrez les diff\u00e9rentes techniques expressives de <a title=\"Visitez la galerie d\u2019art de l\u2019artiste contemporain Domenico Carraturo en ligne\" href=\"https:\/\/www.domenicocarraturo.it\" target=\"_blank\" rel=\"noopener\">l\u2019artiste contemporain Domenico Carraturo<\/a>, alias <a title=\"Domcarry_art : d\u00e9couvrez l\u2019artiste de Salerne Domenico Carraturo en ligne\" href=\"https:\/\/www.domenicocarraturo.it\/domenico-carraturo-artista-contemporaneo\/\" target=\"_blank\" rel=\"noopener\">Domcarry_art<\/a>, sur son site d\u2019art en ligne.<\/li>\n<li>Entrez sur le site officiel de <a title=\"Visitez la galerie d\u2019art de l\u2019artiste contemporain Fabrizio Cancelliere en ligne\" href=\"https:\/\/www.fabriziocancelliere.com\" target=\"_blank\" rel=\"noopener\">l\u2019artiste contemporain Fabrizio Cancelliere<\/a> et laissez-vous guider \u00e0 travers ses \u0153uvres, expositions et ateliers de peinture.<\/li>\n<li>Visitez le site officiel de <a title=\"Visitez en ligne la galerie d\u2019art de l\u2019artiste contemporaine Luana Bottallo, alias LuBi\" href=\"https:\/\/www.luanabottallo-lubi.com\/\" target=\"_blank\" rel=\"noopener\">l\u2019artiste contemporaine Luana Bottallo (<em>LuBi<\/em>),<\/a> o\u00f9 chaque \u0153uvre devient un dialogue entre corps, esprit et couleur.<\/li>\n<li>D\u00e9couvrez les diff\u00e9rentes techniques expressives de <a title=\"Visitez la galerie d\u2019art de l\u2019artiste contemporaine Marilisa Calabretta en ligne\" href=\"https:\/\/www.marilisacalabretta.com\">l\u2019artiste contemporaine Marilisa Calabretta<\/a>, des traditions \u00e0 la critique sociale, sur son site d\u2019art en ligne<\/li>\n<li>Visitez le site web de <a title=\"Visitez la galerie d\u2019art de l\u2019artiste contemporaine Stefania Turco en ligne\" href=\"https:\/\/www.stefaniaturco.com\">l\u2019artiste contemporaine Stefania Turco<\/a> et d\u00e9couvrez comment la mati\u00e8re, le sentiment et la nature se rencontrent dans l\u2019art.<\/li>\n<li>Admirez l\u2019univers r\u00e9volutionnaire de <a title=\"Visitez la galerie d\u2019art de l\u2019artiste contemporain Filippo Circelli en ligne\" href=\"https:\/\/www.filippocircelli.com\">l\u2019artiste contemporain Filippo Circelli<\/a> sur son site en ligne : un dialogue entre forme et introspection.<\/li>\n<\/ol>\n<\/li>\n<\/ol>\n<\/li>\n<\/ol>\n<\/li>\n<\/ol>\n<\/li>\n<\/ol>\n<\/li>\n<\/ol>\n<\/li>\n<\/ol>\n<\/li>\n<\/ol>\n","protected":false},"excerpt":{"rendered":"<p>Faites la promotion en ligne avec un site web d\u00e9di\u00e9 exclusivement \u00e0 vous.<\/p>\n<p><strong>D\u2019apr\u00e8s l\u2019exp\u00e9rience<\/strong> des programmateurs <strong>de PitturiAmo<\/strong><strong>,<\/strong> propos\u00e9e uniquement <strong>pour les 50 premiers artistes<\/strong> qui rejoindront l\u2019initiative. <strong>D\u00e9p\u00eache-toi<\/strong>.<\/p>\n","protected":false},"featured_media":7601,"comment_status":"closed","ping_status":"closed","template":"","meta":[],"product_brand":[],"product_cat":[132],"product_tag":[],"class_list":{"0":"post-9152","1":"product","2":"type-product","3":"status-publish","4":"has-post-thumbnail","6":"product_cat-internet","8":"first","9":"instock","10":"featured","11":"sold-individually","12":"purchasable","13":"product-type-variable"},"_links":{"self":[{"href":"https:\/\/www.pitturiamo.shop\/fr\/wp-json\/wp\/v2\/product\/9152","targetHints":{"allow":["GET"]}}],"collection":[{"href":"https:\/\/www.pitturiamo.shop\/fr\/wp-json\/wp\/v2\/product"}],"about":[{"href":"https:\/\/www.pitturiamo.shop\/fr\/wp-json\/wp\/v2\/types\/product"}],"replies":[{"embeddable":true,"href":"https:\/\/www.pitturiamo.shop\/fr\/wp-json\/wp\/v2\/comments?post=9152"}],"wp:featuredmedia":[{"embeddable":true,"href":"https:\/\/www.pitturiamo.shop\/fr\/wp-json\/wp\/v2\/media\/7601"}],"wp:attachment":[{"href":"https:\/\/www.pitturiamo.shop\/fr\/wp-json\/wp\/v2\/media?parent=9152"}],"wp:term":[{"taxonomy":"product_brand","embeddable":true,"href":"https:\/\/www.pitturiamo.shop\/fr\/wp-json\/wp\/v2\/product_brand?post=9152"},{"taxonomy":"product_cat","embeddable":true,"href":"https:\/\/www.pitturiamo.shop\/fr\/wp-json\/wp\/v2\/product_cat?post=9152"},{"taxonomy":"product_tag","embeddable":true,"href":"https:\/\/www.pitturiamo.shop\/fr\/wp-json\/wp\/v2\/product_tag?post=9152"}],"curies":[{"name":"wp","href":"https:\/\/api.w.org\/{rel}","templated":true}]}}