{"id":9110,"date":"2017-01-10T17:43:07","date_gmt":"2017-01-10T17:43:07","guid":{"rendered":"https:\/\/www.pitturiamo.shop\/promozione-artista\/non class\u00e9\/creation-de-videos-artistiques\/"},"modified":"2017-01-10T17:43:07","modified_gmt":"2017-01-10T16:43:07","slug":"creation-de-videos-artistiques","status":"publish","type":"product","link":"https:\/\/www.pitturiamo.shop\/fr\/promozione-artista\/internet\/creation-de-videos-artistiques\/","title":{"rendered":"Cr\u00e9ation de vid\u00e9os artistiques"},"content":{"rendered":"<h2><strong>Service de cr\u00e9ation vid\u00e9o avec votre \u0153uvre<\/strong><\/h2>\n<p>PitturiAmo peut r\u00e9aliser une courte vid\u00e9o de vos \u0153uvres pour vous, d\u2019une dur\u00e9e allant jusqu\u2019\u00e0 3 \u00e0 4 minutes (plus longue n\u2019est pas pratique car cela pourrait ennuyer votre public). Profitez du service de cr\u00e9ation vid\u00e9o de PitturiAmo. <\/p>\n<p>Voici les caract\u00e9ristiques du service de cr\u00e9ation vid\u00e9o :<\/p>\n<ol>\n<li><strong>Dur\u00e9e maximale<\/strong> <strong>: 3-4 min<\/strong><\/li>\n<li>Nombre d\u2019\u0153uvres soumises : <strong>de 15 \u00e0 20<\/strong> de votre choix<\/li>\n<li>Jusqu\u2019\u00e0 3 <strong>phrases<\/strong> descriptives de l\u2019artiste, selon votre choix ;<\/li>\n<li>Une ou deux <strong>pistes audio<\/strong> libres de droits, de votre choix<\/li>\n<li>D\u00e9lai de r\u00e9alisation : <strong>2 semaines (\u00e0 partir de la r\u00e9ception du mat\u00e9riel n\u00e9cessaire)<\/strong><\/li>\n<\/ol>\n<p>Une fois la vid\u00e9o r\u00e9alis\u00e9e, elle devient votre propri\u00e9t\u00e9 exclusive et <strong>vous pouvez en faire ce que vous voulez<\/strong>, pour toujours. Vous pouvez l\u2019ins\u00e9rer GRATUITEMENT sur PitturiAmo, sur la page de pr\u00e9sentation de votre profil, sur votre site personnel, sur YouTube et partout o\u00f9 vous le jugez appropri\u00e9. La vid\u00e9o sera publi\u00e9e sur <strong><a href=\"https:\/\/www.youtube.com\/channel\/UCRUb97qPevFgn1K3yBBwUBA\">la cha\u00eene Youtube PitturiAmo<\/a><\/strong>.  <\/p>\n<p>Apr\u00e8s l\u2019achat, envoyez un e-mail <strong>\u00e0 info@pitturiamo.com<\/strong> pour convenir de la r\u00e9alisation de la vid\u00e9o.<\/p>\n<p>Voyez quelques exemples de <a title=\"Cr\u00e9ation et montage vid\u00e9o pour artistes\" href=\"http:\/\/www.pitturiamo.eu\/realizzazione-video-pittore\/\">vid\u00e9os d\u2019artistes <\/a>d\u00e9j\u00e0 r\u00e9alis\u00e9es par PitturiAmo.<\/p>\n","protected":false},"excerpt":{"rendered":"<p>Souhaitez-vous disposer d\u2019un <strong>outil simple,<\/strong> <strong>imm\u00e9diat<\/strong> et <strong>peu co\u00fbteux<\/strong> pour pr\u00e9senter vos \u0153uvres aux critiques, aux galeristes et aux professionnels de l\u2019art ?<\/p>\n<p>Faites une vid\u00e9o promotionnelle qui dure quelques minutes (3-4 minutes maximum).<\/p>\n<p>PitturiAmo vous aide \u00e0 cr\u00e9er et \u00e0 diffuser ces informations.<\/p>\n","protected":false},"featured_media":571,"comment_status":"open","ping_status":"closed","template":"","meta":[],"product_brand":[],"product_cat":[132],"product_tag":[],"class_list":{"0":"post-9110","1":"product","2":"type-product","3":"status-publish","4":"has-post-thumbnail","6":"product_cat-internet","8":"first","9":"instock","10":"featured","11":"virtual","12":"sold-individually","13":"purchasable","14":"product-type-simple"},"_links":{"self":[{"href":"https:\/\/www.pitturiamo.shop\/fr\/wp-json\/wp\/v2\/product\/9110","targetHints":{"allow":["GET"]}}],"collection":[{"href":"https:\/\/www.pitturiamo.shop\/fr\/wp-json\/wp\/v2\/product"}],"about":[{"href":"https:\/\/www.pitturiamo.shop\/fr\/wp-json\/wp\/v2\/types\/product"}],"replies":[{"embeddable":true,"href":"https:\/\/www.pitturiamo.shop\/fr\/wp-json\/wp\/v2\/comments?post=9110"}],"wp:featuredmedia":[{"embeddable":true,"href":"https:\/\/www.pitturiamo.shop\/fr\/wp-json\/wp\/v2\/media\/571"}],"wp:attachment":[{"href":"https:\/\/www.pitturiamo.shop\/fr\/wp-json\/wp\/v2\/media?parent=9110"}],"wp:term":[{"taxonomy":"product_brand","embeddable":true,"href":"https:\/\/www.pitturiamo.shop\/fr\/wp-json\/wp\/v2\/product_brand?post=9110"},{"taxonomy":"product_cat","embeddable":true,"href":"https:\/\/www.pitturiamo.shop\/fr\/wp-json\/wp\/v2\/product_cat?post=9110"},{"taxonomy":"product_tag","embeddable":true,"href":"https:\/\/www.pitturiamo.shop\/fr\/wp-json\/wp\/v2\/product_tag?post=9110"}],"curies":[{"name":"wp","href":"https:\/\/api.w.org\/{rel}","templated":true}]}}