{"id":9082,"date":"2017-01-10T17:20:34","date_gmt":"2017-01-10T17:20:34","guid":{"rendered":"https:\/\/www.pitturiamo.shop\/promozione-artista\/non class\u00e9\/gestion-du-profil-sur-pitturiamo\/"},"modified":"2017-01-10T17:20:34","modified_gmt":"2017-01-10T16:20:34","slug":"gestion-du-profil-sur-pitturiamo","status":"publish","type":"product","link":"https:\/\/www.pitturiamo.shop\/fr\/promozione-artista\/pitturiamo\/gestion-du-profil-sur-pitturiamo\/","title":{"rendered":"Gestion du profil sur PitturiAmo"},"content":{"rendered":"<h2>Caract\u00e9ristiques du service<\/h2>\n<p><!--\n\n\n\n<p class=\"strillo\">Sfrutta l'offerta lancio del servizio. Usa il codice di promozione <strong>PROMOASSISTENZA30 e ottieni lo sconto del 30% sull'abbonamento annuale.\n<\/strong>Offerta valida fino al 31 luglio 2017.\n\n--><br \/>\nSi <strong>vous avez des difficult\u00e9s \u00e0 g\u00e9rer votre profil sur PitturiAmo<\/strong> &#8211; le portail des peintres contemporains &#8211; ou, en tout cas, si vous souhaitez un support technique pour l\u2019insertion des \u0153uvres et toutes les autres informations (critiques, actualit\u00e9s, vid\u00e9os, etc.), vous pouvez demander un service d\u2019assistance pour g\u00e9rer votre profil sur PitturiAmo.<\/p>\n<p>Vous pouvez acheter une seule intervention, qui vous donne droit \u00e0 une <strong>assistance maximale d\u2019une heure<\/strong> , ou \u00e0 un <strong>abonnement annuel,<\/strong> beaucoup moins cher :<\/p>\n<ul>\n<li><strong>Intervention unique<\/strong> &#8211; 80,00\u20ac (TVA comprise). Pour <strong>une intervention unique<\/strong> pouvant durer<strong> jusqu\u2019\u00e0 1 heure ou une fraction d\u2019heure<\/strong>. Vous pouvez acheter ce service \u00e0 chaque fois que vous souhaitez modifier votre profil sur PitturiAmo. Si n\u00e9cessaire, vous pouvez acheter le m\u00eame service plusieurs fois (pour des interventions particuli\u00e8rement complexes).   <\/li>\n<li><strong>Pass annuel<\/strong> &#8211; 400,00 \u20ac (TVA comprise) r\u00e9duite de 50 %. Pour <strong>les interventions r\u00e9p\u00e9t\u00e9es<\/strong> d\u2019une dur\u00e9e totale maximale de <strong>10 heures cumul\u00e9es <\/strong><b>, <\/b>c\u2019est-\u00e0-dire que les fractions d\u2019heure ne sont pas calcul\u00e9es mais le nombre r\u00e9el de minutes travaill\u00e9es (<strong>total 600 minutes<\/strong>). La gestion annuelle consiste \u00e0 optimiser le profil de l\u2019artiste sur PitturiAmo avec l\u2019insertion de toutes les donn\u00e9es n\u00e9cessaires (biographie, programme, donn\u00e9es personnelles), <strong>l\u2019insertion des \u0153uvres et leur possible optimisation avec des programmes de retouche photo,<\/strong> ainsi que toute critique, vid\u00e9o et actualit\u00e9 pour un total <strong>de 10<\/strong> heures. Toute heure suppl\u00e9mentaire devra \u00eatre achet\u00e9e en plus. L\u2019artiste est constamment inform\u00e9 du nombre d\u2019heures consomm\u00e9es et donc des heures restantes.    <\/li>\n<\/ul>\n<p>En achetant Gestion de Profil sur PitturiAmo, vous pouvez demander de l\u2019aide pour :<\/p>\n<ul>\n<li>insertion de programmes, biographies, peintures, vid\u00e9os, actualit\u00e9s ;<\/li>\n<li>Optimisation d\u2019image ;<\/li>\n<li><strong>Optimisation de votre profil sur PitturiAmo<\/strong> ;<\/li>\n<li>Recevez <strong>des conseils<\/strong> de notre \u00e9quipe sur la meilleure fa\u00e7on de fonctionner ;<\/li>\n<li>Le service n\u2019inclut PAS le montage vid\u00e9o.<\/li>\n<\/ul>\n<p>Nota : Pour l\u2019insertion de <a href=\"https:\/\/www.pitturiamo.shop\/promozione-artista\/pitturiamo\/quadri-in-evidenza\/\">peintures en vedette<\/a> ou <a href=\"https:\/\/www.pitturiamo.shop\/promozione-artista\/pitturiamo\/quadri-in-vendita-diretta\/\">la vente directe<\/a>, la promotion de <a href=\"https:\/\/www.pitturiamo.shop\/promozione-artista\/pitturiamo\/banner-pubblicitari\/\">banni\u00e8res publicitaires<\/a>, le montage de <a href=\"https:\/\/www.pitturiamo.shop\/promozione-artista\/internet\/realizzazione-video\/\">vid\u00e9os promotionnelles<\/a> ou l\u2019utilisation d\u2019autres services payants, il est n\u00e9cessaire d\u2019acheter le service concern\u00e9 \u00e0 l\u2019avance.<\/p>\n<p>Achetez le service, puis envoyez un e-mail <a href=\"mailto:ordini@pitturiamo.com\">\u00e0 ordini@pitturiamo.com<\/a> pour convenir de la mani\u00e8re d\u2019envoyer les images \u00e0 inclure et de toutes les autres informations.<br \/>\n<!--\n\n\n\n<p class=\"strillo\">Sfrutta l'offerta lancio del servizio. Usa il codice di promozione <strong>PROMOASSISTENZA30 e ottieni lo sconto del 30%.\n<\/strong>Offerta valida fino al 31 luglio 2017.\n\n--><\/p>\n","protected":false},"excerpt":{"rendered":"<h2>Aimeriez-vous avoir<strong> une pr\u00e9sence plus active<\/strong> sur <a href=\"http:\/\/www.pitturiAmo.com\">PitturiAmo<\/a> mais avez-vous des difficult\u00e9s <strong>\u00e0 g\u00e9rer votre profil techniquement<\/strong> ?<\/h2>\n<p>Achetez notre service annuel de gestion de profil, envoyez-nous les donn\u00e9es que vous souhaitez t\u00e9l\u00e9charger et&#8230; nous, chez PitturiAmo, nous occupons de tout le reste.<\/p>\n","protected":false},"featured_media":565,"comment_status":"open","ping_status":"closed","template":"","meta":[],"product_brand":[],"product_cat":[126],"product_tag":[128,127],"class_list":{"0":"post-9082","1":"product","2":"type-product","3":"status-publish","4":"has-post-thumbnail","6":"product_cat-pitturiamo","7":"product_tag-pitturiamo","8":"product_tag-promotion-des-artistes","10":"first","11":"instock","12":"sale","13":"featured","14":"sold-individually","15":"purchasable","16":"product-type-variable"},"_links":{"self":[{"href":"https:\/\/www.pitturiamo.shop\/fr\/wp-json\/wp\/v2\/product\/9082","targetHints":{"allow":["GET"]}}],"collection":[{"href":"https:\/\/www.pitturiamo.shop\/fr\/wp-json\/wp\/v2\/product"}],"about":[{"href":"https:\/\/www.pitturiamo.shop\/fr\/wp-json\/wp\/v2\/types\/product"}],"replies":[{"embeddable":true,"href":"https:\/\/www.pitturiamo.shop\/fr\/wp-json\/wp\/v2\/comments?post=9082"}],"wp:featuredmedia":[{"embeddable":true,"href":"https:\/\/www.pitturiamo.shop\/fr\/wp-json\/wp\/v2\/media\/565"}],"wp:attachment":[{"href":"https:\/\/www.pitturiamo.shop\/fr\/wp-json\/wp\/v2\/media?parent=9082"}],"wp:term":[{"taxonomy":"product_brand","embeddable":true,"href":"https:\/\/www.pitturiamo.shop\/fr\/wp-json\/wp\/v2\/product_brand?post=9082"},{"taxonomy":"product_cat","embeddable":true,"href":"https:\/\/www.pitturiamo.shop\/fr\/wp-json\/wp\/v2\/product_cat?post=9082"},{"taxonomy":"product_tag","embeddable":true,"href":"https:\/\/www.pitturiamo.shop\/fr\/wp-json\/wp\/v2\/product_tag?post=9082"}],"curies":[{"name":"wp","href":"https:\/\/api.w.org\/{rel}","templated":true}]}}