{"id":10896,"date":"2026-03-20T13:01:21","date_gmt":"2026-03-20T12:01:21","guid":{"rendered":"https:\/\/www.pitturiamo.shop\/promozione-artista\/non%20class\u00e9\/webinaires\/"},"modified":"2026-03-20T13:16:09","modified_gmt":"2026-03-20T12:16:09","slug":"webinaires","status":"publish","type":"product","link":"https:\/\/www.pitturiamo.shop\/fr\/promozione-artista\/internet\/webinaires\/","title":{"rendered":"Webinaires"},"content":{"rendered":"<p data-start=\"0\" data-end=\"150\">Webinaire de formation con\u00e7u pour les artistes qui souhaitent structurer leur parcours de mani\u00e8re plus consciente, en \u00e9vitant la dispersion et les choix al\u00e9atoires.<\/p>\n<p data-start=\"152\" data-end=\"450\">La r\u00e9union fournit des outils concrets pour analyser son positionnement, comprendre la dynamique du syst\u00e8me artistique et am\u00e9liorer la capacit\u00e9 \u00e0 se pr\u00e9senter efficacement aupr\u00e8s des professionnels du secteur. Ce ne sont pas des contenus th\u00e9oriques, mais des indications op\u00e9rationnelles applicables imm\u00e9diatement. <\/p>\n<p data-start=\"452\" data-end=\"643\">L\u2019objectif est de vous aider \u00e0 passer d\u2019une gestion instinctive de votre activit\u00e9 artistique \u00e0 une approche plus strat\u00e9gique, dans laquelle chaque action a une fonction pr\u00e9cise dans votre parcours.<\/p>\n<p data-start=\"645\" data-end=\"677\">Pendant le webinaire, vous travaillerez sur :<\/p>\n<ul>\n<li data-start=\"680\" data-end=\"738\">la clart\u00e9 de votre parcours et de votre identit\u00e9 artistique ;<\/li>\n<li data-start=\"741\" data-end=\"792\">la coh\u00e9rence entre la production, la communication et les objectifs ;<\/li>\n<li data-start=\"795\" data-end=\"841\">la capacit\u00e9 \u00e0 se pr\u00e9senter professionnellement ;<\/li>\n<li data-start=\"844\" data-end=\"888\">une s\u00e9lection plus \u00e9clair\u00e9e des opportunit\u00e9s ;<\/li>\n<li data-start=\"891\" data-end=\"953\">Construction d\u2019\u00e9l\u00e9ments utiles et jetables dans votre CV.<\/li>\n<\/ul>\n<p data-start=\"955\" data-end=\"1068\">Le contenu convient aussi bien \u00e0 ceux qui d\u00e9butent qu\u2019\u00e0 ceux qui ont d\u00e9j\u00e0 de l\u2019exp\u00e9rience mais n\u2019ont pas encore de direction d\u00e9finie.<\/p>\n<p data-start=\"1070\" data-end=\"1092\">Comment utiliser :<\/p>\n<ul>\n<li data-start=\"1095\" data-end=\"1109\">Acc\u00e8s en ligne<\/li>\n<li data-start=\"1112\" data-end=\"1144\">Vue depuis n\u2019importe quel appareil<\/li>\n<li data-start=\"1147\" data-end=\"1186\">Inscription disponible (si applicable)<\/li>\n<\/ul>\n<p data-start=\"1188\" data-end=\"1388\" data-is-last-node=\"\" data-is-only-node=\"\">Le webinaire fait partie du projet \u00ab The Artist\u2019s Journey \u00bb et repr\u00e9sente un outil op\u00e9rationnel pour am\u00e9liorer la qualit\u00e9 de vos choix et la lisibilit\u00e9 de votre parcours dans le syst\u00e8me artistique.<\/p>\n","protected":false},"excerpt":{"rendered":"<section class=\"text-token-text-primary w-full focus:outline-none [--shadow-height:45px] has-data-writing-block:pointer-events-none has-data-writing-block:-mt-(--shadow-height) has-data-writing-block:pt-(--shadow-height) [&amp;:has([data-writing-block])&gt;*]:pointer-events-auto scroll-mt-(--header-height)\" dir=\"auto\" data-turn-id=\"8102c143-a427-4abc-8d3c-c5b71c5cfa20\" data-testid=\"conversation-turn-7\" data-scroll-anchor=\"false\" data-turn=\"user\"><\/section>\n<section class=\"text-token-text-primary w-full focus:outline-none [--shadow-height:45px] has-data-writing-block:pointer-events-none has-data-writing-block:-mt-(--shadow-height) has-data-writing-block:pt-(--shadow-height) [&amp;:has([data-writing-block])&gt;*]:pointer-events-auto scroll-mt-[calc(var(--header-height)+min(200px,max(70px,20svh)))]\" dir=\"auto\" data-turn-id=\"request-WEB:80750ef4-b135-4cce-ae3c-e68488001e73-3\" data-testid=\"conversation-turn-8\" data-scroll-anchor=\"true\" data-turn=\"assistant\">\n<div class=\"text-base my-auto mx-auto pb-10 [--thread-content-margin:var(--thread-content-margin-xs,calc(var(--spacing)*4))] @w-sm\/main:[--thread-content-margin:var(--thread-content-margin-sm,calc(var(--spacing)*6))] @w-lg\/main:[--thread-content-margin:var(--thread-content-margin-lg,calc(var(--spacing)*16))] px-(--thread-content-margin)\">\n<div class=\"[--thread-content-max-width:40rem] @w-lg\/main:[--thread-content-max-width:48rem] mx-auto max-w-(--thread-content-max-width) flex-1 group\/turn-messages focus-visible:outline-hidden relative flex w-full min-w-0 flex-col agent-turn\">\n<div class=\"flex max-w-full flex-col gap-4 grow\">\n<div class=\"min-h-8 text-message relative flex w-full flex-col items-end gap-2 text-start break-words whitespace-normal outline-none keyboard-focused:focus-ring [.text-message+&amp;]:mt-1\" dir=\"auto\" tabindex=\"0\" data-message-author-role=\"assistant\" data-message-id=\"b7cec722-009c-4569-b213-6d27da069464\" data-message-model-slug=\"gpt-5-3\" data-turn-start-message=\"true\">\n<div class=\"flex w-full flex-col gap-1 empty:hidden\">\n<div class=\"markdown prose dark:prose-invert w-full wrap-break-word light markdown-new-styling\">\n<p data-start=\"0\" data-end=\"305\" data-is-last-node=\"\" data-is-only-node=\"\">Webinaire de formation en ligne d\u00e9di\u00e9 aux artistes souhaitant rendre leur parcours professionnel plus efficace et structur\u00e9. Il fournit des outils pratiques pour am\u00e9liorer les comp\u00e9tences en positionnement, en communication et en prise de d\u00e9cision dans le syst\u00e8me artistique. Acc\u00e8s num\u00e9rique avec possibilit\u00e9 de revoir le contenu.  <\/p>\n<\/div>\n<\/div>\n<\/div>\n<\/div>\n<\/div>\n<\/div>\n<\/section>\n","protected":false},"featured_media":10910,"comment_status":"open","ping_status":"closed","template":"","meta":[],"product_brand":[],"product_cat":[132],"product_tag":[],"class_list":{"0":"post-10896","1":"product","2":"type-product","3":"status-publish","4":"has-post-thumbnail","6":"product_cat-internet","8":"first","9":"instock","10":"taxable","11":"shipping-taxable","12":"purchasable","13":"product-type-variable"},"_links":{"self":[{"href":"https:\/\/www.pitturiamo.shop\/fr\/wp-json\/wp\/v2\/product\/10896","targetHints":{"allow":["GET"]}}],"collection":[{"href":"https:\/\/www.pitturiamo.shop\/fr\/wp-json\/wp\/v2\/product"}],"about":[{"href":"https:\/\/www.pitturiamo.shop\/fr\/wp-json\/wp\/v2\/types\/product"}],"replies":[{"embeddable":true,"href":"https:\/\/www.pitturiamo.shop\/fr\/wp-json\/wp\/v2\/comments?post=10896"}],"wp:featuredmedia":[{"embeddable":true,"href":"https:\/\/www.pitturiamo.shop\/fr\/wp-json\/wp\/v2\/media\/10910"}],"wp:attachment":[{"href":"https:\/\/www.pitturiamo.shop\/fr\/wp-json\/wp\/v2\/media?parent=10896"}],"wp:term":[{"taxonomy":"product_brand","embeddable":true,"href":"https:\/\/www.pitturiamo.shop\/fr\/wp-json\/wp\/v2\/product_brand?post=10896"},{"taxonomy":"product_cat","embeddable":true,"href":"https:\/\/www.pitturiamo.shop\/fr\/wp-json\/wp\/v2\/product_cat?post=10896"},{"taxonomy":"product_tag","embeddable":true,"href":"https:\/\/www.pitturiamo.shop\/fr\/wp-json\/wp\/v2\/product_tag?post=10896"}],"curies":[{"name":"wp","href":"https:\/\/api.w.org\/{rel}","templated":true}]}}