{"id":10837,"date":"2026-03-10T13:11:47","date_gmt":"2026-03-10T12:11:47","guid":{"rendered":"https:\/\/www.pitturiamo.shop\/?post_type=product&#038;p=10837"},"modified":"2026-03-13T10:16:21","modified_gmt":"2026-03-13T09:16:21","slug":"projet-auteur-26","status":"publish","type":"product","link":"https:\/\/www.pitturiamo.shop\/fr\/promozione-artista\/expositions-foires-evenements\/projet-auteur-26\/","title":{"rendered":"Projet d\u2019auteur chez MAXXI"},"content":{"rendered":"<h2>Prix International d\u2019Art Contemporain Progetto d\u2019Autore 2026<\/h2>\n<p>C\u00e9r\u00e9monie de reconnaissance publique et production \u00e9ditoriale dans la salle Carlo Scarpa de la<br \/>\nMus\u00e9e national des arts du XXIe si\u00e8cle MAXXI<\/p>\n<p>ROME, 29 mai 2026<\/p>\n<div class=\"et_pb_text_inner\">\n<p>Une journ\u00e9e institutionnelle enti\u00e8re d\u00e9di\u00e9e \u00e0 <strong>la recherche artistique contemporaine<\/strong>.<\/p>\n<p>Pr\u00e9sentez votre projet d\u2019auteur (<strong>jusqu\u2019\u00e0 5 \u0153uvres<\/strong>), acc\u00e9dez \u00e0 l\u2019exposition vid\u00e9o officielle, inscrivez-vous dans le <strong>catalogue avec ISBN<\/strong> et obtenez <strong>une reconnaissance publique<\/strong> document\u00e9e et permanente.<\/p>\n<\/div>\n<div class=\"et_pb_text_inner\">\n<p>Vous pouvez <strong>\u00e9galement participer avec 5 \u0153uvres<\/strong> dans les cat\u00e9gories Peinture \u2013 Sculpture \u2013 Graphisme \u2013 Photographie \u2013 Art<\/p>\n<p>num\u00e9rique Ce n\u2019est pas une simple exposition.<br data-start=\"444\" data-end=\"447\" \/><strong>Une transition formelle dans un contexte mus\u00e9al.<\/strong><\/p>\n<\/div>\n<div class=\"et_pb_text_inner\">\n<p>Les prix sont \u00e0 gagner<\/p>\n<ul>\n<li>1er prix \u2013 2 500 \u20ac<\/li>\n<li>2e prix \u2013 1 500 \u20ac<\/li>\n<li>3e prix \u2013 1000 \u20ac<\/li>\n<\/ul>\n<p><strong>Prix \u00c9ditorial Sp\u00e9cial<\/strong><\/p>\n<p><strong>Une \u0153uvre du meilleur projet d\u2019auteur<\/strong> sera publi\u00e9e dans le prochain num\u00e9ro de l\u2019Atlas of Contemporary Art publi\u00e9 par Giunti Editore. <strong>Prix Dossier d\u2019Autore<\/strong><\/p>\n<p><strong>5 projets d\u2019auteur<\/strong> recevront une analyse critique approfondie dans le catalogue officiel de l\u2019\u00e9v\u00e9nement. <strong>Texte critique<\/strong><\/p>\n<p>Attribu\u00e9 par <strong>Roberto Litta<\/strong> \u00e0 <strong>un<\/strong> projet jug\u00e9 particuli\u00e8rement coh\u00e9rent et significatif (1 dossier). Les nouveaux visages de l\u2019art contemporain<\/p>\n<p>Les photographies de 16 autres artistes seront publi\u00e9es sur une page de <strong>l\u2019Atlas of Contemporary<\/strong> Art publi\u00e9 par <strong>Giunti Editori<\/strong> sous le titre \u00ab <strong>Les nouveaux visages de l\u2019art contemporain<\/strong> \u00bb<\/p>\n<\/div>\n<div class=\"et_pb_module et_pb_text et_pb_text_9 et_pb_text_align_left et_pb_bg_layout_light\">\n<div class=\"et_pb_text_inner\">\n<p>Qui participe au Projet Auteur<\/p>\n<ul>\n<li><strong>Pr\u00e9sentation<\/strong> de votre projet sur la <strong>sc\u00e8ne<\/strong> de la salle Carlo Scarpa<\/li>\n<\/ul>\n<p><strong>\u00c0 tous les artistes admis \u00e0 la phase finale<\/strong><\/p>\n<ul>\n<li><strong>Exposition vid\u00e9o<\/strong> des \u0153uvres pr\u00e9sent\u00e9es lors de la remise du prix, le <strong>29 mai 2026<\/strong>.<\/li>\n<li><strong>Catalogue officiel avec ISBN.<\/strong><\/li>\n<li><strong>Certificat nominal<\/strong> livr\u00e9 sur sc\u00e8ne lors <strong>d\u2019une s\u00e9ance photo<\/strong> professionnelle.<\/li>\n<li>Inclusion dans les <strong>archives permanentes en ligne.<\/strong><\/li>\n<li>Article d\u00e9di\u00e9 sur le magazine PitturiAmo pour tous les artistes du <strong>parcours de l\u2019artiste<\/strong><\/li>\n<li><strong>Entr\u00e9e r\u00e9duite au<\/strong> mus\u00e9e, valable pour les 15 jours suivants.<\/li>\n<\/ul>\n<\/div>\n<\/div>\n","protected":false},"excerpt":{"rendered":"<p><strong>Attention :<\/strong> \u00c0 ce jour, la <strong>remise de 25 %<\/strong> est active pour les <strong>100 premiers artistes<\/strong> admis. D\u00e9p\u00eache-toi.<\/p>\n<p>Choisissez de participer en tant que <strong>membre<\/strong> (en \u00e9conomisant la TVA) ou en tant que <strong>non-membre<\/strong> (au prix fort)<\/p>\n","protected":false},"featured_media":10882,"comment_status":"open","ping_status":"closed","template":"","meta":[],"product_brand":[],"product_cat":[148],"product_tag":[],"class_list":{"0":"post-10837","1":"product","2":"type-product","3":"status-publish","4":"has-post-thumbnail","6":"product_cat-expositions-foires-evenements","8":"first","9":"instock","10":"sale","11":"sold-individually","12":"taxable","13":"shipping-taxable","14":"purchasable","15":"product-type-variable","16":"has-default-attributes"},"_links":{"self":[{"href":"https:\/\/www.pitturiamo.shop\/fr\/wp-json\/wp\/v2\/product\/10837","targetHints":{"allow":["GET"]}}],"collection":[{"href":"https:\/\/www.pitturiamo.shop\/fr\/wp-json\/wp\/v2\/product"}],"about":[{"href":"https:\/\/www.pitturiamo.shop\/fr\/wp-json\/wp\/v2\/types\/product"}],"replies":[{"embeddable":true,"href":"https:\/\/www.pitturiamo.shop\/fr\/wp-json\/wp\/v2\/comments?post=10837"}],"wp:featuredmedia":[{"embeddable":true,"href":"https:\/\/www.pitturiamo.shop\/fr\/wp-json\/wp\/v2\/media\/10882"}],"wp:attachment":[{"href":"https:\/\/www.pitturiamo.shop\/fr\/wp-json\/wp\/v2\/media?parent=10837"}],"wp:term":[{"taxonomy":"product_brand","embeddable":true,"href":"https:\/\/www.pitturiamo.shop\/fr\/wp-json\/wp\/v2\/product_brand?post=10837"},{"taxonomy":"product_cat","embeddable":true,"href":"https:\/\/www.pitturiamo.shop\/fr\/wp-json\/wp\/v2\/product_cat?post=10837"},{"taxonomy":"product_tag","embeddable":true,"href":"https:\/\/www.pitturiamo.shop\/fr\/wp-json\/wp\/v2\/product_tag?post=10837"}],"curies":[{"name":"wp","href":"https:\/\/api.w.org\/{rel}","templated":true}]}}