{"id":10119,"date":"2017-01-10T17:56:22","date_gmt":"2017-01-10T17:56:22","guid":{"rendered":"https:\/\/www.pitturiamo.shop\/promozione-artista\/non class\u00e9\/tableaux-presentes\/"},"modified":"2017-01-10T17:56:22","modified_gmt":"2017-01-10T16:56:22","slug":"tableaux-presentes","status":"publish","type":"product","link":"https:\/\/www.pitturiamo.shop\/fr\/promozione-artista\/pitturiamo\/tableaux-presentes\/","title":{"rendered":"Tableaux pr\u00e9sent\u00e9s"},"content":{"rendered":"<h2><strong>Ajoutez vos tableaux en vedette<\/strong><\/h2>\n<p>Si vous souhaitez avoir plus de visibilit\u00e9 et augmenter consid\u00e9rablement vos chances de vendre vos tableaux, vous pouvez acheter le service <strong>\u00ab Tableaux en vedette \u00bb.<\/strong><\/p>\n<p>Vos peintures auront le pas sur les autres \u0153uvres du portail et auront plus de chances d\u2019\u00eatre vues et choisies.  <strong>Dur\u00e9e du service : 60 jours.<\/strong><\/p>\n<p>Une fois le service achet\u00e9, l\u2019\u00e9quipe \u00e9ditoriale de PitturiAmo vous contactera pour choisir les peintures que vous souhaitez mettre en avant.<\/p>\n<h3><strong>Mes \u0153uvres \u00ab In Evidence \u00bb sur PitturiAmo, combien co\u00fbtent-elles ?<\/strong><\/h3>\n<p>Voici les co\u00fbts d\u00e9taill\u00e9s pour l\u2019inclusion de vos peintures parmi les \u00ab Points forts \u00bb (dur\u00e9e x <strong>60 jours<\/strong>) : <\/p>\n<ul>\n<li>1 tableau 12,00\u20ac<\/li>\n<li>2 tableaux 23,00\u20ac (au lieu de <del>24,00\u20ac<\/del>)<\/li>\n<li>3 tableaux 33,00\u20ac (au lieu de <del>36,00\u20ac<\/del>)<\/li>\n<li>4 tableaux 40,00\u20ac (au lieu de <del>48,00\u20ac<\/del>)<\/li>\n<li>5 tableaux 45,00\u20ac (au lieu de <del>60,00\u20ac<\/del>)<\/li>\n<li>Chaque peinture suppl\u00e9mentaire au-dessus du cinqui\u00e8me ne co\u00fbte que 9,00 \u20ac<\/li>\n<\/ul>\n<p>Vous pouvez \u00e9galement acheter le service Portraits en vedette en acc\u00e9dant \u00e0 votre Zone R\u00e9serv\u00e9e <a title=\"Acc\u00e8s gratuit \u00e0 PitturiAmo - Le portail des peintres contemporains\" href=\"http:\/\/www.pitturiamo.com\" target=\"_blank\" rel=\"noopener noreferrer\">sur www.pitturiamo.com<\/a><\/p>\n","protected":false},"excerpt":{"rendered":"<h3>Veux-tu <strong>vendre tes tableaux ?<\/strong><\/h3>\n<p>Avec le service \u00ab <strong><em>Portraits en vedette<\/em><\/strong> \u00bb, vos peintures auront beaucoup plus de vues sur PitturiAmo et auront plus de chances d\u2019\u00eatre remarqu\u00e9es parmi les plus de 200 000 \u0153uvres pr\u00e9sentes sur le portail.<\/p>\n<p><strong>\u00c0 ce jour, plus de 1700 tableaux ont \u00e9t\u00e9 vendus.  <\/strong><\/p>\n<p>S\u00e9lectionnez dans le menu d\u00e9roulant le nombre de peintures que vous souhaitez afficher en \u00e9vidence sur PitturiAmo et proc\u00e9dez \u00e0 la commande. Payez via PayPal, carte de cr\u00e9dit ou virement bancaire. Une fois le service achet\u00e9, l\u2019\u00e9quipe \u00e9ditoriale de PitturiAmo vous contactera pour choisir les peintures que vous souhaitez mettre en avant. Achat minimum de 3 tableaux.   <\/p>\n","protected":false},"featured_media":564,"comment_status":"open","ping_status":"closed","template":"","meta":[],"product_brand":[],"product_cat":[126],"product_tag":[186],"class_list":{"0":"post-10119","1":"product","2":"type-product","3":"status-publish","4":"has-post-thumbnail","6":"product_cat-pitturiamo","7":"product_tag-tableaux-presentes","9":"first","10":"outofstock","11":"sale","12":"featured","13":"sold-individually","14":"purchasable","15":"product-type-variable"},"_links":{"self":[{"href":"https:\/\/www.pitturiamo.shop\/fr\/wp-json\/wp\/v2\/product\/10119","targetHints":{"allow":["GET"]}}],"collection":[{"href":"https:\/\/www.pitturiamo.shop\/fr\/wp-json\/wp\/v2\/product"}],"about":[{"href":"https:\/\/www.pitturiamo.shop\/fr\/wp-json\/wp\/v2\/types\/product"}],"replies":[{"embeddable":true,"href":"https:\/\/www.pitturiamo.shop\/fr\/wp-json\/wp\/v2\/comments?post=10119"}],"wp:featuredmedia":[{"embeddable":true,"href":"https:\/\/www.pitturiamo.shop\/fr\/wp-json\/wp\/v2\/media\/564"}],"wp:attachment":[{"href":"https:\/\/www.pitturiamo.shop\/fr\/wp-json\/wp\/v2\/media?parent=10119"}],"wp:term":[{"taxonomy":"product_brand","embeddable":true,"href":"https:\/\/www.pitturiamo.shop\/fr\/wp-json\/wp\/v2\/product_brand?post=10119"},{"taxonomy":"product_cat","embeddable":true,"href":"https:\/\/www.pitturiamo.shop\/fr\/wp-json\/wp\/v2\/product_cat?post=10119"},{"taxonomy":"product_tag","embeddable":true,"href":"https:\/\/www.pitturiamo.shop\/fr\/wp-json\/wp\/v2\/product_tag?post=10119"}],"curies":[{"name":"wp","href":"https:\/\/api.w.org\/{rel}","templated":true}]}}