{"id":10095,"date":"2017-01-10T18:01:28","date_gmt":"2017-01-10T17:01:28","guid":{"rendered":"https:\/\/www.pitturiamo.shop\/promozione-artista\/non class\u00e9\/bannieres-publicitaires\/"},"modified":"2017-01-10T18:01:28","modified_gmt":"2017-01-10T17:01:28","slug":"bannieres-publicitaires","status":"publish","type":"product","link":"https:\/\/www.pitturiamo.shop\/fr\/promozione-artista\/pitturiamo\/bannieres-publicitaires\/","title":{"rendered":"Banni\u00e8res publicitaires"},"content":{"rendered":"<h3>Banni\u00e8res publicitaires sur PitturiAmo<\/h3>\n<table class=\"table table-hover kv-grid-table table-striped kv-table-wrap\">\n<tbody>\n<tr data-key=\"1\">\n<td class=\"kv-align-middle\" data-col-seq=\"2\"><strong>Curseur sur la page d\u2019accueil.<\/strong>  Espace tournant d\u00e9di\u00e9 exclusivement aux artistes pour l\u2019exposition d\u2019une ou plusieurs de leurs peintures.<\/td>\n<td class=\"skip-export kv-align-center kv-align-middle\" data-col-seq=\"5\"> <select class=\"sel-prezzo\" name=\"banner[periodo][1]\"><option value=\"1\" data-prezzo=\"35.00\">7 jours &#8211; 35,00 \u20ac<\/option><option value=\"2\" data-prezzo=\"60.00\">14 jours &#8211; 60,00 \u20ac<\/option><option value=\"3\" data-prezzo=\"87.00\">21 jours &#8211; 87,00 \u20ac<\/option><option value=\"4\" data-prezzo=\"106.00\">28 jours &#8211; 106,00 \u20ac<\/option><option value=\"34\" data-prezzo=\"279.00\">90 jours &#8211; 279,00 \u20ac<\/option><option value=\"35\" data-prezzo=\"374.00\">180 jours &#8211; 374,00 \u20ac<\/option><option value=\"36\" data-prezzo=\"499.00\">365 jours &#8211; 499,00 \u20ac<\/option><\/select><\/td>\n<\/tr>\n<tr data-key=\"2\">\n<td class=\"kv-align-middle\" data-col-seq=\"1\"><strong>Banni\u00e8re de grille r\u00e9active 1.<\/strong>  Banni\u00e8re tournante pr\u00e9sente sur toutes les pages o\u00f9 les peintures sont list\u00e9es, en haut de la liste des peintures.<\/td>\n<td class=\"kv-align-middle\" data-col-seq=\"4\"><select class=\"sel-prezzo\" name=\"banner[periodo][2]\"><option value=\"5\" data-prezzo=\"28.00\">7 jours &#8211; 28,00 \u20ac<\/option><option value=\"6\" data-prezzo=\"49.00\">14 jours &#8211; 49,00 \u20ac<\/option><option value=\"7\" data-prezzo=\"70.00\">21 jours &#8211; 70,00 \u20ac<\/option><option value=\"8\" data-prezzo=\"85.00\">28 jours &#8211; 85,00 \u20ac<\/option><option value=\"28\" data-prezzo=\"223.00\">90 jours &#8211; 223,00 \u20ac<\/option><option value=\"29\" data-prezzo=\"299.00\">180 jours &#8211; 299,00 \u20ac<\/option><option value=\"30\" data-prezzo=\"399.00\">365 jours &#8211; 399,00 \u20ac<\/option><\/select><\/td>\n<\/tr>\n<tr data-key=\"3\">\n<td class=\"kv-align-middle\" data-col-seq=\"1\"><strong>Banni\u00e8re Grille R\u00e9active 2.<\/strong>  Banni\u00e8re tournante pr\u00e9sente sur toutes les pages o\u00f9 les peintures sont list\u00e9es, \u00e0 la fin de la liste des peintures.<\/td>\n<td class=\"kv-align-middle\" data-col-seq=\"4\"><select class=\"sel-prezzo\" name=\"banner[periodo][3]\"><option value=\"9\" data-prezzo=\"21.00\">7 jours &#8211; 21,00 \u20ac<\/option><option value=\"10\" data-prezzo=\"37.00\">14 jours &#8211; 37,00 \u20ac<\/option><option value=\"11\" data-prezzo=\"52.00\">21 jours &#8211; 52,00 \u20ac<\/option><option value=\"12\" data-prezzo=\"63.00\">28 jours &#8211; 63,00 \u20ac<\/option><option value=\"31\" data-prezzo=\"167.00\">90 jours &#8211; 167,00 \u20ac<\/option><option value=\"32\" data-prezzo=\"224.00\">180 jours &#8211; 224,00 \u20ac<\/option><option value=\"33\" data-prezzo=\"299.00\">365 jours &#8211; 299,00 \u20ac<\/option><\/select><\/td>\n<\/tr>\n<tr data-key=\"4\">\n<td class=\"kv-align-middle\" data-col-seq=\"1\"><strong>Large banni\u00e8re HAUT.<\/strong>  Une tr\u00e8s grande banni\u00e8re tournante, visible sur toute la largeur de la page, pr\u00e9sente en haut de toutes les pages o\u00f9 sont list\u00e9s les artistes.<\/td>\n<td class=\"kv-align-middle\" data-col-seq=\"4\"><select class=\"sel-prezzo\" name=\"banner[periodo][4]\"><option value=\"20\" data-prezzo=\"56.00\">7 jours &#8211; 56,00 \u20ac<\/option><option value=\"21\" data-prezzo=\"99.00\">14 jours &#8211; 99,00 \u20ac<\/option><option value=\"22\" data-prezzo=\"140.00\">21 jours &#8211; 140,00 \u20ac<\/option><option value=\"23\" data-prezzo=\"170.00\">28 jours &#8211; 170,00 \u20ac<\/option><option value=\"40\" data-prezzo=\"447.00\">90 jours &#8211; 447,00 \u20ac<\/option><option value=\"41\" data-prezzo=\"599.00\">180 jours &#8211; 599,00 \u20ac<\/option><option value=\"42\" data-prezzo=\"799.00\">365 jours &#8211; 799,00 \u20ac<\/option><\/select><\/td>\n<\/tr>\n<tr data-key=\"5\">\n<td class=\"kv-align-middle\" data-col-seq=\"1\"><strong>Banni\u00e8re large BAS.<\/strong>  Une tr\u00e8s grande banni\u00e8re tournante, visible sur toute la largeur de la page, en bas de toutes les pages o\u00f9 les artistes sont list\u00e9s.<\/td>\n<td class=\"kv-align-middle\" data-col-seq=\"4\"><select class=\"sel-prezzo\" name=\"banner[periodo][5]\"><option value=\"13\" data-prezzo=\"63.00\">7 jours &#8211; 63,00 \u20ac<\/option><option value=\"14\" data-prezzo=\"111.00\">14 jours &#8211; 111,00 \u20ac<\/option><option value=\"15\" data-prezzo=\"157.00\">21 jours &#8211; 157,00 \u20ac<\/option><option value=\"16\" data-prezzo=\"191.00\">28 jours &#8211; 191,00 \u20ac<\/option><option value=\"37\" data-prezzo=\"502.00\">90 jours &#8211; 502,00 \u20ac<\/option><option value=\"38\" data-prezzo=\"673.00\">180 jours &#8211; 673,00 \u20ac<\/option><option value=\"39\" data-prezzo=\"898.00\">365 jours &#8211; 898,00 \u20ac<\/option><\/select><\/td>\n<\/tr>\n<tr data-key=\"6\">\n<td class=\"skip-export kv-align-center kv-align-middle kv-row-select\" data-col-seq=\"0\"><strong>Bo\u00eete \u00e0 banni\u00e8re.<\/strong>  Banni\u00e8re sur la page de d\u00e9tail de la peinture (plus de 50 000 pages) visible au centre de la page \u00e0 droite, chaque fois qu\u2019un utilisateur regarde une peinture sp\u00e9cifique.<\/td>\n<td class=\"kv-align-middle\" data-col-seq=\"1\"><select class=\"sel-prezzo\" name=\"banner[periodo][4]\"><option value=\"20\" data-prezzo=\"56.00\">7 jours &#8211; 56,00 \u20ac<\/option><option value=\"21\" data-prezzo=\"99.00\">14 jours &#8211; 99,00 \u20ac<\/option><option value=\"22\" data-prezzo=\"140.00\">21 jours &#8211; 140,00 \u20ac<\/option><option value=\"23\" data-prezzo=\"170.00\">28 jours &#8211; 170,00 \u20ac<\/option><option value=\"40\" data-prezzo=\"447.00\">90 jours &#8211; 447,00 \u20ac<\/option><option value=\"41\" data-prezzo=\"599.00\">180 jours &#8211; 599,00 \u20ac<\/option><option value=\"42\" data-prezzo=\"799.00\">365 jours &#8211; 799,00 \u20ac<\/option><\/select><\/td>\n<\/tr>\n<\/tbody>\n<\/table>\n<p class=\"posted_in\">Achetez des banni\u00e8res <a href=\"http:\/\/www.pitturiamo.com\/area-riservata\/pubblicita\/acquista\">publicitaires directement dans la zone r\u00e9serv\u00e9e<\/a>. Il est n\u00e9cessaire <a href=\"http:\/\/www.pitturiamo.com\/it\/registrati.html\"><strong>d\u2019\u00eatre d\u00e9j\u00e0 enregistr\u00e9 sur PitturiAmo<\/strong><\/a>. Si vous n\u2019\u00eates pas encore inscrit, <a href=\"http:\/\/www.pitturiamo.com\/it\/registrati.html\">vous pouvez le faire d\u00e8s maintenant<\/a>. L\u2019inscription est gratuite.   <\/p>\n","protected":false},"excerpt":{"rendered":"<h2>Faites la promotion de vos banni\u00e8res publicitaires sur PitturiAmo.<\/h2>\n<p>Si vous souhaitez <strong>promouvoir votre visibilit\u00e9 sur PitturiAmo<\/strong> , vous pouvez acheter des banni\u00e8res promotionnelles sous diff\u00e9rents formats qui seront affich\u00e9es sur <a href=\"http:\/\/www.pitturiamo.com\">www.pitturiamo.com<\/a>, o\u00f9 chaque jour, <strong>plus de 2500 utilisateurs consultent des dizaines de milliers de pages<\/strong>.<\/p>\n<p><strong>Vos peintures sont expos\u00e9es chaque jour devant plus de 2500 amateurs d\u2019art, collectionneurs, conservateurs, propri\u00e9taires de galeries, critiques d\u2019art.  <\/strong><\/p>\n<p>Vous pouvez lire ci-dessous la description et les co\u00fbts des diff\u00e9rentes solutions. Effectuez l\u2019achat directement dans la Zone R\u00e9serv\u00e9e sur <a href=\"http:\/\/www.pitturimo.com\">PitturiAmo &#8211; le portail des peintres contemporains<\/a>. <\/p>\n<p>Si vous achetez l\u2019une des banni\u00e8res en promotion pendant au moins 3 semaines cons\u00e9cutives (en un seul achat), <strong>PitturiAmo vous offre \u00e9galement une visibilit\u00e9 sur des milliers de sites th\u00e9matiques du r\u00e9seau Google Display.<\/strong><\/p>\n","protected":false},"featured_media":559,"comment_status":"open","ping_status":"closed","template":"","meta":[],"product_brand":[],"product_cat":[126],"product_tag":[176,127,177],"class_list":{"0":"post-10095","1":"product","2":"type-product","3":"status-publish","4":"has-post-thumbnail","6":"product_cat-pitturiamo","7":"product_tag-bannieres-de-peintre","8":"product_tag-promotion-des-artistes","9":"product_tag-vente-de-banniere","11":"first","12":"instock","13":"featured","14":"product-type-external"},"_links":{"self":[{"href":"https:\/\/www.pitturiamo.shop\/fr\/wp-json\/wp\/v2\/product\/10095","targetHints":{"allow":["GET"]}}],"collection":[{"href":"https:\/\/www.pitturiamo.shop\/fr\/wp-json\/wp\/v2\/product"}],"about":[{"href":"https:\/\/www.pitturiamo.shop\/fr\/wp-json\/wp\/v2\/types\/product"}],"replies":[{"embeddable":true,"href":"https:\/\/www.pitturiamo.shop\/fr\/wp-json\/wp\/v2\/comments?post=10095"}],"wp:featuredmedia":[{"embeddable":true,"href":"https:\/\/www.pitturiamo.shop\/fr\/wp-json\/wp\/v2\/media\/559"}],"wp:attachment":[{"href":"https:\/\/www.pitturiamo.shop\/fr\/wp-json\/wp\/v2\/media?parent=10095"}],"wp:term":[{"taxonomy":"product_brand","embeddable":true,"href":"https:\/\/www.pitturiamo.shop\/fr\/wp-json\/wp\/v2\/product_brand?post=10095"},{"taxonomy":"product_cat","embeddable":true,"href":"https:\/\/www.pitturiamo.shop\/fr\/wp-json\/wp\/v2\/product_cat?post=10095"},{"taxonomy":"product_tag","embeddable":true,"href":"https:\/\/www.pitturiamo.shop\/fr\/wp-json\/wp\/v2\/product_tag?post=10095"}],"curies":[{"name":"wp","href":"https:\/\/api.w.org\/{rel}","templated":true}]}}