{"id":10085,"date":"2017-01-10T17:59:52","date_gmt":"2017-01-10T17:59:52","guid":{"rendered":"https:\/\/www.pitturiamo.shop\/promozione-artista\/non class\u00e9\/peintures-a-vendre-directement\/"},"modified":"2017-01-10T17:59:52","modified_gmt":"2017-01-10T16:59:52","slug":"peintures-a-vendre-directement","status":"publish","type":"product","link":"https:\/\/www.pitturiamo.shop\/fr\/promozione-artista\/pitturiamo\/peintures-a-vendre-directement\/","title":{"rendered":"Peintures \u00e0 vendre directement"},"content":{"rendered":"<h3>VOICI COMMENT \u00c7A FONCTIONNE<\/h3>\n<p><strong>PitturiAmo agira comme interm\u00e9diaire, promouvant<\/strong> vos \u0153uvres en ligne et essayant de les vendre via tous les circuits en ligne disponibles. Lorsqu\u2019une vente a lieu, le produit est temporairement cr\u00e9dit\u00e9 sur <strong>un compte appartenant \u00e0 PitturiAmo<\/strong>. <\/p>\n<p>L\u2019artiste qui a vendu la peinture sera responsable de la livraison et aura pour mission d\u2019envoyer l\u2019\u0153uvre au destinataire, correctement emball\u00e9e.<\/p>\n<p>Apr\u00e8s 14 jours (d\u00e9lai maximum pour engager une r\u00e9clamation pour achats en ligne) \u00e0 partir de la r\u00e9ception de l\u2019\u0153uvre par l\u2019acheteur, sans aucune plainte, la somme sera transf\u00e9r\u00e9e sur le compte bancaire de l\u2019artiste. <strong>Dans ce cas, PitturiAmo conservera une commande \u00e9quivalente \u00e0 20 % de la valeur de l\u2019\u0153uvre<\/strong>.<\/p>\n<p>Dans le cas o\u00f9 l\u2019acheteur d\u00e9pose une plainte (pour quelque raison que ce soit), il incombera \u00e0 l\u2019acheteur de restituer l\u2019\u0153uvre \u00e0 l\u2019artiste. <strong>Dans ce cas, PitturiAmo remboursera l\u2019acheteur<\/strong>.<\/p>\n<p><strong>Pour pr\u00e9senter les peintures en vente directe<\/strong> , trois conditions doivent d\u2019abord \u00eatre remplies :<\/p>\n<ol>\n<li>Vous devez \u00eatre inscrit sur <a href=\"http:\/\/www.pitturiamo.com\">PitturiAmo &#8211; le portail des peintres contemporains<\/a> et avoir d\u00e9j\u00e0 inscrit les peintures que vous souhaitez inclure dans la vente directe (je vous rappelle que l\u2019inscription sur le portail est <strong>gratuite<\/strong>)<\/li>\n<li>La disponibilit\u00e9 du tableau doit \u00eatre r\u00e9gl\u00e9e sur <strong>\u00ab Disponible \u00bb<\/strong> (il n\u2019est pas possible de mettre les peintures dont le champ Disponibilit\u00e9 est r\u00e9gl\u00e9 sur \u00ab Vendu \u00bb, \u00ab Vendu sur PitturiAmo \u00bb ou \u00ab Collection priv\u00e9e \u00bb pour la vente directe) ;<\/li>\n<li>La valeur \u00e9conomique \u00e0 laquelle vous souhaitez vendre l\u2019\u0153uvre doit \u00eatre indiqu\u00e9e dans le champ <strong>\u00ab Devis \u00bb,<\/strong> incluant 20 % de courtage pour PitturiAmo, les commissions PayPal (<strong>environ 5 %)<\/strong> et les frais d\u2019exp\u00e9dition (variables selon le poids et la distance).<\/li>\n<\/ol>\n<p>Si ces conditions sont remplies, il sera possible de pr\u00e9senter vos peintures \u00e0 la vente directe <strong>au co\u00fbt de 1,50 \u20ac par peinture, pour une p\u00e9riode d\u2019un an<\/strong>.<\/p>\n<p>S\u2019il y a plus de dix tableaux en vente directe, le co\u00fbt sera de 1,00 \u20ac pour chaque peinture d\u00e9passant la dixi\u00e8me.<\/p>\n<ul>\n<li>Jusqu\u2019\u00e0 10 tableaux &#8211; 1,50 \u20ac par peinture<\/li>\n<li>\u00c0 partir du onzi\u00e8me tableau \u2013 1,00 \u20ac pour chaque tableau.<\/li>\n<\/ul>\n<p>Apr\u00e8s un an sans vente, le panneau sera <strong>automatiquement retir\u00e9<\/strong> du service de vente directe.<\/p>\n","protected":false},"excerpt":{"rendered":"<p>Ins\u00e9rez des tableaux <strong>pour la vente directe<\/strong> sur <a href=\"http:\/\/www.pitturiamo.com\">www.pitturiamo.com<\/a>, qui peuvent \u00eatre achet\u00e9s par les utilisateurs comme dans un e-commerce classique, par PayPal ou par carte de cr\u00e9dit sur le circuit PayPal.<\/p>\n<p><strong>Payez 1,50 \u20ac pour chaque peinture pendant 365 jours, \u00e0 partir du onzi\u00e8me tableau, le prix baisse \u00e0 1,00 \u20ac pour chaque tableau.<\/strong><\/p>\n<p>La vente ne peut avoir lieu qu\u2019en utilisant la m\u00e9thode <strong>du dropshipping<\/strong>.<\/p>\n<p>Achetez directement dans la zone r\u00e9serv\u00e9e.<\/p>\n<p>&nbsp;<\/p>\n","protected":false},"featured_media":570,"comment_status":"open","ping_status":"closed","template":"","meta":[],"product_brand":[],"product_cat":[126],"product_tag":[168,166,167,169],"class_list":{"0":"post-10085","1":"product","2":"type-product","3":"status-publish","4":"has-post-thumbnail","6":"product_cat-pitturiamo","7":"product_tag-inserer-peintures-a-vendre","8":"product_tag-peintures-a-vendre-directement","9":"product_tag-peintures-en-vente-paypal","10":"product_tag-vente-doeuvres-dart-en-ligne","12":"first","13":"instock","14":"featured","15":"product-type-external"},"_links":{"self":[{"href":"https:\/\/www.pitturiamo.shop\/fr\/wp-json\/wp\/v2\/product\/10085","targetHints":{"allow":["GET"]}}],"collection":[{"href":"https:\/\/www.pitturiamo.shop\/fr\/wp-json\/wp\/v2\/product"}],"about":[{"href":"https:\/\/www.pitturiamo.shop\/fr\/wp-json\/wp\/v2\/types\/product"}],"replies":[{"embeddable":true,"href":"https:\/\/www.pitturiamo.shop\/fr\/wp-json\/wp\/v2\/comments?post=10085"}],"wp:featuredmedia":[{"embeddable":true,"href":"https:\/\/www.pitturiamo.shop\/fr\/wp-json\/wp\/v2\/media\/570"}],"wp:attachment":[{"href":"https:\/\/www.pitturiamo.shop\/fr\/wp-json\/wp\/v2\/media?parent=10085"}],"wp:term":[{"taxonomy":"product_brand","embeddable":true,"href":"https:\/\/www.pitturiamo.shop\/fr\/wp-json\/wp\/v2\/product_brand?post=10085"},{"taxonomy":"product_cat","embeddable":true,"href":"https:\/\/www.pitturiamo.shop\/fr\/wp-json\/wp\/v2\/product_cat?post=10085"},{"taxonomy":"product_tag","embeddable":true,"href":"https:\/\/www.pitturiamo.shop\/fr\/wp-json\/wp\/v2\/product_tag?post=10085"}],"curies":[{"name":"wp","href":"https:\/\/api.w.org\/{rel}","templated":true}]}}