{"id":10041,"date":"2017-04-02T17:38:34","date_gmt":"2017-04-02T17:38:34","guid":{"rendered":"https:\/\/www.pitturiamo.shop\/promozione-artista\/non class\u00e9\/vues-de-campagne-facebook\/"},"modified":"2017-04-02T17:38:34","modified_gmt":"2017-04-02T15:38:34","slug":"vues-de-campagne-facebook","status":"publish","type":"product","link":"https:\/\/www.pitturiamo.shop\/fr\/promozione-artista\/internet\/vues-de-campagne-facebook\/","title":{"rendered":"Vues de campagne Facebook"},"content":{"rendered":"<h2><strong>Promouvez-vous sur Facebook et augmentez vos vues avec la campagne Facebook Views<\/strong><\/h2>\n<p>Achetez des campagnes promotionnelles visant \u00e0 afficher vos publicit\u00e9s promotionnelles pour <strong>augmenter les visites de votre site web ou de votre profil sur PitturiAmo<\/strong>. Promovez des \u00e9v\u00e9nements artistiques auxquels vous participez directement ou auxquels vous souhaitez que les artistes participent avec une campagne Facebook Views. <\/p>\n<p>La campagne sera cibl\u00e9e \u00e0 votre public cible. Vous pourrez choisir <strong>l\u2019\u00e2ge, le sexe, la r\u00e9sidence g\u00e9ographique, les centres d\u2019int\u00e9r\u00eat<\/strong> des personnes \u00e0 qui vous souhaitez pr\u00e9senter votre publicit\u00e9 promotionnelle. <\/p>\n<p>La campagne Facebook Views est un outil <strong>promotionnel adapt\u00e9 aux artistes, critiques, commissaires et propri\u00e9taires de galeries.<\/strong><\/p>\n<p>Choisissez le profil le plus adapt\u00e9 en fonction du nombre de vues que vous souhaitez obtenir :<\/p>\n<ul>\n<li>10 000 vues = 117 00\u20ac<\/li>\n<li>20 000 vues = 221 00\u20ac<\/li>\n<li>30 000 vues = 312,00\u20ac<\/li>\n<li>40 000 vues = 390 00\u20ac<\/li>\n<li>50 000 vues = 468 00\u20ac<\/li>\n<\/ul>\n","protected":false},"excerpt":{"rendered":"<p>Cr\u00e9ez une campagne Facebook Views pour promouvoir votre site web ou vos \u00e9v\u00e9nements artistiques. Payez en fonction des r\u00e9sultats obtenus. <\/p>\n","protected":false},"featured_media":572,"comment_status":"open","ping_status":"closed","template":"","meta":[],"product_brand":[],"product_cat":[132],"product_tag":[157,156],"class_list":{"0":"post-10041","1":"product","2":"type-product","3":"status-publish","4":"has-post-thumbnail","6":"product_cat-internet","7":"product_tag-promotion-artistique","8":"product_tag-publicite-facebook","10":"first","11":"instock","12":"purchasable","13":"product-type-variable"},"_links":{"self":[{"href":"https:\/\/www.pitturiamo.shop\/fr\/wp-json\/wp\/v2\/product\/10041","targetHints":{"allow":["GET"]}}],"collection":[{"href":"https:\/\/www.pitturiamo.shop\/fr\/wp-json\/wp\/v2\/product"}],"about":[{"href":"https:\/\/www.pitturiamo.shop\/fr\/wp-json\/wp\/v2\/types\/product"}],"replies":[{"embeddable":true,"href":"https:\/\/www.pitturiamo.shop\/fr\/wp-json\/wp\/v2\/comments?post=10041"}],"wp:featuredmedia":[{"embeddable":true,"href":"https:\/\/www.pitturiamo.shop\/fr\/wp-json\/wp\/v2\/media\/572"}],"wp:attachment":[{"href":"https:\/\/www.pitturiamo.shop\/fr\/wp-json\/wp\/v2\/media?parent=10041"}],"wp:term":[{"taxonomy":"product_brand","embeddable":true,"href":"https:\/\/www.pitturiamo.shop\/fr\/wp-json\/wp\/v2\/product_brand?post=10041"},{"taxonomy":"product_cat","embeddable":true,"href":"https:\/\/www.pitturiamo.shop\/fr\/wp-json\/wp\/v2\/product_cat?post=10041"},{"taxonomy":"product_tag","embeddable":true,"href":"https:\/\/www.pitturiamo.shop\/fr\/wp-json\/wp\/v2\/product_tag?post=10041"}],"curies":[{"name":"wp","href":"https:\/\/api.w.org\/{rel}","templated":true}]}}