{"id":10035,"date":"2023-01-19T19:52:10","date_gmt":"2023-01-19T18:52:10","guid":{"rendered":"https:\/\/www.pitturiamo.shop\/promozione-artista\/non class\u00e9\/artiste-vedette\/"},"modified":"2023-01-19T19:52:10","modified_gmt":"2023-01-19T18:52:10","slug":"artiste-vedette","status":"publish","type":"product","link":"https:\/\/www.pitturiamo.shop\/fr\/promozione-artista\/internet\/artiste-vedette\/","title":{"rendered":"Artiste vedette"},"content":{"rendered":"<p>Savez-vous ce qui est le plus important pour ceux qui veulent se faire conna\u00eetre sur Internet ?  <strong>Visibilit\u00e9 !<\/strong><\/p>\n<p>Vous pouvez \u00eatre le meilleur artiste du monde, avoir le meilleur site web sur internet ou des milliers de contacts sur Facebook et Instagram, mais si vous n\u2019\u00eates pas visible et facilement joignable, <strong>vous n\u2019existez pratiquement pas.<\/strong><\/p>\n<p>La premi\u00e8re et la plus importante \u00e9tape pour avoir de la visibilit\u00e9 sur le web est d\u2019\u00eatre <strong>pr\u00e9sent en premi\u00e8re page<\/strong> ; et dans les <strong>toutes premi\u00e8res positions sur Google <\/strong>, quand quelqu\u2019un effectue des recherches pertinentes sur l\u2019art, <strong>sans toutefois vous conna\u00eetre directement <\/strong> (donc les recherches avec votre nom et votre nom ne sont pas valides, car cela signifie que ceux qui vous cherchent vous connaissent d\u00e9j\u00e0).<\/p>\n<p>Par exemple, imaginez ce sc\u00e9nario.<br \/>\nCarla vient de terminer de r\u00e9nover sa maison \u00e0 Milan, elle a investi beaucoup d\u2019argent dans la r\u00e9novation mais elle a encore la possibilit\u00e9 de d\u00e9penser quelque chose pour acheter un beau tableau \u00e0 accrocher dans le salon, juste au-dessus du canap\u00e9 le plus important de la maison. Il ne se satisfait pas d\u2019une peinture achet\u00e9e au centre commercial, il veut une \u0153uvre d\u2019art d\u2019un <strong>artiste contemporain<\/strong>. Elle cherche ensuite sur Internet et trouve de nombreux tableaux \u00e0 vendre, mais elle n\u2019en est pas tr\u00e8s convaincue. Avant d\u2019acheter, il aimerait <strong>voir le tableau en vrai.<\/strong> L\u2019id\u00e9al serait qu\u2019il connaisse directement un bon artiste contemporain de sa ville, afin de pouvoir voir le tableau en personne avant de l\u2019acheter et, peut-\u00eatre, discuter avec l\u2019artiste. <strong>Mais il ne conna\u00eet personne.<\/strong> Elle eut donc une id\u00e9e : chercher sur Internet des peintres de sa province. <strong>Il va sur Google et effectue la recherche suivante<\/strong> : \u00ab pittori di Milano \u00bb. Tout <strong>en haut, il<\/strong> trouve une page PitturiAmo, clique et voit le profil de 20 artistes \u00e0 Milan. \u00c0 c\u00f4t\u00e9 de chacun d\u2019eux figure la phrase suivante : \u00ab artiste de premier plan de la province de Milan \u00bb. <strong>Cela l\u2019a beaucoup encourag\u00e9e, elle a cliqu\u00e9 sur le premier artiste, a regard\u00e9 ses \u0153uvres et a d\u00e9cid\u00e9 de le contacter.<\/strong><br \/>\nSouhaitez-vous \u00eatre un ARTISTE LEADER dans votre province et recevoir des contacts de tous ceux qui recherchent des artistes contemporains dans leur province, r\u00e9gion ou m\u00eame \u00e0 travers toute l\u2019Italie ?      <\/p>\n","protected":false},"excerpt":{"rendered":"<p>Souhaitez-vous \u00eatre l\u2019artiste de r\u00e9f\u00e9rence de r\u00e9f\u00e9rence pour les acheteurs, passionn\u00e9s d\u2019art, collectionneurs, galeristes de votre province, de votre r\u00e9gion ou m\u00eame de toute l\u2019Italie ?<br \/>\nAvec \u00ab Leader Artiste \u00bb, vous deviendrez l\u2019artiste de r\u00e9f\u00e9rence pour votre r\u00e9gion g\u00e9ographique.<br \/>\nEn profitant de l\u2019immense visibilit\u00e9 de PitturiAmo sur les moteurs de recherche, vous pouvez \u00eatre le premier lorsque quelqu\u2019un cherche des peintres de votre province, de votre r\u00e9gion ou de toute l\u2019Italie.<\/p>\n","protected":false},"featured_media":7985,"comment_status":"open","ping_status":"closed","template":"","meta":[],"product_brand":[],"product_cat":[132],"product_tag":[],"class_list":{"0":"post-10035","1":"product","2":"type-product","3":"status-publish","4":"has-post-thumbnail","6":"product_cat-internet","8":"first","9":"instock","10":"sold-individually","11":"purchasable","12":"product-type-variable"},"_links":{"self":[{"href":"https:\/\/www.pitturiamo.shop\/fr\/wp-json\/wp\/v2\/product\/10035","targetHints":{"allow":["GET"]}}],"collection":[{"href":"https:\/\/www.pitturiamo.shop\/fr\/wp-json\/wp\/v2\/product"}],"about":[{"href":"https:\/\/www.pitturiamo.shop\/fr\/wp-json\/wp\/v2\/types\/product"}],"replies":[{"embeddable":true,"href":"https:\/\/www.pitturiamo.shop\/fr\/wp-json\/wp\/v2\/comments?post=10035"}],"wp:featuredmedia":[{"embeddable":true,"href":"https:\/\/www.pitturiamo.shop\/fr\/wp-json\/wp\/v2\/media\/7985"}],"wp:attachment":[{"href":"https:\/\/www.pitturiamo.shop\/fr\/wp-json\/wp\/v2\/media?parent=10035"}],"wp:term":[{"taxonomy":"product_brand","embeddable":true,"href":"https:\/\/www.pitturiamo.shop\/fr\/wp-json\/wp\/v2\/product_brand?post=10035"},{"taxonomy":"product_cat","embeddable":true,"href":"https:\/\/www.pitturiamo.shop\/fr\/wp-json\/wp\/v2\/product_cat?post=10035"},{"taxonomy":"product_tag","embeddable":true,"href":"https:\/\/www.pitturiamo.shop\/fr\/wp-json\/wp\/v2\/product_tag?post=10035"}],"curies":[{"name":"wp","href":"https:\/\/api.w.org\/{rel}","templated":true}]}}