{"id":9389,"date":"2017-01-05T18:07:02","date_gmt":"2017-01-05T17:07:02","guid":{"rendered":"https:\/\/www.pitturiamo.shop\/decouvrez-comment-vous-promouvoir-et-vous-faire-connaitre-en-ligne-et-en-personne-accueil\/"},"modified":"2026-03-05T15:08:28","modified_gmt":"2026-03-05T14:08:28","slug":"decouvrez-comment-vous-promouvoir-et-vous-faire-connaitre-en-ligne-et-en-personne-accueil","status":"publish","type":"page","link":"https:\/\/www.pitturiamo.shop\/fr\/","title":{"rendered":"D\u00e9couvrez comment vous promouvoir et vous faire conna\u00eetre en ligne et en personne &#8211; Accueil"},"content":{"rendered":"<p>[et_pb_section admin_label=&#8221;section&#8221; fullwidth=&#8221;on&#8221; specialty=&#8221;off&#8221; background_color=&#8221;#b2ede0&#8243; inner_shadow=&#8221;off&#8221; parallax=&#8221;off&#8221;][et_pb_fullwidth_slider admin_label=&#8221;Fullwidth Slider&#8221; show_arrows=&#8221;on&#8221; show_pagination=&#8221;off&#8221; auto=&#8221;on&#8221; parallax=&#8221;off&#8221; auto_speed=&#8221;10000&#8243; auto_ignore_hover=&#8221;off&#8221; parallax_method=&#8221;off&#8221; remove_inner_shadow=&#8221;off&#8221; background_position=&#8221;default&#8221; background_size=&#8221;default&#8221; hide_content_on_mobile=&#8221;off&#8221; hide_cta_on_mobile=&#8221;off&#8221; show_image_video_mobile=&#8221;on&#8221; custom_button=&#8221;off&#8221; button_letter_spacing=&#8221;0&#8243; button_use_icon=&#8221;default&#8221; button_icon_placement=&#8221;right&#8221; button_on_hover=&#8221;on&#8221; button_letter_spacing_hover=&#8221;0&#8243; body_font_size=&#8221;14&#8243; body_line_height=&#8221;1.3em&#8221; header_line_height=&#8221;1.3em&#8221;]<\/p>\n<p>[et_pb_slide background_position=&#8221;center&#8221; background_size=&#8221;default&#8221; background_color=&#8221;#ffffff&#8221; use_bg_overlay=&#8221;off&#8221; use_text_overlay=&#8221;on&#8221; alignment=&#8221;center&#8221; background_layout=&#8221;dark&#8221; allow_player_pause=&#8221;off&#8221; text_border_radius=&#8221;3&#8243; header_font_select=&#8221;default&#8221; header_font=&#8221;||||&#8221; body_font_select=&#8221;default&#8221; body_font=&#8221;||||&#8221; custom_button=&#8221;off&#8221; button_font_select=&#8221;default&#8221; button_font=&#8221;||||&#8221; button_use_icon=&#8221;default&#8221; button_icon_placement=&#8221;right&#8221; button_on_hover=&#8221;on&#8221; background_image=&#8221;https:\/\/www.pitturiamo.shop\/wp-content\/uploads\/laghetto-di-montagna-mario-salvo.jpg&#8221; button_text=&#8221;R\u00e9servez d\u00e8s maintenant&#8221; button_link=&#8221;https:\/\/www.pitturiamo.shop\/promozione-artista\/mostre-fiere-eventi\/le-interviste-di-pitturiamo\/&#8221; heading=&#8221;Interviews PitturiAmo&#8221; image=&#8221;https:\/\/www.pitturiamo.shop\/wp-content\/uploads\/Slider-Intervista-ragazza-small.jpg&#8221; body_font_size=&#8221;22&#8243; body_font_size_tablet=&#8221;22&#8243; body_font_size_phone=&#8221;22&#8243;]<\/p>\n<p><strong>Avez-vous du mal \u00e0 communiquer la valeur de votre art ?<\/strong><\/p>\n<p>Transmets ton art en disant qui tu es et comment tu t\u2019exprimes.<\/p>\n<p>[\/et_pb_slide][et_pb_slide background_position=&#8221;center&#8221; background_size=&#8221;default&#8221; background_color=&#8221;#ffffff&#8221; use_bg_overlay=&#8221;off&#8221; use_text_overlay=&#8221;on&#8221; alignment=&#8221;center&#8221; background_layout=&#8221;dark&#8221; allow_player_pause=&#8221;off&#8221; text_border_radius=&#8221;3&#8243; header_font_select=&#8221;default&#8221; header_font=&#8221;||||&#8221; body_font_select=&#8221;default&#8221; body_font=&#8221;||||&#8221; custom_button=&#8221;off&#8221; button_font_select=&#8221;default&#8221; button_font=&#8221;||||&#8221; button_use_icon=&#8221;default&#8221; button_icon_placement=&#8221;right&#8221; button_on_hover=&#8221;on&#8221; background_image=&#8221;https:\/\/www.pitturiamo.shop\/wp-content\/uploads\/laghetto-di-montagna-mario-salvo.jpg&#8221; button_text=&#8221;Postulez d\u00e8s maintenant&#8221; button_link=&#8221;https:\/\/www.pitturiamo.shop\/fr\/promozione-artista\/internet\/site-web-de-lartiste\/&#8221; heading=&#8221;Site web de l\u2019artiste&#8221; image=&#8221;https:\/\/www.pitturiamo.shop\/wp-content\/uploads\/artista-sito-web-creare.jpg&#8221; body_font_size=&#8221;22&#8243; body_font_size_tablet=&#8221;22&#8243; body_font_size_phone=&#8221;22&#8243;]<\/p>\n<p>Faites la promotion de votre art avec <strong>un site enti\u00e8rement d\u00e9di\u00e9 \u00e0 vous<\/strong>, constamment accessible, en contact \u00e9troit avec <strong>les canaux web de PitturiAmo<\/strong>, pour exploiter toute sa puissance.<\/p>\n<p>[\/et_pb_slide][et_pb_slide heading=&#8221;Gestion annuelle de votre profil&#8221; button_text=&#8221;En savoir plus&#8221; button_link=&#8221;https:\/\/www.pitturiamo.shop\/fr\/promozione-artista\/pitturiamo\/gestion-du-profil-sur-pitturiamo\/&#8221; background_position=&#8221;default&#8221; background_size=&#8221;default&#8221; background_color=&#8221;#ffffff&#8221; image=&#8221;https:\/\/www.pitturiamo.shop\/wp-content\/uploads\/gestione_profilo_artisti.jpg&#8221; use_bg_overlay=&#8221;off&#8221; use_text_overlay=&#8221;on&#8221; alignment=&#8221;center&#8221; image_alt=&#8221;PitturiAmo vous aide \u00e0 g\u00e9rer votre profil&#8221; background_layout=&#8221;dark&#8221; allow_player_pause=&#8221;off&#8221; text_border_radius=&#8221;3&#8243; header_font_select=&#8221;default&#8221; header_font=&#8221;||||&#8221; body_font_select=&#8221;default&#8221; body_font=&#8221;||||&#8221; custom_button=&#8221;off&#8221; button_font_select=&#8221;default&#8221; button_font=&#8221;||||&#8221; button_use_icon=&#8221;default&#8221; button_icon_placement=&#8221;right&#8221; button_on_hover=&#8221;on&#8221; background_image=&#8221;https:\/\/www.pitturiamo.shop\/wp-content\/uploads\/inquietudini-72213.jpg&#8221; body_font_size=&#8221;22&#8243; body_font_size_tablet=&#8221;22&#8243; body_font_size_phone=&#8221;22&#8243;]<\/p>\n<p>Avec un <strong>petit abonnement annuel<\/strong> , vous pouvez d\u00e9l\u00e9guer tous vos probl\u00e8mes techniques, li\u00e9s \u00e0 votre pr\u00e9sence sur PitturiAmo, \u00e0 notre \u00e9quipe \u00e9ditoriale.<\/p>\n<p>[\/et_pb_slide][et_pb_slide heading=&#8221;Brochure&#8221; button_text=&#8221;Conception et impression&#8221; button_link=&#8221;https:\/\/www.pitturiamo.shop\/promozione-artista\/mostre-fiere-eventi\/brochure\/&#8221; background_image=&#8221;https:\/\/www.pitturiamo.shop\/wp-content\/uploads\/laranceto.jpg&#8221; background_position=&#8221;default&#8221; background_size=&#8221;default&#8221; background_color=&#8221;#ffffff&#8221; image=&#8221;https:\/\/www.pitturiamo.shop\/wp-content\/uploads\/brochure-3-ante-1.png&#8221; use_bg_overlay=&#8221;off&#8221; use_text_overlay=&#8221;on&#8221; alignment=&#8221;center&#8221; background_layout=&#8221;dark&#8221; allow_player_pause=&#8221;off&#8221; text_border_radius=&#8221;3&#8243; header_font_select=&#8221;default&#8221; header_font=&#8221;||||&#8221; body_font_select=&#8221;default&#8221; body_font=&#8221;||||&#8221; custom_button=&#8221;off&#8221; button_font_select=&#8221;default&#8221; button_font=&#8221;||||&#8221; button_use_icon=&#8221;default&#8221; button_icon_placement=&#8221;right&#8221; button_on_hover=&#8221;on&#8221; image_alt=&#8221;Conception et impression de brochures \u00e0 3 portes pour artistes&#8221; body_font_size=&#8221;22&#8243; body_font_size_tablet=&#8221;22&#8243; body_font_size_phone=&#8221;22&#8243; body_font_size_last_edited=&#8221;on|desktop&#8221;]<\/p>\n<p>Mettez en avant votre art lors d\u2019expositions, foires, \u00e9v\u00e9nements artistiques et laissez un souvenir de vos \u0153uvres \u00e0 vos admirateurs. Brochure triple, format A4, totalement personnalisable. Vous achetez le service et PitturiAmo le fabrique pour vous.<\/p>\n<p>[\/et_pb_slide]<\/p>\n<p>[\/et_pb_fullwidth_slider][\/et_pb_section][et_pb_section admin_label=&#8221;section&#8221; fullwidth=&#8221;off&#8221; specialty=&#8221;off&#8221; background_color=&#8221;#9e2362&#8243; inner_shadow=&#8221;off&#8221; parallax=&#8221;off&#8221; transparent_background=&#8221;off&#8221; allow_player_pause=&#8221;off&#8221; parallax_method=&#8221;off&#8221; make_fullwidth=&#8221;off&#8221; use_custom_width=&#8221;off&#8221; width_unit=&#8221;on&#8221; make_equal=&#8221;off&#8221; use_custom_gutter=&#8221;off&#8221; custom_padding=&#8221;0px||0px|&#8221;][et_pb_row admin_label=&#8221;rang\u00e9e&#8221;][et_pb_column type=&#8221;4_4&#8243;][et_pb_cta admin_label=&#8221;Appel \u00e0 l\u2019action&#8221; background_color=&#8221;#2caaca&#8221; use_background_color=&#8221;off&#8221; background_layout=&#8221;dark&#8221; text_orientation=&#8221;center&#8221; url_new_window=&#8221;off&#8221; use_border_color=&#8221;off&#8221; border_color=&#8221;#ffffff&#8221; border_style=&#8221;solid&#8221; custom_button=&#8221;off&#8221; button_letter_spacing=&#8221;0&#8243; button_use_icon=&#8221;default&#8221; button_icon_placement=&#8221;right&#8221; button_on_hover=&#8221;on&#8221; button_letter_spacing_hover=&#8221;0&#8243;]<\/p>\n<h1 style=\"text-align: center;\">Faites la promotion <strong>de votre art<\/strong> et de vos \u00e9v\u00e9nements <strong>artistiques<\/strong><br \/>\nsur PitturiAmo, en ligne et en direct<\/h1>\n<p style=\"text-align: center;\">D\u00e9couvrez tous les outils pour vous promouvoir et avoir de la visibilit\u00e9 \u00e0 la fois sur PitturiAmo et sur tous les autres canaux en ligne et hors ligne.<\/p>\n<p>[\/et_pb_cta][\/et_pb_column][\/et_pb_row][\/et_pb_section][et_pb_section admin_label=&#8221;Sezione&#8221; fullwidth=&#8221;off&#8221; specialty=&#8221;off&#8221; transparent_background=&#8221;off&#8221; allow_player_pause=&#8221;off&#8221; inner_shadow=&#8221;off&#8221; parallax=&#8221;off&#8221; parallax_method=&#8221;off&#8221; custom_padding=&#8221;0px||0px|&#8221; make_fullwidth=&#8221;off&#8221; use_custom_width=&#8221;off&#8221; width_unit=&#8221;on&#8221; make_equal=&#8221;off&#8221; use_custom_gutter=&#8221;off&#8221;][et_pb_row admin_label=&#8221;Riga&#8221; make_fullwidth=&#8221;off&#8221; use_custom_width=&#8221;off&#8221; width_unit=&#8221;on&#8221; use_custom_gutter=&#8221;off&#8221; allow_player_pause=&#8221;off&#8221; parallax=&#8221;off&#8221; parallax_method=&#8221;off&#8221; make_equal=&#8221;off&#8221; parallax_1=&#8221;off&#8221; parallax_method_1=&#8221;off&#8221; custom_padding=&#8221;||0px|&#8221;][et_pb_column type=&#8221;4_4&#8243;][et_pb_text admin_label=&#8221;Testo&#8221; background_layout=&#8221;light&#8221; text_orientation=&#8221;left&#8221; use_border_color=&#8221;off&#8221; border_color=&#8221;#ffffff&#8221; border_style=&#8221;solid&#8221;]<\/p>\n<h2 style=\"text-align: center;\">Services vedettes de PitturiAmo<\/h2>\n<p>[\/et_pb_text][et_pb_shop admin_label=&#8221;Prodotti in Evidenza&#8221; type=&#8221;featured&#8221; posts_number=&#8221;5&#8243; columns_number=&#8221;5&#8243; orderby=&#8221;date&#8221; title_font_size=&#8221;14&#8243;]<\/p>\n<p>[\/et_pb_shop][\/et_pb_column][\/et_pb_row][\/et_pb_section][et_pb_section admin_label=&#8221;Sezione&#8221; fullwidth=&#8221;on&#8221; specialty=&#8221;off&#8221; transparent_background=&#8221;off&#8221; allow_player_pause=&#8221;off&#8221; inner_shadow=&#8221;off&#8221; parallax=&#8221;off&#8221; parallax_method=&#8221;off&#8221; disabled=&#8221;on&#8221; disabled_on=&#8221;on|on|on&#8221; make_fullwidth=&#8221;off&#8221; use_custom_width=&#8221;off&#8221; width_unit=&#8221;on&#8221; make_equal=&#8221;off&#8221; use_custom_gutter=&#8221;off&#8221;][et_pb_fullwidth_image admin_label=&#8221;Promo&#8221; src=&#8221;https:\/\/www.pitturiamo.shop\/wp-content\/uploads\/promo-profilo-pitturiamo-shop.jpg&#8221; alt=&#8221;Profitez de la promotion du lancement. 30 % de r\u00e9duction sur le service annuel de gestion de profil sur PitturiAmo avec le code promo promo promoassistenza30 &#8221; title_text=&#8221;Profil annuel de Promo Management &#8211; 30 %&#8221; show_in_lightbox=&#8221;off&#8221; url=&#8221;http:\/\/www.pitturiamo.shop\/promozione-artista\/pitturiamo\/gestione-profilo-artista\/&#8221; url_new_window=&#8221;off&#8221; use_overlay=&#8221;off&#8221; animation=&#8221;top&#8221; use_border_color=&#8221;off&#8221; border_color=&#8221;#ffffff&#8221; border_style=&#8221;solid&#8221;]<\/p>\n<p>[\/et_pb_fullwidth_image][\/et_pb_section][et_pb_section admin_label=&#8221;Sezione&#8221; fullwidth=&#8221;off&#8221; specialty=&#8221;off&#8221; transparent_background=&#8221;off&#8221; allow_player_pause=&#8221;off&#8221; inner_shadow=&#8221;off&#8221; parallax=&#8221;off&#8221; parallax_method=&#8221;off&#8221; custom_padding=&#8221;||0px|&#8221; make_fullwidth=&#8221;off&#8221; use_custom_width=&#8221;off&#8221; width_unit=&#8221;on&#8221; make_equal=&#8221;off&#8221; use_custom_gutter=&#8221;off&#8221;][et_pb_row admin_label=&#8221;Riga&#8221; make_fullwidth=&#8221;off&#8221; use_custom_width=&#8221;off&#8221; width_unit=&#8221;on&#8221; use_custom_gutter=&#8221;off&#8221; allow_player_pause=&#8221;off&#8221; parallax=&#8221;off&#8221; parallax_method=&#8221;off&#8221; make_equal=&#8221;off&#8221; parallax_1=&#8221;off&#8221; parallax_method_1=&#8221;off&#8221;][et_pb_column type=&#8221;4_4&#8243;][et_pb_text admin_label=&#8221;Testo&#8221; background_layout=&#8221;light&#8221; text_orientation=&#8221;left&#8221; use_border_color=&#8221;off&#8221; border_color=&#8221;#ffffff&#8221; border_style=&#8221;solid&#8221;]<\/p>\n<h2 style=\"text-align: center;\">D\u00e9couvrez tous les services que vous pouvez utiliser pour vous promouvoir<\/h2>\n<p style=\"text-align: center;\">Am\u00e9liorez votre pr\u00e9sence sur PitturiAmo, cr\u00e9ez des campagnes promotionnelles en ligne, cr\u00e9ez des brochures et des catalogues<br \/>\n<strong>pour vous faire conna\u00eetre et appr\u00e9cier, de tous !<\/strong><\/p>\n<p>[\/et_pb_text][\/et_pb_column][\/et_pb_row][et_pb_row admin_label=&#8221;Riga&#8221; make_fullwidth=&#8221;off&#8221; use_custom_width=&#8221;off&#8221; width_unit=&#8221;on&#8221; use_custom_gutter=&#8221;off&#8221; custom_padding=&#8221;0px||0px|&#8221; allow_player_pause=&#8221;off&#8221; parallax=&#8221;off&#8221; parallax_method=&#8221;off&#8221; make_equal=&#8221;off&#8221; parallax_1=&#8221;off&#8221; parallax_method_1=&#8221;off&#8221; parallax_2=&#8221;off&#8221; parallax_method_2=&#8221;off&#8221;][et_pb_column type=&#8221;1_3&#8243;][et_pb_cta admin_label=&#8221;Visibilit\u00e9 sur PitturiAmo&#8221; title=&#8221;Promouve-toi sur PitturiAmo&#8221; button_url=&#8221;https:\/\/www.pitturiamo.shop\/fr\/strumenti\/pitturiamo\/&#8221; background_color=&#8221;#dedede&#8221; use_background_color=&#8221;on&#8221; background_layout=&#8221;light&#8221; text_orientation=&#8221;center&#8221; url_new_window=&#8221;off&#8221; use_border_color=&#8221;off&#8221; border_color=&#8221;#ffffff&#8221; border_style=&#8221;solid&#8221; custom_button=&#8221;on&#8221; button_letter_spacing=&#8221;0&#8243; button_use_icon=&#8221;default&#8221; button_icon_placement=&#8221;right&#8221; button_on_hover=&#8221;on&#8221; button_letter_spacing_hover=&#8221;0&#8243; body_font_size=&#8221;15&#8243; button_text=&#8221;Lisez nos propositions&#8221; custom_css_main_element=&#8221;min-height:500px;||height:auto !important;||height:500px;||border-radius:10px;||&#8221; button_text_color_hover=&#8221;#ffffff&#8221;]<\/p>\n<p>Am\u00e9liorez votre pr\u00e9sence sur <a href=\"https:\/\/www.pitturiamo.com\">PitturiAmo &#8211; le portail des peintres contemporains en<\/a> achetant nos services pour augmenter la visibilit\u00e9 sur le portail. Vous augmentez votre classement et obtenez plus <strong>de vues<\/strong> et <strong>de prospects<\/strong>. Achetez sur <strong>la boutique PitturiAmo<\/strong> ou directement <strong>dans la zone r\u00e9serv\u00e9e. <\/strong>Services li\u00e9s \u00e0<strong><a href=\"https:\/\/www.pitturiamo.com\"> PitturiAmo<\/a>.<\/strong>  <\/p>\n<p><a href=\"https:\/\/www.pitturiamo.com\"><img loading=\"lazy\" decoding=\"async\" class=\"size-full wp-image-406\" src=\"https:\/\/www.pitturiamo.shop\/wp-content\/uploads\/PitturiAmo-rotondo-1.png\" alt=\"Ventes de peintures en ligne\" width=\"100\" height=\"100\"><\/a><\/p>\n<p>[\/et_pb_cta][\/et_pb_column][et_pb_column type=&#8221;1_3&#8243;][et_pb_cta admin_label=&#8221;Visibilit\u00e9 en ligne&#8221; title=&#8221;Faites la promotion sur Internet&#8221; button_url=&#8221;https:\/\/www.pitturiamo.shop\/fr\/strumenti\/internet\/&#8221; background_color=&#8221;#dedede&#8221; use_background_color=&#8221;on&#8221; background_layout=&#8221;light&#8221; text_orientation=&#8221;center&#8221; url_new_window=&#8221;off&#8221; use_border_color=&#8221;off&#8221; border_color=&#8221;#ffffff&#8221; border_style=&#8221;solid&#8221; custom_button=&#8221;on&#8221; button_letter_spacing=&#8221;0&#8243; button_use_icon=&#8221;default&#8221; button_icon_placement=&#8221;right&#8221; button_on_hover=&#8221;on&#8221; button_letter_spacing_hover=&#8221;0&#8243; body_font_size=&#8221;15&#8243; button_text=&#8221;Lisez nos propositions&#8221; custom_css_main_element=&#8221;min-height:500px;||height:auto !important;||height:500px;||border-radius:10px;&#8221; button_text_color_hover=&#8221;#ffffff&#8221;]<\/p>\n<p>Augmentez votre <strong>visibilit\u00e9 en ligne<\/strong> en tirant parti des canaux propos\u00e9s <strong>par Google<\/strong>, <strong>Facebook<\/strong> et d\u2019autres outils promotionnels. Cr\u00e9ez <strong>des campagnes promotionnelles<\/strong> sur <strong>les moteurs de recherche<\/strong> et <strong>les r\u00e9seaux sociaux<\/strong> totalement ind\u00e9pendantes et exemptes de PitturiAmo. Faites-vous conna\u00eetre sur <strong>tous les autres sites d\u2019art<\/strong> \u00e9galement.  <\/p>\n<p><img loading=\"lazy\" decoding=\"async\" class=\"aligncenter size-full wp-image-410\" src=\"https:\/\/www.pitturiamo.shop\/wp-content\/uploads\/FB-GG-1.png\" alt=\"\" width=\"200\" height=\"100\" srcset=\"https:\/\/www.pitturiamo.shop\/wp-content\/uploads\/FB-GG-1.png 200w, https:\/\/www.pitturiamo.shop\/wp-content\/uploads\/FB-GG-1-150x75.png 150w\" sizes=\"auto, (max-width: 200px) 100vw, 200px\" \/><\/p>\n<p>[\/et_pb_cta][\/et_pb_column][et_pb_column type=&#8221;1_3&#8243;][et_pb_cta admin_label=&#8221;Outils de promotion&#8221; title=&#8221;Faites la promotion lors d\u2019\u00e9v\u00e9nements en direct&#8221; button_url=&#8221;https:\/\/www.pitturiamo.shop\/strumenti\/mostre-fiere-eventi\/&#8221; background_color=&#8221;#dedede&#8221; use_background_color=&#8221;on&#8221; background_layout=&#8221;light&#8221; text_orientation=&#8221;center&#8221; url_new_window=&#8221;off&#8221; use_border_color=&#8221;off&#8221; border_color=&#8221;#ffffff&#8221; border_style=&#8221;solid&#8221; custom_button=&#8221;on&#8221; button_letter_spacing=&#8221;0&#8243; button_use_icon=&#8221;default&#8221; button_icon_placement=&#8221;right&#8221; button_on_hover=&#8221;on&#8221; button_letter_spacing_hover=&#8221;0&#8243; body_font_size=&#8221;15&#8243; button_text=&#8221;Lisez nos propositions&#8221; custom_css_main_element=&#8221;min-height:500px;||height:auto !important;||height:500px;||border-radius:10px;&#8221; button_text_color_hover=&#8221;#ffffff&#8221;]<\/p>\n<p>Cr\u00e9ez <strong>des outils de promotion<\/strong> qui peuvent vous aider \u00e0 mieux vous faire conna\u00eetre <strong>dans le monde r\u00e9el<\/strong>. Votre art doit \u00eatre communiqu\u00e9 par tous les moyens, m\u00eame <strong>papier<\/strong>. Cr\u00e9ez <strong>des brochures<\/strong>, <strong>catalogues<\/strong>, <strong>cartes de visite<\/strong> et <strong>critiques<\/strong> \u00e0 diffuser lors de vos \u00e9v\u00e9nements.  <\/p>\n<p><img loading=\"lazy\" decoding=\"async\" class=\"aligncenter size-full wp-image-420\" src=\"https:\/\/www.pitturiamo.shop\/wp-content\/uploads\/Eventi-arte.png\" alt=\"\" width=\"100\" height=\"100\"><\/p>\n<p>[\/et_pb_cta][\/et_pb_column][\/et_pb_row][\/et_pb_section][et_pb_section admin_label=&#8221;Sezione&#8221; fullwidth=&#8221;off&#8221; specialty=&#8221;off&#8221;][et_pb_row admin_label=&#8221;Riga&#8221;][et_pb_column type=&#8221;4_4&#8243;][et_pb_text admin_label=&#8221;Testo&#8221; background_layout=&#8221;light&#8221; text_orientation=&#8221;left&#8221; use_border_color=&#8221;off&#8221; border_color=&#8221;#ffffff&#8221; border_style=&#8221;solid&#8221;]<\/p>\n<h2 style=\"text-align: center;\"><strong>Tu ne connais pas PitturiAmo ?<\/strong><\/h2>\n<h3 style=\"text-align: center;\">Regardez nos belles vid\u00e9os de pr\u00e9sentation.<\/h3>\n<p>[\/et_pb_text][\/et_pb_column][\/et_pb_row][et_pb_row admin_label=&#8221;Riga&#8221;][et_pb_column type=&#8221;1_3&#8243;][et_pb_video admin_label=&#8221;Video&#8221; src=&#8221;https:\/\/www.youtube.com\/watch?v=R3alSTrm1jA&#8221; image_src=&#8221;https:\/\/www.pitturiamo.shop\/wp-content\/uploads\/video-pitturiamo-1-1.jpg&#8221; src_webm=&#8221;https:\/\/www.youtube.com\/watch?v=R3alSTrm1jA&#8221;]<\/p>\n<p>[\/et_pb_video][\/et_pb_column][et_pb_column type=&#8221;1_3&#8243;][et_pb_video admin_label=&#8221;Video&#8221; src=&#8221;https:\/\/www.youtube.com\/watch?v=WVDomjuT-So&#8221; image_src=&#8221;https:\/\/www.pitturiamo.shop\/wp-content\/uploads\/video-pitturiamo-2.jpg&#8221; src_webm=&#8221;https:\/\/www.youtube.com\/watch?v=WVDomjuT-So&#8221;]<\/p>\n<p>[\/et_pb_video][\/et_pb_column][et_pb_column type=&#8221;1_3&#8243;][et_pb_code admin_label=&#8221;Code&#8221;]&lt;iframe src=&#8221;https:\/\/www.facebook.com\/plugins\/video.php?href=https%3A%2F%2Fwww.facebook.com%2FPitturiAmo%2Fvideos%2F1521091561332925%2F&amp;show_text=0&amp;width=560&nbsp;\u00bb largeur=&#8221;560&nbsp;\u00bb hauteur=&#8221;315&nbsp;\u00bb style=&#8221;bordure&nbsp;:aucun&nbsp;; overflow&nbsp;:hidden&nbsp;\u00bb d\u00e9filant=&#8221;non&nbsp;\u00bb frameborder=&#8221;0&nbsp;\u00bb allowTransparency=&#8221;true&nbsp;\u00bb allowFullScreen=&#8221;true&#8221;&gt;&lt;\/iframe&gt;[\/et_pb_code][\/et_pb_column][\/et_pb_row][\/et_pb_section][et_pb_section admin_label=&#8221;Sezione&#8221; fullwidth=&#8221;off&#8221; specialty=&#8221;off&#8221; transparent_background=&#8221;off&#8221; allow_player_pause=&#8221;off&#8221; inner_shadow=&#8221;off&#8221; parallax=&#8221;off&#8221; parallax_method=&#8221;off&#8221; custom_padding=&#8221;0px||0px|&#8221; make_fullwidth=&#8221;off&#8221; use_custom_width=&#8221;off&#8221; width_unit=&#8221;on&#8221; make_equal=&#8221;off&#8221; use_custom_gutter=&#8221;off&#8221;][et_pb_row admin_label=&#8221;Riga&#8221; make_fullwidth=&#8221;off&#8221; use_custom_width=&#8221;off&#8221; width_unit=&#8221;on&#8221; use_custom_gutter=&#8221;off&#8221; allow_player_pause=&#8221;off&#8221; parallax=&#8221;off&#8221; parallax_method=&#8221;off&#8221; make_equal=&#8221;off&#8221; parallax_1=&#8221;off&#8221; parallax_method_1=&#8221;off&#8221; custom_padding=&#8221;||0px|&#8221;][et_pb_column type=&#8221;4_4&#8243;][et_pb_text admin_label=&#8221;Testo&#8221; background_layout=&#8221;light&#8221; text_orientation=&#8221;left&#8221; use_border_color=&#8221;off&#8221; border_color=&#8221;#ffffff&#8221; border_style=&#8221;solid&#8221;]<\/p>\n<h3>Nos articles les plus populaires<\/h3>\n<p>[\/et_pb_text][et_pb_shop admin_label=&#8221;Prodotti pi\u00f9 popolari&#8221; type=&#8221;best_selling&#8221; posts_number=&#8221;8&#8243; columns=&#8221;3&#8243; orderby=&#8221;popularity&#8221; columns_number=&#8221;0&#8243; price_line_height=&#8221;20px&#8221; price_font_size=&#8221;15&#8243; title_font_size=&#8221;18&#8243;]<\/p>\n<p>[\/et_pb_shop][\/et_pb_column][\/et_pb_row][\/et_pb_section]<\/p>\n","protected":false},"excerpt":{"rendered":"<p>[et_pb_section admin_label=&#8221;section&#8221; fullwidth=&#8221;on&#8221; specialty=&#8221;off&#8221; background_color=&#8221;#b2ede0&#8243; inner_shadow=&#8221;off&#8221; parallax=&#8221;off&#8221;][et_pb_fullwidth_slider admin_label=&#8221;Fullwidth Slider&#8221; show_arrows=&#8221;on&#8221; show_pagination=&#8221;off&#8221; auto=&#8221;on&#8221; parallax=&#8221;off&#8221; auto_speed=&#8221;10000&#8243; auto_ignore_hover=&#8221;off&#8221; parallax_method=&#8221;off&#8221; remove_inner_shadow=&#8221;off&#8221; background_position=&#8221;default&#8221; background_size=&#8221;default&#8221; hide_content_on_mobile=&#8221;off&#8221; hide_cta_on_mobile=&#8221;off&#8221; show_image_video_mobile=&#8221;on&#8221; custom_button=&#8221;off&#8221; button_letter_spacing=&#8221;0&#8243; button_use_icon=&#8221;default&#8221; button_icon_placement=&#8221;right&#8221; button_on_hover=&#8221;on&#8221; button_letter_spacing_hover=&#8221;0&#8243; body_font_size=&#8221;14&#8243; body_line_height=&#8221;1.3em&#8221; header_line_height=&#8221;1.3em&#8221;] [et_pb_slide background_position=&#8221;center&#8221; background_size=&#8221;default&#8221; background_color=&#8221;#ffffff&#8221; use_bg_overlay=&#8221;off&#8221; use_text_overlay=&#8221;on&#8221; alignment=&#8221;center&#8221; background_layout=&#8221;dark&#8221; allow_player_pause=&#8221;off&#8221; text_border_radius=&#8221;3&#8243; header_font_select=&#8221;default&#8221; header_font=&#8221;||||&#8221; body_font_select=&#8221;default&#8221; body_font=&#8221;||||&#8221; custom_button=&#8221;off&#8221; button_font_select=&#8221;default&#8221; button_font=&#8221;||||&#8221; button_use_icon=&#8221;default&#8221; button_icon_placement=&#8221;right&#8221; button_on_hover=&#8221;on&#8221; background_image=&#8221;https:\/\/www.pitturiamo.shop\/wp-content\/uploads\/laghetto-di-montagna-mario-salvo.jpg&#8221; button_text=&#8221;R\u00e9servez d\u00e8s maintenant&#8221; [&hellip;]<\/p>\n","protected":false},"author":1,"featured_media":0,"parent":0,"menu_order":1,"comment_status":"closed","ping_status":"closed","template":"","meta":{"footnotes":""},"class_list":["post-9389","page","type-page","status-publish","hentry"],"_links":{"self":[{"href":"https:\/\/www.pitturiamo.shop\/fr\/wp-json\/wp\/v2\/pages\/9389","targetHints":{"allow":["GET"]}}],"collection":[{"href":"https:\/\/www.pitturiamo.shop\/fr\/wp-json\/wp\/v2\/pages"}],"about":[{"href":"https:\/\/www.pitturiamo.shop\/fr\/wp-json\/wp\/v2\/types\/page"}],"author":[{"embeddable":true,"href":"https:\/\/www.pitturiamo.shop\/fr\/wp-json\/wp\/v2\/users\/1"}],"replies":[{"embeddable":true,"href":"https:\/\/www.pitturiamo.shop\/fr\/wp-json\/wp\/v2\/comments?post=9389"}],"version-history":[{"count":7,"href":"https:\/\/www.pitturiamo.shop\/fr\/wp-json\/wp\/v2\/pages\/9389\/revisions"}],"predecessor-version":[{"id":9454,"href":"https:\/\/www.pitturiamo.shop\/fr\/wp-json\/wp\/v2\/pages\/9389\/revisions\/9454"}],"wp:attachment":[{"href":"https:\/\/www.pitturiamo.shop\/fr\/wp-json\/wp\/v2\/media?parent=9389"}],"curies":[{"name":"wp","href":"https:\/\/api.w.org\/{rel}","templated":true}]}}