{"id":9378,"date":"2017-01-10T10:48:47","date_gmt":"2017-01-10T09:48:47","guid":{"rendered":"https:\/\/www.pitturiamo.shop\/contactez-nous\/"},"modified":"2017-01-10T10:48:47","modified_gmt":"2017-01-10T09:48:47","slug":"contactez-nous","status":"publish","type":"page","link":"https:\/\/www.pitturiamo.shop\/fr\/contactez-nous\/","title":{"rendered":"Contactez-nous"},"content":{"rendered":"<p><strong>Pour toute information ou pour demander un devis gratuit, contactez PitturiAmo Shop. Remplissez les champs ci-dessous et vous recevrez une r\u00e9ponse d\u00e8s que possible.<\/strong><\/p>\n<p>Les donn\u00e9es saisies ne seront pas transf\u00e9r\u00e9es \u00e0 des tiers ni utilis\u00e9es \u00e0 d\u2019autres fins que celles pour lesquelles elles ont \u00e9t\u00e9 demand\u00e9es. Vous pouvez remplir uniquement les champs que vous jugez appropri\u00e9s mais, si vous souhaitez une r\u00e9ponse, laissez-nous vous joindre en laissant une adresse valide !<\/p>\n<p>Pour toute information, vous pouvez \u00e9galement nous contacter de mani\u00e8re traditionnelle :<\/p>\n<p style=\"padding-left: 60px;\">Boutique<br \/>\n <strong><em>PitturiAmo<\/em><\/strong><strong><em>PitturiAmo APS<\/em><\/strong><br \/>\n<em> Via Filippo Turati n\u00b0 22 \u2013 93100 Caltanissetta (CL \u2013 Sicile \u2013 Italie)<\/em><br \/>\n<em> T\u00e9l\u00e9phone mobile : +39 350 009 9415<\/em><br \/>\n<em> T\u00e9l\u00e9phone et fax : +39 0934 597211<\/em><\/p>\n<div role=\"form\" class=\"wpcf7\" id=\"wpcf7-f10615-o1\" lang=\"fr-FR\" dir=\"ltr\">\n<div class=\"screen-reader-response\"><\/div>\n<form action=\"\/fr\/wp-json\/wp\/v2\/pages\/9378#wpcf7-f10615-o1\" method=\"post\" class=\"wpcf7-form\" novalidate=\"novalidate\">\n<div style=\"display: none;\">\n<input type=\"hidden\" name=\"_wpcf7\" value=\"10615\" \/>\n<input type=\"hidden\" name=\"_wpcf7_version\" value=\"4.9.1\" \/>\n<input type=\"hidden\" name=\"_wpcf7_locale\" value=\"fr_FR\" \/>\n<input type=\"hidden\" name=\"_wpcf7_unit_tag\" value=\"wpcf7-f10615-o1\" \/>\n<input type=\"hidden\" name=\"_wpcf7_container_post\" value=\"0\" \/>\n<\/div>\n<div style=\"border:2px solid #9e2362; padding: 4%; margin: 2%; background-color:#f1f1f1; border-radius:10px;\">\n<h3><strong>Remplissez le formulaire suivant pour demander des informations<\/strong><\/h3>\n<p><span class=\"wpcf7-form-control-wrap nom\"><input type=\"text\" name=\"nom\" value=\"*Nom\" size=\"40\" class=\"wpcf7-form-control wpcf7-text wpcf7-validates-as-required\" aria-required=\"true\" aria-invalid=\"false\" \/><\/span><\/p>\n<p><span class=\"wpcf7-form-control-wrap nom\"><input type=\"text\" name=\"nom\" value=\"*Nom de famille\" size=\"40\" class=\"wpcf7-form-control wpcf7-text wpcf7-validates-as-required\" aria-required=\"true\" aria-invalid=\"false\" \/><\/span><\/p>\n<p><\/p>\n<p><span class=\"wpcf7-form-control-wrap telefono\"><input type=\"text\" name=\"telefono\" value=\"\" size=\"40\" class=\"wpcf7-form-control wpcf7-text\" aria-invalid=\"false\" placeholder=\"T\u00e9l\u00e9phone\" \/><\/span><\/p>\n<p>S\u00e9lectionnez une province :<\/p>\n<p><span class=\"wpcf7-form-control-wrap provincia\"><select name=\"provincia\" class=\"wpcf7-form-control wpcf7-select\" aria-invalid=\"false\"><option value=\"\">---<\/option><option value=\"Agrigente\">Agrigente<\/option><option value=\"Alexandrie\">Alexandrie<\/option><option value=\"Ancona\">Ancona<\/option><option value=\"Aosta\">Aosta<\/option><option value=\"Arezzo\">Arezzo<\/option><option value=\"Ascoli Piceno\">Ascoli Piceno<\/option><option value=\"Asti\">Asti<\/option><option value=\"Avellino\">Avellino<\/option><option value=\"Bari\">Bari<\/option><option value=\"Barletta-Andria-Trani\">Barletta-Andria-Trani<\/option><option value=\"Belluno\">Belluno<\/option><option value=\"B\u00e9n\u00e9vent\">B\u00e9n\u00e9vent<\/option><option value=\"Bergame\">Bergame<\/option><option value=\"Bielle\">Bielle<\/option><option value=\"Bologne\">Bologne<\/option><option value=\"Bolzano\">Bolzano<\/option><option value=\"Brescia\">Brescia<\/option><option value=\"Brindisi\">Brindisi<\/option><option value=\"Cagliari\">Cagliari<\/option><option value=\"Caltanissetta\">Caltanissetta<\/option><option value=\"Campobasso\">Campobasso<\/option><option value=\"Carbonia-Iglesias\">Carbonia-Iglesias<\/option><option value=\"Caserta\">Caserta<\/option><option value=\"Catane\">Catane<\/option><option value=\"Catanzaro\">Catanzaro<\/option><option value=\"Chieti\">Chieti<\/option><option value=\"Como\">Como<\/option><option value=\"Cosenza\">Cosenza<\/option><option value=\"Cr\u00e9mone\">Cr\u00e9mone<\/option><option value=\"Crotone\">Crotone<\/option><option value=\"Cuneo\">Cuneo<\/option><option value=\"Enna\">Enna<\/option><option value=\"Ferrare\">Ferrare<\/option><option value=\"Entreprise\">Entreprise<\/option><option value=\"Florence\">Florence<\/option><option value=\"Foggia\">Foggia<\/option><option value=\"Forl\u00ec-Cesena\">Forl\u00ec-Cesena<\/option><option value=\"Frosinone\">Frosinone<\/option><option value=\"G\u00eanes\">G\u00eanes<\/option><option value=\"Gorizia\">Gorizia<\/option><option value=\"Grosseto\">Grosseto<\/option><option value=\"Imperia\">Imperia<\/option><option value=\"Isernia \u00bb \u00ab L\u2019Aquila\">Isernia \u00bb \u00ab L\u2019Aquila<\/option><option value=\"La Spezia\">La Spezia<\/option><option value=\"Latina\">Latina<\/option><option value=\"Lecce\">Lecce<\/option><option value=\"Lecco\">Lecco<\/option><option value=\"Livorno\">Livorno<\/option><option value=\"Louanges\">Louanges<\/option><option value=\"Lucques\">Lucques<\/option><option value=\"Macerata\">Macerata<\/option><option value=\"Mantoue\">Mantoue<\/option><option value=\"Massa Carrara\">Massa Carrara<\/option><option value=\"Matera\">Matera<\/option><option value=\"Campidano moyen\">Campidano moyen<\/option><option value=\"Messine\">Messine<\/option><option value=\"Milan\">Milan<\/option><option value=\"Modena\">Modena<\/option><option value=\"Monza et Brianza\">Monza et Brianza<\/option><option value=\"Naples\">Naples<\/option><option value=\"Novare\">Novare<\/option><option value=\"Nuoro\">Nuoro<\/option><option value=\"Ogliastra\">Ogliastra<\/option><option value=\"Olbia-Tempio\">Olbia-Tempio<\/option><option value=\"Oristano\">Oristano<\/option><option value=\"Padoue\">Padoue<\/option><option value=\"Palerme\">Palerme<\/option><option value=\"Parme\">Parme<\/option><option value=\"Pavie\">Pavie<\/option><option value=\"P\u00e9rouse\">P\u00e9rouse<\/option><option value=\"Pesaro Urbino\">Pesaro Urbino<\/option><option value=\"Pescara\">Pescara<\/option><option value=\"Piacenza\">Piacenza<\/option><option value=\"Pise\">Pise<\/option><option value=\"Pistoia\">Pistoia<\/option><option value=\"Pordenone\">Pordenone<\/option><option value=\"Puissance\">Puissance<\/option><option value=\"Pelouse\">Pelouse<\/option><option value=\"Raguse\">Raguse<\/option><option value=\"Ravenna\">Ravenna<\/option><option value=\"Reggio de Calabre\">Reggio de Calabre<\/option><option value=\"Reggio Emilia\">Reggio Emilia<\/option><option value=\"Rieti\">Rieti<\/option><option value=\"Rimini\">Rimini<\/option><option value=\"Rome\">Rome<\/option><option value=\"Rovigo\">Rovigo<\/option><option value=\"Salerne\">Salerne<\/option><option value=\"Sassari\">Sassari<\/option><option value=\"Savone\">Savone<\/option><option value=\"Sienne\">Sienne<\/option><option value=\"Syracuse\">Syracuse<\/option><option value=\"Sondrio\">Sondrio<\/option><option value=\"Tarente\">Tarente<\/option><option value=\"Teramo\">Teramo<\/option><option value=\"Terni\">Terni<\/option><option value=\"Turin\">Turin<\/option><option value=\"Exercices\">Exercices<\/option><option value=\"Trento\">Trento<\/option><option value=\"Tr\u00e9vise\">Tr\u00e9vise<\/option><option value=\"Trieste\">Trieste<\/option><option value=\"Udine\">Udine<\/option><option value=\"Var\u00e8se\">Var\u00e8se<\/option><option value=\"Venise\">Venise<\/option><option value=\"Verbano-Cusio-Ossola\">Verbano-Cusio-Ossola<\/option><option value=\"Vercelli\">Vercelli<\/option><option value=\"Venise\">Venise<\/option><option value=\"V\u00e9rone\">V\u00e9rone<\/option><option value=\"Vibo Valentia\">Vibo Valentia<\/option><option value=\"Vicence\">Vicence<\/option><option value=\"Viterbe\">Viterbe<\/option><\/select><\/span><\/p>\n<p><span class=\"wpcf7-form-control-wrap messaggio\"><textarea name=\"messaggio\" cols=\"40\" rows=\"10\" class=\"wpcf7-form-control wpcf7-textarea\" aria-invalid=\"false\" placeholder=\"Message\"><\/textarea><\/span><\/p>\n<p><span class=\"wpcf7-form-control-wrap accetta1\"><input type=\"checkbox\" name=\"accetta1\" value=\"1\" class=\"wpcf7-form-control wpcf7-acceptance\" id=\"accetta1\" aria-invalid=\"false\" \/><\/span>J\u2019ai lu la <a href=\"https:\/\/www.pitturiamo.shop\/privacy-policy\/\" title=\"Lisez les clauses de la Politique de confidentialit\u00e9 - PitturiAmo Shop\" target=\"_blank\"><strong>politique de confidentialit\u00e9<\/strong><\/a> et j\u2019exprime mon consentement au traitement des donn\u00e9es personnelles conform\u00e9ment \u00e0 l\u2019art. 13 du d\u00e9cret l\u00e9gislatif 196\/2003. *<\/p>\n<p>Souhaitez-vous recevoir des informations p\u00e9riodiques via une newsletter ? <span class=\"wpcf7-form-control-wrap newsletter\"><span class=\"wpcf7-form-control wpcf7-radio\" id=\"newsletter\"><span class=\"wpcf7-list-item first\"><input type=\"radio\" name=\"newsletter\" value=\"OUI\" \/><span class=\"wpcf7-list-item-label\">OUI<\/span><\/span><span class=\"wpcf7-list-item last\"><input type=\"radio\" name=\"newsletter\" value=\"NON\" checked=\"checked\" \/><span class=\"wpcf7-list-item-label\">NON<\/span><\/span><\/span><\/span><\/p>\n<p><span class=\"wpcf7-form-control-wrap capital-quiz\"><label><span class=\"wpcf7-quiz-label\">La capitale du Japon est-elle Rome ou Tokyo ?Tokyo<\/span> <input type=\"text\" name=\"capital-quiz\" size=\"40\" class=\"wpcf7-form-control wpcf7-quiz\" id=\"qatest\" autocomplete=\"off\" aria-required=\"true\" aria-invalid=\"false\" \/><\/label><input type=\"hidden\" name=\"_wpcf7_quiz_answer_capital-quiz\" value=\"fd9e3e47a2a71c671344d15b648c3b9f\" \/><\/span><\/p>\n<div class=\"wpcf7-form-control-wrap\"><div data-sitekey=\"6LeMEScUAAAAAKcOGvywnS0sTMdKw7867hBcSd_g\" data-size=\"compact\" class=\"wpcf7-form-control g-recaptcha wpcf7-recaptcha recaptcha\" id=\"recaptcha\"><\/div>\n<noscript>\n\t<div style=\"width: 302px; height: 422px;\">\n\t\t<div style=\"width: 302px; height: 422px; position: relative;\">\n\t\t\t<div style=\"width: 302px; height: 422px; position: absolute;\">\n\t\t\t\t<iframe src=\"https:\/\/www.google.com\/recaptcha\/api\/fallback?k=6LeMEScUAAAAAKcOGvywnS0sTMdKw7867hBcSd_g\" frameborder=\"0\" scrolling=\"no\" style=\"width: 302px; height:422px; border-style: none;\">\n\t\t\t\t<\/iframe>\n\t\t\t<\/div>\n\t\t\t<div style=\"width: 300px; height: 60px; border-style: none; bottom: 12px; left: 25px; margin: 0px; padding: 0px; right: 25px; background: #f9f9f9; border: 1px solid #c1c1c1; border-radius: 3px;\">\n\t\t\t\t<textarea id=\"g-recaptcha-response\" name=\"g-recaptcha-response\" class=\"g-recaptcha-response\" style=\"width: 250px; height: 40px; border: 1px solid #c1c1c1; margin: 10px 25px; padding: 0px; resize: none;\">\n\t\t\t\t<\/textarea>\n\t\t\t<\/div>\n\t\t<\/div>\n\t<\/div>\n<\/noscript>\n<\/div>\n<p><input type=\"submit\" value=\"ENVOYER\" class=\"wpcf7-form-control wpcf7-submit Invia\" \/><\/p>\n<p><strong>*champs requis<\/strong><\/p>\n<p>Pour activer le bouton, s\u00e9lectionnez la case \u00e0 cocher concernant la politique de confidentialit\u00e9\n<\/p><\/div>\n<div class=\"wpcf7-response-output wpcf7-display-none\"><\/div><\/form><\/div>\n","protected":false},"excerpt":{"rendered":"<p>Pour toute information ou pour demander un devis gratuit, contactez PitturiAmo Shop. Remplissez les champs ci-dessous et vous recevrez une r\u00e9ponse d\u00e8s que possible. Les donn\u00e9es saisies ne seront pas transf\u00e9r\u00e9es \u00e0 des tiers ni utilis\u00e9es \u00e0 d\u2019autres fins que celles pour lesquelles elles ont \u00e9t\u00e9 demand\u00e9es. Vous pouvez remplir uniquement les champs que vous [&hellip;]<\/p>\n","protected":false},"author":1,"featured_media":0,"parent":0,"menu_order":90,"comment_status":"closed","ping_status":"closed","template":"","meta":{"footnotes":""},"class_list":["post-9378","page","type-page","status-publish","hentry"],"_links":{"self":[{"href":"https:\/\/www.pitturiamo.shop\/fr\/wp-json\/wp\/v2\/pages\/9378","targetHints":{"allow":["GET"]}}],"collection":[{"href":"https:\/\/www.pitturiamo.shop\/fr\/wp-json\/wp\/v2\/pages"}],"about":[{"href":"https:\/\/www.pitturiamo.shop\/fr\/wp-json\/wp\/v2\/types\/page"}],"author":[{"embeddable":true,"href":"https:\/\/www.pitturiamo.shop\/fr\/wp-json\/wp\/v2\/users\/1"}],"replies":[{"embeddable":true,"href":"https:\/\/www.pitturiamo.shop\/fr\/wp-json\/wp\/v2\/comments?post=9378"}],"version-history":[{"count":0,"href":"https:\/\/www.pitturiamo.shop\/fr\/wp-json\/wp\/v2\/pages\/9378\/revisions"}],"wp:attachment":[{"href":"https:\/\/www.pitturiamo.shop\/fr\/wp-json\/wp\/v2\/media?parent=9378"}],"curies":[{"name":"wp","href":"https:\/\/api.w.org\/{rel}","templated":true}]}}