{"id":9377,"date":"2017-01-10T11:19:44","date_gmt":"2017-01-10T10:19:44","guid":{"rendered":"https:\/\/www.pitturiamo.shop\/politique-de-confidentialite\/"},"modified":"2017-01-10T11:19:44","modified_gmt":"2017-01-10T10:19:44","slug":"politique-de-confidentialite","status":"publish","type":"page","link":"https:\/\/www.pitturiamo.shop\/fr\/politique-de-confidentialite\/","title":{"rendered":"Politique de confidentialit\u00e9"},"content":{"rendered":"<h2><strong>Informations sur le traitement des donn\u00e9es personnelles<\/strong><\/h2>\n<p>Dans cette politique, nous vous fournissons toutes les informations concernant la mani\u00e8re dont nous collectons et traitons vos donn\u00e9es personnelles lorsque vous naviguez ou utilisez les services de notre site. Les donn\u00e9es fournies \u00e0 <strong>Antonino Argentati<\/strong> seront trait\u00e9es conform\u00e9ment aux dispositions de la <strong>l\u00e9gislation actuelle sur la vie priv\u00e9e<\/strong> , fond\u00e9e sur le <strong>r\u00e8glement europ\u00e9en 2016\/679<\/strong> (<em>RGPD)<\/em> et dans le code relatif \u00e0 la protection des donn\u00e9es personnelles d\u00e9cret l\u00e9gislatif 196\/03 modifi\u00e9 par le d\u00e9cret l\u00e9gislatif n\u00b0   101\/2018. Le but de cette politique est de vous informer sur la mani\u00e8re dont nous traitons vos donn\u00e9es personnelles de la mani\u00e8re la plus simple et la plus d\u00e9taill\u00e9e possible. Cette politique de confidentialit\u00e9, bien s\u00fbr, est r\u00e9serv\u00e9e uniquement \u00e0 <strong>Antonino Argentati<\/strong> et non aux sites tiers qui peuvent \u00eatre consult\u00e9s par l\u2019utilisateur via des liens. <\/p>\n<h2><strong>Donn\u00e9es susceptibles de traitement<\/strong><\/h2>\n<p>Nous vous expliquons quelles donn\u00e9es peuvent \u00eatre trait\u00e9es en parcourant les pages de ce site web.<\/p>\n<h3><strong>Navigation des donn\u00e9es<\/strong><\/h3>\n<p>Nos syst\u00e8mes et\/ou ceux de soci\u00e9t\u00e9s tierces avec lesquelles nous avons conclu des accords de collaboration directe ou indirecte, peuvent enregistrer diverses donn\u00e9es de connexion relatives \u00e0 votre session de navigation : adresse IP, date et heure d\u2019acc\u00e8s, adresse de la ressource consult\u00e9e (URL), toute page web d\u2019origine (r\u00e9f\u00e9rent), navigateur et syst\u00e8me d\u2019exploitation utilis\u00e9. Ces donn\u00e9es ne peuvent permettre, qu\u2019\u00e0 la suite d\u2019enqu\u00eates men\u00e9es par les autorit\u00e9s judiciaires, de retracer l\u2019identit\u00e9 du propri\u00e9taire de la connexion internet. En aucun cas nos employ\u00e9s ne pourront retracer ind\u00e9pendamment l\u2019identit\u00e9 des visiteurs gr\u00e2ce \u00e0 ces donn\u00e9es de navigation et en aucun cas la r\u00e9unification avec d\u2019autres donn\u00e9es de nos \u00e9tablissements ne sera effectu\u00e9e. possession ou possession de tiers.   <\/p>\n<h4><strong>Cookies<\/strong><\/h4>\n<p>Nos syst\u00e8mes et\/ou ceux des entreprises tierces, avec lesquelles nous avons conclu des accords de collaboration directe ou indirecte, peuvent transmettre des cookies de diff\u00e9rents types et \u00e0 des fins vari\u00e9es \u00e0 l\u2019appareil de l\u2019utilisateur. Pour plus d\u2019informations sur les cookies et leur utilisation par <strong>Antonino Argentati<\/strong> et des entreprises tierces, veuillez consulter les informations d\u00e9taill\u00e9es. <\/p>\n<h4><strong>Donn\u00e9es fournies volontairement<\/strong><\/h4>\n<p>Pour acc\u00e9der \u00e0 certains services ou performances, l\u2019utilisateur peut \u00eatre invit\u00e9 \u00e0 remplir des formulaires (comme, par exemple, des formulaires de contact ou d\u2019enregistrement) qui permettent la communication de donn\u00e9es personnelles (par exemple, adresse e-mail). Cette fourniture de donn\u00e9es peut parfois \u00eatre effectu\u00e9e de mani\u00e8re simplifi\u00e9e par l\u2019utilisateur via des proc\u00e9dures de \u00ab connexion \u00bb avec des services externes (tels que Facebook Connect) qui, apr\u00e8s le consentement explicite de la partie concern\u00e9e, nous transmettront automatiquement et \u00e9lectroniquement uniquement et exclusivement les donn\u00e9es requises pour l\u2019enregistrement du service demand\u00e9. L\u2019acquisition des donn\u00e9es, lorsque cela est n\u00e9cessaire, est la condition indispensable pour acc\u00e9der aux services propos\u00e9s par notre site. \u00ab Donn\u00e9es fournies volontairement \u00bb sont \u00e9galement comprises comme celles envoy\u00e9es par e-mail \u00e0 tout employ\u00e9 de notre \u00e9tablissement.   <\/p>\n<h3><strong>Objectif du traitement<\/strong><\/h3>\n<p>Nous expliquons pourquoi nous collectons et traitons vos donn\u00e9es dans le cadre de buts sp\u00e9cifiques. Nous utilisons des donn\u00e9es de navigation, des cookies et des donn\u00e9es qui nous sont fournis volontairement par les utilisateurs uniquement pour les besoins de leur collecte. <\/p>\n<h4><strong>Fichiers journaux et autres<\/strong><\/h4>\n<p>Pour des raisons de s\u00e9curit\u00e9, et afin de respecter des obligations l\u00e9gales sp\u00e9cifiques, les donn\u00e9es techniques de connexion des utilisateurs sont enregistr\u00e9es dans des fichiers texte stock\u00e9s sur notre serveur afin de surveiller le bon fonctionnement du site et de prot\u00e9ger nos syst\u00e8mes contre toute attaque informatique. D\u2019autres logiciels sur nos syst\u00e8mes peuvent effectuer des op\u00e9rations similaires \u00e0 des fins de s\u00e9curit\u00e9 informatique. <\/p>\n<h4><strong>Widgets tiers<\/strong><\/h4>\n<p>Sur certaines pages du site, il peut y avoir des outils fournis par des tiers tels que des vid\u00e9os, des \u00e9l\u00e9ments provenant de r\u00e9seaux sociaux et d\u2019autres fonctions \u00e0 distance. Ces outils peuvent interagir avec le syst\u00e8me de l\u2019utilisateur en envoyant des cookies. <\/p>\n<h4><strong>Formulaires de contact \/ Inscription<\/strong><\/h4>\n<p>Les donn\u00e9es personnelles fournies volontairement dans les formulaires appropri\u00e9s sont trait\u00e9es :<\/p>\n<ul type=\"disc\">\n<li>pouvoir fournir les services demand\u00e9s (comme, par exemple, l\u2019enregistrement au Forum ou \u00e0 d\u2019autres services r\u00e9seau) ;<\/li>\n<li>pouvoir fournir le service de newsletter ou envoyer des informations et\/ou des communications publicitaires ;<\/li>\n<li>pouvoir traiter automatiquement et\/ou manuellement des demandes sp\u00e9cifiques des utilisateurs (par exemple, r\u00e9pondre aux demandes de contact soumises via les formulaires appropri\u00e9s) ;<\/li>\n<li>pour effectuer toute op\u00e9ration de facturation (dans le cas de services payants) et\/ou pour se conformer \u00e0 des obligations l\u00e9gales sp\u00e9cifiques.<\/li>\n<\/ul>\n<h4><strong>Newsletter \/ DEM<\/strong><\/h4>\n<p>En s\u2019inscrivant via les formulaires appropri\u00e9s disponibles sur diff\u00e9rentes pages du site, l\u2019adresse e-mail de l\u2019utilisateur est acquise et incluse dans une liste de contacts \u00e0 qui des messages e-mail contenant des informations, y compris commerciales et promotionnelles, peuvent \u00eatre envoy\u00e9s, avec ou sans une fr\u00e9quence p\u00e9riodique. Le contenu de la communication peut \u00e9galement inclure des publicit\u00e9s provenant d\u2019entreprises tierces (MNE). Votre adresse e-mail peut \u00e9galement \u00eatre ajout\u00e9e \u00e0 cette liste en suivant votre inscription \u00e0 certains services (comme le Forum).  <\/p>\n<h3><strong>Base l\u00e9gale du traitement<\/strong><\/h3>\n<p>Nous expliquons la base l\u00e9gale sur laquelle reposent les diff\u00e9rents traitements de donn\u00e9es effectu\u00e9s par le site et les exigences de validit\u00e9 pour votre consentement au traitement de vos donn\u00e9es personnelles. Pour certaines op\u00e9rations de traitement, le consentement de la personne concern\u00e9e n\u2019est pas requis. En particulier, il n\u2019est pas possible de donner ou de refuser le consentement concernant l\u2019enregistrement des fichiers journaux, la mesure des statistiques d\u2019acc\u00e8s au site et l\u2019envoi de cookies strictement n\u00e9cessaires \u00e0 l\u2019exploitation technique et\/ou commerciale du site. Dans tous ces cas, en fait, <strong>Antonino Argentati<\/strong> <strong>a un int\u00e9r\u00eat l\u00e9gitime<\/strong> pour le bon fonctionnement de son activit\u00e9 en ligne. Dans toutes les autres circonstances, le traitement repose sur <strong>le consentement de la personne concern\u00e9e<\/strong>, qui est libre de la donner ou non. <strong>Le consentement de la personne concern\u00e9e est essentiel \u00e0 des fins marketing<\/strong> telles que, par exemple, l\u2019envoi d\u2019informations commerciales par e-mail ou l\u2019acceptation de cookies de profilage pour l\u2019affichage de messages publicitaires personnalis\u00e9s.    <\/p>\n<h4><strong>Consentement de la personne concern\u00e9e<\/strong><\/h4>\n<p>Dans tous les cas o\u00f9 le consentement de l\u2019utilisateur est requis pour le traitement, celui-ci doit \u00eatre conscient, libre et inconditionnel. Cependant, le non-respect de la fourniture de donn\u00e9es peut rendre impossible l\u2019acc\u00e8s \u00e0 certains services ou avantages (par exemple, vous ne pouvez pas vous abonner au service de newsletter si vous ne donnez pas votre consentement). Pour la validit\u00e9 du consentement, la personne concern\u00e9e doit avoir au moins 14 ans. <strong>L\u2019utilisation de tous nos services impliquant un traitement de donn\u00e9es volontaire est donc interdite \u00e0 ceux qui n\u2019ont pas atteint cette limite d\u2019\u00e2ge<\/strong>.  <\/p>\n<h3><strong>M\u00e9thodes de traitement<\/strong><\/h3>\n<p>Nous expliquons comment vos donn\u00e9es sont g\u00e9r\u00e9es. Les donn\u00e9es trait\u00e9es sont trait\u00e9es avec des outils informatiques de mani\u00e8re principalement automatis\u00e9e, avec des techniques et mesures visant \u00e0 r\u00e9duire, autant que possible, l\u2019intervention humaine. L\u2019acc\u00e8s manuel par les op\u00e9rateurs autoris\u00e9s n\u2019est accord\u00e9 que dans des cas sp\u00e9ciaux et limit\u00e9s.  <\/p>\n<h4><strong>Qui peut acc\u00e9der \u00e0 vos donn\u00e9es<\/strong><\/h4>\n<p>Nous vous disons qui peut acc\u00e9der aux donn\u00e9es que nous g\u00e9rons lui-m\u00eame. L\u2019acc\u00e8s \u00e0 nos syst\u00e8mes est autoris\u00e9, en plus de nos nomm\u00e9s, aux employ\u00e9s nomm\u00e9s pour accomplir les t\u00e2ches de mise \u00e0 jour et de maintenance des syst\u00e8mes informatiques qui leur sont confi\u00e9s. <\/p>\n<h4><strong>Pr\u00e9cautions de s\u00e9curit\u00e9<\/strong><\/h4>\n<p>Nous vous expliquons comment nous prot\u00e9geons vos donn\u00e9es. Des mesures de s\u00e9curit\u00e9 appropri\u00e9es sont observ\u00e9es pour pr\u00e9venir la perte de donn\u00e9es, leur falsification, leur utilisation illicite et les acc\u00e8s non autoris\u00e9s. <\/p>\n<h4><strong>Dur\u00e9e du traitement<\/strong><\/h4>\n<p>Nous expliquons combien de temps vos donn\u00e9es seront trait\u00e9es dans nos syst\u00e8mes. Les donn\u00e9es sont trait\u00e9es pour le temps n\u00e9cessaire \u00e0 l\u2019ex\u00e9cution du service demand\u00e9 par l\u2019utilisateur, ou requis selon les objectifs d\u00e9crits dans ce document. L\u2019utilisateur peut toujours demander l\u2019interruption d\u2019un traitement sp\u00e9cifique (par exemple, l\u2019annulation du service de newsletter) ou la suppression compl\u00e8te de ses donn\u00e9es. Certaines donn\u00e9es peuvent \u00eatre conserv\u00e9es m\u00eame apr\u00e8s suppression pour la dur\u00e9e requise pour le respect des obligations l\u00e9gales, \u00e0 condition qu\u2019il ne soit pas n\u00e9cessaire de les conserver davantage pour d\u00e9fendre ou revendiquer un droit ou pour se conformer \u00e0 d\u2019autres obligations ou ordonnances l\u00e9gales des autorit\u00e9s.   <\/p>\n<h4><strong>Responsable des donn\u00e9es<\/strong><\/h4>\n<p>Nous vous informons de qui est le responsable des donn\u00e9es et comment vous pouvez le contacter pour poser vos questions ou exercer vos droits. Titulaire du traitement des donn\u00e9es personnelles <strong>Antonino Argentati<\/strong> \u2013 Via Filippo Turati, 22 93100 \u2013 Caltanissetta \u2013 courrier : info@argentati.eu \u2013 Tel. 338 9687800 <\/p>\n<h4><strong>Droits de la personne concern\u00e9e<\/strong><\/h4>\n<p>Nous vous expliquons quels sont vos droits et comment vous pouvez les exercer. Les personnes concern\u00e9es par les donn\u00e9es personnelles susmentionn\u00e9es (les \u00ab personnes concern\u00e9es \u00bb) ont le droit d\u2019exercer leurs droits de mani\u00e8re et dans les limites pr\u00e9vues par la l\u00e9gislation actuelle sur la vie priv\u00e9e. En particulier, la personne concern\u00e9e b\u00e9n\u00e9ficie des droits suivants :  <\/p>\n<ul type=\"disc\">\n<li><strong>Acc\u00e8s<\/strong> : la personne concern\u00e9e a le droit de demander si des donn\u00e9es la concernant sont trait\u00e9es et, le cas \u00e9ch\u00e9ant, elle a le droit d\u2019en avoir connaissance.<\/li>\n<li><strong>Rectification<\/strong> : la partie int\u00e9ress\u00e9e peut demander \u00e0 corriger ou compl\u00e9ter les donn\u00e9es qu\u2019elle nous a fournies ou en tout cas en notre possession, si elles sont inexactes.<\/li>\n<li><strong>Effacement<\/strong> : La personne concern\u00e9e peut demander la suppression de ses donn\u00e9es si elles ne sont plus n\u00e9cessaires pour les fins pour lesquelles elles ont \u00e9t\u00e9 collect\u00e9es ou en cas de retrait de consentement, d\u2019objection au traitement, en cas de traitement ill\u00e9gal, ou s\u2019il existe une obligation l\u00e9gale d\u2019effacement ;<\/li>\n<li><strong>Restriction<\/strong> : la personne concern\u00e9e peut demander la restriction du traitement de ses donn\u00e9es personnelles, lorsque l\u2019une des conditions mentionn\u00e9es \u00e0 l\u2019art. 18 du RGPD ; Dans ce cas, vos donn\u00e9es ne seront pas trait\u00e9es, sauf pour leur stockage, sans votre consentement, sauf comme expliqu\u00e9 dans le m\u00eame article au paragraphe 2. <\/li>\n<li><strong>Objection<\/strong> : la personne concern\u00e9e peut s\u2019opposer \u00e0 tout moment au traitement de ses donn\u00e9es effectu\u00e9 sur la base de notre int\u00e9r\u00eat l\u00e9gitime, sauf s\u2019il existe des raisons l\u00e9gitimes pour que nous proc\u00e9dons au traitement qui pr\u00e9vauvent sur le v\u00f4tre, par exemple pour l\u2019exercice ou notre d\u00e9fense devant le tribunal.<\/li>\n<li><strong>Portabilit\u00e9<\/strong> : la personne concern\u00e9e peut demander \u00e0 recevoir ses donn\u00e9es, ou \u00e0 les faire transmettre \u00e0 un autre contr\u00f4leur qu\u2019il ou elle indique, dans un format structur\u00e9, couramment utilis\u00e9 et lisible par machine.<\/li>\n<\/ul>\n<p>De plus, conform\u00e9ment \u00e0 l\u2019art. 7, par. 3, RGPD, nous vous informons que vous pouvez exercer votre <strong>droit de retirer<\/strong> votre consentement \u00e0 tout moment, sans pr\u00e9judice de la l\u00e9galit\u00e9 du traitement sur la base du consentement pr\u00e9c\u00e9demment donn\u00e9. <\/p>\n","protected":false},"excerpt":{"rendered":"<p>Informations sur le traitement des donn\u00e9es personnelles Dans cette politique, nous vous fournissons toutes les informations concernant la mani\u00e8re dont nous collectons et traitons vos donn\u00e9es personnelles lorsque vous naviguez ou utilisez les services de notre site. Les donn\u00e9es fournies \u00e0 Antonino Argentati seront trait\u00e9es conform\u00e9ment aux dispositions de la l\u00e9gislation actuelle sur la vie [&hellip;]<\/p>\n","protected":false},"author":1,"featured_media":0,"parent":0,"menu_order":94,"comment_status":"closed","ping_status":"closed","template":"","meta":{"footnotes":""},"class_list":["post-9377","page","type-page","status-publish","hentry"],"_links":{"self":[{"href":"https:\/\/www.pitturiamo.shop\/fr\/wp-json\/wp\/v2\/pages\/9377","targetHints":{"allow":["GET"]}}],"collection":[{"href":"https:\/\/www.pitturiamo.shop\/fr\/wp-json\/wp\/v2\/pages"}],"about":[{"href":"https:\/\/www.pitturiamo.shop\/fr\/wp-json\/wp\/v2\/types\/page"}],"author":[{"embeddable":true,"href":"https:\/\/www.pitturiamo.shop\/fr\/wp-json\/wp\/v2\/users\/1"}],"replies":[{"embeddable":true,"href":"https:\/\/www.pitturiamo.shop\/fr\/wp-json\/wp\/v2\/comments?post=9377"}],"version-history":[{"count":0,"href":"https:\/\/www.pitturiamo.shop\/fr\/wp-json\/wp\/v2\/pages\/9377\/revisions"}],"wp:attachment":[{"href":"https:\/\/www.pitturiamo.shop\/fr\/wp-json\/wp\/v2\/media?parent=9377"}],"curies":[{"name":"wp","href":"https:\/\/api.w.org\/{rel}","templated":true}]}}