{"id":9018,"date":"2022-01-13T10:45:59","date_gmt":"2022-01-13T09:45:59","guid":{"rendered":"https:\/\/www.pitturiamo.shop\/politique-des-cookies\/"},"modified":"2022-01-13T10:45:59","modified_gmt":"2022-01-13T09:45:59","slug":"politique-des-cookies","status":"publish","type":"page","link":"https:\/\/www.pitturiamo.shop\/fr\/politique-des-cookies\/","title":{"rendered":"Politique des cookies"},"content":{"rendered":"<h2><strong>Politique \u00e9tendue sur les cookies<\/strong><\/h2>\n<p>Le 3 juin 2014, l\u2019Autorit\u00e9 italienne de protection des donn\u00e9es a publi\u00e9 au Journal officiel la disposition pour l\u2019identification de proc\u00e9dures simplifi\u00e9es d\u2019information et l\u2019obtention du consentement \u00e0 l\u2019utilisation des cookies, identifiant \u00e9galement les responsabilit\u00e9s des \u00ab \u00e9diteurs \u00bb et des \u00ab tiers \u00bb en ce qui concerne ces obligations (disposition n\u00b0 229 du 8 mai 2014).<\/p>\n<h3><strong>Qu\u2019est-ce que les cookies ?<\/strong><\/h3>\n<p>Un \u00ab cookie \u00bb est un fichier texte que les sites web envoient \u00e0 l\u2019ordinateur du visiteur pour identifier de mani\u00e8re unique le navigateur du visiteur ou pour enregistrer des informations ou des param\u00e8tres dans le navigateur. Lorsque vous revenez sur le site, ces informations pourront \u00eatre r\u00e9cup\u00e9r\u00e9es. Lors de la navigation sur un site, l\u2019utilisateur peut \u00e9galement recevoir des cookies sur son terminal provenant de sites autres que celui qu\u2019il visite (\u00ab tiers \u00bb) ; Cela peut arriver car le site que vous visitez peut \u00e9galement inclure des \u00e9l\u00e9ments tels que des statistiques, des discussions, des images, des cartes, etc. qui se trouvent sur des serveurs autres que celui que vous visitez.<\/p>\n<h3><strong>Types de cookies<\/strong><\/h3>\n<ul>\n<li>Cookies techniques : ils existent en 2 types ;\n<ul>\n<li><strong>Persistants :<\/strong> une fois le navigateur ferm\u00e9, ils ne sont pas d\u00e9truits mais restent jusqu\u2019\u00e0 une date d\u2019expiration pr\u00e9d\u00e9finie ;<\/li>\n<li><strong>de Session : <\/strong>ils sont d\u00e9truits \u00e0 chaque fermeture du navigateur, ils sont utilis\u00e9s uniquement pour suivre la session de l\u2019utilisateur lors de la navigation, permettant par exemple de faire un achat ou de s\u2019authentifier pour acc\u00e9der \u00e0 des zones restreintes.<\/li>\n<\/ul>\n<\/li>\n<li>Cookies analytiques : Ils ont des objectifs statistiques et sont assimil\u00e9s aux cookies techniques, ils collectent des informations, sous forme agr\u00e9g\u00e9e, sur les acc\u00e8s, le nombre d\u2019utilisateurs et la mani\u00e8re dont ils utilisent le site.<\/li>\n<li>Cookies fonctionnels : ce sont ceux qui stockent, afin d\u2019am\u00e9liorer le service, certaines pr\u00e9f\u00e9rences des utilisateurs telles que la langue, les produits s\u00e9lectionn\u00e9s pour l\u2019achat, etc.<\/li>\n<li>Cookies de profilage : le but est de cr\u00e9er des profils li\u00e9s \u00e0 l\u2019utilisateur puis d\u2019afficher des messages publicitaires en fonction des pr\u00e9f\u00e9rences exprim\u00e9es par l\u2019utilisateur lors de la navigation sur le web.<\/li>\n<\/ul>\n<h3><strong>L\u2019Autorit\u00e9 distingue les obligations susmentionn\u00e9es en fonction du type de cookies utilis\u00e9s :<\/strong><\/h3>\n<ul>\n<li>Des cookies techniques auxquels sont \u00e9galement assimil\u00e9s les cookies de navigation, les cookies analytiques et les cookies de fonctionnalit\u00e9s, pour lesquels aucun consentement n\u2019est requis, sans pr\u00e9judice de l\u2019obligation d\u2019en informer ;<\/li>\n<li>Profilage des cookies. Pour ce type de cookie, le consentement de l\u2019utilisateur est requis pour les besoins de son installation, en plus des informations. En ce qui concerne les cookies de profilage, les \u00ab \u00e9diteurs \u00bb doivent fournir aux utilisateurs, lorsqu\u2019ils acc\u00e8dent \u00e0 la page d\u2019accueil ou \u00e0 une autre page du site, une br\u00e8ve information sur l\u2019utilisation des cookies de profilage contenant un lien permettant d\u2019acc\u00e9der \u00e0 des informations plus d\u00e9taill\u00e9es, y compris, le cas \u00e9ch\u00e9ant, aussi des informations relatives aux cookies tiers. Il doit \u00eatre clair d\u2019apr\u00e8s le texte de la communication que la poursuite de la navigation constitue un consentement \u00e0 l\u2019utilisation des cookies.   <\/li>\n<\/ul>\n<h3><strong>Quels cookies sont utilis\u00e9s sur le site ?<\/strong><\/h3>\n<ul>\n<li>Le site <strong>utilise des cookies techniques<\/strong> essentiels au fonctionnement m\u00eame du site. Ces cookies ne sont pas stock\u00e9s sur l\u2019ordinateur de l\u2019utilisateur mais restent dans la m\u00e9moire du navigateur uniquement pendant la p\u00e9riode de navigation sur le site. <\/li>\n<li>Le site contient des composants externes, tels que des cartes, des statistiques, des ic\u00f4nes sociales et, par cons\u00e9quent, des cookies tiers peuvent \u00eatre utilis\u00e9s, des liens vers les politiques pertinentes sont indiqu\u00e9s ci-dessous. Ce site n\u2019a aucun contr\u00f4le sur les cookies utilis\u00e9s par des tiers, qui ont leur propre politique de confidentialit\u00e9 pouvant diff\u00e9rer de celle adopt\u00e9e par ce site. <\/li>\n<\/ul>\n<h3><strong>Il est possible, ci-dessous, de consulter les politiques de confidentialit\u00e9 de ces tiers pr\u00e9sents sur le site.<\/strong><\/h3>\n<ul>\n<li>Le site utilise les statistiques <strong>de Google<\/strong> Analytics : <a href=\"https:\/\/www.google.com\/analytics\/learn\/privacy.html?hl=it\" target=\"_blank\" rel=\"noopener noreferrer\">Politique de confidentialit\u00e9<\/a> \u2013 <a href=\"https:\/\/www.google.it\/policies\/privacy\/partners\/\" target=\"_blank\" rel=\"noopener noreferrer\">Politique de confidentialit\u00e9 des partenaires<\/a> \u2013 <a href=\"https:\/\/www.google.it\/intl\/it\/policies\/technologies\/cookies\/\" target=\"_blank\" rel=\"noopener noreferrer\">Politique de cookies<\/a> ;<\/li>\n<li>Il est possible de d\u00e9sactiver s\u00e9lectivement l\u2019action de Google Analytics en installant le <a href=\"https:\/\/tools.google.com\/dlpage\/gaoptout\/\" target=\"_blank\" rel=\"noopener noreferrer\">composant de d\u00e9sinscription fourni par Google<\/a> sur votre navigateur ;<\/li>\n<li>Le site utilise un script <strong>addthis<\/strong> pour imprimer ou partager le contenu du site par email ou via les r\u00e9seaux sociaux. <a href=\"http:\/\/www.addthis.com\/privacy?utm_source=mf&amp;utm_medium=link&amp;utm_content=AT_privacy_MF15PC&amp;utm_campaign=AT_privacy\" target=\"_blank\" rel=\"noopener noreferrer\">Politique de confidentialit\u00e9<\/a>.<\/li>\n<\/ul>\n<h3><strong>Autres politiques de liens\/badges sur le site<\/strong><\/h3>\n<ul>\n<li>Google+ (<a href=\"http:\/\/www.google.com\/intl\/it_it\/policies\/technologies\/types\/\" target=\"_blank\" rel=\"noopener noreferrer\">divulgation<\/a>)<\/li>\n<li>Google Maps (<a href=\"https:\/\/www.google.it\/intl\/it\/policies\/technologies\/cookies\/\" target=\"_blank\" rel=\"noopener noreferrer\">divulgation<\/a>)<\/li>\n<li>Facebook (<a href=\"https:\/\/www.facebook.com\/help\/cookies\/\" target=\"_blank\" rel=\"noopener noreferrer\">divulgation<\/a>)<\/li>\n<li>Twitter (<a href=\"https:\/\/support.twitter.com\/articles\/20170519-uso-dei-cookie-e-di-altre-tecnologie-simili-da-parte-di-twitter\" target=\"_blank\" rel=\"noopener noreferrer\">divulgation<\/a>)<\/li>\n<li>LinkedIn (<a href=\"https:\/\/www.linkedin.com\/legal\/cookie-policy\" target=\"_blank\" rel=\"noopener noreferrer\">divulgation<\/a>)<\/li>\n<li>YouTube (<a href=\"https:\/\/www.youtube.com\/static?template=privacy_guidelines&amp;gl=IT\" target=\"_blank\" rel=\"noopener noreferrer\">divulgation<\/a>)<\/li>\n<\/ul>\n<p><strong>En continuant \u00e0 naviguer sur le site, vous acceptez l\u2019utilisation des cookies indiqu\u00e9s<\/strong><\/p>\n<h3><strong>Comment puis-je modifier mes param\u00e8tres de cookies ?<\/strong><\/h3>\n<p>La plupart des logiciels de navigation et navigateurs permettent de supprimer les cookies sur le disque dur de votre ordinateur ou m\u00eame de modifier les param\u00e8tres, m\u00eame avec la possibilit\u00e9 de bloquer l\u2019acceptation des cookies, <strong>cependant nous soulignons qu\u2019avec des param\u00e8tres trop restrictifs, la majorit\u00e9 des sites modernes ne fonctionneront pas correctement<\/strong>.<\/p>\n<h3><strong>Comment changer les param\u00e8tres pour :<\/strong><\/h3>\n<ul>\n<li><a href=\"http:\/\/www.google.com\/policies\/technologies\/managing\/\" target=\"http:\/\/www.google.com\/policies\/technologies\/managing\/\">Google Chrome<\/a><\/li>\n<li><a href=\"https:\/\/support.mozilla.org\/it\/kb\/Attivare%20e%20disattivare%20i%20cookie\" target=\"_blank\" rel=\"noopener noreferrer\">Mozilla Firefox<\/a><\/li>\n<li><a href=\"http:\/\/windows.microsoft.com\/it-it\/internet-explorer\/delete-manage-cookies#ie=ie-11\" target=\"_blank\" rel=\"noopener noreferrer\">Internet Explorer<\/a><\/li>\n<li><a href=\"https:\/\/support.apple.com\/it-it\/HT201265\" target=\"_blank\" rel=\"noopener noreferrer\">Safari<\/a><\/li>\n<li><a href=\"http:\/\/help.opera.com\/Mac\/12.10\/it\/cookies.html\" target=\"_blank\" rel=\"noopener noreferrer\">Op\u00e9ra<\/a><\/li>\n<\/ul>\n<p>Cette page est toujours accessible via le lien <strong>Politique des cookies<\/strong> en bas de toutes les pages du site.<\/p>\n","protected":false},"excerpt":{"rendered":"<p>Politique \u00e9tendue sur les cookies Le 3 juin 2014, l\u2019Autorit\u00e9 italienne de protection des donn\u00e9es a publi\u00e9 au Journal officiel la disposition pour l\u2019identification de proc\u00e9dures simplifi\u00e9es d\u2019information et l\u2019obtention du consentement \u00e0 l\u2019utilisation des cookies, identifiant \u00e9galement les responsabilit\u00e9s des \u00ab \u00e9diteurs \u00bb et des \u00ab tiers \u00bb en ce qui concerne ces obligations [&hellip;]<\/p>\n","protected":false},"author":1,"featured_media":0,"parent":0,"menu_order":0,"comment_status":"closed","ping_status":"closed","template":"","meta":{"footnotes":""},"class_list":["post-9018","page","type-page","status-publish","hentry"],"_links":{"self":[{"href":"https:\/\/www.pitturiamo.shop\/fr\/wp-json\/wp\/v2\/pages\/9018","targetHints":{"allow":["GET"]}}],"collection":[{"href":"https:\/\/www.pitturiamo.shop\/fr\/wp-json\/wp\/v2\/pages"}],"about":[{"href":"https:\/\/www.pitturiamo.shop\/fr\/wp-json\/wp\/v2\/types\/page"}],"author":[{"embeddable":true,"href":"https:\/\/www.pitturiamo.shop\/fr\/wp-json\/wp\/v2\/users\/1"}],"replies":[{"embeddable":true,"href":"https:\/\/www.pitturiamo.shop\/fr\/wp-json\/wp\/v2\/comments?post=9018"}],"version-history":[{"count":0,"href":"https:\/\/www.pitturiamo.shop\/fr\/wp-json\/wp\/v2\/pages\/9018\/revisions"}],"wp:attachment":[{"href":"https:\/\/www.pitturiamo.shop\/fr\/wp-json\/wp\/v2\/media?parent=9018"}],"curies":[{"name":"wp","href":"https:\/\/api.w.org\/{rel}","templated":true}]}}