{"id":9994,"date":"2023-01-19T19:52:10","date_gmt":"2023-01-19T18:52:10","guid":{"rendered":"https:\/\/www.pitturiamo.shop\/promozione-artista\/sin categor\u00eda\/artista-destacado\/"},"modified":"2023-01-19T19:52:10","modified_gmt":"2023-01-19T18:52:10","slug":"artista-destacado","status":"publish","type":"product","link":"https:\/\/www.pitturiamo.shop\/es\/promozione-artista\/internet\/artista-destacado\/","title":{"rendered":"Artista destacado"},"content":{"rendered":"<p>\u00bfSabes qu\u00e9 es lo m\u00e1s importante para quienes quieren darse a conocer en internet?  <strong>\u00a1Vizibilidad!<\/strong><\/p>\n<p>Puedes ser el mejor artista del mundo, tener la mejor web de la red o miles de contactos en Facebook e Instagram, pero si no eres visible y f\u00e1cilmente accesible, <strong>pr\u00e1cticamente no existes.<\/strong><\/p>\n<p>El primer y m\u00e1s importante paso para tener visibilidad en la web es estar <strong>presente en la portada<\/strong>; y en las <strong>primeras posiciones en Google <\/strong>, cuando alguien realiza b\u00fasquedas relacionadas con el arte, <strong>sin conocer directamente <\/strong> (as\u00ed que las b\u00fasquedas con tu nombre y apellido no son v\u00e1lidas, porque significa que quienes te buscan ya te conocen).<\/p>\n<p>Por ejemplo, imagina este escenario.<br \/>\nCarla acaba de terminar de reformar su casa en Mil\u00e1n, ha invertido mucho dinero en la renovaci\u00f3n pero a\u00fan tiene la oportunidad de gastar algo para comprar un cuadro precioso para colgar en el sal\u00f3n, justo encima del sof\u00e1 m\u00e1s importante de la casa. No se conforma con cualquier pintura comprada en el centro comercial, quiere tener una obra de arte de un <strong>artista contempor\u00e1neo<\/strong>. Luego busca en internet y encuentra muchas pinturas a la venta, pero no est\u00e1 muy convencida. Antes de comprar, le gustar\u00eda <strong>ver la pintura en persona<\/strong>. Lo ideal ser\u00eda que conociera directamente a alg\u00fan buen artista contempor\u00e1neo de su ciudad, para poder ver la pintura en persona antes de comprarla y, quiz\u00e1, charlar con el artista. <strong>Pero no conoce a nadie.<\/strong> As\u00ed que tuvo una idea: buscar en Internet pintores de su provincia. <strong>Va a Google y realiza la siguiente b\u00fasqueda<\/strong>: &#8220;pittori di Milano&#8221;. En <strong>la parte superior encuentra<\/strong> una p\u00e1gina de PitturiAmo, hace clic y ve el perfil de 20 artistas en Mil\u00e1n. Junto a cada uno de ellos est\u00e1 la siguiente frase: &#8220;artista l\u00edder de la provincia de Mil\u00e1n&#8221;. <strong>Esto la anim\u00f3 mucho, hizo clic en el primer artista, vio sus obras y decidi\u00f3 contactar con \u00e9l.<\/strong><br \/>\n\u00bfTe gustar\u00eda ser un ARTISTA L\u00cdDER en tu provincia y recibir contactos de todos los que buscan artistas contempor\u00e1neos en su provincia o regi\u00f3n o, incluso, en toda Italia?      <\/p>\n","protected":false},"excerpt":{"rendered":"<p>\u00bfTe gustar\u00eda ser el artista de referencia l\u00edder para compradores, entusiastas del arte, coleccionistas, galeristas de tu provincia, tu regi\u00f3n o incluso de toda Italia?<br \/>\nCon &#8220;L\u00edder Artista&#8221; te convertir\u00e1s en el artista de referencia para tu \u00e1rea geogr\u00e1fica.<br \/>\nAprovechando la enorme visibilidad de PitturiAmo en los motores de b\u00fasqueda, puedes ser el primero cuando alguien busque pintores de tu provincia, tu regi\u00f3n o de toda Italia.<\/p>\n","protected":false},"featured_media":7985,"comment_status":"open","ping_status":"closed","template":"","meta":[],"product_brand":[],"product_cat":[138],"product_tag":[],"class_list":{"0":"post-9994","1":"product","2":"type-product","3":"status-publish","4":"has-post-thumbnail","6":"product_cat-internet","8":"first","9":"instock","10":"sold-individually","11":"purchasable","12":"product-type-variable"},"_links":{"self":[{"href":"https:\/\/www.pitturiamo.shop\/es\/wp-json\/wp\/v2\/product\/9994","targetHints":{"allow":["GET"]}}],"collection":[{"href":"https:\/\/www.pitturiamo.shop\/es\/wp-json\/wp\/v2\/product"}],"about":[{"href":"https:\/\/www.pitturiamo.shop\/es\/wp-json\/wp\/v2\/types\/product"}],"replies":[{"embeddable":true,"href":"https:\/\/www.pitturiamo.shop\/es\/wp-json\/wp\/v2\/comments?post=9994"}],"wp:featuredmedia":[{"embeddable":true,"href":"https:\/\/www.pitturiamo.shop\/es\/wp-json\/wp\/v2\/media\/7985"}],"wp:attachment":[{"href":"https:\/\/www.pitturiamo.shop\/es\/wp-json\/wp\/v2\/media?parent=9994"}],"wp:term":[{"taxonomy":"product_brand","embeddable":true,"href":"https:\/\/www.pitturiamo.shop\/es\/wp-json\/wp\/v2\/product_brand?post=9994"},{"taxonomy":"product_cat","embeddable":true,"href":"https:\/\/www.pitturiamo.shop\/es\/wp-json\/wp\/v2\/product_cat?post=9994"},{"taxonomy":"product_tag","embeddable":true,"href":"https:\/\/www.pitturiamo.shop\/es\/wp-json\/wp\/v2\/product_tag?post=9994"}],"curies":[{"name":"wp","href":"https:\/\/api.w.org\/{rel}","templated":true}]}}