{"id":9975,"date":"2023-04-28T11:35:02","date_gmt":"2023-04-28T09:35:02","guid":{"rendered":"https:\/\/www.pitturiamo.shop\/promozione-artista\/sin categor\u00eda\/proteggiamo\/"},"modified":"2023-04-28T11:35:02","modified_gmt":"2023-04-28T09:35:02","slug":"proteggiamo","status":"publish","type":"product","link":"https:\/\/www.pitturiamo.shop\/es\/promozione-artista\/pitturiamo\/proteggiamo\/","title":{"rendered":"ProteggiAmo"},"content":{"rendered":"<p style=\"text-align: left;\">Has creado hermosas obras de arte y quieres darlas a conocer a tus admiradores. Promocionarlos en l\u00ednea los expone al riesgo de ser <strong>copiados<\/strong> o, peor a\u00fan, <strong>robados<\/strong>. <\/p>\n<p style=\"text-align: left;\">La &#8220;<strong>marca de tiempo<\/strong>&#8221; identifica una fecha y hora concretas en un documento electr\u00f3nico que contiene una obra de arte, protegiendo al autor del plagio.<\/p>\n<h2>Protegemos tus 5 mejores obras de arte durante al menos 20 a\u00f1os<\/h2>\n<p><b>La documentaci\u00f3n te ser\u00e1 enviada en formato PDF de alta resoluci\u00f3n.  <\/b>No necesitas imprimirlo, pero si lo haces, tienes la opci\u00f3n de obtener impresiones de alta calidad. Simplemente guarda los archivos que has recibido en un lugar seguro (por ejemplo, una memoria USB en una caja fuerte). El servicio incluye:  <\/p>\n<ul>\n<li style=\"text-align: left;\"><strong>Marca de tiempo<\/strong> en tus <strong>5<\/strong> mejores obras, con identificaci\u00f3n segura de fecha y hora y validez legal en los 172 pa\u00edses de la Convenci\u00f3n de Berna. <em> As\u00ed que pones un sello en tus creaciones y te proteges del plagio y el robo;<\/em><\/li>\n<li style=\"text-align: left;\"><strong>El registro en Blockchain<\/strong> de tus 5 funcionamientos, con la atribuci\u00f3n de una huella especial (<strong>hash<\/strong>) para cada uno de ellos. <em>As\u00ed que tu arte ser\u00e1 reconocido en el circuito mundial;<\/em><\/li>\n<li><strong>Certificado de registro<\/strong> en PDF de alta resoluci\u00f3n para impresi\u00f3n, para cada una de las 5 obras;<\/li>\n<li><strong>Declaraci\u00f3n de autor\u00eda<\/strong> en PDF de alta resoluci\u00f3n para la impresi\u00f3n de las 5 obras registradas;<\/li>\n<li>5 <strong>Pinturas destacadas<\/strong> en www.pitturiamo.com durante un a\u00f1o<\/li>\n<li>5 <strong>pinturas a la venta directa<\/strong> en www.pitturiamo.com durante un a\u00f1o<\/li>\n<li>La <strong>nota<\/strong> cr\u00edtica de 1000 caracteres<\/li>\n<li><strong>El art\u00edculo<\/strong> se centraba en tu arte, con las 5 obras y la nota cr\u00edtica en PitturiAmo Magazine, la revista dedicada a artistas<\/li>\n<li style=\"text-align: left;\">Toda la documentaci\u00f3n enviada<strong> por correo electr\u00f3nico en formato PDF.<\/strong><em> As\u00ed podr\u00e1s tener f\u00e1cilmente todas las copias que quieras y enviarlas cuando lo necesites.<\/em><\/li>\n<\/ul>\n<h3><strong>Solo para los primeros 20 artistas participantes, ofrecidos con un 67% de descuento<\/strong><\/h3>\n","protected":false},"excerpt":{"rendered":"<p>Proteger <strong>los derechos de autor<\/strong> y <strong>los derechos de autor<\/strong>. Protege tu obra de arte contra <strong>copias no autorizadas<\/strong>. <\/p>\n<h4>Solo para los primeros 20 artistas participantes, ofrecidos con un 67% de descuento<\/h4>\n","protected":false},"featured_media":8404,"comment_status":"open","ping_status":"closed","template":"","meta":[],"product_brand":[],"product_cat":[122],"product_tag":[],"class_list":{"0":"post-9975","1":"product","2":"type-product","3":"status-publish","4":"has-post-thumbnail","6":"product_cat-pitturiamo","8":"first","9":"instock","10":"sale","11":"featured","12":"virtual","13":"purchasable","14":"product-type-simple"},"_links":{"self":[{"href":"https:\/\/www.pitturiamo.shop\/es\/wp-json\/wp\/v2\/product\/9975","targetHints":{"allow":["GET"]}}],"collection":[{"href":"https:\/\/www.pitturiamo.shop\/es\/wp-json\/wp\/v2\/product"}],"about":[{"href":"https:\/\/www.pitturiamo.shop\/es\/wp-json\/wp\/v2\/types\/product"}],"replies":[{"embeddable":true,"href":"https:\/\/www.pitturiamo.shop\/es\/wp-json\/wp\/v2\/comments?post=9975"}],"wp:featuredmedia":[{"embeddable":true,"href":"https:\/\/www.pitturiamo.shop\/es\/wp-json\/wp\/v2\/media\/8404"}],"wp:attachment":[{"href":"https:\/\/www.pitturiamo.shop\/es\/wp-json\/wp\/v2\/media?parent=9975"}],"wp:term":[{"taxonomy":"product_brand","embeddable":true,"href":"https:\/\/www.pitturiamo.shop\/es\/wp-json\/wp\/v2\/product_brand?post=9975"},{"taxonomy":"product_cat","embeddable":true,"href":"https:\/\/www.pitturiamo.shop\/es\/wp-json\/wp\/v2\/product_cat?post=9975"},{"taxonomy":"product_tag","embeddable":true,"href":"https:\/\/www.pitturiamo.shop\/es\/wp-json\/wp\/v2\/product_tag?post=9975"}],"curies":[{"name":"wp","href":"https:\/\/api.w.org\/{rel}","templated":true}]}}