{"id":9965,"date":"2023-04-13T12:46:35","date_gmt":"2023-04-13T10:46:35","guid":{"rendered":"https:\/\/www.pitturiamo.shop\/promozione-artista\/sin categor\u00eda\/tu-arte-de-360-durante-365-dias\/"},"modified":"2023-04-13T12:46:35","modified_gmt":"2023-04-13T10:46:35","slug":"tu-arte-de-360-durante-365-dias","status":"publish","type":"product","link":"https:\/\/www.pitturiamo.shop\/es\/promozione-artista\/exposiciones-ferias-eventos\/tu-arte-de-360-durante-365-dias\/","title":{"rendered":"Tu arte de 360\u00b0 durante 365 d\u00edas"},"content":{"rendered":"<p>\u00bfEres artista y te cuesta dar a conocer y apreciar tu arte? \u00bfTe gustar\u00eda darte a conocer ante los grandes propietarios internacionales de galer\u00edas, tener la visibilidad adecuada en la web, ponerte en contacto con otros artistas, comisarios, galeristas, operadores <strong>de arte pero no sabes c\u00f3mo hacerlo?<\/strong><br \/>\n<strong>Tenemos, para ti, una noticia maravillosa<\/strong>.<br \/>\nDamos visibilidad a tu <strong>arte en la galer\u00eda<\/strong> y <strong>en los primeros lugares<\/strong> en los motores<strong> de b\u00fasqueda durante 365 d\u00edas<\/strong>.<\/p>\n<p>Damos visibilidad a tu arte en <strong>la WEB<\/strong> y en la <strong>GALER\u00cdA<\/strong> <strong>los 365<\/strong> d\u00edas del a\u00f1o.<br \/>\n<strong>Esto es lo que proponemos:<\/strong><\/p>\n<ul>\n<li>\n<h5>M\u00e1xima visibilidad en PitturiAmo durante 365 d\u00edas<\/h5>\n<p><strong>10 Pinturas destacadas en PitturiAmo, durante todo un a\u00f1o.<\/strong> <em>As\u00ed puedes tener la m\u00e1xima visibilidad en la red m\u00e1s importante dedicada a los pintores contempor\u00e1neos, que cuenta <strong>con m\u00e1s de 5000 visitantes \u00fanicos<\/strong> al d\u00eda;<\/em><\/li>\n<li>\n<h5>Primero en Google durante 365 d\u00edas<\/h5>\n<p><strong>Con Pinturas Destacadas eres el primero en Google durante 365 d\u00edas.<\/strong>  As\u00ed que puedes aprovechar el motor de b\u00fasqueda principal para hacerte conocer en l\u00ednea;<\/li>\n<li>\n<h5>Venta de tus obras en Dropshipping durante 365 d\u00edas<\/h5>\n<p><strong>10 de tus pinturas expuestas para la venta directa en PitturiAmo, durante 365 d\u00edas<\/strong>. Los usuarios pueden comprarlos directamente en l\u00ednea pagando con <strong>PayPal<\/strong> o <strong>tarjeta de cr\u00e9dito<\/strong>. <em>As\u00ed puedes aprovechar la oportunidad de comprar por impulso;<\/em> <\/li>\n<li>\n<h5>30 d\u00edas de exposici\u00f3n f\u00edsica en la galer\u00eda<\/h5>\n<p><strong>1 mes de exposici\u00f3n f\u00edsica en una galer\u00eda de Barletta<\/strong>. <em>En la galer\u00eda ZeroUno de Anna Soricaro, en un periodo de m\u00e1xima afluencia tur\u00edstica en Puglia;<\/em><\/li>\n<li>\n<h5>El art\u00edculo sobre la revista PitturiAmo per sempre<\/h5>\n<p><strong>Publicaremos un art\u00edculo editorial en PitturiAmo Magazine<\/strong>, la revista PitturiAmo dedicada a artistas, que registra m\u00e1s de 10.000 visitas al mes. \u00a1Para siempre! <\/li>\n<li>\n<h5>Certificado de participaci\u00f3n<\/h5>\n<p><strong>Certificado PitturiAmo en pdf<\/strong> <em>Para que puedas enriquecer tu curr\u00edculum vitae y presentar tu arte de la mejor manera posible.<\/em><\/li>\n<li>\n<h5>Presencia en el folleto del evento<\/h5>\n<p><strong>Incluida en el folleto <\/strong>dedicado al evento, en formato <strong>PDF<\/strong> de alta resoluci\u00f3n. <em>As\u00ed que puedes dar fe a todos tus contactos sobre tu compromiso con el mundo del arte, <strong>f\u00e1cilmente online<\/strong> o a trav\u00e9s de <strong>la prensa profesional<\/strong>;<\/em><\/li>\n<li>\n<h5>Promoci\u00f3n en redes sociales con motivo de la exposici\u00f3n en la galer\u00eda<\/h5>\n<p><strong>Material publicitario \u00fatil<\/strong> para promocionar tu negocio en redes sociales con motivo de la exposici\u00f3n en la galer\u00eda. <em>Esto te facilitar\u00e1 compartir toda la informaci\u00f3n m\u00e1s \u00fatil para promocionarte;<\/em><\/li>\n<li>\n<h5>Invitaci\u00f3n a la inauguraci\u00f3n en la galer\u00eda<\/h5>\n<p><strong>La invitaci\u00f3n a la inauguraci\u00f3n del evento.<\/strong> <em>As\u00ed podr\u00e1s conocer personalmente a galeristas, comisarios, cr\u00edticos y muchos otros artistas como t\u00fa;<\/em><\/li>\n<\/ul>\n<h4 style=\"text-align: center;\">\u20ac1,20 x 365 d\u00edas = \u20ac<br \/>\n438,00 <strong>(45% de descuento, solo para los primeros 20 artistas)<\/strong><\/h4>\n<p>Te ofrecemos un descuento infalible del 45%, pagando as\u00ed todos los servicios listados al coste de un caf\u00e9 al d\u00eda.<\/p>\n<p>Si tienes alguna duda, <strong>contacta con tu consultor de PitturiAmo <\/strong>o env\u00edanos un correo electr\u00f3nico a info@pitturiamo.com<\/p>\n","protected":false},"excerpt":{"rendered":"<p><strong>Tu arte de 360\u00b0 durante 365 d\u00edas<\/strong><br \/>\nPromovemos tu arte en el mundo real y virtual.<\/p>\n<p>A costa de un caf\u00e9 al d\u00eda.<\/p>\n<p><strong>Exposici\u00f3n f\u00edsica en Caltanissetta, en la espl\u00e9ndida ubicaci\u00f3n municipal del Palazzo Moncada. Del 17 de septiembre al 16 de octubre de 2025.<\/strong><\/p>\n","protected":false},"featured_media":8036,"comment_status":"open","ping_status":"closed","template":"","meta":[],"product_brand":[],"product_cat":[140,138],"product_tag":[],"class_list":{"0":"post-9965","1":"product","2":"type-product","3":"status-publish","4":"has-post-thumbnail","6":"product_cat-exposiciones-ferias-eventos","7":"product_cat-internet","9":"first","10":"instock","11":"featured","12":"virtual","13":"sold-individually","14":"purchasable","15":"product-type-simple"},"_links":{"self":[{"href":"https:\/\/www.pitturiamo.shop\/es\/wp-json\/wp\/v2\/product\/9965","targetHints":{"allow":["GET"]}}],"collection":[{"href":"https:\/\/www.pitturiamo.shop\/es\/wp-json\/wp\/v2\/product"}],"about":[{"href":"https:\/\/www.pitturiamo.shop\/es\/wp-json\/wp\/v2\/types\/product"}],"replies":[{"embeddable":true,"href":"https:\/\/www.pitturiamo.shop\/es\/wp-json\/wp\/v2\/comments?post=9965"}],"wp:featuredmedia":[{"embeddable":true,"href":"https:\/\/www.pitturiamo.shop\/es\/wp-json\/wp\/v2\/media\/8036"}],"wp:attachment":[{"href":"https:\/\/www.pitturiamo.shop\/es\/wp-json\/wp\/v2\/media?parent=9965"}],"wp:term":[{"taxonomy":"product_brand","embeddable":true,"href":"https:\/\/www.pitturiamo.shop\/es\/wp-json\/wp\/v2\/product_brand?post=9965"},{"taxonomy":"product_cat","embeddable":true,"href":"https:\/\/www.pitturiamo.shop\/es\/wp-json\/wp\/v2\/product_cat?post=9965"},{"taxonomy":"product_tag","embeddable":true,"href":"https:\/\/www.pitturiamo.shop\/es\/wp-json\/wp\/v2\/product_tag?post=9965"}],"curies":[{"name":"wp","href":"https:\/\/api.w.org\/{rel}","templated":true}]}}