{"id":9942,"date":"2023-10-04T11:26:50","date_gmt":"2023-10-04T09:26:50","guid":{"rendered":"https:\/\/www.pitturiamo.shop\/promozione-artista\/sin categor\u00eda\/entrevista-con-el-artista\/"},"modified":"2023-10-04T11:26:50","modified_gmt":"2023-10-04T09:26:50","slug":"entrevista-con-el-artista","status":"publish","type":"product","link":"https:\/\/www.pitturiamo.shop\/es\/promozione-artista\/pitturiamo\/entrevista-con-el-artista\/","title":{"rendered":"Entrevista con el artista"},"content":{"rendered":"<p style=\"clear: both; font-size: 20px; line-height: normal; text-align: center;\"><em><strong>Una entrevista exclusiva con PitturiAmo<\/strong><\/em><\/p>\n<p style=\"clear: both; font-size: 20px; line-height: normal; text-align: center;\"><strong>Comisariada por Anna Soricaro, cr\u00edtica, experta, propietaria de galer\u00eda y comisaria de arte con m\u00e1s de 20 a\u00f1os de experiencia en la promoci\u00f3n de los artistas italianos m\u00e1s interesantes.<\/strong><\/p>\n<h2 style=\"clear: both; font-size: 26px; text-align: center;\"><strong>PINTURA &#8211; ESCULTURA &#8211; FOTOGRAF\u00cdA &#8211; ARTE DIGITAL<\/strong><\/h2>\n<p>Conceder una entrevista puede ser una oportunidad importante para compartir tu arte y tu trayectoria creativa con el p\u00fablico.<\/p>\n<p>Gracias a este tipo de experiencia, de hecho, el artista puede hablar de sus obras de arte y su t\u00e9cnica, dando a conocer su estilo y su inspiraci\u00f3n \u00fanicos.<\/p>\n<p>Pero conceder una entrevista tambi\u00e9n puede conducir a una mayor notoriedad y \u00e9xito, contribuyendo as\u00ed a la carrera del artista en el mundo de la pintura. De este modo, la entrevista puede ser una oportunidad para darte a conocer y aumentar tu n\u00famero de entusiastas, creando una base importante de admiradores para tus obras. <\/p>\n<p>En resumen, conceder una entrevista puede ser un paso fundamental para el crecimiento profesional de un artista, ayudando a dar valor a su arte y a que sea apreciado por un p\u00fablico cada vez m\u00e1s amplio.<\/p>\n<h3><strong>Esto es lo que obtienes:<\/strong><\/h3>\n<ul>\n<li><strong>Entrevista personal en v\u00eddeo con Anna Soricaro;<\/strong><\/li>\n<li><strong>Presentaci\u00f3n de tus mejores obras en v\u00eddeo superpuesto durante la entrevista;<\/strong><\/li>\n<li><strong>La promoci\u00f3n del v\u00eddeo en toda la red PitturiAmo, que recibe m\u00e1s de 3000 visitantes al d\u00eda;<\/strong><\/li>\n<li><strong>Promoci\u00f3n patrocinada en YouTube;<\/strong><\/li>\n<li><strong>Miles de visualizaciones de tu entrevista con amantes del arte, comisarios, propietarios de galer\u00edas;<\/strong><\/li>\n<li><strong>Una cr\u00edtica escrita (1 p\u00e1gina, 30 l\u00edneas para 60 caracteres, aproximadamente) por Anna Soricaro para tu arte.<\/strong><\/li>\n<\/ul>\n<h4><strong>\u00bfQui\u00e9n es Anna Soricaro<\/strong><\/h4>\n<p><img loading=\"lazy\" decoding=\"async\" class=\"alignleft wp-image-8155 size-medium\" src=\"https:\/\/www.pitturiamo.shop\/wp-content\/uploads\/Anna_Soricaro_critico-300x300.png\" alt=\"Anna Soricaro - Cr\u00edtica y consultora art\u00edstica de PitturiAmo\" width=\"200\" height=\"200\" srcset=\"https:\/\/www.pitturiamo.shop\/wp-content\/uploads\/Anna_Soricaro_critico-300x300.png 300w, https:\/\/www.pitturiamo.shop\/wp-content\/uploads\/Anna_Soricaro_critico-150x150.png 150w, https:\/\/www.pitturiamo.shop\/wp-content\/uploads\/Anna_Soricaro_critico-310x310.png 310w, https:\/\/www.pitturiamo.shop\/wp-content\/uploads\/Anna_Soricaro_critico-490x490.png 490w, https:\/\/www.pitturiamo.shop\/wp-content\/uploads\/Anna_Soricaro_critico-100x100.png 100w, https:\/\/www.pitturiamo.shop\/wp-content\/uploads\/Anna_Soricaro_critico.png 500w\" sizes=\"auto, (max-width: 200px) 100vw, 200px\" \/>Se gradu\u00f3 en Bari en literatura cl\u00e1sica con honores, perfeccion\u00e1ndose en el Mabec Master of Federculture. Es acad\u00e9mica y cr\u00edtica de arte, editora de textos, creadora y comisaria de exposiciones y proyectos interdisciplinarios, eventos culturales nacionales e internacionales; lleva a\u00f1os involucrada en la planificaci\u00f3n europea, desarrollando una red internacional de colaboraci\u00f3n en los \u00e1mbitos art\u00edstico y cultural. Desde 2005 es directora de la Fundaci\u00f3n De Nittis en Barletta. Desde 2015 es experto en arte registrado en la C\u00e1mara de Comercio de Bari. Es profesor de m\u00e1ster y preside art\u00edsticamente la galer\u00eda Zerouno.    <\/p>\n<p>Desde 2020 colabora activamente con PitturiAmo, organizando eventos art\u00edsticos en Italia y Europa, promoviendo las carreras de cientos de artistas.<\/p>\n<p style=\"clear: both; font-size: 20px; line-height: normal;\"><em>Para m\u00e1s informaci\u00f3n, contacta con tu consultora de PitturiAmo (Anna, Rossella o Monia) o con nuestro equipo editorial por WhatsApp en el n\u00famero 3500099415.<\/em><\/p>\n","protected":false},"excerpt":{"rendered":"<p><strong>Entrevista con Anna Soricaro<\/strong>, creaci\u00f3n de un <strong>v\u00eddeo<\/strong> y distribuci\u00f3n en <strong>toda la red PitturiAmo<\/strong> , patrocinado en <strong>Youtube<\/strong> para un p\u00fablico objetivo. \u00a1Conseguir\u00e1s miles de visualizaciones! <\/p>\n","protected":false},"featured_media":8154,"comment_status":"open","ping_status":"closed","template":"","meta":[],"product_brand":[],"product_cat":[122],"product_tag":[],"class_list":{"0":"post-9942","1":"product","2":"type-product","3":"status-publish","4":"has-post-thumbnail","6":"product_cat-pitturiamo","8":"first","9":"instock","10":"featured","11":"virtual","12":"sold-individually","13":"purchasable","14":"product-type-simple"},"_links":{"self":[{"href":"https:\/\/www.pitturiamo.shop\/es\/wp-json\/wp\/v2\/product\/9942","targetHints":{"allow":["GET"]}}],"collection":[{"href":"https:\/\/www.pitturiamo.shop\/es\/wp-json\/wp\/v2\/product"}],"about":[{"href":"https:\/\/www.pitturiamo.shop\/es\/wp-json\/wp\/v2\/types\/product"}],"replies":[{"embeddable":true,"href":"https:\/\/www.pitturiamo.shop\/es\/wp-json\/wp\/v2\/comments?post=9942"}],"wp:featuredmedia":[{"embeddable":true,"href":"https:\/\/www.pitturiamo.shop\/es\/wp-json\/wp\/v2\/media\/8154"}],"wp:attachment":[{"href":"https:\/\/www.pitturiamo.shop\/es\/wp-json\/wp\/v2\/media?parent=9942"}],"wp:term":[{"taxonomy":"product_brand","embeddable":true,"href":"https:\/\/www.pitturiamo.shop\/es\/wp-json\/wp\/v2\/product_brand?post=9942"},{"taxonomy":"product_cat","embeddable":true,"href":"https:\/\/www.pitturiamo.shop\/es\/wp-json\/wp\/v2\/product_cat?post=9942"},{"taxonomy":"product_tag","embeddable":true,"href":"https:\/\/www.pitturiamo.shop\/es\/wp-json\/wp\/v2\/product_tag?post=9942"}],"curies":[{"name":"wp","href":"https:\/\/api.w.org\/{rel}","templated":true}]}}