{"id":9895,"date":"2025-05-07T16:01:25","date_gmt":"2025-05-07T14:01:25","guid":{"rendered":"https:\/\/www.pitturiamo.shop\/promozione-artista\/sin categor\u00eda\/llamada-estrategica-con-nino-argentati\/"},"modified":"2025-05-07T16:01:25","modified_gmt":"2025-05-07T14:01:25","slug":"llamada-estrategica-con-nino-argentati","status":"publish","type":"product","link":"https:\/\/www.pitturiamo.shop\/es\/promozione-artista\/exposiciones-ferias-eventos\/llamada-estrategica-con-nino-argentati\/","title":{"rendered":"Llamada estrat\u00e9gica con Nino Argentati"},"content":{"rendered":"<div class=\"et_pb_module et_pb_text et_pb_text_6 et_pb_text_align_left et_pb_bg_layout_light\">\n<div class=\"et_pb_text_inner\">\n<h2><strong>\u00bfHas comprado el libro &#8220;El arte de hacerte conocer&#8221;, o has descargado el extracto y quieres saber m\u00e1s sobre su contenido?<\/strong><\/h2>\n<p>\u00a1Esta <strong>Llamada Estrat\u00e9gica con Nino Argentati<\/strong> est\u00e1 dise\u00f1ada especialmente para ti!<\/p>\n<p>Una <strong>reuni\u00f3n privada de 1 hora y 30<\/strong> minutos en la que podr\u00e1s:<\/p>\n<ul>\n<li><strong>Aclarar dudas<\/strong> sobre los temas tratados en el libro,<\/li>\n<li><strong>Habla de los retos<\/strong> que enfrentas para promocionar tu arte,<\/li>\n<li>recibir consejos espec\u00edficos sobre tu comunicaci\u00f3n art\u00edstica,<\/li>\n<li>Entiende por d\u00f3nde empezar o <strong>c\u00f3mo mejorar tu presencia online<\/strong>,<\/li>\n<li>Habla de temas como <strong>redes sociales, sitio web, branding, participaci\u00f3n en exposiciones, publicidad y networking<\/strong>.<\/li>\n<\/ul>\n<p>No es una lecci\u00f3n, sino un <strong>di\u00e1logo abierto real con el autor, hecho a medida para ti.<\/strong><\/p>\n<p>Una oportunidad para <strong>hablar abiertamente sobre tu camino<\/strong>, <strong>tus dificultades<\/strong> o simplemente <strong>para recibir orientaci\u00f3n concreta, personalizada y honesta<\/strong> de quienes llevan a\u00f1os trabajando junto a artistas.<\/p>\n<\/div>\n<\/div>\n<div class=\"et_pb_module et_pb_text et_pb_text_7 et_pb_text_align_left et_pb_bg_layout_light\">\n<div class=\"et_pb_text_inner\">\n<h2><strong>\u00a1SI EL MUNDO NO TE VE, NO PUEDE ELEGIRTE!<\/strong><\/h2>\n<p><img loading=\"lazy\" decoding=\"async\" class=\"size-medium wp-image-8645 alignleft\" src=\"https:\/\/www.pitturiamo.shop\/wp-content\/uploads\/Nino-Argentati-1-260x300.png\" alt=\"Nino Argentati\" width=\"260\" height=\"300\"><\/p>\n<p><strong>Nino Argentati concibi\u00f3 y cre\u00f3 PitturiAmo<\/strong>. Cre\u00f3 la primera p\u00e1gina web en <strong>1995<\/strong>. Desde entonces, ha seleccionado innumerables proyectos online para empresas, especializ\u00e1ndose en posicionamiento en motores de b\u00fasqueda y en la creaci\u00f3n de campa\u00f1as publicitarias en l\u00ednea.  <\/p>\n<p>Gracias a PitturiAmo ha ayudado a miles de artistas <strong>a vender sus obras<\/strong> tanto online como a trav\u00e9s de exposiciones en galer\u00edas, ferias, exposiciones y concursos.<\/p>\n<p>Organiza <strong>exposiciones, premios y concursos<\/strong> para artistas nacionales e internacionales, tanto en Italia como en el extranjero.<\/p>\n<p>Hay m\u00e1s <strong>de 20.000 artistas<\/strong> pertenecientes a la Red PitturiAmo que exponen m\u00e1s de <strong>250.000 obras de arte en l\u00ednea.<\/strong><\/p>\n<p>Con estas cifras y una media de unos <strong>5000 visitantes diarios<\/strong> , PitturiAmo se ha convertido en la mayor red dedicada a artistas en la web italiana.<\/p>\n<p>Escribi\u00f3 el libro &#8220;<strong>El arte de darse a conocer<\/strong> &#8211; <em>consejos de marketing para artistas emergentes y consolidados<\/em>&#8220;, traducido a 6 idiomas, que recopila la experiencia de m\u00e1s de 30 a\u00f1os de actividad al servicio de emprendedores y artistas. Un texto que est\u00e1 disfrutando de un \u00e9xito considerable tanto entre artistas amateurs como profesionales. <\/p>\n<\/div>\n<\/div>\n","protected":false},"excerpt":{"rendered":"<p>APORTA VALOR A TU ARTE CON UNA RUTA DE MARKETING DIRIGIDA<\/p>\n<h1>LLAMADA ESTRAT\u00c9GICA CON NINO ARGENTATI<\/h1>\n<p>De la teor\u00eda a la pr\u00e1ctica: \u00a1habla de tu estrategia con Nino Argentati!<\/p>\n<p>\ud83d\udd25 Precio de introducci\u00f3n: solo 150 \u20ac en lugar de 500 \u20ac \ud83d\udd25<\/p>\n","protected":false},"featured_media":8644,"comment_status":"open","ping_status":"closed","template":"","meta":[],"product_brand":[],"product_cat":[140,138],"product_tag":[],"class_list":{"0":"post-9895","1":"product","2":"type-product","3":"status-publish","4":"has-post-thumbnail","6":"product_cat-exposiciones-ferias-eventos","7":"product_cat-internet","9":"first","10":"instock","11":"sale","12":"virtual","13":"purchasable","14":"product-type-simple"},"_links":{"self":[{"href":"https:\/\/www.pitturiamo.shop\/es\/wp-json\/wp\/v2\/product\/9895","targetHints":{"allow":["GET"]}}],"collection":[{"href":"https:\/\/www.pitturiamo.shop\/es\/wp-json\/wp\/v2\/product"}],"about":[{"href":"https:\/\/www.pitturiamo.shop\/es\/wp-json\/wp\/v2\/types\/product"}],"replies":[{"embeddable":true,"href":"https:\/\/www.pitturiamo.shop\/es\/wp-json\/wp\/v2\/comments?post=9895"}],"wp:featuredmedia":[{"embeddable":true,"href":"https:\/\/www.pitturiamo.shop\/es\/wp-json\/wp\/v2\/media\/8644"}],"wp:attachment":[{"href":"https:\/\/www.pitturiamo.shop\/es\/wp-json\/wp\/v2\/media?parent=9895"}],"wp:term":[{"taxonomy":"product_brand","embeddable":true,"href":"https:\/\/www.pitturiamo.shop\/es\/wp-json\/wp\/v2\/product_brand?post=9895"},{"taxonomy":"product_cat","embeddable":true,"href":"https:\/\/www.pitturiamo.shop\/es\/wp-json\/wp\/v2\/product_cat?post=9895"},{"taxonomy":"product_tag","embeddable":true,"href":"https:\/\/www.pitturiamo.shop\/es\/wp-json\/wp\/v2\/product_tag?post=9895"}],"curies":[{"name":"wp","href":"https:\/\/api.w.org\/{rel}","templated":true}]}}