{"id":9888,"date":"2024-10-27T18:34:02","date_gmt":"2024-10-27T17:34:02","guid":{"rendered":"https:\/\/www.pitturiamo.shop\/promozione-artista\/sin categor\u00eda\/el-arte-de-hacerse-conocer-consejos-de-marketing-para-artistas-emergentes-y-consolidados\/"},"modified":"2026-03-05T15:13:30","modified_gmt":"2026-03-05T14:13:30","slug":"el-arte-de-hacerse-conocer-consejos-de-marketing-para-artistas-emergentes-y-consolidados","status":"publish","type":"product","link":"https:\/\/www.pitturiamo.shop\/es\/promozione-artista\/exposiciones-ferias-eventos\/el-arte-de-hacerse-conocer-consejos-de-marketing-para-artistas-emergentes-y-consolidados\/","title":{"rendered":"El arte de hacerse conocer: consejos de marketing para artistas emergentes y consolidados"},"content":{"rendered":"<p><img loading=\"lazy\" decoding=\"async\" class=\"alignnone size-large wp-image-8611\" src=\"https:\/\/www.pitturiamo.shop\/wp-content\/uploads\/6-lingue-capitoli-1600-1024x519.jpg\" alt=\"\" width=\"1024\" height=\"519\" srcset=\"https:\/\/www.pitturiamo.shop\/wp-content\/uploads\/6-lingue-capitoli-1600-1024x519.jpg 1024w, https:\/\/www.pitturiamo.shop\/wp-content\/uploads\/6-lingue-capitoli-1600-300x152.jpg 300w, https:\/\/www.pitturiamo.shop\/wp-content\/uploads\/6-lingue-capitoli-1600-150x76.jpg 150w, https:\/\/www.pitturiamo.shop\/wp-content\/uploads\/6-lingue-capitoli-1600-768x389.jpg 768w, https:\/\/www.pitturiamo.shop\/wp-content\/uploads\/6-lingue-capitoli-1600-1536x779.jpg 1536w, https:\/\/www.pitturiamo.shop\/wp-content\/uploads\/6-lingue-capitoli-1600-1080x547.jpg 1080w, https:\/\/www.pitturiamo.shop\/wp-content\/uploads\/6-lingue-capitoli-1600-310x157.jpg 310w, https:\/\/www.pitturiamo.shop\/wp-content\/uploads\/6-lingue-capitoli-1600-490x248.jpg 490w, https:\/\/www.pitturiamo.shop\/wp-content\/uploads\/6-lingue-capitoli-1600.jpg 1600w\" sizes=\"auto, (max-width: 1024px) 100vw, 1024px\" \/><\/p>\n<p>En el mundo del arte contempor\u00e1neo, saber c\u00f3mo promocionar el propio trabajo es esencial para destacar y alcanzar el \u00e9xito. En este libro, Nino Argentati, experto en marketing web y presidente de PitturiAmo, gu\u00eda a artistas emergentes y consolidados mediante el uso de estrategias efectivas para darse a conocer, aumentar su visibilidad y consolidarse en el mercado del arte. <\/p>\n<p>Desde t\u00e9cnicas tradicionales de marketing hasta las m\u00e1s innovadoras, pasando por el uso de redes sociales, NFTs, la web personal y las plataformas de comercio electr\u00f3nico, &#8220;El arte de hacerse conocer&#8221; ofrece consejos pr\u00e1cticos y recomendaciones concretas para crear tu propia marca art\u00edstica, gestionar tu presencia online y proteger los derechos de autor.<\/p>\n<p>Un manual completo, dise\u00f1ado para pintores, escultores y creativos de todo tipo que quieran convertir su pasi\u00f3n en una carrera exitosa. Aprende a crear una presencia fuerte y atractiva, captar la atenci\u00f3n de galeristas y coleccionistas, y hacer que tu arte hable al mundo. <\/p>\n<hr>\n<p><strong>Nino Argentati<\/strong> es el presidente de PitturiAmo, una de las principales redes italianas dedicadas a la promoci\u00f3n de artistas contempor\u00e1neos. Activo en el \u00e1mbito del marketing web y la consultor\u00eda empresarial desde 1995, Nino Argentati tiene una amplia experiencia ayudando a artistas a desarrollar t\u00e9cnicas de comunicaci\u00f3n tanto en l\u00ednea como en el mundo real, para ser m\u00e1s reconocidos y valorados. Desde el inicio de su carrera, se ha comprometido con la construcci\u00f3n de plataformas digitales efectivas y la organizaci\u00f3n de grandes eventos art\u00edsticos. Gracias a su pasi\u00f3n por el arte y a su experiencia en marketing digital y SEO, ha ayudado a numerosos artistas a emerger y hacerse a conocer a nivel nacional e internacional.   <\/p>\n<hr>\n<p><strong>PitturiAmo<\/strong> es una red online l\u00edder en la web italiana, dedicada a la promoci\u00f3n y mejora de artistas contempor\u00e1neos. Creado por Nino Argentati con el objetivo de dar visibilidad a pintores emergentes y consolidados, PitturiAmo permite a los artistas exponer sus obras a un p\u00fablico amplio, proporcionando herramientas de marketing y oportunidades de exposici\u00f3n, tanto online como en el mundo real. La red act\u00faa como punto de encuentro entre artistas, propietarios de galer\u00edas, comisarios, cr\u00edticos y entusiastas del arte, promoviendo la difusi\u00f3n y venta de obras a trav\u00e9s de un entorno digital din\u00e1mico y accesible. Hasta la fecha (noviembre de 2024) cuenta con m\u00e1s de 20.000 artistas registrados que exponen un total de m\u00e1s de 240.000 obras de arte. PitturiAmo tambi\u00e9n organiza eventos internacionales de arte en las ciudades art\u00edsticas m\u00e1s importantes del mundo. Roma, Mil\u00e1n, Florencia, Viena, Madrid, Par\u00eds, Nueva York, Berl\u00edn, Londres, Marsella, Barcelona, Venecia, M\u00fanich son, de hecho, solo algunas de las principales ciudades europeas y no europeas en las que miles de artistas han expuesto sus obras gracias a PitturiAmo.     <\/p>\n","protected":false},"excerpt":{"rendered":"<p><strong>Italiano &#8211; Ingl\u00e9s &#8211; Franc\u00e9s &#8211; Espa\u00f1ol &#8211; Alem\u00e1n &#8211; \u0395\u03bb\u03bb\u03b7\u03bd\u03b9\u03ba\u03ac<\/strong><\/p>\n<h2><strong>\u00bfEres un artista que quiere darse a conocer?<\/strong><\/h2>\n<p>El mundo del arte puede parecer complicado, pero con las herramientas de marketing adecuadas, puedes convertir tu pasi\u00f3n en <strong>un \u00e9xito<\/strong>.<\/p>\n<p>Este libro es una gu\u00eda pr\u00e1ctica dise\u00f1ada para <strong>pintores, escultores, fot\u00f3grafos y artistas digitales<\/strong> que quieren promocionar su trabajo y construir una carrera s\u00f3lida.<\/p>\n<p>A trav\u00e9s de estrategias de marketing concretas y consejos probados, descubrir\u00e1s c\u00f3mo <strong>definir tu identidad art\u00edstica<\/strong>, <strong>construir una marca fuerte<\/strong> y utilizar el poder de<strong> las redes sociales<\/strong> para llegar <strong>a un p\u00fablico m\u00e1s amplio<\/strong>.<\/p>\n<p>Leer\u00e1s <strong>consejos y estrategias pr\u00e1cticas<\/strong> que te ayudar\u00e1n a promocionar tu <strong>arte tanto en l\u00ednea<\/strong> como en <strong>el mundo real<\/strong>.<\/p>\n<p>Todo explicado en <strong>un lenguaje sencillo y claro, \u00a1ADECUADO PARA TODOS!<\/strong><\/p>\n<div class=\"page\" title=\"P\u00e1gina 1\">\n<div class=\"section\">\n<div class=\"layoutArea\">\n<div class=\"column\">\n<p><strong>ISBN:<\/strong>979-12-82041-02-7<\/p>\n<\/div>\n<\/div>\n<\/div>\n<\/div>\n","protected":false},"featured_media":8543,"comment_status":"open","ping_status":"closed","template":"","meta":[],"product_brand":[],"product_cat":[140,122],"product_tag":[],"class_list":{"0":"post-9888","1":"product","2":"type-product","3":"status-publish","4":"has-post-thumbnail","6":"product_cat-exposiciones-ferias-eventos","7":"product_cat-pitturiamo","9":"first","10":"instock","11":"taxable","12":"shipping-taxable","13":"purchasable","14":"product-type-variable"},"_links":{"self":[{"href":"https:\/\/www.pitturiamo.shop\/es\/wp-json\/wp\/v2\/product\/9888","targetHints":{"allow":["GET"]}}],"collection":[{"href":"https:\/\/www.pitturiamo.shop\/es\/wp-json\/wp\/v2\/product"}],"about":[{"href":"https:\/\/www.pitturiamo.shop\/es\/wp-json\/wp\/v2\/types\/product"}],"replies":[{"embeddable":true,"href":"https:\/\/www.pitturiamo.shop\/es\/wp-json\/wp\/v2\/comments?post=9888"}],"wp:featuredmedia":[{"embeddable":true,"href":"https:\/\/www.pitturiamo.shop\/es\/wp-json\/wp\/v2\/media\/8543"}],"wp:attachment":[{"href":"https:\/\/www.pitturiamo.shop\/es\/wp-json\/wp\/v2\/media?parent=9888"}],"wp:term":[{"taxonomy":"product_brand","embeddable":true,"href":"https:\/\/www.pitturiamo.shop\/es\/wp-json\/wp\/v2\/product_brand?post=9888"},{"taxonomy":"product_cat","embeddable":true,"href":"https:\/\/www.pitturiamo.shop\/es\/wp-json\/wp\/v2\/product_cat?post=9888"},{"taxonomy":"product_tag","embeddable":true,"href":"https:\/\/www.pitturiamo.shop\/es\/wp-json\/wp\/v2\/product_tag?post=9888"}],"curies":[{"name":"wp","href":"https:\/\/api.w.org\/{rel}","templated":true}]}}