{"id":9876,"date":"2025-08-12T13:04:24","date_gmt":"2025-08-12T11:04:24","guid":{"rendered":"https:\/\/www.pitturiamo.shop\/promozione-artista\/sin categor\u00eda\/el-recorrido-del-artista\/"},"modified":"2025-08-12T13:04:24","modified_gmt":"2025-08-12T11:04:24","slug":"el-recorrido-del-artista","status":"publish","type":"product","link":"https:\/\/www.pitturiamo.shop\/es\/promozione-artista\/pitturiamo\/el-recorrido-del-artista\/","title":{"rendered":"El recorrido del artista"},"content":{"rendered":"<h2 class=\"p1\"><b>De talento a celebridad.<\/b><\/h2>\n<p class=\"p2\">El <b>Viaje del Artista<\/b> es el camino que te acompa\u00f1a desde las primeras intuiciones creativas hasta los lugares donde todo artista sue\u00f1a con llegar: <b>del MoMA al Louvre, de la Bienal de Venecia a Art Basel, de la Tate Modern al Guggenheim<\/b>.<\/p>\n<p class=\"p2\">Un camino que combina formaci\u00f3n, visibilidad y oportunidades concretas, para transformar tu arte en un nombre que cuente en la escena internacional.<\/p>\n<h2><b>Un viaje en 3 pasos<\/b><\/h2>\n<ul>\n<li><strong>FASE 1<\/strong> \u2013 Producci\u00f3n y perfeccionamiento de las obras; Formaci\u00f3n y comparaci\u00f3n; Promoci\u00f3n y visibilidad; Evaluaci\u00f3n y retroalimentaci\u00f3n; Networking y construcci\u00f3n de relaciones; Revisi\u00f3n y realineaci\u00f3n de rutas.<\/li>\n<li><strong>FASE 2<\/strong> \u2013 Nueva creaci\u00f3n; Desaf\u00edo; Investigaci\u00f3n; Iluminaci\u00f3n<\/li>\n<li><strong>FASE 3<\/strong> \u2013 Consolidaci\u00f3n; Expansi\u00f3n; Posicionamiento; Monetizaci\u00f3n<\/li>\n<\/ul>\n<p><strong>El camino que ha abierto las puertas del \u00e9xito a numerosos artistas, convirtiendo sus ambiciones en realidad<\/strong>.<\/p>\n","protected":false},"excerpt":{"rendered":"<h2><strong>Desde tu estudio hasta los escenarios del arte mundial<\/strong><\/h2>\n<h1>El viaje del artista<\/h1>\n<h3>El camino que convierte la pasi\u00f3n en \u00e9xito<\/h3>\n<p>Un proyecto exclusivo, creado por PitturiAmo, que te acompa\u00f1a desde <strong><span class=\"evidenziato\">el descubrimiento de tu valor<\/span><\/strong> hasta el reconocimiento como <strong><span class=\"evidenziato\">artista consolidado y exitoso<\/span><\/strong>.<\/p>\n<p><b>Un camino de coaching que te guiar\u00e1 para liberar todo el potencial de tu arte, hasta que brille en escenarios nunca imaginados.<\/b><\/p>\n","protected":false},"featured_media":8678,"comment_status":"open","ping_status":"closed","template":"","meta":[],"product_brand":[],"product_cat":[122],"product_tag":[],"class_list":{"0":"post-9876","1":"product","2":"type-product","3":"status-publish","4":"has-post-thumbnail","6":"product_cat-pitturiamo","8":"first","9":"instock","10":"sale","11":"virtual","12":"sold-individually","13":"purchasable","14":"product-type-simple"},"_links":{"self":[{"href":"https:\/\/www.pitturiamo.shop\/es\/wp-json\/wp\/v2\/product\/9876","targetHints":{"allow":["GET"]}}],"collection":[{"href":"https:\/\/www.pitturiamo.shop\/es\/wp-json\/wp\/v2\/product"}],"about":[{"href":"https:\/\/www.pitturiamo.shop\/es\/wp-json\/wp\/v2\/types\/product"}],"replies":[{"embeddable":true,"href":"https:\/\/www.pitturiamo.shop\/es\/wp-json\/wp\/v2\/comments?post=9876"}],"wp:featuredmedia":[{"embeddable":true,"href":"https:\/\/www.pitturiamo.shop\/es\/wp-json\/wp\/v2\/media\/8678"}],"wp:attachment":[{"href":"https:\/\/www.pitturiamo.shop\/es\/wp-json\/wp\/v2\/media?parent=9876"}],"wp:term":[{"taxonomy":"product_brand","embeddable":true,"href":"https:\/\/www.pitturiamo.shop\/es\/wp-json\/wp\/v2\/product_brand?post=9876"},{"taxonomy":"product_cat","embeddable":true,"href":"https:\/\/www.pitturiamo.shop\/es\/wp-json\/wp\/v2\/product_cat?post=9876"},{"taxonomy":"product_tag","embeddable":true,"href":"https:\/\/www.pitturiamo.shop\/es\/wp-json\/wp\/v2\/product_tag?post=9876"}],"curies":[{"name":"wp","href":"https:\/\/api.w.org\/{rel}","templated":true}]}}