{"id":9871,"date":"2025-07-19T00:12:53","date_gmt":"2025-07-18T22:12:53","guid":{"rendered":"https:\/\/www.pitturiamo.shop\/promozione-artista\/sin categor\u00eda\/premio-brera-2026\/"},"modified":"2025-07-19T00:12:53","modified_gmt":"2025-07-18T22:12:53","slug":"premio-brera-2026","status":"publish","type":"product","link":"https:\/\/www.pitturiamo.shop\/es\/promozione-artista\/exposiciones-ferias-eventos\/premio-brera-2026\/","title":{"rendered":"Premio Brera 2026"},"content":{"rendered":"<h2><strong>Premio Internacional de Arte Contempor\u00e1neo<\/strong><\/h2>\n<h1>PREMIO BRERA 2026<\/h1>\n<h3>MILAN<\/h3>\n<p>Inserta tu obra en el <strong>Archivo Contempor\u00e1neo de Brera<\/strong> y <strong>pres\u00e9ntala a los grandes galeristas<\/strong> de Mil\u00e1n <strong>.<\/strong><\/p>\n<p><strong>13 de marzo de 2026<\/strong><\/p>\n<div class=\"et_pb_module et_pb_text et_pb_text_1 et_pb_text_align_center et_pb_bg_layout_light\">\n<div class=\"et_pb_text_inner\">\n<p><b>Pintura \u2013 Escultura \u2013 Dise\u00f1o Gr\u00e1fico \u2013 Fotograf\u00eda \u2013 Arte Digital<\/b><\/p>\n<\/div>\n<\/div>\n<div class=\"et_pb_module et_pb_text et_pb_text_2 et_pb_text_align_left et_pb_bg_layout_light\">\n<div class=\"et_pb_text_inner\">\n<h4>TEMA LIBRE<\/h4>\n<\/div>\n<\/div>\n","protected":false},"excerpt":{"rendered":"<h2><strong>PREMIOS:<\/strong><\/h2>\n<ul>\n<li><b>3000,00\u20ac Primer puesto<\/b>.<\/li>\n<li><b>2000,00\u20ac Segundo puesto<\/b><br \/>\n<b><\/b><\/li>\n<li><strong>1000,00\u20ac Tercer puesto<\/strong><\/li>\n<\/ul>\n<p>Todos los artistas galardonados recibir\u00e1n <strong>una placa y un certificado de m\u00e9rito.<\/strong><\/p>\n<h2><strong>SOLO PARA LOS PRIMEROS 100 ARTISTAS ADMITIDOS:<\/strong><\/h2>\n<ul>\n<li><strong>Invitaci\u00f3n a la presentaci\u00f3n de la obra, en presencia, en el Brera Center, a atenci\u00f3n de los galeristas;<\/strong><\/li>\n<li><strong>Cr\u00edtica personalizada<\/strong> de 600 caracteres sobre la obra presentada por <strong>Roberto Litta<\/strong>, presentador <strong>de la RAI<\/strong> y cr\u00edtico internacional de arte.<\/li>\n<\/ul>\n<h2><strong>A TODOS LOS ARTISTAS ADMITIDOS:<\/strong><\/h2>\n<ul>\n<li>Todos los artistas admitidos ser\u00e1n <strong>incluidos en el Archivo Contempor\u00e1neo de Brera<\/strong>, en la p\u00e1gina web www.premiobrera.com<\/li>\n<li>Oportunidad de <strong>ganar uno de los premios<\/strong> en <b>juego;<\/b><\/li>\n<li><strong>Exhibici\u00f3n en v\u00eddeo<\/strong> de la obra admitida durante el d\u00eda de la presentaci\u00f3n;<\/li>\n<li><strong>El cat\u00e1logo <\/strong>del evento con c\u00f3digo<strong> ISBN a la venta en Amazon.<\/strong><\/li>\n<li><strong>Certificado<\/strong> de m\u00e9rito con motivaci\u00f3n gen\u00e9rica para la admisi\u00f3n.<\/li>\n<li><strong>C\u00f3ctel<\/strong> para la ceremonia de entrega.<\/li>\n<\/ul>\n<h3>Elige si participar como miembro (con un 25% de descuento) o como no miembro (a precio completo)<\/h3>\n","protected":false},"featured_media":8796,"comment_status":"open","ping_status":"closed","template":"","meta":[],"product_brand":[],"product_cat":[140],"product_tag":[],"class_list":{"0":"post-9871","1":"product","2":"type-product","3":"status-publish","4":"has-post-thumbnail","6":"product_cat-exposiciones-ferias-eventos","8":"first","9":"outofstock","10":"sale","11":"purchasable","12":"product-type-variable"},"_links":{"self":[{"href":"https:\/\/www.pitturiamo.shop\/es\/wp-json\/wp\/v2\/product\/9871","targetHints":{"allow":["GET"]}}],"collection":[{"href":"https:\/\/www.pitturiamo.shop\/es\/wp-json\/wp\/v2\/product"}],"about":[{"href":"https:\/\/www.pitturiamo.shop\/es\/wp-json\/wp\/v2\/types\/product"}],"replies":[{"embeddable":true,"href":"https:\/\/www.pitturiamo.shop\/es\/wp-json\/wp\/v2\/comments?post=9871"}],"wp:featuredmedia":[{"embeddable":true,"href":"https:\/\/www.pitturiamo.shop\/es\/wp-json\/wp\/v2\/media\/8796"}],"wp:attachment":[{"href":"https:\/\/www.pitturiamo.shop\/es\/wp-json\/wp\/v2\/media?parent=9871"}],"wp:term":[{"taxonomy":"product_brand","embeddable":true,"href":"https:\/\/www.pitturiamo.shop\/es\/wp-json\/wp\/v2\/product_brand?post=9871"},{"taxonomy":"product_cat","embeddable":true,"href":"https:\/\/www.pitturiamo.shop\/es\/wp-json\/wp\/v2\/product_cat?post=9871"},{"taxonomy":"product_tag","embeddable":true,"href":"https:\/\/www.pitturiamo.shop\/es\/wp-json\/wp\/v2\/product_tag?post=9871"}],"curies":[{"name":"wp","href":"https:\/\/api.w.org\/{rel}","templated":true}]}}