{"id":9852,"date":"2026-02-24T19:52:50","date_gmt":"2026-02-24T18:52:50","guid":{"rendered":"https:\/\/www.pitturiamo.shop\/promozione-artista\/sin categor\u00eda\/seleccion-principal-premio-barcelona-2026\/"},"modified":"2026-02-24T19:52:50","modified_gmt":"2026-02-24T18:52:50","slug":"seleccion-principal-premio-barcelona-2026","status":"publish","type":"product","link":"https:\/\/www.pitturiamo.shop\/es\/promozione-artista\/exposiciones-ferias-eventos\/seleccion-principal-premio-barcelona-2026\/","title":{"rendered":"Selecci\u00f3n Principal Premio Barcelona 2026"},"content":{"rendered":"<h5>Premio Internacional<\/h5>\n<h1><strong>Selecci\u00f3n Principal Barcelona 26: La perspectiva espa\u00f1ola<\/strong><\/h1>\n<h4>10-17 de julio de 2026 &#8211; Port Gallery &#8211; Barcelona<\/h4>\n<h5>Selecci\u00f3n directa por Manuel Gim\u00e9nez Alvarez<\/h5>\n<p>Pintura \u2013 Escultura \u2013 Dise\u00f1o Gr\u00e1fico \u2013 Fotograf\u00eda \u2013 Arte Digital<\/p>\n<h6>TEMA LIBRE<\/h6>\n<h2>Los premios est\u00e1n en juego<\/h2>\n<p>El Premio tiene como objetivo dar a tu arte un reconocimiento aut\u00e9ntico, capaz de transformar el talento en una direcci\u00f3n clara y cre\u00edble a lo largo del tiempo, a trav\u00e9s de los siguientes galardones:<\/p>\n<ul>\n<li data-start=\"84\" data-end=\"112\"><strong data-start=\"84\" data-end=\"98\">1\u00ba Premio:<\/strong> <strong>3.000 \u20ac + placa + certificado de victoria + cat\u00e1logo <\/strong> <\/li>\n<li data-start=\"115\" data-end=\"143\"><strong data-start=\"115\" data-end=\"129\">2\u00ba Premio:<\/strong> <strong>2.000 \u20ac + placa + certificado de victoria + cat\u00e1logo<\/strong><\/li>\n<li data-start=\"146\" data-end=\"174\"><strong data-start=\"146\" data-end=\"160\">3\u00ba Premio:<\/strong> <strong data-start=\"161\" data-end=\"172\" data-is-only-node=\"\">1.000 \u20ac + placa + certificado de victoria + cat\u00e1logo<\/strong><\/li>\n<\/ul>\n<p><strong>  10 artistas participan en la Selecci\u00f3n Principal con publicaci\u00f3n en el portal dedicado a artistas TOP<\/strong><\/p>\n<h2>A todos los artistas admitidos en la fase final<\/h2>\n<ul>\n<li><strong>Exposici\u00f3n en v\u00eddeo<\/strong> de las obras presentadas, en la <strong>Galer\u00eda del Puerto de Barcelona<\/strong> del 10 al 17 de julio de 2026<\/li>\n<li data-start=\"292\" data-end=\"401\"><strong data-start=\"292\" data-end=\"349\">Cr\u00edtica profesional de arte firmada por Roberto Litta<\/strong>, paginada y emitida como documento oficial<\/li>\n<li data-start=\"404\" data-end=\"500\"><strong data-start=\"404\" data-end=\"445\">Certificado Oficial de Reconocimiento<\/strong><\/li>\n<li><strong>Cat\u00e1logo oficial<\/strong> del evento con ISBN<\/li>\n<li>Invitaci\u00f3n al <strong>Vernissage<\/strong> en la galer\u00eda<\/li>\n<\/ul>\n","protected":false},"excerpt":{"rendered":"<p><strong>Precauci\u00f3n:<\/strong> En este momento, el <strong>descuento del 25%<\/strong> est\u00e1 activo para los primeros <strong>100 artistas<\/strong> admitidos. Date prisa. <\/p>\n<p>Elige si participar como <strong>miembro<\/strong> (y ahorrar IVA) o como <strong>no miembro<\/strong> (al precio completo)<\/p>\n","protected":false},"featured_media":8936,"comment_status":"open","ping_status":"closed","template":"","meta":[],"product_brand":[],"product_cat":[140],"product_tag":[],"class_list":{"0":"post-9852","1":"product","2":"type-product","3":"status-publish","4":"has-post-thumbnail","6":"product_cat-exposiciones-ferias-eventos","8":"first","9":"instock","10":"sale","11":"sold-individually","12":"taxable","13":"shipping-taxable","14":"purchasable","15":"product-type-variable","16":"has-default-attributes"},"_links":{"self":[{"href":"https:\/\/www.pitturiamo.shop\/es\/wp-json\/wp\/v2\/product\/9852","targetHints":{"allow":["GET"]}}],"collection":[{"href":"https:\/\/www.pitturiamo.shop\/es\/wp-json\/wp\/v2\/product"}],"about":[{"href":"https:\/\/www.pitturiamo.shop\/es\/wp-json\/wp\/v2\/types\/product"}],"replies":[{"embeddable":true,"href":"https:\/\/www.pitturiamo.shop\/es\/wp-json\/wp\/v2\/comments?post=9852"}],"wp:featuredmedia":[{"embeddable":true,"href":"https:\/\/www.pitturiamo.shop\/es\/wp-json\/wp\/v2\/media\/8936"}],"wp:attachment":[{"href":"https:\/\/www.pitturiamo.shop\/es\/wp-json\/wp\/v2\/media?parent=9852"}],"wp:term":[{"taxonomy":"product_brand","embeddable":true,"href":"https:\/\/www.pitturiamo.shop\/es\/wp-json\/wp\/v2\/product_brand?post=9852"},{"taxonomy":"product_cat","embeddable":true,"href":"https:\/\/www.pitturiamo.shop\/es\/wp-json\/wp\/v2\/product_cat?post=9852"},{"taxonomy":"product_tag","embeddable":true,"href":"https:\/\/www.pitturiamo.shop\/es\/wp-json\/wp\/v2\/product_tag?post=9852"}],"curies":[{"name":"wp","href":"https:\/\/api.w.org\/{rel}","templated":true}]}}