{"id":9611,"date":"2017-06-23T13:58:53","date_gmt":"2017-06-23T11:58:53","guid":{"rendered":"https:\/\/www.pitturiamo.shop\/promozione-artista\/sin categor\u00eda\/folletos-de-artistas\/"},"modified":"2017-06-23T13:58:53","modified_gmt":"2017-06-23T11:58:53","slug":"folletos-de-artistas","status":"publish","type":"product","link":"https:\/\/www.pitturiamo.shop\/es\/promozione-artista\/exposiciones-ferias-eventos\/folletos-de-artistas\/","title":{"rendered":"Folletos de artistas"},"content":{"rendered":"<h3>Dise\u00f1o e impresi\u00f3n de folletos para artistas.<\/h3>\n<h4><strong>\u00a1Compras el servicio y PitturiAmo lo hace para ti!<\/strong><\/h4>\n<p>Si quieres promocionar tu imagen como artista y tus obras <strong>incluso fuera de Internet<\/strong>, puedes crear un folleto art\u00edstico a costes extremadamente bajos.<\/p>\n<h3><strong>Folletos art\u00edsticos triples<\/strong> : profesionales e impactantes.<\/h3>\n<p>Dise\u00f1o gr\u00e1fico e impresi\u00f3n de folletos art\u00edsticos de 3 puertas, delantera \/ detr\u00e1s, formato A4 (21cm x 29,7cm) y peso 170 gr.<\/p>\n<p>Tras realizar el pedido, contacta con el equipo editorial de PitturiAmo en redazione@pitturiamo.eu o llama al +39 0934 597211 para organizar el dise\u00f1o gr\u00e1fico de tu folleto para artistas.<\/p>\n<p><strong>\u00bfQuieres comprar a plazos u otras opciones de cumplimiento?<\/strong>  Cont\u00e1ctanos para obtener un presupuesto personalizado.<\/p>\n<p>&nbsp;<\/p>\n","protected":false},"excerpt":{"rendered":"<p>Promociona tu arte durante exposiciones, ferias, eventos art\u00edsticos y deja un recuerdo de tus obras a tus admiradores.<\/p>\n<h2>Folleto triple del artista<\/h2>\n<p>Impresi\u00f3n doble cara a cuatro colores. Publica tus obras, tu biograf\u00eda, cr\u00edticas e informaci\u00f3n de contacto o cualquier otra cosa que consideres m\u00e1s \u00fatil para tu promoci\u00f3n art\u00edstica. Crea un folleto para promocionar un evento espec\u00edfico o para promocionar tu arte en general.  <\/p>\n<p>Puedes elegir si solo solicitas dise\u00f1o gr\u00e1fico (tendr\u00e1s un archivo PDF que podr\u00e1s imprimir donde quieras) o incluso imprimir a precios extremadamente asequibles.<\/p>\n","protected":false},"featured_media":560,"comment_status":"open","ping_status":"closed","template":"","meta":[],"product_brand":[],"product_cat":[140],"product_tag":[],"class_list":{"0":"post-9611","1":"product","2":"type-product","3":"status-publish","4":"has-post-thumbnail","6":"product_cat-exposiciones-ferias-eventos","8":"first","9":"instock","10":"featured","11":"sold-individually","12":"purchasable","13":"product-type-variable"},"_links":{"self":[{"href":"https:\/\/www.pitturiamo.shop\/es\/wp-json\/wp\/v2\/product\/9611","targetHints":{"allow":["GET"]}}],"collection":[{"href":"https:\/\/www.pitturiamo.shop\/es\/wp-json\/wp\/v2\/product"}],"about":[{"href":"https:\/\/www.pitturiamo.shop\/es\/wp-json\/wp\/v2\/types\/product"}],"replies":[{"embeddable":true,"href":"https:\/\/www.pitturiamo.shop\/es\/wp-json\/wp\/v2\/comments?post=9611"}],"wp:featuredmedia":[{"embeddable":true,"href":"https:\/\/www.pitturiamo.shop\/es\/wp-json\/wp\/v2\/media\/560"}],"wp:attachment":[{"href":"https:\/\/www.pitturiamo.shop\/es\/wp-json\/wp\/v2\/media?parent=9611"}],"wp:term":[{"taxonomy":"product_brand","embeddable":true,"href":"https:\/\/www.pitturiamo.shop\/es\/wp-json\/wp\/v2\/product_brand?post=9611"},{"taxonomy":"product_cat","embeddable":true,"href":"https:\/\/www.pitturiamo.shop\/es\/wp-json\/wp\/v2\/product_cat?post=9611"},{"taxonomy":"product_tag","embeddable":true,"href":"https:\/\/www.pitturiamo.shop\/es\/wp-json\/wp\/v2\/product_tag?post=9611"}],"curies":[{"name":"wp","href":"https:\/\/api.w.org\/{rel}","templated":true}]}}