{"id":9590,"date":"2017-10-31T16:46:36","date_gmt":"2017-10-31T16:46:36","guid":{"rendered":"https:\/\/www.pitturiamo.shop\/promozione-artista\/sin categor\u00eda\/pagina-web-del-artista\/"},"modified":"2017-10-31T16:46:36","modified_gmt":"2017-10-31T15:46:36","slug":"pagina-web-del-artista","status":"publish","type":"product","link":"https:\/\/www.pitturiamo.shop\/es\/promozione-artista\/internet\/pagina-web-del-artista\/","title":{"rendered":"P\u00e1gina web del artista"},"content":{"rendered":"<h4 style=\"text-align: center;\">Queremos invadir la web con arte. \u00bfEst\u00e1s ah\u00ed? <\/h4>\n<h3 style=\"text-align: center;\"><strong>Tu web de artista, cerca de PitturiAmo<\/strong><\/h3>\n<p style=\"text-align: center;\"><em>La fortaleza de PitturiAmo a tu servicio. Promociona tu arte con una web completamente dedicada a ti, siempre accesible, en contacto cercano con los canales web de PitturiAmo, para aprovechar toda su fortaleza. <\/em><\/p>\n<p>Los webmasters y dise\u00f1adores gr\u00e1ficos de PitturiAmo, con m\u00e1s de 20 a\u00f1os de experiencia en marketing web, crean tu  <strong>Sitio web de artista personalizado  <\/strong>a un precio extremadamente ventajoso.<\/p>\n<h2><strong>\u00bfQuieres ver algunos ejemplos de nuestra p\u00e1gina web de artistas?<\/strong><\/h2>\n<ol>\n<li style=\"list-style-type: none;\">\n<ol>\n<li style=\"list-style-type: none;\">\n<ol>\n<li style=\"list-style-type: none;\">\n<ol>\n<li style=\"list-style-type: none;\">\n<ol>\n<li style=\"list-style-type: none;\">\n<ol>\n<li style=\"list-style-type: none;\">\n<ol>\n<li style=\"list-style-type: none;\">\n<ol>\n<li>la <a title=\"Alys Melcon - Artista Digital Moderna\" href=\"https:\/\/www.alysmelcon.com\/\" target=\"_blank\" rel=\"noopener noreferrer\">p\u00e1gina web de Alys Melcon<\/a>;<\/li>\n<li>Consulta <a title=\"Consulta la p\u00e1gina web de Ilaria Vanni\" href=\"https:\/\/www.ilariavanni.it\/\" target=\"_blank\" rel=\"noopener noreferrer\">la p\u00e1gina web de Ilaria Vanni<\/a>;<\/li>\n<li><a title=\"Anna Carignani - Visita su p\u00e1gina web de arte\" href=\"https:\/\/www.annacarignani.it\/\" target=\"_blank\" rel=\"noopener noreferrer\">El sitio de arte de Anna Carignani<\/a> est\u00e1 en l\u00ednea;<\/li>\n<li>Visita <a title=\"Carla Thaler Sabaini se promociona a s\u00ed misma con la p\u00e1gina web de un artista\" href=\"https:\/\/www.carlathaler.it\/\" target=\"_blank\" rel=\"noopener noreferrer\">la p\u00e1gina web de Carla Thaler Sabaini<\/a>;<\/li>\n<li>Visita <a title=\"Pasquale Iannelli - Visita su p\u00e1gina web de arte\" href=\"https:\/\/www.pasqualeiannelli.com\/\" target=\"_blank\" rel=\"noopener noreferrer\">la p\u00e1gina web de Pasquale Iannelli<\/a>;<\/li>\n<li>Consulta la <a title=\"Anna Copponi - Visita su p\u00e1gina web de arte\" href=\"https:\/\/www.annellacopponiart.it\/\" target=\"_blank\" rel=\"noopener noreferrer\">p\u00e1gina web de la artista Anna Copponi<\/a>;<\/li>\n<li><a title=\"Carolina Moretti - Visita su p\u00e1gina web de arte\" href=\"https:\/\/www.carolinamoretti.it\/\" target=\"_blank\" rel=\"noopener noreferrer\">La p\u00e1gina web de Carolina Moretti<\/a> est\u00e1 en l\u00ednea;<\/li>\n<li>Consulta <a title=\"Consulta la p\u00e1gina web de Amelia Romeo\" href=\"https:\/\/www.ameliaggromeo.it\" target=\"_blank\" rel=\"noopener noreferrer\">la web de Amelia Romeo<\/a>;<\/li>\n<li><a title=\"Rosalind Keith - Visita su p\u00e1gina web de arte\" href=\"https:\/\/www.rosalindkeith.com\/\" target=\"_blank\" rel=\"noopener noreferrer\">La p\u00e1gina web de Rosalind Keith<\/a> est\u00e1 en l\u00ednea;<\/li>\n<li>Descubre la <a title=\"Daniela Danova - Consulta la p\u00e1gina web de la pintora\" href=\"https:\/\/www.danieladanova.it\/\" target=\"_blank\" rel=\"noopener noreferrer\">p\u00e1gina web de Daniela Danova<\/a>;<\/li>\n<li>Mira la <a title=\"Consulta la p\u00e1gina web de Luigi Martina\" href=\"https:\/\/www.martidesignarte.com\/\" target=\"_blank\" rel=\"noopener noreferrer\">web del artista Luigi Martina<\/a>;<\/li>\n<li>El <a title=\"Vittorio Vallarin, alias Cusin - Visita su p\u00e1gina web de arte\" href=\"https:\/\/www.vittoriovallarincusin.it\/\" target=\"_blank\" rel=\"noopener noreferrer\">sitio de arte de Vittorio Vallarin, tambi\u00e9n conocido como Cus\u00edn,<\/a> est\u00e1 en l\u00ednea;<\/li>\n<li><a title=\"Silvana Guerrieri - Consulta su p\u00e1gina web de arte\" href=\"https:\/\/www.silvanaguerrieri.it\/\" target=\"_blank\" rel=\"noopener noreferrer\">Visita la nueva p\u00e1gina web de Silvana Guerrieri<\/a>;<\/li>\n<li>Consulta la <a title=\"Alfredo Troilo - Visita su p\u00e1gina web de arte\" href=\"http:\/\/www.alfredotroilo.it\/\" target=\"_blank\" rel=\"noopener noreferrer\">web del artista Alfredo Troilo<\/a>;<\/li>\n<li>Consulta <a title=\"Consulta la p\u00e1gina web de la artista Claudia Adriana Martinetti\" href=\"https:\/\/www.lallamarti.it\/\" target=\"_blank\" rel=\"noopener noreferrer\">la web de arte de Claudia Martinetti<\/a>;<\/li>\n<li>Descubre <a title=\"Consulta la p\u00e1gina web del artista Franco Garuti\" href=\"https:\/\/www.francogaruti.it\/\" target=\"_blank\" rel=\"noopener noreferrer\">la web del artista de Franco Garuti<\/a>;<\/li>\n<li>Visita la p\u00e1gina web de <a title=\"Consulta la p\u00e1gina web de la artista Danila Mancuso\" href=\"https:\/\/www.mancusodanila.it\/\" target=\"_blank\" rel=\"noopener\">la artista contempor\u00e1nea Danila Mancuso<\/a>;<\/li>\n<li>Consulta la <a title=\"Consulta la p\u00e1gina web de la pintora Flavia Piccolo\" href=\"http:\/\/www.flaviapiccolo.it\/\" target=\"_blank\" rel=\"noopener noreferrer\">p\u00e1gina web de la pintora Flavia Piccolo<\/a>;<\/li>\n<li><a title=\"Consulta la p\u00e1gina web del artista contempor\u00e1neo Vito Spada\" href=\"http:\/\/www.vitospada.it\/\" target=\"_blank\" rel=\"noopener noreferrer\">El artista contempor\u00e1neo Vito Spada<\/a> &#8211; Consulta su p\u00e1gina web personal;<\/li>\n<li>Consulta la web del <a title=\"Mario Alberto Agugiaro - Consulta la p\u00e1gina web de este artista contempor\u00e1neo\" href=\"https:\/\/www.marioalbertoagugiaro.it\/%20target=\">artista Mario Alberto Agugiaro<\/a>;<\/li>\n<li>La p\u00e1gina web del <a title=\"Visita la p\u00e1gina web del artista Roberto Russo\" href=\"https:\/\/www.robertorusso.biz\/\" target=\"_blank\" rel=\"noopener\">pintor Roberto Russo<\/a>;<\/li>\n<li><a title=\"Massimo Ricc\u00f2 - Consulta su p\u00e1gina web de arte\" href=\"https:\/\/www.massimoricco.eu\/it\/\" target=\"_blank\" rel=\"noopener noreferrer\">Visita la nueva p\u00e1gina web de Massimo Ricc\u00f2<\/a>;<\/li>\n<li>Consulta la <a title=\"Luisa Poggio - Visita su p\u00e1gina web de arte\" href=\"https:\/\/www.luisapoggioartista.it\/\" target=\"_blank\" rel=\"noopener noreferrer\">p\u00e1gina web de la artista Luisa Poggio<\/a>;<\/li>\n<li>Visita <a title=\"Gilberto Minella se promociona con una web de artista\" href=\"https:\/\/www.gilbertominella.it\/\" target=\"_blank\" rel=\"noopener noreferrer\">la p\u00e1gina web de Gilberto Minella<\/a>;<\/li>\n<li>Consulta la <a title=\"Paola Marchi - Visita su p\u00e1gina web de arte\" href=\"https:\/\/www.paolamarchi.com\/\" target=\"_blank\" rel=\"noopener noreferrer\">p\u00e1gina web de la artista Paola Marchi<\/a>;<\/li>\n<li><a title=\"Patrizio Arabito - Visita su p\u00e1gina web de arte\" href=\"https:\/\/www.patrizioarabito.it\/\" target=\"_blank\" rel=\"noopener noreferrer\">La p\u00e1gina web de Patrizio Arabito<\/a> est\u00e1 en l\u00ednea;<\/li>\n<li><a title=\"Consulta la p\u00e1gina web del artista contempor\u00e1neo Vito Spada\" href=\"https:\/\/www.paolocamporota.it\/\" target=\"_blank\" rel=\"noopener noreferrer\">El artista contempor\u00e1neo Paolo Camporota<\/a> &#8211; Consulta su p\u00e1gina web personal;<\/li>\n<li>La <a title=\"Carolina Moretti - Visita su p\u00e1gina web de arte\" href=\"https:\/\/www.editordreams.it\/\" target=\"_blank\" rel=\"noopener noreferrer\">p\u00e1gina web de Giuseppe Grieco, tambi\u00e9n conocido como EditorDreams,<\/a> est\u00e1 en l\u00ednea;<\/li>\n<li>Consulta <a title=\"Consulta la p\u00e1gina web de Amelia Romeo\" href=\"https:\/\/www.morimanuelita.it\/\" target=\"_blank\" rel=\"noopener noreferrer\">la p\u00e1gina web de Manuelita Mori<\/a>;<\/li>\n<li>Visita <a title=\"Massimo Ricc\u00f2 - Consulta su p\u00e1gina web de arte\" href=\"https:\/\/www.palumbomarco.it\/\" target=\"_blank\" rel=\"noopener noreferrer\">la nueva p\u00e1gina web de Marco Palumbo<\/a>;<\/li>\n<li>Mira en l\u00ednea las obras de la <a title=\"Compra las obras de arte de Maria Grazia Zohar en Karstenegg (tambi\u00e9n conocido como Zdkdesignart)\" href=\"https:\/\/www.mariagraziazohar.com\" target=\"_blank\" rel=\"noopener noreferrer\">artista Maria Grazia Zohar<\/a>;<\/li>\n<li>Visita la galer\u00eda online de <a title=\"\"\" href=\"http:\/\/www.andreatorelliartecontemporanea.it\/\" target=\"_blank\" rel=\"noopener\">la artista contempor\u00e1nea Andrea Torelli<\/a>;<\/li>\n<li>Visita la p\u00e1gina web de la artista contempor\u00e1nea <a title=\"Visita la galer\u00eda de arte de la artista contempor\u00e1nea Lisa Argentati en l\u00ednea, donde expone sus obras\" href=\"https:\/\/www.argentati.art\/\" target=\"_blank\" rel=\"noopener\">Lisa Argentati<\/a>;<\/li>\n<li>Consulta en l\u00ednea la web del artista contempor\u00e1neo <a title=\"\"Visita\" href=\"https:\/\/www.ninoargentati.it\/opere\/paesaggio\/\" target=\"_blank\" rel=\"noopener\">Nino Argentati<\/a>;<\/li>\n<li>Mira en l\u00ednea las obras de <a title=\"Visita la galer\u00eda de arte de la artista contempor\u00e1nea Elisa Fasile en l\u00ednea, donde expone sus obras\" href=\"https:\/\/www.elisafasile.it\/\" target=\"_blank\" rel=\"noopener\">la artista contempor\u00e1nea Elisa Fasile<\/a>;<\/li>\n<li>Visita la p\u00e1gina web del <a title=\"Visita la galer\u00eda de arte del artista contempor\u00e1neo Francesco Diana en l\u00ednea\" href=\"https:\/\/www.francescodiana.eu\/\" target=\"_blank\" rel=\"noopener noreferrer\">artista contempor\u00e1neo Francesco Diana<\/a>;<\/li>\n<li>Mira las obras de <a title=\"Visita la galer\u00eda de arte de la artista contempor\u00e1nea Linda Nuzzi en l\u00ednea\" href=\"https:\/\/www.lindanuzzi.it\/\" target=\"_blank\" rel=\"noopener noreferrer\">la artista contempor\u00e1nea Linda Nuzzi<\/a> en l\u00ednea.<\/li>\n<li>Admira las obras del artista contempor\u00e1neo <a title=\"Visita la galer\u00eda de arte del artista contempor\u00e1neo Luca Ripamonti en l\u00ednea\" href=\"https:\/\/www.lucaripamonti.eu\" target=\"_blank\" rel=\"noopener noreferrer\">Luca Ripamonti<\/a> en l\u00ednea.<\/li>\n<li>Explora en l\u00ednea las creaciones del <a title=\"Visita en l\u00ednea la galer\u00eda de arte del artista contempor\u00e1neo Salvo Privitera\" href=\"https:\/\/www.salvoprivitera.it\" target=\"_blank\" rel=\"noopener noreferrer\">artista contempor\u00e1neo Salvo Privitera<\/a>.<\/li>\n<li>Consulta la p\u00e1gina web del <a title=\"Visita la galer\u00eda de arte del artista contempor\u00e1neo Giorgio Roncon en l\u00ednea\" href=\"https:\/\/www.giorgioroncon.it\" target=\"_blank\" rel=\"noopener noreferrer\">artista contempor\u00e1neo Giorgio Roncon<\/a> y descubre sus obras.<\/li>\n<li>Las obras del <a title=\"Visita la galer\u00eda de arte del artista contempor\u00e1neo Mario Fanconi en l\u00ednea\" href=\"https:\/\/www.mariofanconi.eu\" target=\"_blank\" rel=\"noopener noreferrer\">maestro contempor\u00e1neo Mario Fanconi<\/a> pueden verse en la galer\u00eda online.<\/li>\n<li>Descubre las obras del artista contempor\u00e1neo <a title=\"Visita la galer\u00eda de arte del artista contempor\u00e1neo Inigo Arista en l\u00ednea\" href=\"https:\/\/www.inigoarista.eu\" target=\"_blank\" rel=\"noopener noreferrer\">\u00cd\u00f1igo Arista<\/a> en su p\u00e1gina web de artista.<\/li>\n<li>Sum\u00e9rgete en el mundo del <a title=\"Visita la galer\u00eda de arte de la artista contempor\u00e1nea Simone Bellucci en l\u00ednea\" href=\"https:\/\/www.simonebellucci.it\" target=\"_blank\" rel=\"noopener noreferrer\">artista contempor\u00e1neo Simone Bellucci<\/a> y explora su p\u00e1gina web dedicada al arte.<\/li>\n<li>Explora la web del <a title=\"Visita la galer\u00eda de arte del artista contempor\u00e1neo Francesco Cassanelli en l\u00ednea\" href=\"https:\/\/www.francescocassanelli.it\" target=\"_blank\" rel=\"noopener noreferrer\">artista contempor\u00e1neo Francesco Cassanelli<\/a> para conocer su obra.<\/li>\n<li>Descubre las creaciones del <a title=\"Visita la galer\u00eda de arte del artista contempor\u00e1neo Juan Jos\u00e9 Rodr\u00edguez de Guzm\u00e1n Barba en l\u00ednea\" href=\"https:\/\/www.juandeguzman.art\/\" target=\"_blank\" rel=\"noopener noreferrer\">artista contempor\u00e1neo Juan Jos\u00e9 Rodr\u00edguez de Guzm\u00e1n Barba<\/a> visitando su p\u00e1gina web personal.<\/li>\n<li>Sum\u00e9rgete en los evocadores paisajes de la <a title=\"Visita la galer\u00eda de arte de la artista contempor\u00e1nea Lucia Dragani en l\u00ednea\" href=\"https:\/\/www.luciadragani.it\/\" target=\"_blank\" rel=\"noopener noreferrer\">artista contempor\u00e1nea Lucia Dragani<\/a> visitando su p\u00e1gina web de artista.<\/li>\n<li>Explora la sensualidad y la gracia de las figuras femeninas pintadas por <a title=\"Visita la galer\u00eda de arte del artista contempor\u00e1neo Mauro Vaia en l\u00ednea\" href=\"https:\/\/www.maurovaia.it\" target=\"_blank\" rel=\"noopener\">el artista contempor\u00e1neo Mauro Vaia<\/a> en su p\u00e1gina web de artista.<\/li>\n<li>Sum\u00e9rgete en las emociones y los colores de las obras de <a title=\"Visita la galer\u00eda de arte contempor\u00e1neo Sonia Giordano Gasser en l\u00ednea\" href=\"https:\/\/www.soniagasser.eu\" target=\"_blank\" rel=\"noopener\">la artista contempor\u00e1nea Sonia Giordano Gasser<\/a> explorando su p\u00e1gina web.<\/li>\n<li>Admira las obras figurativas de <a title=\"Visita la galer\u00eda de arte contempor\u00e1neo Catherine Baylet en l\u00ednea\" href=\"https:\/\/www.catherinebaylet.eu\" target=\"_blank\" rel=\"noopener\">la artista contempor\u00e1nea Catherine Baylet<\/a> visitando su p\u00e1gina web de artista.<\/li>\n<li>Visita la p\u00e1gina web personal de <a title=\"Visita la galer\u00eda de arte contempor\u00e1neo Leticia M\u00e9ndez Garc\u00eda en l\u00ednea\" href=\"https:\/\/www.leticiamendezgarcia.eu\" target=\"_blank\" rel=\"noopener\">la artista contempor\u00e1nea Leticia M\u00e9ndez Garc\u00eda<\/a> para descubrir sus obras.<\/li>\n<li>Descubre las expresiones art\u00edsticas de <a title=\"Visita la galer\u00eda de arte contempor\u00e1neo Sieglinde Metzler en l\u00ednea\" href=\"https:\/\/www.sieglindemetzler.eu\" target=\"_blank\" rel=\"noopener\">la artista contempor\u00e1nea Sieglinde Metzler<\/a> admirando su sitio web de arte.<\/li>\n<li>Visita la p\u00e1gina web personal del <a title=\"Visita la galer\u00eda de arte del artista contempor\u00e1neo Andreas Toto Tscherrig en l\u00ednea\" href=\"https:\/\/www.andretscherrig.eu\" target=\"_blank\" rel=\"noopener\">artista contempor\u00e1neo Andreas Toto Tscherrig<\/a> para admirar sus obras \u00fanicas.<\/li>\n<li>Admira los homenajes del artista contempor\u00e1neo <a title=\"Visita la galer\u00eda de arte del artista contempor\u00e1neo Fabio Tolu en l\u00ednea\" href=\"https:\/\/www.fabiotolu.it\" target=\"_blank\" rel=\"noopener\">Fabio Tolu<\/a> al Pop Art, entre la cultura de masas y la creatividad, visitando su sitio web de arte.<\/li>\n<li>Explora el impresionismo semiabstracto y realista del <a title=\"Visita la galer\u00eda de arte del artista contempor\u00e1neo Francisco Javier Corral Guti\u00e9rrez en l\u00ednea\" href=\"https:\/\/www.frankorral.eu\" target=\"_blank\" rel=\"noopener\">artista contempor\u00e1neo Francisco Javier Corral Guti\u00e9rrez<\/a> en su sitio art\u00edstico.<\/li>\n<li>Descubre el mundo art\u00edstico de <a title=\"Visita la galer\u00eda de arte de la artista contempor\u00e1nea Antonietta Di Secl\u00ec en l\u00ednea\" href=\"https:\/\/www.antoniettadisecli.it\" target=\"_blank\" rel=\"noopener\">la artista contempor\u00e1nea Antonietta Di Secl\u00ec <\/a>visitando su sitio web de arte<\/li>\n<li>Visita la p\u00e1gina web oficial del <a title=\"Visita la galer\u00eda de arte del artista contempor\u00e1neo Luigi Senia en l\u00ednea\" href=\"https:\/\/www.luigisenia.it\">artista contempor\u00e1neo Luigi Senia<\/a> , donde la crisis interior se convierte en expresi\u00f3n visual.<\/li>\n<li>Sum\u00e9rgete en las atm\u00f3sferas metaf\u00f3ricas del artista contempor\u00e1neo <a title=\"Visita la galer\u00eda de arte del artista contempor\u00e1neo Stefano Corazziari en l\u00ednea\" href=\"https:\/\/www.stefanocorazziari.it\" target=\"_blank\" rel=\"noopener\">Stefano Corazziari <\/a>en su p\u00e1gina web de arte.<\/li>\n<li>Sum\u00e9rgete en las atm\u00f3sferas surrealistas y coloridas del <a title=\"Visita la galer\u00eda de arte del artista contempor\u00e1neo Dario Cardoni en l\u00ednea\" href=\"http:\/\/www.dariocardoni.eu\" target=\"_blank\" rel=\"noopener\">artista contempor\u00e1neo Dario Cardoni<\/a> visitando su p\u00e1gina web de artista<\/li>\n<li>Sum\u00e9rgete en el arte de <a title=\"Visita la galer\u00eda de arte de la artista contempor\u00e1nea Ursula Altenbach en l\u00ednea\" href=\"https:\/\/www.ursulaaltenbach.net\" target=\"_blank\" rel=\"noopener\">la artista contempor\u00e1nea Ursula Altenbach<\/a>, tambi\u00e9n conocida <a title=\"Biko: descubre a la artista suiza Ursula Altenbach en l\u00ednea\" href=\"https:\/\/www.ursulaaltenbach.net\/ursula-altenbach-contemporary-artist\/\" target=\"_blank\" rel=\"noopener\">como Biko<\/a>, explorando su p\u00e1gina web de artista.<\/li>\n<li>Explora el sitio del <a title=\"Visita la galer\u00eda de arte del artista contempor\u00e1neo Giuseppe Bevilacqua en l\u00ednea\" href=\"https:\/\/www.bevilacquagiuseppe.it\" target=\"_blank\" rel=\"noopener\">artista contempor\u00e1neo Giuseppe Bevilacqua<\/a>: donde t\u00e9cnicas antiguas y visiones modernas fusionan sue\u00f1o y realidad<\/li>\n<li>Descubre las diferentes t\u00e9cnicas expresivas del artista contempor\u00e1neo <a title=\"Visita la galer\u00eda de arte del artista contempor\u00e1neo Domenico Carraturo en l\u00ednea\" href=\"https:\/\/www.domenicocarraturo.it\" target=\"_blank\" rel=\"noopener\">Domenico Carraturo<\/a>, tambi\u00e9n conocido <a title=\"Domcarry_art: descubre al artista de Salerno Domenico Carraturo online\" href=\"https:\/\/www.domenicocarraturo.it\/domenico-carraturo-artista-contemporaneo\/\" target=\"_blank\" rel=\"noopener\">como Domcarry_art<\/a>, en su sitio web de arte.<\/li>\n<li>Entra en la p\u00e1gina web oficial del artista contempor\u00e1neo <a title=\"Visita la galer\u00eda de arte del artista contempor\u00e1neo Fabrizio Cancelliere en l\u00ednea\" href=\"https:\/\/www.fabriziocancelliere.com\" target=\"_blank\" rel=\"noopener\">Fabrizio Cancelliere<\/a> y d\u00e9jate guiar por sus obras, exposiciones y talleres de pintura.<\/li>\n<li>Visita la p\u00e1gina web oficial de la artista contempor\u00e1nea <a title=\"Visita en l\u00ednea la galer\u00eda de arte de la artista contempor\u00e1nea Luana Bottallo, tambi\u00e9n conocida como LuBi\" href=\"https:\/\/www.luanabottallo-lubi.com\/\" target=\"_blank\" rel=\"noopener\">Luana Bottallo (<em>LuBi<\/em>),<\/a> donde cada obra se convierte en un di\u00e1logo entre cuerpo, mente y color.<\/li>\n<li>Descubre las diferentes t\u00e9cnicas expresivas de la artista contempor\u00e1nea <a title=\"Visita la galer\u00eda de arte de la artista contempor\u00e1nea Marilisa Calabretta en l\u00ednea\" href=\"https:\/\/www.marilisacalabretta.com\">Marilisa Calabretta<\/a>, desde las tradiciones hasta la cr\u00edtica social, en su sitio web de arte<\/li>\n<li>Visita la p\u00e1gina web de <a title=\"Visita la galer\u00eda de arte de la artista contempor\u00e1nea Stefania Turco en l\u00ednea\" href=\"https:\/\/www.stefaniaturco.com\">la artista contempor\u00e1nea Stefania Turco<\/a> y descubre c\u00f3mo la materia, el sentimiento y la naturaleza se encuentran en el arte.<\/li>\n<li>Admira el universo revolucionario del <a title=\"Visita la galer\u00eda de arte del artista contempor\u00e1neo Filippo Circelli en l\u00ednea\" href=\"https:\/\/www.filippocircelli.com\">artista contempor\u00e1neo Filippo Circelli<\/a> en su sitio web: un di\u00e1logo entre la forma y la introspecci\u00f3n.<\/li>\n<\/ol>\n<\/li>\n<\/ol>\n<\/li>\n<\/ol>\n<\/li>\n<\/ol>\n<\/li>\n<\/ol>\n<\/li>\n<\/ol>\n<\/li>\n<\/ol>\n<\/li>\n<\/ol>\n","protected":false},"excerpt":{"rendered":"<p>Promociona tu vida online con una p\u00e1gina web dedicada exclusivamente a ti.<\/p>\n<p><strong>Por la experiencia<\/strong> de los programadores <strong>de PitturiAmo<\/strong><strong>, disponible<\/strong> solo para <strong>los primeros 50 artistas<\/strong> que se unir\u00e1n a la iniciativa. <strong>Date prisa<\/strong>.<\/p>\n","protected":false},"featured_media":7601,"comment_status":"closed","ping_status":"closed","template":"","meta":[],"product_brand":[],"product_cat":[138],"product_tag":[],"class_list":{"0":"post-9590","1":"product","2":"type-product","3":"status-publish","4":"has-post-thumbnail","6":"product_cat-internet","8":"first","9":"instock","10":"featured","11":"sold-individually","12":"purchasable","13":"product-type-variable"},"_links":{"self":[{"href":"https:\/\/www.pitturiamo.shop\/es\/wp-json\/wp\/v2\/product\/9590","targetHints":{"allow":["GET"]}}],"collection":[{"href":"https:\/\/www.pitturiamo.shop\/es\/wp-json\/wp\/v2\/product"}],"about":[{"href":"https:\/\/www.pitturiamo.shop\/es\/wp-json\/wp\/v2\/types\/product"}],"replies":[{"embeddable":true,"href":"https:\/\/www.pitturiamo.shop\/es\/wp-json\/wp\/v2\/comments?post=9590"}],"wp:featuredmedia":[{"embeddable":true,"href":"https:\/\/www.pitturiamo.shop\/es\/wp-json\/wp\/v2\/media\/7601"}],"wp:attachment":[{"href":"https:\/\/www.pitturiamo.shop\/es\/wp-json\/wp\/v2\/media?parent=9590"}],"wp:term":[{"taxonomy":"product_brand","embeddable":true,"href":"https:\/\/www.pitturiamo.shop\/es\/wp-json\/wp\/v2\/product_brand?post=9590"},{"taxonomy":"product_cat","embeddable":true,"href":"https:\/\/www.pitturiamo.shop\/es\/wp-json\/wp\/v2\/product_cat?post=9590"},{"taxonomy":"product_tag","embeddable":true,"href":"https:\/\/www.pitturiamo.shop\/es\/wp-json\/wp\/v2\/product_tag?post=9590"}],"curies":[{"name":"wp","href":"https:\/\/api.w.org\/{rel}","templated":true}]}}