{"id":9579,"date":"2019-06-26T10:55:00","date_gmt":"2019-06-26T10:55:00","guid":{"rendered":"https:\/\/www.pitturiamo.shop\/promozione-artista\/sin categor\u00eda\/entrevistas-a-pitturiamo\/"},"modified":"2019-06-26T10:55:00","modified_gmt":"2019-06-26T08:55:00","slug":"entrevistas-a-pitturiamo","status":"publish","type":"product","link":"https:\/\/www.pitturiamo.shop\/es\/promozione-artista\/exposiciones-ferias-eventos\/entrevistas-a-pitturiamo\/","title":{"rendered":"Entrevistas a PitturiAmo"},"content":{"rendered":"<h3 style=\"text-align: center;\"><strong>\u00bfTienes dificultades para comunicar el valor de tu arte?<\/strong><\/h3>\n<h1 style=\"text-align: center;\">&#8220;<strong>LOS ARTISTAS CUENTAN SUS HISTORIAS&#8221;<\/strong><br \/>\n <strong>Las entrevistas de PitturiAmo<\/strong><\/h1>\n<p>Necesitas encontrar un cuadrado preparado y atento, capaz de captar tu esfuerzo art\u00edstico pero, a menudo, te das cuenta de que la calidad de tu trabajo no se entiende.<\/p>\n<p>Hay una forma sencilla de superar este problema: explicar, con tus propias palabras, qui\u00e9n eres, qu\u00e9 haces, c\u00f3mo lo haces y por qu\u00e9 lo haces.<\/p>\n<h3>Con el proyecto &#8220;<strong><em>Los artistas cuentan sus historias \u2013 entrevistas a PitturiAmo<\/em><\/strong>&#8220;, puedes alcanzar f\u00e1cilmente tu objetivo:<\/h3>\n<ul>\n<li><strong>Entrevista online <\/strong>que puedes realizar seg\u00fan tus necesidades, cuando te resulte m\u00e1s c\u00f3modo y en el momento que consideres m\u00e1s oportuno. De este modo podr\u00e1s responder, con serenidad, a las preguntas que te hagan, sin la verg\u00fcenza de una entrevista real en vivo. Tendr\u00e1s el espacio adecuado para aclarar qui\u00e9n eres y qu\u00e9 haces;  <\/li>\n<li>Puedes elegir las preguntas que consideres m\u00e1s apropiadas. De este modo, podr\u00e1s <strong>dirigir la entrevista hacia los <\/strong>temas que m\u00e1s te interesan, para transmitir tu mensaje de la forma m\u00e1s eficaz posible; <\/li>\n<li>La entrevista se publicar\u00e1:\n<ul>\n<li>En <strong>la revista Art-Now<\/strong>, la revista art\u00edstica dirigida por Sandro Serradifalco con una tirada de 5000 ejemplares;<\/li>\n<li><strong>en l\u00ednea en PitturiAmo Magazine<\/strong>, en una secci\u00f3n especial dedicada a artistas contempor\u00e1neos;<\/li>\n<li>en la <strong>p\u00e1gina de Facebook de PitturiAmo<\/strong> , que actualmente cuenta con m\u00e1s de 24.000 miembros.<\/li>\n<\/ul>\n<\/li>\n<li>Recibir\u00e1s <strong>dos ejemplares en papel de la revista Art-Now<\/strong> en casa para que puedas mostrar tu presencia en la revista a tus admiradores y leer f\u00e1cilmente tu entrevista;<\/li>\n<li>Recibir\u00e1s por correo <strong>electr\u00f3nico el archivo de las<\/strong> p\u00e1ginas relacionadas con tu entrevista, en formato PDF, con un dise\u00f1o profesional de alta resoluci\u00f3n de PitturiAmo, que <strong>podr\u00e1s imprimir<\/strong> en tu imprenta de confianza. De este modo, puedes distribuir tu entrevista durante tus eventos a tus admiradores. Una forma sencilla, directa y econ\u00f3mica de explicar a todos qui\u00e9n eres.  <\/li>\n<\/ul>\n<h2><strong>Entrevistas a PitturiAmo &#8211; Aqu\u00ed tienes un ejemplo<\/strong><\/h2>\n<p>Puedes comprobar c\u00f3mo se realiza la obra descargando y <strong>leyendo la entrevista realizada con Alys Melcon<\/strong>, una artista siciliana que ya ha elegido este medio para comunicar su arte:   <strong><a href=\"https:\/\/www.pitturiamo.eu\/wp-content\/uploads\/Alys-Melcon-LR.pdf\" target=\"_blank\" rel=\"noopener noreferrer\">Lee la entrevista con Alys Melcon<\/a><\/strong><\/p>\n","protected":false},"excerpt":{"rendered":"<p>Transmite tu arte contando qui\u00e9n eres y c\u00f3mo te expresas.<\/p>\n<p>Reserva esta promoci\u00f3n ahora para garantizar <strong>un servicio<\/strong> puntual a costa <strong>de lanzar la oferta.<\/strong><\/p>\n","protected":false},"featured_media":7600,"comment_status":"open","ping_status":"closed","template":"","meta":[],"product_brand":[],"product_cat":[140],"product_tag":[],"class_list":{"0":"post-9579","1":"product","2":"type-product","3":"status-publish","4":"has-post-thumbnail","6":"product_cat-exposiciones-ferias-eventos","8":"first","9":"instock","10":"sale","11":"virtual","12":"purchasable","13":"product-type-simple"},"_links":{"self":[{"href":"https:\/\/www.pitturiamo.shop\/es\/wp-json\/wp\/v2\/product\/9579","targetHints":{"allow":["GET"]}}],"collection":[{"href":"https:\/\/www.pitturiamo.shop\/es\/wp-json\/wp\/v2\/product"}],"about":[{"href":"https:\/\/www.pitturiamo.shop\/es\/wp-json\/wp\/v2\/types\/product"}],"replies":[{"embeddable":true,"href":"https:\/\/www.pitturiamo.shop\/es\/wp-json\/wp\/v2\/comments?post=9579"}],"wp:featuredmedia":[{"embeddable":true,"href":"https:\/\/www.pitturiamo.shop\/es\/wp-json\/wp\/v2\/media\/7600"}],"wp:attachment":[{"href":"https:\/\/www.pitturiamo.shop\/es\/wp-json\/wp\/v2\/media?parent=9579"}],"wp:term":[{"taxonomy":"product_brand","embeddable":true,"href":"https:\/\/www.pitturiamo.shop\/es\/wp-json\/wp\/v2\/product_brand?post=9579"},{"taxonomy":"product_cat","embeddable":true,"href":"https:\/\/www.pitturiamo.shop\/es\/wp-json\/wp\/v2\/product_cat?post=9579"},{"taxonomy":"product_tag","embeddable":true,"href":"https:\/\/www.pitturiamo.shop\/es\/wp-json\/wp\/v2\/product_tag?post=9579"}],"curies":[{"name":"wp","href":"https:\/\/api.w.org\/{rel}","templated":true}]}}