{"id":9556,"date":"2020-01-28T11:48:24","date_gmt":"2020-01-28T11:48:24","guid":{"rendered":"https:\/\/www.pitturiamo.shop\/promozione-artista\/sin categor\u00eda\/esploriamo\/"},"modified":"2020-01-28T11:48:24","modified_gmt":"2020-01-28T10:48:24","slug":"esploriamo","status":"publish","type":"product","link":"https:\/\/www.pitturiamo.shop\/es\/promozione-artista\/pitturiamo\/esploriamo\/","title":{"rendered":"EsploriAmo"},"content":{"rendered":"<p>Esto es lo que <strong>ofrece EsploriAmo<\/strong>:<\/p>\n<ul>\n<li><strong>5 Pinturas Destacadas<\/strong> (elegidas por el equipo editorial art\u00edstico de PitturiAmo), para conocer el servicio, apreciar sus ventajas y probar la posici\u00f3n en la parte superior de Google;<\/li>\n<li><strong>1 Banner<\/strong>, en rotaci\u00f3n, para ser elegido entre los disponibles, durante 1 semana. El banner ser\u00e1 creado por el equipo editorial t\u00e9cnico de PitturiAmo y, al hacer clic, enviar\u00e1 al usuario a la p\u00e1gina editorial dedicada al artista, presente en la revista PitturiAmo; <\/li>\n<li><strong>1 Editorial<\/strong>, creado por el equipo art\u00edstico editorial de PitturiAmo.<\/li>\n<\/ul>\n<p>Adem\u00e1s, te beneficiar\u00e1s <strong>de los BONUS:<\/strong><\/p>\n<ul>\n<li><strong>Nota cr\u00edtica<\/strong>, escrita por uno de los tutores de PitturiAmo, que se incluir\u00e1 en el editorial de la revista PitturiAmo;<\/li>\n<li><strong>5 pinturas para venta directa<\/strong> (a elecci\u00f3n del equipo editorial art\u00edstico de PitturiAmo) para conocer el servicio y aprovechar la compra impulsiva. Puedes intentar vender tus pinturas directamente en la plataforma PitturiAmo y recibir el dinero en tu cuenta bancaria. <\/li>\n<li>Una semana adicional consecutiva de publicaci\u00f3n del<strong> Banner<\/strong>. As\u00ed podr\u00e1s dar a conocer tu arte al p\u00fablico de PitturiAmo durante un total de 2 semanas. <\/li>\n<li><strong>Compartir<\/strong> el editorial, en la p\u00e1gina y grupo de <strong>Facebook<\/strong> de PitturiAmo, que juntos re\u00fanen a m\u00e1s de 30.000 seguidores.<\/li>\n<\/ul>\n<p>Nuestra oferta est\u00e1 reservada para <strong>nuevos miembros<\/strong> que quieran conocer m\u00e1s sobre los servicios de PitturiAmo, o para quienes ya conocen nuestra red y quieren <strong>ampliar su visibilidad<\/strong>. \u00a1Aprov\u00e9chalo, ahora! <\/p>\n","protected":false},"excerpt":{"rendered":"<p>&#8220;EsploriAmo&#8221; es un paquete de servicios dise\u00f1ado espec\u00edficamente para <strong>ayudarte a dar tus primeros pasos<\/strong> en PitturiAmo o para <strong>completar<\/strong> mejor tu actividad promocional en la \u00fanica Red, presente en la web italiana, que puede presumir de tener <strong>el mayor n\u00famero de pintores y pinturas en exhibici\u00f3n permanente<\/strong> .<\/p>\n<p>PitturiAmo es <strong>la mayor galer\u00eda virtual de la<\/strong> web italiana.<\/p>\n<p>Es visible <strong>en la primera p\u00e1gina de Google<\/strong> con miles de palabras clave diferentes, desde cualquier parte del mundo. <strong>Tener visibilidad en PitturiAmo significa tener una enorme visibilidad en Google, en cualquier parte del mundo.<\/strong><\/p>\n","protected":false},"featured_media":7599,"comment_status":"open","ping_status":"closed","template":"","meta":[],"product_brand":[],"product_cat":[122],"product_tag":[],"class_list":{"0":"post-9556","1":"product","2":"type-product","3":"status-publish","4":"has-post-thumbnail","6":"product_cat-pitturiamo","8":"first","9":"instock","10":"sale","11":"virtual","12":"purchasable","13":"product-type-simple"},"_links":{"self":[{"href":"https:\/\/www.pitturiamo.shop\/es\/wp-json\/wp\/v2\/product\/9556","targetHints":{"allow":["GET"]}}],"collection":[{"href":"https:\/\/www.pitturiamo.shop\/es\/wp-json\/wp\/v2\/product"}],"about":[{"href":"https:\/\/www.pitturiamo.shop\/es\/wp-json\/wp\/v2\/types\/product"}],"replies":[{"embeddable":true,"href":"https:\/\/www.pitturiamo.shop\/es\/wp-json\/wp\/v2\/comments?post=9556"}],"wp:featuredmedia":[{"embeddable":true,"href":"https:\/\/www.pitturiamo.shop\/es\/wp-json\/wp\/v2\/media\/7599"}],"wp:attachment":[{"href":"https:\/\/www.pitturiamo.shop\/es\/wp-json\/wp\/v2\/media?parent=9556"}],"wp:term":[{"taxonomy":"product_brand","embeddable":true,"href":"https:\/\/www.pitturiamo.shop\/es\/wp-json\/wp\/v2\/product_brand?post=9556"},{"taxonomy":"product_cat","embeddable":true,"href":"https:\/\/www.pitturiamo.shop\/es\/wp-json\/wp\/v2\/product_cat?post=9556"},{"taxonomy":"product_tag","embeddable":true,"href":"https:\/\/www.pitturiamo.shop\/es\/wp-json\/wp\/v2\/product_tag?post=9556"}],"curies":[{"name":"wp","href":"https:\/\/api.w.org\/{rel}","templated":true}]}}