{"id":9552,"date":"2020-03-06T09:33:32","date_gmt":"2020-03-06T09:33:32","guid":{"rendered":"https:\/\/www.pitturiamo.shop\/promozione-artista\/sin categor\u00eda\/informe-super-corto-doble-bonificacion\/"},"modified":"2020-03-06T09:33:32","modified_gmt":"2020-03-06T08:33:32","slug":"informe-super-corto-doble-bonificacion","status":"publish","type":"product","link":"https:\/\/www.pitturiamo.shop\/es\/promozione-artista\/pitturiamo\/informe-super-corto-doble-bonificacion\/","title":{"rendered":"Informe S\u00faper Corto + DOBLE Bonificaci\u00f3n"},"content":{"rendered":"<p><strong>Breve Super Report<\/strong> ha sido creado para ofrecer, en pocas p\u00e1ginas, las 3 soluciones principales \u2013 al alcance de todos \u2013 para:<\/p>\n<ul>\n<li><strong>Empieza<\/strong> tu galer\u00eda online;<\/li>\n<li><strong>optimiza<\/strong> tu presencia en Internet;<\/li>\n<li>Empieza, con el pie derecho, para<strong> darte a conocer<\/strong> y valorarte en internet.<\/li>\n<\/ul>\n<p>As\u00ed tendr\u00e1s la oportunidad de llegar a tu cliente potencial, dar a conocer tu arte (aunque sea a distancia) y <strong>vender cuadros<\/strong>. Ya no tendr\u00e1s que depender de galer\u00edas influyentes que explotan tu trabajo, <strong>dej\u00e1ndote solo migajas.<\/strong> <\/p>\n<p>Es una lectura corta que se consume r\u00e1pidamente (tarda entre 20 y 30 minutos) en formato PDF que recibir\u00e1s en tu buz\u00f3n y podr\u00e1s aprender, con <strong>palabras y conceptos sencillos al alcance de todos<\/strong>, las ideas principales para tener tu propia presencia online que sea realmente efectiva y que te ayude a dar a conocer tu arte,  para ser apreciado y vender pinturas, tanto online como directamente en el taller de tu artista.<\/p>\n<h2>El <strong>S\u00faper Informe Corto<\/strong> + DOBLE BONO<\/h2>\n<ul>\n<li>\u00bfCu\u00e1les son las <strong>3 mejores soluciones <\/strong>para abrir tu galer\u00eda online?<\/li>\n<li>Los <strong>10 puntos fundamentales<\/strong> para tener un sitio web exitoso;<\/li>\n<li><strong>Ventajas y desventajas<\/strong> de una p\u00e1gina web personal;<\/li>\n<li><strong>Qu\u00e9 puntos debes comprobar<\/strong> que se respetan cuando tengas tu sitio web construido;<\/li>\n<li>C\u00f3mo saber si tu web es REALMENTE <strong>\u00fatil y funcional<\/strong>;<\/li>\n<li>\u00bfCu\u00e1les son los <strong>5 aspectos fundamentales<\/strong> a evaluar al registrarse en un portal de arte?<\/li>\n<li>\u00bfEs mejor tener un <strong>perfil personal<\/strong> o <strong>una p\u00e1gina de empresa<\/strong> en Facebook?<\/li>\n<\/ul>\n<p>&#8230; Y por \u00faltimo&#8230;<\/p>\n<ul>\n<li><strong>\u00bfQu\u00e9 har\u00eda Nino Argentati<\/strong> si estuviera en tu lugar (y aqu\u00ed te damos sus 25 a\u00f1os de experiencia en Marketing de Arte);<\/li>\n<li><strong><strong>+ DOBLE bonificaci\u00f3n<\/strong><\/strong>\n<ul>\n<li><strong>n. 1 Pintura destacada<\/strong> en PitturiAmo, para promocionarte online y tener m\u00e1s visibilidad en el portal y en Google;<\/li>\n<li><strong>n. 1 Nota cr\u00edtica<\/strong> <i>escrita por<\/i> un <i>tutor de PitturiAmo<\/i>, para que puedas enriquecer tu curr\u00edculum y presentar tu arte de la mejor manera posible.<\/li>\n<\/ul>\n<\/li>\n<\/ul>\n","protected":false},"excerpt":{"rendered":"<ul>\n<li>\u00bfPintas por el placer de pintar, tienes muy poco tiempo disponible y <strong>no tienes mucho dinero para dedicar a promociones<\/strong>?<\/li>\n<li><strong>\u00bfNo eres muy t\u00e9cnico,<\/strong> no te llevas muy bien con el ordenador, te pones nervioso f\u00e1cilmente y por eso renuncias a promocionarte online?<\/li>\n<li>\u00bfTe gustar\u00eda recibir <strong>comentarios inmediatos<\/strong>, cr\u00edticas y valoraciones de usuarios que ven tus obras en l\u00ednea?<\/li>\n<\/ul>\n<h3><strong>Aprovecha el DOBLE bono<\/strong>:<\/h3>\n<ul>\n<li><strong>n.1 Pintura destacada<\/strong> sobre Pitturiamo;<\/li>\n<li><strong>Nota Cr\u00edticas<\/strong> a tu arte por un tutor de PitturiAmo.<\/li>\n<\/ul>\n","protected":false},"featured_media":7594,"comment_status":"open","ping_status":"closed","template":"","meta":[],"product_brand":[],"product_cat":[122],"product_tag":[],"class_list":{"0":"post-9552","1":"product","2":"type-product","3":"status-publish","4":"has-post-thumbnail","6":"product_cat-pitturiamo","8":"first","9":"instock","10":"virtual","11":"purchasable","12":"product-type-simple"},"_links":{"self":[{"href":"https:\/\/www.pitturiamo.shop\/es\/wp-json\/wp\/v2\/product\/9552","targetHints":{"allow":["GET"]}}],"collection":[{"href":"https:\/\/www.pitturiamo.shop\/es\/wp-json\/wp\/v2\/product"}],"about":[{"href":"https:\/\/www.pitturiamo.shop\/es\/wp-json\/wp\/v2\/types\/product"}],"replies":[{"embeddable":true,"href":"https:\/\/www.pitturiamo.shop\/es\/wp-json\/wp\/v2\/comments?post=9552"}],"wp:featuredmedia":[{"embeddable":true,"href":"https:\/\/www.pitturiamo.shop\/es\/wp-json\/wp\/v2\/media\/7594"}],"wp:attachment":[{"href":"https:\/\/www.pitturiamo.shop\/es\/wp-json\/wp\/v2\/media?parent=9552"}],"wp:term":[{"taxonomy":"product_brand","embeddable":true,"href":"https:\/\/www.pitturiamo.shop\/es\/wp-json\/wp\/v2\/product_brand?post=9552"},{"taxonomy":"product_cat","embeddable":true,"href":"https:\/\/www.pitturiamo.shop\/es\/wp-json\/wp\/v2\/product_cat?post=9552"},{"taxonomy":"product_tag","embeddable":true,"href":"https:\/\/www.pitturiamo.shop\/es\/wp-json\/wp\/v2\/product_tag?post=9552"}],"curies":[{"name":"wp","href":"https:\/\/api.w.org\/{rel}","templated":true}]}}