{"id":9541,"date":"2020-05-11T13:47:10","date_gmt":"2020-05-11T13:47:10","guid":{"rendered":"https:\/\/www.pitturiamo.shop\/promozione-artista\/sin categor\u00eda\/asistencia-tecnica-para-la-pagina-web-del-artista\/"},"modified":"2020-05-11T13:47:10","modified_gmt":"2020-05-11T11:47:10","slug":"asistencia-tecnica-para-la-pagina-web-del-artista","status":"publish","type":"product","link":"https:\/\/www.pitturiamo.shop\/es\/promozione-artista\/internet\/asistencia-tecnica-para-la-pagina-web-del-artista\/","title":{"rendered":"Asistencia t\u00e9cnica para la p\u00e1gina web del artista"},"content":{"rendered":"<h2>Asistencia t\u00e9cnica a la p\u00e1gina web del artista &#8211; Caracter\u00edsticas<\/h2>\n<p>Si <strong>tienes dificultades para gestionar la p\u00e1gina web de tu artista creada con PitturiAmo<\/strong> o quieres hacer cambios t\u00e9cnicos, puedes contar con el soporte t\u00e9cnico de PitturiAmo.<\/p>\n<p>Puedes contratar una \u00fanica intervenci\u00f3n, que te da derecho a asistencia por <strong>un m\u00e1ximo de 1 hora<\/strong> o a una <strong>suscripci\u00f3n anual,<\/strong> mucho m\u00e1s econ\u00f3mica:<\/p>\n<ul>\n<li><strong>Intervenci\u00f3n \u00fanica<\/strong> \u2013 80,00\u20ac (IVA incluido). Para <strong>una sola intervenci\u00f3n<\/strong> que dure hasta<strong> 1 hora o una fracci\u00f3n de hora<\/strong>. Puedes adquirir este servicio cuando quieras hacer cambios en tu p\u00e1gina web de artista. Si es necesario, puedes contratar el mismo servicio varias veces (para intervenciones especialmente complejas).   <\/li>\n<li><strong>Abono anual<\/strong> &#8211; 400,00 \u20ac (IVA incluido) con un 50% de descuento. Para <strong>intervenciones repetidas<\/strong> con una duraci\u00f3n m\u00e1xima total de <strong>10 horas<\/strong> <b>acumuladas, <\/b>es decir, no se calculan las fracciones de una hora, sino la cantidad real de minutos trabajados (<strong>total de 600 minutos<\/strong>). Cualquier hora extra tendr\u00e1 que comprarse adicionalmente. El artista est\u00e1 constantemente informado del n\u00famero de horas consumidas y, por tanto, de las que quedan.   <\/li>\n<\/ul>\n<p>Las intervenciones que puedes solicitar se refieren a la inserci\u00f3n o actualizaci\u00f3n de:<\/p>\n<ul>\n<li><strong>funciona<\/strong> con especificaciones de detalle;<\/li>\n<li><strong>p\u00e1ginas<\/strong> como biograf\u00eda, curr\u00edculum, cr\u00edtica, noticias, etc.;<\/li>\n<li><strong>v\u00eddeos<\/strong> que ya deben estar publicados en YouTube;<\/li>\n<li><strong>datos personales y de contacto<\/strong> para solicitudes de informaci\u00f3n;<\/li>\n<li>verificaci\u00f3n t\u00e9cnica general del funcionamiento;<\/li>\n<li><strong>cambiar los colores y las fuentes del sitio<\/strong> ;<\/li>\n<li><strong>optimizaci\u00f3n de obras<\/strong> con programas de edici\u00f3n fotogr\u00e1fica;<\/li>\n<li><strong>consejos t\u00e9cnicos<\/strong> y sugerencias de nuestro equipo sobre c\u00f3mo utilizar mejor tu sitio web de artista;<\/li>\n<li>Problemas con el <strong>correo<\/strong> electr\u00f3nico asociado a la p\u00e1gina web.<\/li>\n<\/ul>\n<p>&nbsp;<\/p>\n<p>Nota: La edici\u00f3n de v\u00eddeo es un servicio extra que puedes solicitar aqu\u00ed &#8211;&gt; <a href=\"https:\/\/www.pitturiamo.shop\/es\/promozione-artista\/internet\/creacion-de-videos-artisticos\/\">Artistas V\u00eddeos<\/a><\/p>\n<p>&nbsp;<\/p>\n<p>Compra el servicio y luego env\u00eda un correo electr\u00f3nico a redazione@pitturiamo.eu para que aceptes tus solicitudes.<\/p>\n","protected":false},"excerpt":{"rendered":"<h2>\u00bfQuieres hacer cambios t\u00e9cnicos en tu<strong> web de artista<\/strong>? \u00bfTe cuesta gestionarlo? <\/h2>\n<p>Compra soporte t\u00e9cnico: m\u00e1ndanos los cambios que te gustar\u00eda ver en tu web de artista y&#8230; nosotros en PitturiAmo nos encargaremos del resto.<\/p>\n","protected":false},"featured_media":7593,"comment_status":"open","ping_status":"closed","template":"","meta":[],"product_brand":[],"product_cat":[138],"product_tag":[124,123],"class_list":{"0":"post-9541","1":"product","2":"type-product","3":"status-publish","4":"has-post-thumbnail","6":"product_cat-internet","7":"product_tag-pitturiamo","8":"product_tag-promocion-de-artistas","10":"first","11":"instock","12":"featured","13":"sold-individually","14":"purchasable","15":"product-type-variable"},"_links":{"self":[{"href":"https:\/\/www.pitturiamo.shop\/es\/wp-json\/wp\/v2\/product\/9541","targetHints":{"allow":["GET"]}}],"collection":[{"href":"https:\/\/www.pitturiamo.shop\/es\/wp-json\/wp\/v2\/product"}],"about":[{"href":"https:\/\/www.pitturiamo.shop\/es\/wp-json\/wp\/v2\/types\/product"}],"replies":[{"embeddable":true,"href":"https:\/\/www.pitturiamo.shop\/es\/wp-json\/wp\/v2\/comments?post=9541"}],"wp:featuredmedia":[{"embeddable":true,"href":"https:\/\/www.pitturiamo.shop\/es\/wp-json\/wp\/v2\/media\/7593"}],"wp:attachment":[{"href":"https:\/\/www.pitturiamo.shop\/es\/wp-json\/wp\/v2\/media?parent=9541"}],"wp:term":[{"taxonomy":"product_brand","embeddable":true,"href":"https:\/\/www.pitturiamo.shop\/es\/wp-json\/wp\/v2\/product_brand?post=9541"},{"taxonomy":"product_cat","embeddable":true,"href":"https:\/\/www.pitturiamo.shop\/es\/wp-json\/wp\/v2\/product_cat?post=9541"},{"taxonomy":"product_tag","embeddable":true,"href":"https:\/\/www.pitturiamo.shop\/es\/wp-json\/wp\/v2\/product_tag?post=9541"}],"curies":[{"name":"wp","href":"https:\/\/api.w.org\/{rel}","templated":true}]}}