{"id":9521,"date":"2020-01-28T10:54:47","date_gmt":"2020-01-28T10:54:47","guid":{"rendered":"https:\/\/www.pitturiamo.shop\/promozione-artista\/sin categor\u00eda\/critica-de-tu-arte\/"},"modified":"2020-01-28T10:54:47","modified_gmt":"2020-01-28T09:54:47","slug":"critica-de-tu-arte","status":"publish","type":"product","link":"https:\/\/www.pitturiamo.shop\/es\/promozione-artista\/exposiciones-ferias-eventos\/critica-de-tu-arte\/","title":{"rendered":"Cr\u00edtica de tu arte"},"content":{"rendered":"<h2><strong>As\u00ed es como obtener una cr\u00edtica objetiva y valiosa de tu arte<\/strong><\/h2>\n<p>Un reconocimiento, de valor seguro, a trav\u00e9s de la creaci\u00f3n de una <strong>Cr\u00edtica de tu arte <\/strong>por parte de los cr\u00edticos de PitturiAmo <\/p>\n<p>La Cr\u00edtica pretende<strong> ofrecer una interpretaci\u00f3n profesional<\/strong>, para que tu audiencia pueda comprender e interpretar mejor tus obras. Con la Cr\u00edtica de tu arte publicada por PitturiAmo (la red m\u00e1s importante dedicada a artistas contempor\u00e1neos en la web italiana) por fin podr\u00e1s vender tus obras de arte con m\u00e1s facilidad. Si eres especialmente bueno, podr\u00edas hacer de tu arte una profesi\u00f3n y ganarte la vida (es un sue\u00f1o que une a muchos artistas, pero no es imposible).  <\/p>\n<h2>Nuestra propuesta:<\/h2>\n<h3>1. La breve cr\u00edtica<\/h3>\n<ul>\n<li>Una<strong> evaluaci\u00f3n de tu arte<\/strong> por parte de los cr\u00edticos de PitturiAmo, a trav\u00e9s de una llamada telef\u00f3nica directa que recibir\u00e1s en los pr\u00f3ximos d\u00edas. <em>As\u00ed podr\u00e1s compararte con un verdadero experto en arte<\/em>;<\/li>\n<li>Un <strong>texto cr\u00edtico de 1\/4 de p\u00e1gina<\/strong>, equivalente a unos 900 caracteres (15 l\u00edneas de 60 caracteres cada una). <em>As\u00ed podr\u00e1s demostrar tus verdaderas habilidades art\u00edsticas al p\u00fablico<\/em>;<\/li>\n<li>Dise\u00f1o en <strong>formato PDF A4<\/strong> en alta resoluci\u00f3n con gr\u00e1ficos profesionales y personalizados. <em>As\u00ed que puedes imprimirlo f\u00e1cilmente y usarlo para difundirlo durante tus eventos en directo<\/em>.<\/li>\n<\/ul>\n<p><strong>O&#8230;<\/strong><\/p>\n<h3>2. La cr\u00edtica est\u00e1ndar<\/h3>\n<ul>\n<li>Una<strong> evaluaci\u00f3n de tu arte<\/strong> por parte de los cr\u00edticos de PitturiAmo, a trav\u00e9s de una llamada telef\u00f3nica directa que recibir\u00e1s en los pr\u00f3ximos d\u00edas. <em>As\u00ed podr\u00e1s compararte con un verdadero experto en arte<\/em>;<\/li>\n<li>Un<strong> texto cr\u00edtico de media p\u00e1gina<\/strong>, equivalente a unos 1.800 caracteres (30 l\u00edneas de 60 caracteres cada una). <em>As\u00ed podr\u00e1s demostrar tus verdaderas habilidades art\u00edsticas al p\u00fablico<\/em>;<\/li>\n<li>Dise\u00f1o en <strong>formato PDF A4<\/strong> en alta resoluci\u00f3n con gr\u00e1ficos profesionales y personalizados. <em>As\u00ed que puedes imprimirlo f\u00e1cilmente y usarlo para difundirlo durante tus eventos en directo<\/em>.<\/li>\n<\/ul>\n<p><strong>O incluso&#8230;<\/strong><\/p>\n<h3>3. La cr\u00edtica planteada<\/h3>\n<ul>\n<li>Una<strong> evaluaci\u00f3n de tu arte<\/strong> por parte de los cr\u00edticos de PitturiAmo, a trav\u00e9s de una llamada telef\u00f3nica directa que recibir\u00e1s en los pr\u00f3ximos d\u00edas. <em>As\u00ed podr\u00e1s compararte con un verdadero experto en arte<\/em>;<\/li>\n<li>Un <strong>texto cr\u00edtico de 1 p\u00e1gina<\/strong>, equivalente a unos 3.600 caracteres (60 l\u00edneas de 60 caracteres cada una). <em>As\u00ed podr\u00e1s demostrar tus verdaderas habilidades art\u00edsticas al p\u00fablico<\/em>;<\/li>\n<li>Dise\u00f1o en <strong>formato PDF A4<\/strong> en alta resoluci\u00f3n con gr\u00e1ficos profesionales y personalizados. <em>As\u00ed que puedes imprimirlo f\u00e1cilmente y usarlo para difundirlo durante tus eventos en directo<\/em>.<\/li>\n<\/ul>\n<p>Ten en cuenta que el coste de crear la cr\u00edtica de tu arte es realmente bajo, especialmente en comparaci\u00f3n con el retorno que puede aportarte, potencialmente, en t\u00e9rminos de visibilidad y aprecio.<\/p>\n","protected":false},"excerpt":{"rendered":"<p>Llevas muchos a\u00f1os creando obras de arte pero \u00bfno est\u00e1s satisfecho con el feedback que has recibido?<\/p>\n<p>\u00bfTe gustar\u00eda ser aceptado en el c\u00edrculo que al menos cuenta como valorado?<\/p>\n<p><strong>\u00a1Solicita la cr\u00edtica de tu arte ahora!<\/strong><\/p>\n","protected":false},"featured_media":7598,"comment_status":"open","ping_status":"closed","template":"","meta":[],"product_brand":[],"product_cat":[140],"product_tag":[],"class_list":{"0":"post-9521","1":"product","2":"type-product","3":"status-publish","4":"has-post-thumbnail","6":"product_cat-exposiciones-ferias-eventos","8":"first","9":"instock","10":"sale","11":"purchasable","12":"product-type-variable"},"_links":{"self":[{"href":"https:\/\/www.pitturiamo.shop\/es\/wp-json\/wp\/v2\/product\/9521","targetHints":{"allow":["GET"]}}],"collection":[{"href":"https:\/\/www.pitturiamo.shop\/es\/wp-json\/wp\/v2\/product"}],"about":[{"href":"https:\/\/www.pitturiamo.shop\/es\/wp-json\/wp\/v2\/types\/product"}],"replies":[{"embeddable":true,"href":"https:\/\/www.pitturiamo.shop\/es\/wp-json\/wp\/v2\/comments?post=9521"}],"wp:featuredmedia":[{"embeddable":true,"href":"https:\/\/www.pitturiamo.shop\/es\/wp-json\/wp\/v2\/media\/7598"}],"wp:attachment":[{"href":"https:\/\/www.pitturiamo.shop\/es\/wp-json\/wp\/v2\/media?parent=9521"}],"wp:term":[{"taxonomy":"product_brand","embeddable":true,"href":"https:\/\/www.pitturiamo.shop\/es\/wp-json\/wp\/v2\/product_brand?post=9521"},{"taxonomy":"product_cat","embeddable":true,"href":"https:\/\/www.pitturiamo.shop\/es\/wp-json\/wp\/v2\/product_cat?post=9521"},{"taxonomy":"product_tag","embeddable":true,"href":"https:\/\/www.pitturiamo.shop\/es\/wp-json\/wp\/v2\/product_tag?post=9521"}],"curies":[{"name":"wp","href":"https:\/\/api.w.org\/{rel}","templated":true}]}}