{"id":9494,"date":"2020-12-28T15:49:29","date_gmt":"2020-12-28T14:49:29","guid":{"rendered":"https:\/\/www.pitturiamo.shop\/promozione-artista\/sin categor\u00eda\/calendario-de-artistas\/"},"modified":"2020-12-28T15:49:29","modified_gmt":"2020-12-28T14:49:29","slug":"calendario-de-artistas","status":"publish","type":"product","link":"https:\/\/www.pitturiamo.shop\/es\/promozione-artista\/exposiciones-ferias-eventos\/calendario-de-artistas\/","title":{"rendered":"Calendario de Artistas"},"content":{"rendered":"<h3 style=\"text-align: center;\"><strong>Activa 12 Pinturas Destacadas <\/strong>y obt\u00e9n GRATIS: el <strong>Calendario Personalizado del Artista <\/strong><\/h3>\n<h4>Por eso es importante incluir Pinturas Destacadas en PitturiAmo<\/h4>\n<ol>\n<li>Cada d\u00eda, unos <strong>3.000 amantes del arte visitan PitturiAmo<\/strong> en busca de pinturas para comprar;<\/li>\n<li>Las Pinturas Destacadas tienen<strong> m\u00e1s visibilidad<\/strong> que las m\u00e1s de 181.000 pinturas en exhibici\u00f3n gratuita;<\/li>\n<li>El servicio de Pinturas Destacadas te ofrece la oportunidad de estar <strong>en la cima de Google<\/strong> cuando un usuario busca artistas en su regi\u00f3n o provincia;<\/li>\n<li>Las Pinturas Destacadas te permiten convertirte en un <strong>Artista con las estrellas<\/strong> y, por tanto, tener mayor visibilidad y credibilidad.<\/li>\n<\/ol>\n<p>El servicio dura 2 meses (60 d\u00edas). Tambi\u00e9n puedes insertar solo 1 Cuadro Destacado, pero si publicas al menos 12 de ellos, recibes el <strong>calendario personalizado del artista con tus obras, de forma gratuita en casa<\/strong>. <\/p>\n<p>\u00a13 ejemplares GRATIS en tu puerta, sin pagar gastos de env\u00edo!<\/p>\n<hr>\n<h3>Esto es lo que hay que hacer<\/h3>\n<ul>\n<li>Si a\u00fan no lo has hecho, entra en <a href=\"https:\/\/www.pitturiamo.com\/it\/registrazione-pittore.html\">PitturiAmo<\/a> en www.pitturiamo.com y <strong>reg\u00edstrate GRATIS;<\/strong><\/li>\n<li><strong>Introduce toda la informaci\u00f3n<\/strong> sobre ti (direcci\u00f3n residencial, biograf\u00eda, curr\u00edculum, cr\u00edticas, etc.);<\/li>\n<li><strong>Publica<\/strong> tantas pinturas como quieras GRATIS (algunos artistas han publicado varios cientos);<\/li>\n<li>Elige al menos 12 cuadros de los que hayas inscrito gratis y activa el<strong> servicio de Pinturas Destacadas <\/strong>(ATENCI\u00d3N: este es un servicio de pago a un coste de <strong>108,00 \u20ac<\/strong>);<\/li>\n<li>Eso es todo. El equipo editorial de PitturiAmo crear\u00e1 el calendario del artista para ti y enviar\u00e1 <strong>3 ejemplares gratis<\/strong> a tu domicilio. Se pueden solicitar copias adicionales.  <\/li>\n<\/ul>\n<p><strong><a href=\"https:\/\/www.pitturiamo.eu\/wp-content\/uploads\/Calendario-2023-PitturiAmo-Alys-MelCon-WEB.pdf\">Mira un ejemplo<\/a> <\/strong>de c\u00f3mo se har\u00e1 el Calendario con tu obra.<\/p>\n<hr>\n<p><strong>P.D.: <\/strong><em>Esta es una gran oportunidad para recibir un regalo valioso con el que puedas promocionar tu arte. No pierdas la oportunidad de estar en la cima de Google y conseguir tu calendario personalizado de artistas GRATIS.<\/em><\/p>\n","protected":false},"excerpt":{"rendered":"<p><strong>\u00a1Marketing con tu arte!<\/strong><\/p>\n<p>Publica <strong>12 Pinturas Destacadas<\/strong> y recibe <strong>tu Calendario<\/strong><\/p>\n<p>de Artista como regalo. Una herramienta \u00fatil para enriquecer la decoraci\u00f3n de tu hogar o dar a conocer tu arte en tu territorio.<\/p>\n","protected":false},"featured_media":7596,"comment_status":"open","ping_status":"closed","template":"","meta":[],"product_brand":[],"product_cat":[140],"product_tag":[],"class_list":{"0":"post-9494","1":"product","2":"type-product","3":"status-publish","4":"has-post-thumbnail","6":"product_cat-exposiciones-ferias-eventos","8":"first","9":"instock","10":"sale","11":"purchasable","12":"product-type-simple"},"_links":{"self":[{"href":"https:\/\/www.pitturiamo.shop\/es\/wp-json\/wp\/v2\/product\/9494","targetHints":{"allow":["GET"]}}],"collection":[{"href":"https:\/\/www.pitturiamo.shop\/es\/wp-json\/wp\/v2\/product"}],"about":[{"href":"https:\/\/www.pitturiamo.shop\/es\/wp-json\/wp\/v2\/types\/product"}],"replies":[{"embeddable":true,"href":"https:\/\/www.pitturiamo.shop\/es\/wp-json\/wp\/v2\/comments?post=9494"}],"wp:featuredmedia":[{"embeddable":true,"href":"https:\/\/www.pitturiamo.shop\/es\/wp-json\/wp\/v2\/media\/7596"}],"wp:attachment":[{"href":"https:\/\/www.pitturiamo.shop\/es\/wp-json\/wp\/v2\/media?parent=9494"}],"wp:term":[{"taxonomy":"product_brand","embeddable":true,"href":"https:\/\/www.pitturiamo.shop\/es\/wp-json\/wp\/v2\/product_brand?post=9494"},{"taxonomy":"product_cat","embeddable":true,"href":"https:\/\/www.pitturiamo.shop\/es\/wp-json\/wp\/v2\/product_cat?post=9494"},{"taxonomy":"product_tag","embeddable":true,"href":"https:\/\/www.pitturiamo.shop\/es\/wp-json\/wp\/v2\/product_tag?post=9494"}],"curies":[{"name":"wp","href":"https:\/\/api.w.org\/{rel}","templated":true}]}}