{"id":9483,"date":"2023-01-19T18:12:45","date_gmt":"2023-01-19T17:12:45","guid":{"rendered":"https:\/\/www.pitturiamo.shop\/promozione-artista\/sin categor\u00eda\/artista-social\/"},"modified":"2023-01-19T18:12:45","modified_gmt":"2023-01-19T17:12:45","slug":"artista-social","status":"publish","type":"product","link":"https:\/\/www.pitturiamo.shop\/es\/promozione-artista\/internet\/artista-social\/","title":{"rendered":"Artista social"},"content":{"rendered":"<p style=\"text-align: left;\">Si las <strong>visualizaciones<\/strong> de tus perfiles sociales son bajas o si ni siquiera sabes c\u00f3mo crear el contenido adecuado, lo que publiques ser\u00e1 en vano porque no se<strong> presentar\u00e1 de la manera adecuada<\/strong> y vender o hacerte notar ser\u00e1 sin duda m\u00e1s dif\u00edcil.<\/p>\n<p style=\"text-align: left;\">Construiremos tus perfiles (<strong>Facebook e<\/strong> <strong>Instagram<\/strong>) alrededor de tu imagen como artista y presentaremos tu producci\u00f3n art\u00edstica de la mejor manera, para que tus seguidores (seguidores) y tus visualizaciones aumenten y puedas <strong>tener m\u00e1s popularidad<\/strong> y m\u00e1s posibilidades de ventas.<\/p>\n<p style=\"text-align: left;\">Hoy en d\u00eda es esencial tener una <strong>presencia constante y organizada<\/strong> en las principales redes sociales.<\/p>\n<p style=\"text-align: left;\">Promocionar tus obras en <strong>Facebook<\/strong>, <strong>Instagram<\/strong> y otras redes sociales te ayuda a fortalecer tu presencia en la web, para hacerte m\u00e1s conocido y apreciado como artista.<\/p>\n<p style=\"text-align: left;\">Con una <strong>suscripci\u00f3n anual barata<\/strong> puedes dormir tranquilo, sabiendo que tu imagen como artista est\u00e1 confiada a un equipo de profesionales que se encargar\u00e1n de todo.<\/p>\n<p style=\"text-align: left;\"><strong>As\u00ed que puedes dedicarte solo a hacer lo que m\u00e1s te gusta y sabes hacer mejor: \u00a1crear tu propio arte!<\/strong><\/p>\n<h2>Construiremos tu imagen como<strong> Artista Social en<\/strong> <strong style=\"font-size: 1em;\">3<\/strong> sencillos pasos:<\/h2>\n<p><span style=\"font-size: 2em; color: #9e2362;\">1<\/span> Con Artista Social obtienes m\u00e1s visibilidad en <strong>Facebook<\/strong> e <strong>Instagram<\/strong> gracias a publicaciones dedicadas y diferenciadas para cada p\u00e1gina y la creaci\u00f3n de contenido para <strong>las historias<\/strong>. Tus publicaciones ser\u00e1n luego recompartidas en <strong>las redes sociales de PitturiAmo<\/strong>, que cuentan con miles de fans activos.<\/p>\n<p><span style=\"font-size: 2em; color: #9e2362;\">2<\/span> Nos encargaremos de <strong>reestructurar las im\u00e1genes<\/strong> y v\u00eddeos que nos proporciones, para crear una comunicaci\u00f3n seria y cautivadora. Todas las publicaciones seguir\u00e1n un <strong>plan editorial<\/strong> preciso que acordaremos juntos y, cada 3 meses, recibir\u00e9is un informe exhaustivo sobre el progreso de las comunicaciones. <\/p>\n<p><span style=\"font-size: 2em; color: #9e2362;\">3<\/span> Utilizaremos los canales de PitturiAmo (que ya cuentan con <strong>varias decenas de miles<\/strong> de fans) para <strong>ampliar a\u00fan m\u00e1s vuestras comunicaciones<\/strong>. El objetivo ser\u00e1 <strong>aumentar<\/strong> gradualmente tu <strong>base de fans<\/strong> para que la gente hable constantemente de ti y de tu arte. <\/p>\n<div align=\"center\">\n<p><span style=\"font-size: 2em; color: #9e2362;\">GRATIS<\/span><\/p>\n<\/div>\n<p>Y si decides pagar la ficha <strong>de Google My<\/strong> Business como regalo de una sola vez.<br \/>\nUna herramienta fundamental para certificar tu presencia en <strong>Google<\/strong> para b\u00fasquedas espec\u00edficas con tu <strong>nombre y apellidos. <\/strong>Un <strong>regalo<\/strong> con valor econ\u00f3mico de <strong>150,00 \u20ac<\/strong>.<\/p>\n","protected":false},"excerpt":{"rendered":"<p style=\"text-align: left;\"><strong>Se convirti\u00f3 en un artista reconocido y apreciado en las principales redes sociales.<\/strong><br \/>\nArtista Social es la soluci\u00f3n para <strong>usar profesionalmente<\/strong> los canales sociales y conseguir nuevos contactos para promocionar tu arte y vender tus pinturas. Sin volverse loco creando contenido nuevo y original. <\/p>\n","protected":false},"featured_media":7979,"comment_status":"closed","ping_status":"closed","template":"","meta":[],"product_brand":[],"product_cat":[138],"product_tag":[],"class_list":{"0":"post-9483","1":"product","2":"type-product","3":"status-publish","4":"has-post-thumbnail","6":"product_cat-internet","8":"first","9":"instock","10":"sold-individually","11":"purchasable","12":"product-type-variable"},"_links":{"self":[{"href":"https:\/\/www.pitturiamo.shop\/es\/wp-json\/wp\/v2\/product\/9483","targetHints":{"allow":["GET"]}}],"collection":[{"href":"https:\/\/www.pitturiamo.shop\/es\/wp-json\/wp\/v2\/product"}],"about":[{"href":"https:\/\/www.pitturiamo.shop\/es\/wp-json\/wp\/v2\/types\/product"}],"replies":[{"embeddable":true,"href":"https:\/\/www.pitturiamo.shop\/es\/wp-json\/wp\/v2\/comments?post=9483"}],"wp:featuredmedia":[{"embeddable":true,"href":"https:\/\/www.pitturiamo.shop\/es\/wp-json\/wp\/v2\/media\/7979"}],"wp:attachment":[{"href":"https:\/\/www.pitturiamo.shop\/es\/wp-json\/wp\/v2\/media?parent=9483"}],"wp:term":[{"taxonomy":"product_brand","embeddable":true,"href":"https:\/\/www.pitturiamo.shop\/es\/wp-json\/wp\/v2\/product_brand?post=9483"},{"taxonomy":"product_cat","embeddable":true,"href":"https:\/\/www.pitturiamo.shop\/es\/wp-json\/wp\/v2\/product_cat?post=9483"},{"taxonomy":"product_tag","embeddable":true,"href":"https:\/\/www.pitturiamo.shop\/es\/wp-json\/wp\/v2\/product_tag?post=9483"}],"curies":[{"name":"wp","href":"https:\/\/api.w.org\/{rel}","templated":true}]}}